{"id":4054,"date":"2024-03-21T08:51:15","date_gmt":"2024-03-21T00:51:15","guid":{"rendered":"https:\/\/zojopackaging.com\/?post_type=product&#038;p=4054"},"modified":"2025-03-27T20:45:32","modified_gmt":"2025-03-27T12:45:32","slug":"dsd-pull-out-packaging-box","status":"publish","type":"product","link":"https:\/\/zojopackaging.com\/fr\/product\/dsd-pull-out-packaging-box\/","title":{"rendered":"Petites bo\u00eetes \u00e0 bijoux personnalis\u00e9es pour bagues, boucles d'oreilles et colliers Wholesale"},"content":{"rendered":"<h1>Petites bo\u00eetes \u00e0 bijoux personnalis\u00e9es pour bagues, boucles d'oreilles et colliers Wholesale<\/h1>\n<p>\u00c9l\u00e9gantes, sophistiqu\u00e9es et styl\u00e9es. Les bo\u00eetes coulissantes sont simples dans leur conception, mais elles constituent un moyen cr\u00e9atif et unique d'emballer vos produits. Dot\u00e9es d'un m\u00e9canisme de tiroir coulissant, ces bo\u00eetes sont id\u00e9ales pour les bijoux, les produits de beaut\u00e9, les petits cadeaux et bien d'autres choses encore.<\/p>\n<ul>\n<li>Disponible en 20 tailles<\/li>\n<li>5 stocks diff\u00e9rents au choix<\/li>\n<li>Lamination brillante, mate et soft touch disponible<\/li>\n<li>300 dpi<\/li>\n<li>CMYK<\/li>\n<\/ul>\n<p>En bref<\/p>\n<table border=\"1\" cellspacing=\"1\" cellpadding=\"1\" align=\"left\">\n<thead>\n<tr>\n<th scope=\"col\">Mat\u00e9riau<\/th>\n<th scope=\"col\">Mise en page de l'impression<\/th>\n<th scope=\"col\">Lamination disponible<\/th>\n<\/tr>\n<\/thead>\n<tbody>\n<tr>\n<td>Carte classique 380 g\/m2<\/td>\n<td>Impression ext\u00e9rieure uniquement<\/td>\n<td>Oui - pelliculage brillant, mat ou soft touch<\/td>\n<\/tr>\n<tr>\n<td>Carte Premium 320gsm<\/td>\n<td>Impression ext\u00e9rieure uniquement<\/td>\n<td>Non<\/td>\n<\/tr>\n<tr>\n<td>Carte gaufr\u00e9e 320gsm<\/td>\n<td>Impression ext\u00e9rieure uniquement<\/td>\n<td>Non<\/td>\n<\/tr>\n<tr>\n<td>Carte brune 380 g\/m2<\/td>\n<td>Impression ext\u00e9rieure uniquement<\/td>\n<td>Non<\/td>\n<\/tr>\n<tr>\n<td>Carte couch\u00e9e recto-verso 400 g\/m2<\/td>\n<td>Impression int\u00e9rieure et ext\u00e9rieure uniquement<\/td>\n<td>Oui - pelliculage brillant, mat ou soft touch<\/td>\n<\/tr>\n<\/tbody>\n<\/table>\n<p>&nbsp;<\/p>\n<p>&nbsp;<\/p>\n<p>&nbsp;<\/p>\n<p>&nbsp;<\/p>\n<p>&nbsp;<\/p>\n<h1><strong>Sp\u00e9cifications<\/strong><\/h1>\n<table style=\"height: 666px;\" width=\"1070\">\n<tbody>\n<tr>\n<td width=\"373\">Dimensions<\/td>\n<td width=\"373\">Toutes les tailles et formes personnalis\u00e9es<\/td>\n<\/tr>\n<tr>\n<td width=\"373\">MOQ<\/td>\n<td width=\"373\">500pcs<\/td>\n<\/tr>\n<tr>\n<td width=\"373\">Temps d'\u00e9chantillonnage<\/td>\n<td width=\"373\">3-5 jours<\/td>\n<\/tr>\n<tr>\n<td width=\"373\">Processus par d\u00e9faut<\/td>\n<td width=\"373\">D\u00e9coupage, collage, rainurage, perforation<\/td>\n<\/tr>\n<tr>\n<td width=\"373\">Impression<\/td>\n<td width=\"373\">Cmyk, pms, pas d'impression<\/td>\n<\/tr>\n<tr>\n<td width=\"373\">Option mat\u00e9riau<\/td>\n<td width=\"373\">Papier cartonn\u00e9 blanc, papier couch\u00e9, papier d'art, papier kraft, carton ivoire, carton recto-verso, papier sp\u00e9cial, etc.<\/td>\n<\/tr>\n<tr>\n<td width=\"373\">Finition de surface<\/td>\n<td width=\"373\">Pelliculage mat\/brillant, gaufrage par points, gaufrage, dorure, etc.<\/td>\n<\/tr>\n<tr>\n<td width=\"373\">Utilisation dans l'industrie<\/td>\n<td width=\"373\">cosm\u00e9tiques, parfums, v\u00eatements, bijoux, tabac, produits alimentaires, cadeaux et produits de consommation courante,<\/td>\n<\/tr>\n<tr>\n<td width=\"373\">Contr\u00f4le de la qualit\u00e9<\/td>\n<td width=\"373\">Des \u00e9quipements de pointe et une \u00e9quipe de contr\u00f4le qualit\u00e9 exp\u00e9riment\u00e9e v\u00e9rifient rigoureusement les mat\u00e9riaux, les produits semi-finis et les produits finis \u00e0 chaque \u00e9tape avant la mise sur le march\u00e9.<\/td>\n<\/tr>\n<tr>\n<td width=\"373\">Prix<\/td>\n<td width=\"373\">Le prix final sera adapt\u00e9 \u00e0 votre produit et \u00e0 la quantit\u00e9 souhait\u00e9e.<\/td>\n<\/tr>\n<tr>\n<td width=\"373\">D\u00e9lai d'ex\u00e9cution<\/td>\n<td width=\"373\">7-14 jours ouvrables, urgent<\/td>\n<\/tr>\n<tr>\n<td width=\"373\">Papier de base<\/td>\n<td width=\"373\">10pt \u00e0 28pt (60lb \u00e0 400lb) Kraft \u00e9cologique, carton ondul\u00e9 e-flute, carton bux, papier cartonn\u00e9<\/td>\n<\/tr>\n<tr>\n<td width=\"373\">Format de l'\u0153uvre d'art<\/td>\n<td width=\"373\">JPG, PDF, AI, CDR, EPS, GIF....<\/td>\n<\/tr>\n<tr>\n<td width=\"373\">Accessoires<\/td>\n<td width=\"373\">Aimant, ruban, forme EVA, plateau en plastique, \u00e9ponge, fen\u00eatre en PVC\/PET\/PP,...<\/td>\n<\/tr>\n<tr>\n<td width=\"373\">D\u00e9lai de paiement<\/td>\n<td width=\"373\">T\/T, Western Union, Paypal, d\u00e9p\u00f4t de 30% et solde de 70% avant l'exp\u00e9dition.<\/td>\n<\/tr>\n<\/tbody>\n<\/table>\n<div class=\"widget block block-static-block\">\n<div class=\"landing-page-section option-bottom\">\n<div class=\"custom-materials-tabs-content container container-adjustment\">\n<div class=\"custom-materials-tab-content active\">\n<div class=\"widget block block-static-block\">\n<div class=\"options-items\">\n<div class=\"flex-grid-row-option\">\n<div class=\"flex-grid-item-option\">\n<div class=\"material-box\">\n<p>&nbsp;<\/p>\n<\/div>\n<\/div>\n<\/div>\n<\/div>\n<p><!---end of option item--><\/p>\n<\/div>\n<\/div>\n<\/div>\n<\/div>\n<\/div>","protected":false},"excerpt":{"rendered":"<ul>\n<li>MOQ : 500 pi\u00e8ces<\/li>\n<li>D\u00e9lai de livraison : 7-14 jours ouvrables, urgent<\/li>\n<li>Dimensions sur mesure (diam\u00e8tre x hauteur)<\/li>\n<li>Impression personnalis\u00e9e<\/li>\n<li>Respectueux de l'environnement, recyclable et sans plastique<\/li>\n<li>Prix\uff1aLe prix final sera adapt\u00e9 \u00e0 votre produit et \u00e0 la quantit\u00e9 souhait\u00e9e.<\/li>\n<\/ul>","protected":false},"featured_media":4056,"template":"","meta":[],"product_brand":[],"product_cat":[30,415,31,426],"product_tag":[711,575,576],"class_list":{"0":"post-4054","1":"product","2":"type-product","3":"status-publish","4":"has-post-thumbnail","6":"product_cat-by-industry","7":"product_cat-custom-jewelry-boxes-by-industry","8":"product_cat-paper-box-style","9":"product_cat-paper-drawer-boxes","10":"product_tag-custom-small-ring-earring-boxes","11":"product_tag-jewelry-boxes-wholesale","12":"product_tag-necklace-boxes-wholesale","14":"first","15":"instock","16":"shipping-taxable","17":"product-type-grouped"},"_links":{"self":[{"href":"https:\/\/zojopackaging.com\/fr\/wp-json\/wp\/v2\/product\/4054","targetHints":{"allow":["GET"]}}],"collection":[{"href":"https:\/\/zojopackaging.com\/fr\/wp-json\/wp\/v2\/product"}],"about":[{"href":"https:\/\/zojopackaging.com\/fr\/wp-json\/wp\/v2\/types\/product"}],"version-history":[{"count":2,"href":"https:\/\/zojopackaging.com\/fr\/wp-json\/wp\/v2\/product\/4054\/revisions"}],"predecessor-version":[{"id":8422,"href":"https:\/\/zojopackaging.com\/fr\/wp-json\/wp\/v2\/product\/4054\/revisions\/8422"}],"wp:featuredmedia":[{"embeddable":true,"href":"https:\/\/zojopackaging.com\/fr\/wp-json\/wp\/v2\/media\/4056"}],"wp:attachment":[{"href":"https:\/\/zojopackaging.com\/fr\/wp-json\/wp\/v2\/media?parent=4054"}],"wp:term":[{"taxonomy":"product_brand","embeddable":true,"href":"https:\/\/zojopackaging.com\/fr\/wp-json\/wp\/v2\/product_brand?post=4054"},{"taxonomy":"product_cat","embeddable":true,"href":"https:\/\/zojopackaging.com\/fr\/wp-json\/wp\/v2\/product_cat?post=4054"},{"taxonomy":"product_tag","embeddable":true,"href":"https:\/\/zojopackaging.com\/fr\/wp-json\/wp\/v2\/product_tag?post=4054"}],"curies":[{"name":"wp","href":"https:\/\/api.w.org\/{rel}","templated":true}]}}