{"id":4061,"date":"2024-03-21T08:56:25","date_gmt":"2024-03-21T00:56:25","guid":{"rendered":"https:\/\/zojopackaging.com\/?post_type=product&#038;p=4061"},"modified":"2025-03-27T20:12:41","modified_gmt":"2025-03-27T12:12:41","slug":"watch-strap-drawer-packaging-boxes","status":"publish","type":"product","link":"https:\/\/zojopackaging.com\/fr\/product\/watch-strap-drawer-packaging-boxes\/","title":{"rendered":"Bo\u00eete d'emballage en papier pour bracelet de montre en gros et sur mesure"},"content":{"rendered":"<h1>Bo\u00eete d'emballage en papier pour bracelet de montre en gros et sur mesure<\/h1>\n<p>Les bo\u00eetes d'emballage en papier \u00e0 tiroir pour bracelets de montre sont con\u00e7ues pour offrir une solution d'emballage \u00e9l\u00e9gante pour les bracelets de montre. Ces bo\u00eetes sont dot\u00e9es d'un tiroir unique qui permet d'acc\u00e9der facilement au bracelet de montre \u00e0 l'int\u00e9rieur. L'emballage est fabriqu\u00e9 \u00e0 partir de mat\u00e9riaux de haute qualit\u00e9 afin de garantir la durabilit\u00e9 et la protection du bracelet de montre pendant le stockage et le transport.<\/p>\n<p>L'ext\u00e9rieur de la bo\u00eete d'emballage peut \u00eatre personnalis\u00e9 avec des marques, des logos et d'autres dessins pour cr\u00e9er une pr\u00e9sentation unique et attrayante. L'int\u00e9rieur de la bo\u00eete est doubl\u00e9 de mat\u00e9riaux souples pour \u00e9viter les rayures et les dommages au bracelet de la montre.<\/p>\n<p>Dans l'ensemble, les bo\u00eetes d'emballage en papier \u00e0 tiroir pour bracelets de montres sont un moyen \u00e9l\u00e9gant et pratique de ranger et de pr\u00e9senter les bracelets de montres, ce qui en fait un choix id\u00e9al pour les d\u00e9taillants, les fabricants et les amateurs de montres.<\/p>\n<h1><strong>Sp\u00e9cifications<\/strong><\/h1>\n<table style=\"height: 666px;\" width=\"1070\">\n<tbody>\n<tr>\n<td width=\"373\">Dimensions<\/td>\n<td width=\"373\">Toutes les tailles et formes personnalis\u00e9es<\/td>\n<\/tr>\n<tr>\n<td width=\"373\">MOQ<\/td>\n<td width=\"373\">500pcs<\/td>\n<\/tr>\n<tr>\n<td width=\"373\">Temps d'\u00e9chantillonnage<\/td>\n<td width=\"373\">3-5 jours<\/td>\n<\/tr>\n<tr>\n<td width=\"373\">Processus par d\u00e9faut<\/td>\n<td width=\"373\">D\u00e9coupage, collage, rainurage, perforation<\/td>\n<\/tr>\n<tr>\n<td width=\"373\">Impression<\/td>\n<td width=\"373\">Cmyk, pms, pas d'impression<\/td>\n<\/tr>\n<tr>\n<td width=\"373\">Option mat\u00e9riau<\/td>\n<td width=\"373\">Papier cartonn\u00e9 blanc, papier couch\u00e9, papier d'art, papier kraft, carton ivoire, carton recto-verso, papier sp\u00e9cial, etc.<\/td>\n<\/tr>\n<tr>\n<td width=\"373\">Finition de surface<\/td>\n<td width=\"373\">Pelliculage mat\/brillant, gaufrage par points, gaufrage, dorure, etc.<\/td>\n<\/tr>\n<tr>\n<td width=\"373\">Utilisation dans l'industrie<\/td>\n<td width=\"373\">cosm\u00e9tiques, parfums, v\u00eatements, bijoux, tabac, produits alimentaires, cadeaux et produits de consommation courante,<\/td>\n<\/tr>\n<tr>\n<td width=\"373\">Contr\u00f4le de la qualit\u00e9<\/td>\n<td width=\"373\">Des \u00e9quipements de pointe et une \u00e9quipe de contr\u00f4le qualit\u00e9 exp\u00e9riment\u00e9e v\u00e9rifient rigoureusement les mat\u00e9riaux, les produits semi-finis et les produits finis \u00e0 chaque \u00e9tape avant la mise sur le march\u00e9.<\/td>\n<\/tr>\n<tr>\n<td width=\"373\">Prix<\/td>\n<td width=\"373\">Le prix final sera adapt\u00e9 \u00e0 votre produit et \u00e0 la quantit\u00e9 souhait\u00e9e.<\/td>\n<\/tr>\n<tr>\n<td width=\"373\">D\u00e9lai d'ex\u00e9cution<\/td>\n<td width=\"373\">7-14 jours ouvrables, urgent<\/td>\n<\/tr>\n<tr>\n<td width=\"373\">Papier de base<\/td>\n<td width=\"373\">10pt \u00e0 28pt (60lb \u00e0 400lb) Kraft \u00e9cologique, carton ondul\u00e9 e-flute, carton bux, papier cartonn\u00e9<\/td>\n<\/tr>\n<tr>\n<td width=\"373\">Format de l'\u0153uvre d'art<\/td>\n<td width=\"373\">JPG, PDF, AI, CDR, EPS, GIF....<\/td>\n<\/tr>\n<tr>\n<td width=\"373\">Accessoires<\/td>\n<td width=\"373\">Aimant, ruban, forme EVA, plateau en plastique, \u00e9ponge, fen\u00eatre en PVC\/PET\/PP,...<\/td>\n<\/tr>\n<tr>\n<td width=\"373\">D\u00e9lai de paiement<\/td>\n<td width=\"373\">T\/T, Western Union, Paypal, d\u00e9p\u00f4t de 30% et solde de 70% avant l'exp\u00e9dition.<\/td>\n<\/tr>\n<\/tbody>\n<\/table>\n<div class=\"widget block block-static-block\">\n<div class=\"landing-page-section option-bottom\">\n<div class=\"custom-materials-tabs-content container container-adjustment\">\n<div class=\"custom-materials-tab-content active\">\n<div class=\"widget block block-static-block\">\n<div class=\"options-items\">\n<div class=\"flex-grid-row-option\">\n<div class=\"flex-grid-item-option\">\n<div class=\"material-box\">\n<p>&nbsp;<\/p>\n<\/div>\n<\/div>\n<\/div>\n<\/div>\n<p><!---end of option item--><\/p>\n<\/div>\n<\/div>\n<\/div>\n<\/div>\n<\/div>","protected":false},"excerpt":{"rendered":"<p>1. La conception de la bo\u00eete \u00e0 tiroirs est facile \u00e0 ouvrir et \u00e0 fermer pour les utilisateurs, ce qui permet de r\u00e9duire le temps d'op\u00e9ration et d'am\u00e9liorer l'exp\u00e9rience de d\u00e9ballage.<br \/>\n2. Diff\u00e9rentes tailles peuvent \u00eatre personnalis\u00e9es en fonction de vos produits, convenant \u00e0 l'emballage de divers bracelets de montres haut de gamme.<br \/>\n3. La doublure en EVA peut amortir et r\u00e9sister aux chocs pendant le transport, prot\u00e9geant ainsi le bracelet de votre montre contre les dommages.<\/p>","protected":false},"featured_media":4063,"template":"","meta":[],"product_brand":[],"product_cat":[30,413,31,426],"product_tag":[706,707,705],"class_list":{"0":"post-4061","1":"product","2":"type-product","3":"status-publish","4":"has-post-thumbnail","6":"product_cat-by-industry","7":"product_cat-consumer-electronics-boxes","8":"product_cat-paper-box-style","9":"product_cat-paper-drawer-boxes","10":"product_tag-strap-drawer-boxes","11":"product_tag-strap-drawer-packaging-wholesale","12":"product_tag-watch-strap-packaging","14":"first","15":"instock","16":"shipping-taxable","17":"product-type-grouped"},"_links":{"self":[{"href":"https:\/\/zojopackaging.com\/fr\/wp-json\/wp\/v2\/product\/4061","targetHints":{"allow":["GET"]}}],"collection":[{"href":"https:\/\/zojopackaging.com\/fr\/wp-json\/wp\/v2\/product"}],"about":[{"href":"https:\/\/zojopackaging.com\/fr\/wp-json\/wp\/v2\/types\/product"}],"version-history":[{"count":2,"href":"https:\/\/zojopackaging.com\/fr\/wp-json\/wp\/v2\/product\/4061\/revisions"}],"predecessor-version":[{"id":8420,"href":"https:\/\/zojopackaging.com\/fr\/wp-json\/wp\/v2\/product\/4061\/revisions\/8420"}],"wp:featuredmedia":[{"embeddable":true,"href":"https:\/\/zojopackaging.com\/fr\/wp-json\/wp\/v2\/media\/4063"}],"wp:attachment":[{"href":"https:\/\/zojopackaging.com\/fr\/wp-json\/wp\/v2\/media?parent=4061"}],"wp:term":[{"taxonomy":"product_brand","embeddable":true,"href":"https:\/\/zojopackaging.com\/fr\/wp-json\/wp\/v2\/product_brand?post=4061"},{"taxonomy":"product_cat","embeddable":true,"href":"https:\/\/zojopackaging.com\/fr\/wp-json\/wp\/v2\/product_cat?post=4061"},{"taxonomy":"product_tag","embeddable":true,"href":"https:\/\/zojopackaging.com\/fr\/wp-json\/wp\/v2\/product_tag?post=4061"}],"curies":[{"name":"wp","href":"https:\/\/api.w.org\/{rel}","templated":true}]}}