{"id":4069,"date":"2024-03-21T09:02:33","date_gmt":"2024-03-21T01:02:33","guid":{"rendered":"https:\/\/zojopackaging.com\/?post_type=product&#038;p=4069"},"modified":"2025-03-28T15:46:03","modified_gmt":"2025-03-28T07:46:03","slug":"custom-drawer-packaging-boxes","status":"publish","type":"product","link":"https:\/\/zojopackaging.com\/fr\/product\/custom-drawer-packaging-boxes\/","title":{"rendered":"\u00c9l\u00e9gante bo\u00eete rigide en papier avec tiroir \u00e0 bijoux personnalis\u00e9"},"content":{"rendered":"<h1>Pourquoi choisir Elegant Custom Jewelry Drawer Style Paper Rigid Box ?<\/h1>\n<section class=\"elementor-section elementor-top-section elementor-element elementor-element-0b2b1e4 elementor-section-boxed elementor-section-height-default elementor-section-height-default\" data-id=\"0b2b1e4\" data-element_type=\"section\" data-settings=\"{&quot;jet_parallax_layout_list&quot;:[]}\">\n<div class=\"elementor-container elementor-column-gap-default\">\n<div class=\"elementor-column elementor-col-100 elementor-top-column elementor-element elementor-element-9115fa3\" data-id=\"9115fa3\" data-element_type=\"column\">\n<div class=\"elementor-widget-wrap elementor-element-populated\">\n<div class=\"elementor-element elementor-element-83a6946 elementor-widget elementor-widget-woocommerce-archive-description\" data-id=\"83a6946\" data-element_type=\"widget\" data-widget_type=\"woocommerce-archive-description.default\">\n<div class=\"elementor-widget-container\">\n<div class=\"term-description\">\n<p dir=\"ltr\"><strong>Bo\u00eetes \u00e0 papier \u00e0 tiroir personnalis\u00e9es<\/strong>\u00a0sont des emballages \u00e9l\u00e9gants, con\u00e7us pour contenir et pr\u00e9senter de petits produits. Vous pouvez personnaliser la gaine et l'int\u00e9rieur : l'effet est garanti.<\/p>\n<p dir=\"ltr\"><strong>Bo\u00eetes \u00e0 papier \u00e0 tiroir<\/strong>\u00a0sont l'une des solutions les plus pratiques et les plus \u00e9l\u00e9gantes pour emballer vos produits de mani\u00e8re simple. Le syst\u00e8me d'embo\u00eetement entre la surface de la gaine et le compartiment du conteneur permet de prot\u00e9ger n'importe quel objet et d'organiser au mieux les espaces int\u00e9rieurs.<\/p>\n<h2>Obtenir un emballage joliment compos\u00e9<\/h2>\n<p dir=\"ltr\">Les bo\u00eetes \u00e0 tiroirs personnalis\u00e9es en vrac conviennent \u00e0 tous les secteurs de produits, des v\u00eatements aux cosm\u00e9tiques, des p\u00e2tisseries aux liqueurs. L'aspect le plus int\u00e9ressant des bo\u00eetes \u00e0 tiroirs\u00a0<strong>bo\u00eetes \u00e0 tiroirs<\/strong>\u00a0est que les int\u00e9rieurs peuvent \u00eatre organis\u00e9s de mani\u00e8re \u00e0 contenir plus d'un produit, selon les individus.\u00a0<a href=\"https:\/\/zojopackaging.com\/fr\/how-to-choose-the-suitable-drawer-boxes\/\"><strong>besoins en mati\u00e8re d'emballage de tiroirs sur mesure<\/strong><\/a>.<\/p>\n<p dir=\"ltr\">\u00a0Vous pouvez ainsi cr\u00e9er une composition ad hoc, particuli\u00e8rement utile dans le cas d'emballages multi-produits et d'emballages cadeaux.<\/p>\n<h2>Trouvez des bo\u00eetes \u00e0 papier \u00e0 tiroirs polyvalentes avec votre Logo<\/h2>\n<p dir=\"ltr\"><a href=\"https:\/\/zojopackaging.com\/fr\/categorie-produit\/custom-drawer-boxes\/\"><strong>Bo\u00eetes \u00e0 tiroirs avec votre logo\u00a0<\/strong><\/a>sont \u00e9galement tr\u00e8s adapt\u00e9s \u00e0 l'emballage dans les magasins car ils permettent une personnalisation compl\u00e8te de ses \u00e9l\u00e9ments.<\/p>\n<h2>Bo\u00eetes \u00e0 tiroirs pour les aliments<\/h2>\n<p dir=\"ltr\">Si vous souhaitez cr\u00e9er un emballage personnalis\u00e9 pour vos produits alimentaires, les bo\u00eetes \u00e0 tiroirs sont une solution \u00e0 la fois esth\u00e9tique et fonctionnelle. Votre bo\u00eete \u00e0 tiroirs\u00a0<a href=\"https:\/\/zojopackaging.com\/fr\/categorie-produit\/custom-food-packaging-boxes\/\" target=\"_blank\" rel=\"noopener\"><strong>emballage alimentaire<\/strong><\/a>\u00a0sera donc structur\u00e9e en fonction de la quantit\u00e9 et de la taille des produits contenus, afin de maintenir une parfaite conservation m\u00eame pendant le transport.<\/p>\n<h2>Nous avons la meilleure \u00e9quipe de la ville<\/h2>\n<p dir=\"ltr\">De plus, nos techniciens vous aident \u00e0 choisir les mat\u00e9riaux les plus appropri\u00e9s et vous suivent pas \u00e0 pas dans la d\u00e9cision, jusqu'\u00e0 la r\u00e9alisation de l'ouvrage.\u00a0<strong>Bo\u00eetes \u00e0 tiroirs sur mesure<\/strong>\u00a0avec logo.<\/p>\n<\/div>\n<\/div>\n<\/div>\n<\/div>\n<\/div>\n<\/div>\n<\/section>\n<section class=\"elementor-section elementor-top-section elementor-element elementor-element-e5900b1 elementor-section-boxed elementor-section-height-default elementor-section-height-default\" data-id=\"e5900b1\" data-element_type=\"section\" data-settings=\"{&quot;jet_parallax_layout_list&quot;:[],&quot;background_background&quot;:&quot;classic&quot;}\">\n<div class=\"elementor-container elementor-column-gap-default\">\n<div class=\"elementor-column elementor-col-50 elementor-top-column elementor-element elementor-element-3a8f138\" data-id=\"3a8f138\" data-element_type=\"column\">\n<div class=\"elementor-widget-wrap elementor-element-populated\">\n<div class=\"elementor-element elementor-element-6ff5e36 elementor-widget elementor-widget-text-editor\" data-id=\"6ff5e36\" data-element_type=\"widget\" data-widget_type=\"text-editor.default\">\n<div class=\"elementor-widget-container\">\n<h2>Nos bo\u00eetes, sur mesure<\/h2>\n<p dir=\"ltr\">Choisir\u00a0<strong>Emballage Silver Edge<\/strong>\u00a0c'est choisir des bo\u00eetes uniques, cr\u00e9\u00e9es sp\u00e9cialement pour votre projet. Vous avez une id\u00e9e ou un produit \u00e0 emballer ? Notre \u00e9quipe vous guide vers la meilleure solution. Car votre bo\u00eete doit \u00eatre belle, mais aussi fonctionnelle. Bref, parfaite.<\/p>\n<p dir=\"ltr\">Choisissez ce dont vous avez besoin ... nous nous occupons du reste<\/p>\n<h2>Bo\u00eetes personnalis\u00e9es de la plus haute qualit\u00e9<\/h2>\n<p dir=\"ltr\">Nos techniciens seront vos meilleurs collaborateurs dans ce projet. Faites-nous savoir ce que vous recherchez et donnez-nous tous les d\u00e9tails,<\/p>\n<\/div>\n<\/div>\n<\/div>\n<\/div>\n<\/div>\n<\/section>\n<section class=\"elementor-section elementor-top-section elementor-element elementor-element-c05b718 elementor-section-boxed elementor-section-height-default elementor-section-height-default\" data-id=\"c05b718\" data-element_type=\"section\" data-settings=\"{&quot;jet_parallax_layout_list&quot;:[],&quot;background_background&quot;:&quot;classic&quot;}\">\n<div class=\"elementor-container elementor-column-gap-default\">\n<div class=\"elementor-column elementor-col-100 elementor-top-column elementor-element elementor-element-b3066e2\" data-id=\"b3066e2\" data-element_type=\"column\">\n<div class=\"elementor-widget-wrap elementor-element-populated\">\n<div class=\"elementor-element elementor-element-b1547b8 elementor-widget elementor-widget-text-editor\" data-id=\"b1547b8\" data-element_type=\"widget\" data-widget_type=\"text-editor.default\">\n<div class=\"elementor-widget-container\">\n<p>nous vous guiderons vers la meilleure solution pour vous. Du projet \u00e0 la r\u00e9alisation, c'est un travail d'\u00e9quipe parfait !<\/p>\n<h2>Pr\u00eat En stock<\/h2>\n<p dir=\"ltr\">Si vous \u00eates \u00e0 la recherche d'une norme\u00a0<strong>Bo\u00eetes \u00e0 tiroirs personnalis\u00e9es en gros<\/strong>\u00a0avec logo en vrac, jetez un coup d'\u0153il aux solutions d\u00e9j\u00e0 en stock ! Vous les recevrez en moins de temps, elles n'attendent que votre commande.<\/p>\n<h2>Des technologies de pointe pour vos bo\u00eetes \u00e0 tiroirs personnalis\u00e9es en gros<\/h2>\n<p dir=\"ltr\">Chaque bo\u00eete part d'ici : apr\u00e8s la conception technique et l'impression, nous produisons une matrice pour recr\u00e9er votre commande quand vous le souhaitez. Pas d'erreur, en toute s\u00e9curit\u00e9.<\/p>\n<p dir=\"ltr\">Nous passons ensuite \u00e0 la production, en d\u00e9coupant le carton dans des machines sp\u00e9ciales qui nous permettent de cr\u00e9er des fen\u00eatres et des dessins personnalis\u00e9s.<\/p>\n<h2><b>Commandez un emballage de tiroir personnalisable \u00e0 un prix de gros aupr\u00e8s de Silver Edge Packaging<\/b><\/h2>\n<p>Si vous souhaitez acheter des bo\u00eetes \u00e0 tiroirs personnalis\u00e9es pour votre marque, vous devez vous rendre sur le site <strong><a href=\"https:\/\/zojopackaging.com\/fr\/\">Zojoprint Packaging<\/a><\/strong>\u00a0pour passer votre commande en fonction de vos besoins sp\u00e9cifiques. Nous proposons des solutions d'emballage en gros avec un service d'exp\u00e9dition gratuit. Par cons\u00e9quent, vous pouvez facilement commander les bo\u00eetes d'emballage de tiroir en vrac aujourd'hui pour stimuler vos ventes. Nous livrerons les bo\u00eetes d'emballage \u00e0 votre porte d\u00e8s que possible.<\/p>\n<\/div>\n<\/div>\n<\/div>\n<\/div>\n<\/div>\n<\/section>\n<h1><strong>Sp\u00e9cifications<\/strong><\/h1>\n<table style=\"height: 666px;\" width=\"1070\">\n<tbody>\n<tr>\n<td width=\"373\">Dimensions<\/td>\n<td width=\"373\">Toutes les tailles et formes personnalis\u00e9es<\/td>\n<\/tr>\n<tr>\n<td width=\"373\">MOQ<\/td>\n<td width=\"373\">500pcs<\/td>\n<\/tr>\n<tr>\n<td width=\"373\">Temps d'\u00e9chantillonnage<\/td>\n<td width=\"373\">3-5 jours<\/td>\n<\/tr>\n<tr>\n<td width=\"373\">Processus par d\u00e9faut<\/td>\n<td width=\"373\">D\u00e9coupage, collage, rainurage, perforation<\/td>\n<\/tr>\n<tr>\n<td width=\"373\">Impression<\/td>\n<td width=\"373\">Cmyk, pms, pas d'impression<\/td>\n<\/tr>\n<tr>\n<td width=\"373\">Option mat\u00e9riau<\/td>\n<td width=\"373\">Papier cartonn\u00e9 blanc, papier couch\u00e9, papier d'art, papier kraft, carton ivoire, carton recto-verso, papier sp\u00e9cial, etc.<\/td>\n<\/tr>\n<tr>\n<td width=\"373\">Finition de surface<\/td>\n<td width=\"373\">Pelliculage mat\/brillant, gaufrage par points, gaufrage, dorure, etc.<\/td>\n<\/tr>\n<tr>\n<td width=\"373\">Utilisation dans l'industrie<\/td>\n<td width=\"373\">cosm\u00e9tiques, parfums, v\u00eatements, bijoux, tabac, produits alimentaires, cadeaux et produits de consommation courante,<\/td>\n<\/tr>\n<tr>\n<td width=\"373\">Contr\u00f4le de la qualit\u00e9<\/td>\n<td width=\"373\">Des \u00e9quipements de pointe et une \u00e9quipe de contr\u00f4le qualit\u00e9 exp\u00e9riment\u00e9e v\u00e9rifient rigoureusement les mat\u00e9riaux, les produits semi-finis et les produits finis \u00e0 chaque \u00e9tape avant la mise sur le march\u00e9.<\/td>\n<\/tr>\n<tr>\n<td width=\"373\">Prix<\/td>\n<td width=\"373\">Le prix final sera adapt\u00e9 \u00e0 votre produit et \u00e0 la quantit\u00e9 souhait\u00e9e.<\/td>\n<\/tr>\n<tr>\n<td width=\"373\">D\u00e9lai d'ex\u00e9cution<\/td>\n<td width=\"373\">7-14 jours ouvrables, urgent<\/td>\n<\/tr>\n<tr>\n<td width=\"373\">Papier de base<\/td>\n<td width=\"373\">10pt \u00e0 28pt (60lb \u00e0 400lb) Kraft \u00e9cologique, carton ondul\u00e9 e-flute, carton bux, papier cartonn\u00e9<\/td>\n<\/tr>\n<tr>\n<td width=\"373\">Format de l'\u0153uvre d'art<\/td>\n<td width=\"373\">JPG, PDF, AI, CDR, EPS, GIF....<\/td>\n<\/tr>\n<tr>\n<td width=\"373\">Accessoires<\/td>\n<td width=\"373\">Aimant, ruban, forme EVA, plateau en plastique, \u00e9ponge, fen\u00eatre en PVC\/PET\/PP,...<\/td>\n<\/tr>\n<tr>\n<td width=\"373\">D\u00e9lai de paiement<\/td>\n<td width=\"373\">T\/T, Western Union, Paypal, d\u00e9p\u00f4t de 30% et solde de 70% avant l'exp\u00e9dition.<\/td>\n<\/tr>\n<\/tbody>\n<\/table>\n<div class=\"widget block block-static-block\">\n<div class=\"landing-page-section option-bottom\">\n<div class=\"custom-materials-tabs-content container container-adjustment\">\n<div class=\"custom-materials-tab-content active\">\n<div class=\"widget block block-static-block\">\n<div class=\"options-items\">\n<div class=\"flex-grid-row-option\">\n<div class=\"flex-grid-item-option\">\n<div class=\"material-box\">\n<p>&nbsp;<\/p>\n<\/div>\n<\/div>\n<\/div>\n<\/div>\n<p><!---end of option item--><\/p>\n<\/div>\n<\/div>\n<\/div>\n<\/div>\n<\/div>","protected":false},"excerpt":{"rendered":"<p>1. La conception de la bo\u00eete \u00e0 papier \u00e0 tiroir et l'ouverture coulissante facilitent l'ouverture et la fermeture, am\u00e9liorant ainsi l'exp\u00e9rience de d\u00e9ballage.<br \/>\n2. Les accessoires tels que les rubans renforcent la beaut\u00e9 et l'attrait visuel et am\u00e9liorent la reconnaissance de la marque.<br \/>\n3. La palette de couleurs macaron r\u00e9duit la fatigue visuelle et cr\u00e9e une atmosph\u00e8re relaxante et bienfaisante.<\/p>","protected":false},"featured_media":4073,"template":"","meta":[],"product_brand":[],"product_cat":[30,415,31,426],"product_tag":[814,812,813],"class_list":{"0":"post-4069","1":"product","2":"type-product","3":"status-publish","4":"has-post-thumbnail","6":"product_cat-by-industry","7":"product_cat-custom-jewelry-boxes-by-industry","8":"product_cat-paper-box-style","9":"product_cat-paper-drawer-boxes","10":"product_tag-custom-jewelry-box","11":"product_tag-custom-jewelry-rigid-box","12":"product_tag-jewelry-drawer-box","14":"first","15":"instock","16":"shipping-taxable","17":"product-type-grouped"},"_links":{"self":[{"href":"https:\/\/zojopackaging.com\/fr\/wp-json\/wp\/v2\/product\/4069","targetHints":{"allow":["GET"]}}],"collection":[{"href":"https:\/\/zojopackaging.com\/fr\/wp-json\/wp\/v2\/product"}],"about":[{"href":"https:\/\/zojopackaging.com\/fr\/wp-json\/wp\/v2\/types\/product"}],"version-history":[{"count":2,"href":"https:\/\/zojopackaging.com\/fr\/wp-json\/wp\/v2\/product\/4069\/revisions"}],"predecessor-version":[{"id":8466,"href":"https:\/\/zojopackaging.com\/fr\/wp-json\/wp\/v2\/product\/4069\/revisions\/8466"}],"wp:featuredmedia":[{"embeddable":true,"href":"https:\/\/zojopackaging.com\/fr\/wp-json\/wp\/v2\/media\/4073"}],"wp:attachment":[{"href":"https:\/\/zojopackaging.com\/fr\/wp-json\/wp\/v2\/media?parent=4069"}],"wp:term":[{"taxonomy":"product_brand","embeddable":true,"href":"https:\/\/zojopackaging.com\/fr\/wp-json\/wp\/v2\/product_brand?post=4069"},{"taxonomy":"product_cat","embeddable":true,"href":"https:\/\/zojopackaging.com\/fr\/wp-json\/wp\/v2\/product_cat?post=4069"},{"taxonomy":"product_tag","embeddable":true,"href":"https:\/\/zojopackaging.com\/fr\/wp-json\/wp\/v2\/product_tag?post=4069"}],"curies":[{"name":"wp","href":"https:\/\/api.w.org\/{rel}","templated":true}]}}