{"id":4084,"date":"2024-03-21T09:35:28","date_gmt":"2024-03-21T01:35:28","guid":{"rendered":"https:\/\/zojopackaging.com\/?post_type=product&#038;p=4084"},"modified":"2025-03-28T10:25:36","modified_gmt":"2025-03-28T02:25:36","slug":"customized-drawer-packaging-boxes","status":"publish","type":"product","link":"https:\/\/zojopackaging.com\/fr\/product\/customized-drawer-packaging-boxes\/","title":{"rendered":"Bo\u00eetes d'emballage de luxe pour petits colliers de bijoux Fabricant"},"content":{"rendered":"<h1>Bo\u00eetes d'emballage de luxe pour petits colliers de bijoux Fabricant<\/h1>\n<p>Le fabricant de bo\u00eetes d'emballage de luxe pour petits colliers de bijoux offre une solution d'emballage sur mesure et personnalis\u00e9e pour une large gamme de produits. Ces bo\u00eetes sont dot\u00e9es d'un tiroir unique qui permet d'acc\u00e9der facilement au contenu \u00e0 l'int\u00e9rieur, offrant ainsi une exp\u00e9rience d'emballage pratique et \u00e9l\u00e9gante.<\/p>\n<p>Les options de personnalisation de ces bo\u00eetes d'emballage sont pratiquement illimit\u00e9es, ce qui permet aux entreprises de cr\u00e9er une solution d'emballage qui correspond parfaitement \u00e0 l'identit\u00e9 de leur marque et aux exigences de leurs produits. Du choix des dimensions et des mat\u00e9riaux \u00e0 la s\u00e9lection de la couleur, de la finition et des options d'impression, chaque aspect des bo\u00eetes d'emballage \u00e0 tiroirs peut \u00eatre personnalis\u00e9 pour cr\u00e9er un design unique et accrocheur.<\/p>\n<p>Des \u00e9l\u00e9ments de marque tels que des logos, des graphiques et des textes peuvent \u00eatre mis en \u00e9vidence sur l'ext\u00e9rieur de la bo\u00eete afin de renforcer la reconnaissance de la marque et de cr\u00e9er une exp\u00e9rience m\u00e9morable pour les clients lors de l'ouverture de la bo\u00eete. L'int\u00e9rieur de la bo\u00eete peut \u00e9galement \u00eatre personnalis\u00e9 avec des inserts, des s\u00e9parateurs ou du rembourrage pour maintenir les produits en place et ajouter une touche haut de gamme \u00e0 la pr\u00e9sentation.<\/p>\n<p>Dans l'ensemble, les bo\u00eetes d'emballage \u00e0 tiroirs personnalis\u00e9es constituent une solution d'emballage polyvalente et efficace qui permet aux entreprises de pr\u00e9senter leurs produits de mani\u00e8re personnalis\u00e9e et percutante. Qu'elles soient utilis\u00e9es pour des produits de d\u00e9tail, des cadeaux ou des articles promotionnels, ces bo\u00eetes sont s\u00fbres de laisser une impression durable sur les clients et d'am\u00e9liorer la valeur globale per\u00e7ue des produits emball\u00e9s.<\/p>\n<h1><strong>Sp\u00e9cifications<\/strong><\/h1>\n<table style=\"height: 666px;\" width=\"1070\">\n<tbody>\n<tr>\n<td width=\"373\">Dimensions<\/td>\n<td width=\"373\">Toutes les tailles et formes personnalis\u00e9es<\/td>\n<\/tr>\n<tr>\n<td width=\"373\">MOQ<\/td>\n<td width=\"373\">500pcs<\/td>\n<\/tr>\n<tr>\n<td width=\"373\">Temps d'\u00e9chantillonnage<\/td>\n<td width=\"373\">3-5 jours<\/td>\n<\/tr>\n<tr>\n<td width=\"373\">Processus par d\u00e9faut<\/td>\n<td width=\"373\">D\u00e9coupage, collage, rainurage, perforation<\/td>\n<\/tr>\n<tr>\n<td width=\"373\">Impression<\/td>\n<td width=\"373\">Cmyk, pms, pas d'impression<\/td>\n<\/tr>\n<tr>\n<td width=\"373\">Option mat\u00e9riau<\/td>\n<td width=\"373\">Papier cartonn\u00e9 blanc, papier couch\u00e9, papier d'art, papier kraft, carton ivoire, carton recto-verso, papier sp\u00e9cial, etc.<\/td>\n<\/tr>\n<tr>\n<td width=\"373\">Finition de surface<\/td>\n<td width=\"373\">Pelliculage mat\/brillant, gaufrage par points, gaufrage, dorure, etc.<\/td>\n<\/tr>\n<tr>\n<td width=\"373\">Utilisation dans l'industrie<\/td>\n<td width=\"373\">cosm\u00e9tiques, parfums, v\u00eatements, bijoux, tabac, produits alimentaires, cadeaux et produits de consommation courante,<\/td>\n<\/tr>\n<tr>\n<td width=\"373\">Contr\u00f4le de la qualit\u00e9<\/td>\n<td width=\"373\">Des \u00e9quipements de pointe et une \u00e9quipe de contr\u00f4le qualit\u00e9 exp\u00e9riment\u00e9e v\u00e9rifient rigoureusement les mat\u00e9riaux, les produits semi-finis et les produits finis \u00e0 chaque \u00e9tape avant la mise sur le march\u00e9.<\/td>\n<\/tr>\n<tr>\n<td width=\"373\">Prix<\/td>\n<td width=\"373\">Le prix final sera adapt\u00e9 \u00e0 votre produit et \u00e0 la quantit\u00e9 souhait\u00e9e.<\/td>\n<\/tr>\n<tr>\n<td width=\"373\">D\u00e9lai d'ex\u00e9cution<\/td>\n<td width=\"373\">7-14 jours ouvrables, urgent<\/td>\n<\/tr>\n<tr>\n<td width=\"373\">Papier de base<\/td>\n<td width=\"373\">10pt \u00e0 28pt (60lb \u00e0 400lb) Kraft \u00e9cologique, carton ondul\u00e9 e-flute, carton bux, papier cartonn\u00e9<\/td>\n<\/tr>\n<tr>\n<td width=\"373\">Format de l'\u0153uvre d'art<\/td>\n<td width=\"373\">JPG, PDF, AI, CDR, EPS, GIF....<\/td>\n<\/tr>\n<tr>\n<td width=\"373\">Accessoires<\/td>\n<td width=\"373\">Aimant, ruban, forme EVA, plateau en plastique, \u00e9ponge, fen\u00eatre en PVC\/PET\/PP,...<\/td>\n<\/tr>\n<tr>\n<td width=\"373\">D\u00e9lai de paiement<\/td>\n<td width=\"373\">T\/T, Western Union, Paypal, d\u00e9p\u00f4t de 30% et solde de 70% avant l'exp\u00e9dition.<\/td>\n<\/tr>\n<\/tbody>\n<\/table>\n<div class=\"widget block block-static-block\">\n<div class=\"landing-page-section option-bottom\">\n<div class=\"custom-materials-tabs-content container container-adjustment\">\n<div class=\"custom-materials-tab-content active\">\n<div class=\"widget block block-static-block\">\n<div class=\"options-items\">\n<div class=\"flex-grid-row-option\">\n<div class=\"flex-grid-item-option\">\n<div class=\"material-box\">\n<p>&nbsp;<\/p>\n<\/div>\n<\/div>\n<\/div>\n<\/div>\n<p><!---end of option item--><\/p>\n<\/div>\n<\/div>\n<\/div>\n<\/div>\n<\/div>","protected":false},"excerpt":{"rendered":"<p>1. La conception de la bo\u00eete \u00e0 papier \u00e0 tiroir et l'ouverture coulissante facilitent l'ouverture et la fermeture, ce qui permet de r\u00e9duire le temps d'utilisation et d'am\u00e9liorer l'exp\u00e9rience de d\u00e9ballage.<br \/>\n2. Diff\u00e9rentes tailles peuvent \u00eatre personnalis\u00e9es en fonction de vos produits, convenant \u00e0 l'emballage de diverses bo\u00eetes \u00e0 pendentifs pour bijoux en gros.<br \/>\n3. Le syst\u00e8me de couleurs macaron r\u00e9duit la fatigue visuelle et cr\u00e9e une atmosph\u00e8re relaxante et bienfaisante.<\/p>","protected":false},"featured_media":4090,"template":"","meta":[],"product_brand":[],"product_cat":[30,415,31,426],"product_tag":[743,744,745],"class_list":{"0":"post-4084","1":"product","2":"type-product","3":"status-publish","4":"has-post-thumbnail","6":"product_cat-by-industry","7":"product_cat-custom-jewelry-boxes-by-industry","8":"product_cat-paper-box-style","9":"product_cat-paper-drawer-boxes","10":"product_tag-jewelry-packaging","11":"product_tag-necklace-packaging-boxes","12":"product_tag-small-jewelry-packaging-manufacturer","14":"first","15":"instock","16":"shipping-taxable","17":"product-type-grouped"},"_links":{"self":[{"href":"https:\/\/zojopackaging.com\/fr\/wp-json\/wp\/v2\/product\/4084","targetHints":{"allow":["GET"]}}],"collection":[{"href":"https:\/\/zojopackaging.com\/fr\/wp-json\/wp\/v2\/product"}],"about":[{"href":"https:\/\/zojopackaging.com\/fr\/wp-json\/wp\/v2\/types\/product"}],"version-history":[{"count":2,"href":"https:\/\/zojopackaging.com\/fr\/wp-json\/wp\/v2\/product\/4084\/revisions"}],"predecessor-version":[{"id":8435,"href":"https:\/\/zojopackaging.com\/fr\/wp-json\/wp\/v2\/product\/4084\/revisions\/8435"}],"wp:featuredmedia":[{"embeddable":true,"href":"https:\/\/zojopackaging.com\/fr\/wp-json\/wp\/v2\/media\/4090"}],"wp:attachment":[{"href":"https:\/\/zojopackaging.com\/fr\/wp-json\/wp\/v2\/media?parent=4084"}],"wp:term":[{"taxonomy":"product_brand","embeddable":true,"href":"https:\/\/zojopackaging.com\/fr\/wp-json\/wp\/v2\/product_brand?post=4084"},{"taxonomy":"product_cat","embeddable":true,"href":"https:\/\/zojopackaging.com\/fr\/wp-json\/wp\/v2\/product_cat?post=4084"},{"taxonomy":"product_tag","embeddable":true,"href":"https:\/\/zojopackaging.com\/fr\/wp-json\/wp\/v2\/product_tag?post=4084"}],"curies":[{"name":"wp","href":"https:\/\/api.w.org\/{rel}","templated":true}]}}