{"id":4100,"date":"2024-03-21T09:47:45","date_gmt":"2024-03-21T01:47:45","guid":{"rendered":"https:\/\/zojopackaging.com\/?post_type=product&#038;p=4100"},"modified":"2025-03-28T09:45:06","modified_gmt":"2025-03-28T01:45:06","slug":"custom-slide-out-drawer-packaging-box","status":"publish","type":"product","link":"https:\/\/zojopackaging.com\/fr\/product\/custom-slide-out-drawer-packaging-box\/","title":{"rendered":"Emballage de luxe personnalis\u00e9 pour portefeuilles Bo\u00eetes cadeaux Wholesale"},"content":{"rendered":"<h1>Emballage de luxe personnalis\u00e9 pour portefeuilles Bo\u00eetes cadeaux Wholesale<\/h1>\n<p>L'emballage portefeuille de luxe personnalis\u00e9 est une solution d'emballage sophistiqu\u00e9e et polyvalente qui offre une exp\u00e9rience unique de d\u00e9ballage.<\/p>\n<p>Les options de personnalisation des bo\u00eetes cadeaux de luxe sont nombreuses, permettant aux entreprises de cr\u00e9er une solution d'emballage sur mesure qui correspond \u00e0 l'identit\u00e9 de leur marque et aux sp\u00e9cifications de leurs produits. Du choix des dimensions et des mat\u00e9riaux \u00e0 la s\u00e9lection de la couleur, de la finition et des options d'impression, chaque aspect de la bo\u00eete peut \u00eatre personnalis\u00e9 pour cr\u00e9er un design unique.<\/p>\n<p>Les \u00e9l\u00e9ments de marque tels que les logos, les graphiques et les textes peuvent \u00eatre mis en \u00e9vidence sur la pochette ext\u00e9rieure ou sur le tiroir lui-m\u00eame, ce qui renforce la reconnaissance de la marque et cr\u00e9e une exp\u00e9rience de d\u00e9ballage m\u00e9morable pour les clients. L'int\u00e9rieur de la bo\u00eete peut \u00e9galement \u00eatre personnalis\u00e9 avec des inserts, des s\u00e9parateurs ou des rembourrages pour maintenir les produits en place et ajouter une touche haut de gamme \u00e0 la pr\u00e9sentation.<\/p>\n<p>La bo\u00eete d'emballage \u00e0 tiroirs coulissants n'est pas seulement attrayante sur le plan visuel, elle est \u00e9galement fonctionnelle et constitue un moyen pratique et \u00e9l\u00e9gant de pr\u00e9senter les produits. Qu'elle soit utilis\u00e9e pour des articles de d\u00e9tail, des cadeaux ou du mat\u00e9riel promotionnel, cette solution d'emballage ne manquera pas de laisser une impression durable sur les clients et d'augmenter la valeur globale per\u00e7ue des produits qu'elle contient.<\/p>\n<h1><strong>Sp\u00e9cifications<\/strong><\/h1>\n<table style=\"height: 666px;\" width=\"1070\">\n<tbody>\n<tr>\n<td width=\"373\">Dimensions<\/td>\n<td width=\"373\">Toutes les tailles et formes personnalis\u00e9es<\/td>\n<\/tr>\n<tr>\n<td width=\"373\">MOQ<\/td>\n<td width=\"373\">500pcs<\/td>\n<\/tr>\n<tr>\n<td width=\"373\">Temps d'\u00e9chantillonnage<\/td>\n<td width=\"373\">3-5 jours<\/td>\n<\/tr>\n<tr>\n<td width=\"373\">Processus par d\u00e9faut<\/td>\n<td width=\"373\">D\u00e9coupage, collage, rainurage, perforation<\/td>\n<\/tr>\n<tr>\n<td width=\"373\">Impression<\/td>\n<td width=\"373\">Cmyk, pms, pas d'impression<\/td>\n<\/tr>\n<tr>\n<td width=\"373\">Option mat\u00e9riau<\/td>\n<td width=\"373\">Papier cartonn\u00e9 blanc, papier couch\u00e9, papier d'art, papier kraft, carton ivoire, carton recto-verso, papier sp\u00e9cial, etc.<\/td>\n<\/tr>\n<tr>\n<td width=\"373\">Finition de surface<\/td>\n<td width=\"373\">Pelliculage mat\/brillant, gaufrage par points, gaufrage, dorure, etc.<\/td>\n<\/tr>\n<tr>\n<td width=\"373\">Utilisation dans l'industrie<\/td>\n<td width=\"373\">cosm\u00e9tiques, parfums, v\u00eatements, bijoux, tabac, produits alimentaires, cadeaux et produits de consommation courante,<\/td>\n<\/tr>\n<tr>\n<td width=\"373\">Contr\u00f4le de la qualit\u00e9<\/td>\n<td width=\"373\">Des \u00e9quipements de pointe et une \u00e9quipe de contr\u00f4le qualit\u00e9 exp\u00e9riment\u00e9e v\u00e9rifient rigoureusement les mat\u00e9riaux, les produits semi-finis et les produits finis \u00e0 chaque \u00e9tape avant la mise sur le march\u00e9.<\/td>\n<\/tr>\n<tr>\n<td width=\"373\">Prix<\/td>\n<td width=\"373\">Le prix final sera adapt\u00e9 \u00e0 votre produit et \u00e0 la quantit\u00e9 souhait\u00e9e.<\/td>\n<\/tr>\n<tr>\n<td width=\"373\">D\u00e9lai d'ex\u00e9cution<\/td>\n<td width=\"373\">7-14 jours ouvrables, urgent<\/td>\n<\/tr>\n<tr>\n<td width=\"373\">Papier de base<\/td>\n<td width=\"373\">10pt \u00e0 28pt (60lb \u00e0 400lb) Kraft \u00e9cologique, carton ondul\u00e9 e-flute, carton bux, papier cartonn\u00e9<\/td>\n<\/tr>\n<tr>\n<td width=\"373\">Format de l'\u0153uvre d'art<\/td>\n<td width=\"373\">JPG, PDF, AI, CDR, EPS, GIF....<\/td>\n<\/tr>\n<tr>\n<td width=\"373\">Accessoires<\/td>\n<td width=\"373\">Aimant, ruban, forme EVA, plateau en plastique, \u00e9ponge, fen\u00eatre en PVC\/PET\/PP,...<\/td>\n<\/tr>\n<tr>\n<td width=\"373\">D\u00e9lai de paiement<\/td>\n<td width=\"373\">T\/T, Western Union, Paypal, d\u00e9p\u00f4t de 30% et solde de 70% avant l'exp\u00e9dition.<\/td>\n<\/tr>\n<\/tbody>\n<\/table>\n<div class=\"widget block block-static-block\">\n<div class=\"landing-page-section option-bottom\">\n<div class=\"custom-materials-tabs-content container container-adjustment\">\n<div class=\"custom-materials-tab-content active\">\n<div class=\"widget block block-static-block\">\n<div class=\"options-items\">\n<div class=\"flex-grid-row-option\">\n<div class=\"flex-grid-item-option\">\n<div class=\"material-box\">\n<p>&nbsp;<\/p>\n<\/div>\n<\/div>\n<\/div>\n<\/div>\n<p><!---end of option item--><\/p>\n<\/div>\n<\/div>\n<\/div>\n<\/div>\n<\/div>","protected":false},"excerpt":{"rendered":"<p>1. La conception de la bo\u00eete \u00e0 tiroirs et l'ouverture coulissante facilitent l'ouverture et la fermeture, ce qui permet de r\u00e9duire le temps d'utilisation et d'am\u00e9liorer l'exp\u00e9rience de d\u00e9ballage.<br \/>\n2. Diff\u00e9rentes tailles peuvent \u00eatre personnalis\u00e9es en fonction de votre produit, convenant \u00e0 l'emballage de divers portefeuilles.<br \/>\n3. Le syst\u00e8me de couleurs macaron r\u00e9duit la fatigue visuelle et cr\u00e9e une atmosph\u00e8re relaxante et bienfaisante.<\/p>","protected":false},"featured_media":4101,"template":"","meta":[],"product_brand":[],"product_cat":[30,413,31,426],"product_tag":[731,730,732],"class_list":{"0":"post-4100","1":"product","2":"type-product","3":"status-publish","4":"has-post-thumbnail","6":"product_cat-by-industry","7":"product_cat-consumer-electronics-boxes","8":"product_cat-paper-box-style","9":"product_cat-paper-drawer-boxes","10":"product_tag-wallet-gift-boxes","11":"product_tag-wallet-packaging","12":"product_tag-wallet-packaging-wholesale","14":"first","15":"instock","16":"shipping-taxable","17":"product-type-grouped"},"_links":{"self":[{"href":"https:\/\/zojopackaging.com\/fr\/wp-json\/wp\/v2\/product\/4100","targetHints":{"allow":["GET"]}}],"collection":[{"href":"https:\/\/zojopackaging.com\/fr\/wp-json\/wp\/v2\/product"}],"about":[{"href":"https:\/\/zojopackaging.com\/fr\/wp-json\/wp\/v2\/types\/product"}],"version-history":[{"count":2,"href":"https:\/\/zojopackaging.com\/fr\/wp-json\/wp\/v2\/product\/4100\/revisions"}],"predecessor-version":[{"id":8430,"href":"https:\/\/zojopackaging.com\/fr\/wp-json\/wp\/v2\/product\/4100\/revisions\/8430"}],"wp:featuredmedia":[{"embeddable":true,"href":"https:\/\/zojopackaging.com\/fr\/wp-json\/wp\/v2\/media\/4101"}],"wp:attachment":[{"href":"https:\/\/zojopackaging.com\/fr\/wp-json\/wp\/v2\/media?parent=4100"}],"wp:term":[{"taxonomy":"product_brand","embeddable":true,"href":"https:\/\/zojopackaging.com\/fr\/wp-json\/wp\/v2\/product_brand?post=4100"},{"taxonomy":"product_cat","embeddable":true,"href":"https:\/\/zojopackaging.com\/fr\/wp-json\/wp\/v2\/product_cat?post=4100"},{"taxonomy":"product_tag","embeddable":true,"href":"https:\/\/zojopackaging.com\/fr\/wp-json\/wp\/v2\/product_tag?post=4100"}],"curies":[{"name":"wp","href":"https:\/\/api.w.org\/{rel}","templated":true}]}}