{"id":4134,"date":"2024-03-21T10:04:33","date_gmt":"2024-03-21T02:04:33","guid":{"rendered":"https:\/\/zojopackaging.com\/?post_type=product&#038;p=4134"},"modified":"2025-03-28T10:10:46","modified_gmt":"2025-03-28T02:10:46","slug":"underwear-drawer-packaging-box","status":"publish","type":"product","link":"https:\/\/zojopackaging.com\/fr\/product\/underwear-drawer-packaging-box\/","title":{"rendered":"Bo\u00eete d'emballage \u00e0 tiroir coulissant pour sous-v\u00eatements f\u00e9minins"},"content":{"rendered":"<h1>Bo\u00eete d'emballage \u00e0 tiroir coulissant pour sous-v\u00eatements f\u00e9minins<\/h1>\n<p>La bo\u00eete d'emballage \u00e0 tiroir coulissant pour sous-v\u00eatements f\u00e9minins est une solution d'emballage sp\u00e9cialis\u00e9e et pratique, con\u00e7ue sp\u00e9cifiquement pour le stockage et la pr\u00e9sentation de sous-v\u00eatements et de lingerie. Ce mod\u00e8le innovant est dot\u00e9 d'une ouverture en forme de tiroir qui permet d'acc\u00e9der facilement aux v\u00eatements qu'il contient, ce qui permet aux clients de r\u00e9cup\u00e9rer et de ranger leurs articles en toute simplicit\u00e9.<\/p>\n<p>Fabriqu\u00e9e \u00e0 partir de mat\u00e9riaux de haute qualit\u00e9 tels que le carton robuste, la bo\u00eete \u00e0 tiroirs pour sous-v\u00eatements offre une protection et une organisation pour les v\u00eatements d\u00e9licats. La conception du tiroir garantit que les sous-v\u00eatements restent bien pli\u00e9s et en s\u00e9curit\u00e9 pendant le stockage et le transport, ce qui permet de conserver leur forme et leur qualit\u00e9.<\/p>\n<p>La finition \u00e9l\u00e9gante et moderne de la bo\u00eete d'emballage pour tiroirs \u00e0 sous-v\u00eatements lui conf\u00e8re un aspect styl\u00e9 et sophistiqu\u00e9, mettant en valeur la pr\u00e9sentation g\u00e9n\u00e9rale des sous-v\u00eatements. Des options de personnalisation sont disponibles pour ajouter des \u00e9l\u00e9ments de marque, des logos et des dessins \u00e0 l'ext\u00e9rieur de la bo\u00eete, cr\u00e9ant ainsi une solution d'emballage personnalis\u00e9e et attrayante.<\/p>\n<h1><strong>Sp\u00e9cifications<\/strong><\/h1>\n<table style=\"height: 666px;\" width=\"1070\">\n<tbody>\n<tr>\n<td width=\"373\">Dimensions<\/td>\n<td width=\"373\">Toutes les tailles et formes personnalis\u00e9es<\/td>\n<\/tr>\n<tr>\n<td width=\"373\">MOQ<\/td>\n<td width=\"373\">500pcs<\/td>\n<\/tr>\n<tr>\n<td width=\"373\">Temps d'\u00e9chantillonnage<\/td>\n<td width=\"373\">3-5 jours<\/td>\n<\/tr>\n<tr>\n<td width=\"373\">Processus par d\u00e9faut<\/td>\n<td width=\"373\">D\u00e9coupage, collage, rainurage, perforation<\/td>\n<\/tr>\n<tr>\n<td width=\"373\">Impression<\/td>\n<td width=\"373\">Cmyk, pms, pas d'impression<\/td>\n<\/tr>\n<tr>\n<td width=\"373\">Option mat\u00e9riau<\/td>\n<td width=\"373\">Papier cartonn\u00e9 blanc, papier couch\u00e9, papier d'art, papier kraft, carton ivoire, carton recto-verso, papier sp\u00e9cial, etc.<\/td>\n<\/tr>\n<tr>\n<td width=\"373\">Finition de surface<\/td>\n<td width=\"373\">Pelliculage mat\/brillant, gaufrage par points, gaufrage, dorure, etc.<\/td>\n<\/tr>\n<tr>\n<td width=\"373\">Utilisation dans l'industrie<\/td>\n<td width=\"373\">cosm\u00e9tiques, parfums, v\u00eatements, bijoux, tabac, produits alimentaires, cadeaux et produits de consommation courante,<\/td>\n<\/tr>\n<tr>\n<td width=\"373\">Contr\u00f4le de la qualit\u00e9<\/td>\n<td width=\"373\">Des \u00e9quipements de pointe et une \u00e9quipe de contr\u00f4le qualit\u00e9 exp\u00e9riment\u00e9e v\u00e9rifient rigoureusement les mat\u00e9riaux, les produits semi-finis et les produits finis \u00e0 chaque \u00e9tape avant la mise sur le march\u00e9.<\/td>\n<\/tr>\n<tr>\n<td width=\"373\">Prix<\/td>\n<td width=\"373\">Le prix final sera adapt\u00e9 \u00e0 votre produit et \u00e0 la quantit\u00e9 souhait\u00e9e.<\/td>\n<\/tr>\n<tr>\n<td width=\"373\">D\u00e9lai d'ex\u00e9cution<\/td>\n<td width=\"373\">7-14 jours ouvrables, urgent<\/td>\n<\/tr>\n<tr>\n<td width=\"373\">Papier de base<\/td>\n<td width=\"373\">10pt \u00e0 28pt (60lb \u00e0 400lb) Kraft \u00e9cologique, carton ondul\u00e9 e-flute, carton bux, papier cartonn\u00e9<\/td>\n<\/tr>\n<tr>\n<td width=\"373\">Format de l'\u0153uvre d'art<\/td>\n<td width=\"373\">JPG, PDF, AI, CDR, EPS, GIF....<\/td>\n<\/tr>\n<tr>\n<td width=\"373\">Accessoires<\/td>\n<td width=\"373\">Aimant, ruban, forme EVA, plateau en plastique, \u00e9ponge, fen\u00eatre en PVC\/PET\/PP,...<\/td>\n<\/tr>\n<tr>\n<td width=\"373\">D\u00e9lai de paiement<\/td>\n<td width=\"373\">T\/T, Western Union, Paypal, d\u00e9p\u00f4t de 30% et solde de 70% avant l'exp\u00e9dition.<\/td>\n<\/tr>\n<\/tbody>\n<\/table>\n<div class=\"widget block block-static-block\">\n<div class=\"landing-page-section option-bottom\">\n<div class=\"custom-materials-tabs-content container container-adjustment\">\n<div class=\"custom-materials-tab-content active\">\n<div class=\"widget block block-static-block\">\n<div class=\"options-items\">\n<div class=\"flex-grid-row-option\">\n<div class=\"flex-grid-item-option\">\n<div class=\"material-box\">\n<p>&nbsp;<\/p>\n<\/div>\n<\/div>\n<\/div>\n<\/div>\n<p><!---end of option item--><\/p>\n<\/div>\n<\/div>\n<\/div>\n<\/div>\n<\/div>","protected":false},"excerpt":{"rendered":"<p>1. La feuille d'or rouge estamp\u00e9e \u00e0 chaud, ce qui conf\u00e8re \u00e0 l'emballage une impression de luxe et une pr\u00e9sentation visuelle de haute qualit\u00e9.<br \/>\n2. Diff\u00e9rentes tailles peuvent \u00eatre personnalis\u00e9es en fonction de votre produit, convenant \u00e0 l'emballage de divers types de v\u00eatements.<br \/>\n3. L'ouverture coulissante facilite l'ouverture et la fermeture de la bo\u00eete \u00e0 papier \u00e0 tiroir, ce qui permet de r\u00e9duire le temps d'utilisation et d'am\u00e9liorer l'exp\u00e9rience de d\u00e9ballage.<\/p>","protected":false},"featured_media":4140,"template":"","meta":[],"product_brand":[],"product_cat":[30,415,31,426],"product_tag":[738,739,740],"class_list":{"0":"post-4134","1":"product","2":"type-product","3":"status-publish","4":"has-post-thumbnail","6":"product_cat-by-industry","7":"product_cat-custom-jewelry-boxes-by-industry","8":"product_cat-paper-box-style","9":"product_cat-paper-drawer-boxes","10":"product_tag-underwear-packaging-box","11":"product_tag-underwear-sliding-drawer-box","12":"product_tag-women-underwear-packaging","14":"first","15":"instock","16":"shipping-taxable","17":"product-type-grouped"},"_links":{"self":[{"href":"https:\/\/zojopackaging.com\/fr\/wp-json\/wp\/v2\/product\/4134","targetHints":{"allow":["GET"]}}],"collection":[{"href":"https:\/\/zojopackaging.com\/fr\/wp-json\/wp\/v2\/product"}],"about":[{"href":"https:\/\/zojopackaging.com\/fr\/wp-json\/wp\/v2\/types\/product"}],"version-history":[{"count":2,"href":"https:\/\/zojopackaging.com\/fr\/wp-json\/wp\/v2\/product\/4134\/revisions"}],"predecessor-version":[{"id":8433,"href":"https:\/\/zojopackaging.com\/fr\/wp-json\/wp\/v2\/product\/4134\/revisions\/8433"}],"wp:featuredmedia":[{"embeddable":true,"href":"https:\/\/zojopackaging.com\/fr\/wp-json\/wp\/v2\/media\/4140"}],"wp:attachment":[{"href":"https:\/\/zojopackaging.com\/fr\/wp-json\/wp\/v2\/media?parent=4134"}],"wp:term":[{"taxonomy":"product_brand","embeddable":true,"href":"https:\/\/zojopackaging.com\/fr\/wp-json\/wp\/v2\/product_brand?post=4134"},{"taxonomy":"product_cat","embeddable":true,"href":"https:\/\/zojopackaging.com\/fr\/wp-json\/wp\/v2\/product_cat?post=4134"},{"taxonomy":"product_tag","embeddable":true,"href":"https:\/\/zojopackaging.com\/fr\/wp-json\/wp\/v2\/product_tag?post=4134"}],"curies":[{"name":"wp","href":"https:\/\/api.w.org\/{rel}","templated":true}]}}