{"id":4141,"date":"2024-03-21T10:08:37","date_gmt":"2024-03-21T02:08:37","guid":{"rendered":"https:\/\/zojopackaging.com\/?post_type=product&#038;p=4141"},"modified":"2025-03-28T09:54:37","modified_gmt":"2025-03-28T01:54:37","slug":"custom-printing-drawer-packaging-box","status":"publish","type":"product","link":"https:\/\/zojopackaging.com\/fr\/product\/custom-printing-drawer-packaging-box\/","title":{"rendered":"Bo\u00eetes \u00e0 anneaux en carton personnalis\u00e9es pour bijoux chevilles Wholesale"},"content":{"rendered":"<h1>Bo\u00eetes \u00e0 anneaux en carton personnalis\u00e9es pour bijoux chevilles Wholesale<\/h1>\n<p>La bo\u00eete \u00e0 bijoux en carton est une solution d'emballage polyvalente et personnalis\u00e9e qui offre un haut niveau de personnalisation pour r\u00e9pondre aux besoins uniques des entreprises en mati\u00e8re d'image de marque. Ce design innovant pr\u00e9sente une ouverture en forme de tiroir pour un acc\u00e8s facile au contenu \u00e0 l'int\u00e9rieur, ainsi que la possibilit\u00e9 de mettre en valeur des designs, logos et \u00e9l\u00e9ments de marque personnalis\u00e9s sur l'ext\u00e9rieur de la bo\u00eete.<\/p>\n<p>Fabriqu\u00e9e \u00e0 partir de mat\u00e9riaux de haute qualit\u00e9 tels que le carton durable, la bo\u00eete \u00e0 tiroirs \u00e0 impression personnalis\u00e9e offre \u00e0 la fois une protection et un attrait visuel aux produits emball\u00e9s. L'option d'impression personnalis\u00e9e permet aux entreprises de cr\u00e9er une solution d'emballage enti\u00e8rement personnalis\u00e9e qui refl\u00e8te l'identit\u00e9 de leur marque et leur message, ce qui en fait un outil marketing puissant pour am\u00e9liorer la reconnaissance de la marque et l'engagement des clients.<\/p>\n<p>La finition \u00e9l\u00e9gante de la bo\u00eete d'emballage \u00e0 tiroirs imprim\u00e9e sur mesure lui conf\u00e8re un aspect professionnel et soign\u00e9, qui rehausse la pr\u00e9sentation g\u00e9n\u00e9rale des produits qu'elle contient. Les entreprises peuvent choisir parmi une vari\u00e9t\u00e9 de techniques d'impression, y compris l'impression offset, l'impression num\u00e9rique ou l'estampage, pour cr\u00e9er des designs accrocheurs et vibrants qui captivent les clients et laissent une impression durable.<\/p>\n<h1><strong>Sp\u00e9cifications<\/strong><\/h1>\n<table style=\"height: 666px;\" width=\"1070\">\n<tbody>\n<tr>\n<td width=\"373\">Dimensions<\/td>\n<td width=\"373\">Toutes les tailles et formes personnalis\u00e9es<\/td>\n<\/tr>\n<tr>\n<td width=\"373\">MOQ<\/td>\n<td width=\"373\">500pcs<\/td>\n<\/tr>\n<tr>\n<td width=\"373\">Temps d'\u00e9chantillonnage<\/td>\n<td width=\"373\">3-5 jours<\/td>\n<\/tr>\n<tr>\n<td width=\"373\">Processus par d\u00e9faut<\/td>\n<td width=\"373\">D\u00e9coupage, collage, rainurage, perforation<\/td>\n<\/tr>\n<tr>\n<td width=\"373\">Impression<\/td>\n<td width=\"373\">Cmyk, pms, pas d'impression<\/td>\n<\/tr>\n<tr>\n<td width=\"373\">Option mat\u00e9riau<\/td>\n<td width=\"373\">Papier cartonn\u00e9 blanc, papier couch\u00e9, papier d'art, papier kraft, carton ivoire, carton recto-verso, papier sp\u00e9cial, etc.<\/td>\n<\/tr>\n<tr>\n<td width=\"373\">Finition de surface<\/td>\n<td width=\"373\">Pelliculage mat\/brillant, gaufrage par points, gaufrage, dorure, etc.<\/td>\n<\/tr>\n<tr>\n<td width=\"373\">Utilisation dans l'industrie<\/td>\n<td width=\"373\">cosm\u00e9tiques, parfums, v\u00eatements, bijoux, tabac, produits alimentaires, cadeaux et produits de consommation courante,<\/td>\n<\/tr>\n<tr>\n<td width=\"373\">Contr\u00f4le de la qualit\u00e9<\/td>\n<td width=\"373\">Des \u00e9quipements de pointe et une \u00e9quipe de contr\u00f4le qualit\u00e9 exp\u00e9riment\u00e9e v\u00e9rifient rigoureusement les mat\u00e9riaux, les produits semi-finis et les produits finis \u00e0 chaque \u00e9tape avant la mise sur le march\u00e9.<\/td>\n<\/tr>\n<tr>\n<td width=\"373\">Prix<\/td>\n<td width=\"373\">Le prix final sera adapt\u00e9 \u00e0 votre produit et \u00e0 la quantit\u00e9 souhait\u00e9e.<\/td>\n<\/tr>\n<tr>\n<td width=\"373\">D\u00e9lai d'ex\u00e9cution<\/td>\n<td width=\"373\">7-14 jours ouvrables, urgent<\/td>\n<\/tr>\n<tr>\n<td width=\"373\">Papier de base<\/td>\n<td width=\"373\">10pt \u00e0 28pt (60lb \u00e0 400lb) Kraft \u00e9cologique, carton ondul\u00e9 e-flute, carton bux, papier cartonn\u00e9<\/td>\n<\/tr>\n<tr>\n<td width=\"373\">Format de l'\u0153uvre d'art<\/td>\n<td width=\"373\">JPG, PDF, AI, CDR, EPS, GIF....<\/td>\n<\/tr>\n<tr>\n<td width=\"373\">Accessoires<\/td>\n<td width=\"373\">Aimant, ruban, forme EVA, plateau en plastique, \u00e9ponge, fen\u00eatre en PVC\/PET\/PP,...<\/td>\n<\/tr>\n<tr>\n<td width=\"373\">D\u00e9lai de paiement<\/td>\n<td width=\"373\">T\/T, Western Union, Paypal, d\u00e9p\u00f4t de 30% et solde de 70% avant l'exp\u00e9dition.<\/td>\n<\/tr>\n<\/tbody>\n<\/table>\n<div class=\"widget block block-static-block\">\n<div class=\"landing-page-section option-bottom\">\n<div class=\"custom-materials-tabs-content container container-adjustment\">\n<div class=\"custom-materials-tab-content active\">\n<div class=\"widget block block-static-block\">\n<div class=\"options-items\">\n<div class=\"flex-grid-row-option\">\n<div class=\"flex-grid-item-option\">\n<div class=\"material-box\">\n<p>&nbsp;<\/p>\n<\/div>\n<\/div>\n<\/div>\n<\/div>\n<p><!---end of option item--><\/p>\n<\/div>\n<\/div>\n<\/div>\n<\/div>\n<\/div>","protected":false},"excerpt":{"rendered":"<p>1. La conception de la bo\u00eete \u00e0 papier \u00e0 tiroir et l'ouverture coulissante facilitent l'ouverture et la fermeture, ce qui permet de r\u00e9duire le temps d'utilisation et d'am\u00e9liorer l'exp\u00e9rience de d\u00e9ballage.<br \/>\n2. Diff\u00e9rentes tailles peuvent \u00eatre personnalis\u00e9es en fonction de vos produits, convenant \u00e0 l'emballage de divers bijoux, bracelets de cheville et bagues.<br \/>\n3. Le syst\u00e8me de couleurs macaron r\u00e9duit la fatigue visuelle et cr\u00e9e une atmosph\u00e8re relaxante et bienfaisante.<\/p>","protected":false},"featured_media":4143,"template":"","meta":[],"product_brand":[],"product_cat":[30,415,31,426],"product_tag":[734,733,575],"class_list":{"0":"post-4141","1":"product","2":"type-product","3":"status-publish","4":"has-post-thumbnail","6":"product_cat-by-industry","7":"product_cat-custom-jewelry-boxes-by-industry","8":"product_cat-paper-box-style","9":"product_cat-paper-drawer-boxes","10":"product_tag-cardboard-jewelry-boxes","11":"product_tag-custom-ring-boxes","12":"product_tag-jewelry-boxes-wholesale","14":"first","15":"instock","16":"shipping-taxable","17":"product-type-grouped"},"_links":{"self":[{"href":"https:\/\/zojopackaging.com\/fr\/wp-json\/wp\/v2\/product\/4141","targetHints":{"allow":["GET"]}}],"collection":[{"href":"https:\/\/zojopackaging.com\/fr\/wp-json\/wp\/v2\/product"}],"about":[{"href":"https:\/\/zojopackaging.com\/fr\/wp-json\/wp\/v2\/types\/product"}],"version-history":[{"count":2,"href":"https:\/\/zojopackaging.com\/fr\/wp-json\/wp\/v2\/product\/4141\/revisions"}],"predecessor-version":[{"id":8431,"href":"https:\/\/zojopackaging.com\/fr\/wp-json\/wp\/v2\/product\/4141\/revisions\/8431"}],"wp:featuredmedia":[{"embeddable":true,"href":"https:\/\/zojopackaging.com\/fr\/wp-json\/wp\/v2\/media\/4143"}],"wp:attachment":[{"href":"https:\/\/zojopackaging.com\/fr\/wp-json\/wp\/v2\/media?parent=4141"}],"wp:term":[{"taxonomy":"product_brand","embeddable":true,"href":"https:\/\/zojopackaging.com\/fr\/wp-json\/wp\/v2\/product_brand?post=4141"},{"taxonomy":"product_cat","embeddable":true,"href":"https:\/\/zojopackaging.com\/fr\/wp-json\/wp\/v2\/product_cat?post=4141"},{"taxonomy":"product_tag","embeddable":true,"href":"https:\/\/zojopackaging.com\/fr\/wp-json\/wp\/v2\/product_tag?post=4141"}],"curies":[{"name":"wp","href":"https:\/\/api.w.org\/{rel}","templated":true}]}}