{"id":4270,"date":"2024-03-21T15:38:04","date_gmt":"2024-03-21T07:38:04","guid":{"rendered":"https:\/\/zojopackaging.com\/?post_type=product&#038;p=4270"},"modified":"2025-04-03T17:06:28","modified_gmt":"2025-04-03T09:06:28","slug":"custom-luxury-lid-and-base-box","status":"publish","type":"product","link":"https:\/\/zojopackaging.com\/fr\/product\/custom-luxury-lid-and-base-box\/","title":{"rendered":"Bo\u00eete de luxe \u00e0 couvercle et \u00e0 base sur mesure"},"content":{"rendered":"<h1>Bo\u00eete de luxe \u00e0 couvercle et \u00e0 base sur mesure<\/h1>\n<p>La bo\u00eete \u00e0 couvercle et \u00e0 base est un mod\u00e8le t\u00e9lescopique dans lequel le couvercle s'embo\u00eete sur la base, la base \u00e9tant la partie la plus \u00e9troite. Le couvercle peut \u00eatre aussi grand que n\u00e9cessaire pour\u00a0<strong>de se d\u00e9tacher facilement ou d'envelopper la base de mani\u00e8re \u00e9tanche<\/strong>. Si le couvercle est bien ajust\u00e9, \u00e9galement connu sous le nom d'ajustement sous vide, l'ouverture de la bo\u00eete se fait \u00e0 deux mains. Si le couvercle est mal ajust\u00e9, vous pouvez ouvrir la bo\u00eete d'une seule main, le fond restera en place et le couvercle se soul\u00e8vera.<\/p>\n<p>Le couvercle et la base s'embo\u00eetent parfaitement, assurant une fermeture s\u00fbre et prot\u00e9geant votre contenu. L'int\u00e9rieur peut \u00eatre rev\u00eatu de mat\u00e9riaux souples pour ajouter une couche suppl\u00e9mentaire de luxe et prot\u00e9ger vos produits des rayures et des dommages.<\/p>\n<p>Que vous souhaitiez emballer des produits cosm\u00e9tiques haut de gamme, des bijoux ou d'autres articles de luxe, notre bo\u00eete de luxe personnalis\u00e9e avec couvercle et base est le choix id\u00e9al. Il ne s'agit pas d'une simple bo\u00eete, mais d'une d\u00e9claration d'\u00e9l\u00e9gance et de qualit\u00e9 qui rehaussera la valeur de vos produits.<\/p>\n<h1><strong>Sp\u00e9cifications<\/strong><\/h1>\n<div class=\"widget block block-static-block\">\n<div class=\"landing-page-section option-bottom\">\n<div class=\"custom-materials-tabs-content container container-adjustment\">\n<div class=\"custom-materials-tab-content active\">\n<div class=\"widget block block-static-block\">\n<div class=\"options-items\">\n<div class=\"flex-grid-row-option\">\n<div class=\"flex-grid-item-option\">\n<div class=\"material-box\">\n<div class=\"material-des\">\n<table width=\"1070\">\n<tbody>\n<tr>\n<td width=\"373\">Dimensions<\/td>\n<td width=\"373\">Toutes les tailles et formes personnalis\u00e9es<\/td>\n<\/tr>\n<tr>\n<td width=\"373\">MOQ<\/td>\n<td width=\"373\">500pcs<\/td>\n<\/tr>\n<tr>\n<td width=\"373\">Temps d'\u00e9chantillonnage<\/td>\n<td width=\"373\">\u00a03-5 jours<\/td>\n<\/tr>\n<tr>\n<td width=\"373\">Processus par d\u00e9faut<\/td>\n<td width=\"373\">D\u00e9coupage, collage, rainurage, perforation<\/td>\n<\/tr>\n<tr>\n<td width=\"373\">Impression<\/td>\n<td width=\"373\">Cmyk, pms, pas d'impression<\/td>\n<\/tr>\n<tr>\n<td width=\"373\">Option mat\u00e9riau<\/td>\n<td width=\"373\">Papier cartonn\u00e9 blanc, papier couch\u00e9, papier d'art, papier kraft, carton ivoire, carton recto-verso, papier sp\u00e9cial, etc.<\/td>\n<\/tr>\n<tr>\n<td width=\"373\">Finition de surface<\/td>\n<td width=\"373\">Pelliculage mat\/brillant, gaufrage par points, gaufrage, dorure, etc.<\/td>\n<\/tr>\n<tr>\n<td width=\"373\">Utilisation dans l'industrie<\/td>\n<td width=\"373\">cosm\u00e9tiques, parfums, v\u00eatements, bijoux, tabac, produits alimentaires, cadeaux et produits de consommation courante,<\/td>\n<\/tr>\n<tr>\n<td width=\"373\">Contr\u00f4le de la qualit\u00e9<\/td>\n<td width=\"373\">Des \u00e9quipements de pointe et une \u00e9quipe de contr\u00f4le qualit\u00e9 exp\u00e9riment\u00e9e v\u00e9rifient rigoureusement les mat\u00e9riaux, les produits semi-finis et les produits finis \u00e0 chaque \u00e9tape avant la mise sur le march\u00e9.<\/td>\n<\/tr>\n<tr>\n<td width=\"373\">Prix<\/td>\n<td width=\"373\">Le prix final sera adapt\u00e9 \u00e0 votre produit et \u00e0 la quantit\u00e9 souhait\u00e9e.<\/td>\n<\/tr>\n<tr>\n<td width=\"373\">D\u00e9lai d'ex\u00e9cution<\/td>\n<td width=\"373\">7-14 jours ouvrables, urgent<\/td>\n<\/tr>\n<tr>\n<td width=\"373\">Papier de base<\/td>\n<td width=\"373\">10pt \u00e0 28pt (60lb \u00e0 400lb) Kraft \u00e9cologique, carton ondul\u00e9 e-flute, carton bux, papier cartonn\u00e9<\/td>\n<\/tr>\n<tr>\n<td width=\"373\">Format de l'\u0153uvre d'art<\/td>\n<td width=\"373\">JPG, PDF, AI, CDR, EPS, GIF....<\/td>\n<\/tr>\n<tr>\n<td width=\"373\">Accessoires<\/td>\n<td width=\"373\">Aimant, ruban, forme EVA, plateau en plastique, \u00e9ponge, fen\u00eatre en PVC\/PET\/PP,...<\/td>\n<\/tr>\n<tr>\n<td width=\"373\">D\u00e9lai de paiement<\/td>\n<td width=\"373\">T\/T, Western Union, Paypal, d\u00e9p\u00f4t de 30% et solde de 70% avant l'exp\u00e9dition.<\/td>\n<\/tr>\n<\/tbody>\n<\/table>\n<\/div>\n<\/div>\n<\/div>\n<\/div>\n<\/div>\n<\/div>\n<\/div>\n<\/div>\n<\/div>\n<\/div>\n<div class=\"widget block block-static-block\">\n<div class=\"landing-page-section option-bottom\">\n<div class=\"custom-materials-tabs-content container container-adjustment\">\n<div class=\"custom-materials-tab-content active\">\n<div class=\"widget block block-static-block\">\n<div class=\"options-items\">\n<div class=\"flex-grid-row-option\">\n<div class=\"flex-grid-item-option\">\n<div class=\"material-box\">\n<p>&nbsp;<\/p>\n<\/div>\n<\/div>\n<\/div>\n<\/div>\n<p><!---end of option item--><\/p>\n<\/div>\n<\/div>\n<\/div>\n<\/div>\n<\/div>","protected":false},"excerpt":{"rendered":"<p>1. Bo\u00eete d'emballage de papeterie \u00e0 double porte, m\u00e9thode d'ouverture unique, am\u00e9liorant l'exp\u00e9rience de d\u00e9ballage de l'utilisateur.<br \/>\n2. Diff\u00e9rentes tailles peuvent \u00eatre personnalis\u00e9es en fonction de vos produits, convenant \u00e0 toutes sortes d'emballages de papeterie.<br \/>\n3. 157g de papier couch\u00e9 C2S + 1200g de carton rigide, mat\u00e9riau respectueux de l'environnement et du d\u00e9veloppement durable<\/p>","protected":false},"featured_media":4275,"template":"","meta":[],"product_brand":[],"product_cat":[30,413,425,31],"product_tag":[242,284,243,230],"class_list":{"0":"post-4270","1":"product","2":"type-product","3":"status-publish","4":"has-post-thumbnail","6":"product_cat-by-industry","7":"product_cat-consumer-electronics-boxes","8":"product_cat-lid-and-base-gift-box","9":"product_cat-paper-box-style","10":"product_tag-custom-gift-box","11":"product_tag-lid-and-base-box","12":"product_tag-paper-box-manufacturer","13":"product_tag-wholesale-packaging-box","15":"first","16":"instock","17":"shipping-taxable","18":"product-type-grouped"},"_links":{"self":[{"href":"https:\/\/zojopackaging.com\/fr\/wp-json\/wp\/v2\/product\/4270","targetHints":{"allow":["GET"]}}],"collection":[{"href":"https:\/\/zojopackaging.com\/fr\/wp-json\/wp\/v2\/product"}],"about":[{"href":"https:\/\/zojopackaging.com\/fr\/wp-json\/wp\/v2\/types\/product"}],"version-history":[{"count":2,"href":"https:\/\/zojopackaging.com\/fr\/wp-json\/wp\/v2\/product\/4270\/revisions"}],"predecessor-version":[{"id":8454,"href":"https:\/\/zojopackaging.com\/fr\/wp-json\/wp\/v2\/product\/4270\/revisions\/8454"}],"wp:featuredmedia":[{"embeddable":true,"href":"https:\/\/zojopackaging.com\/fr\/wp-json\/wp\/v2\/media\/4275"}],"wp:attachment":[{"href":"https:\/\/zojopackaging.com\/fr\/wp-json\/wp\/v2\/media?parent=4270"}],"wp:term":[{"taxonomy":"product_brand","embeddable":true,"href":"https:\/\/zojopackaging.com\/fr\/wp-json\/wp\/v2\/product_brand?post=4270"},{"taxonomy":"product_cat","embeddable":true,"href":"https:\/\/zojopackaging.com\/fr\/wp-json\/wp\/v2\/product_cat?post=4270"},{"taxonomy":"product_tag","embeddable":true,"href":"https:\/\/zojopackaging.com\/fr\/wp-json\/wp\/v2\/product_tag?post=4270"}],"curies":[{"name":"wp","href":"https:\/\/api.w.org\/{rel}","templated":true}]}}