{"id":4285,"date":"2024-03-21T15:54:56","date_gmt":"2024-03-21T07:54:56","guid":{"rendered":"https:\/\/zojopackaging.com\/?post_type=product&#038;p=4285"},"modified":"2025-03-28T14:13:09","modified_gmt":"2025-03-28T06:13:09","slug":"portable-electronic-cigarette-box","status":"publish","type":"product","link":"https:\/\/zojopackaging.com\/fr\/product\/portable-electronic-cigarette-box\/","title":{"rendered":"Couvercle et bo\u00eete de base de stylo \u00e0 vapeur en gros en Chine"},"content":{"rendered":"<h1>Couvercle et bo\u00eete de base de stylo \u00e0 vapeur en gros en Chine<\/h1>\n<p>L'Electronic Cigarette Box est un appareil portable et pratique con\u00e7u pour les amateurs de vapotage.<\/p>\n<ul>\n<li>Batterie : Le bo\u00eetier de la cigarette \u00e9lectronique est aliment\u00e9 par une batterie rechargeable qui fournit l'\u00e9nergie n\u00e9cessaire pour chauffer l'e-liquide et produire de la vapeur.<\/li>\n<li>R\u00e9servoir : Le r\u00e9servoir, \u00e9galement appel\u00e9 atomiseur ou clearomiseur, est l'endroit o\u00f9 l'e-liquide est stock\u00e9. Il contient une bobine qui se r\u00e9chauffe lorsqu'elle est activ\u00e9e, transformant l'e-liquide en vapeur.<\/li>\n<li>Panneau de contr\u00f4le : De nombreux bo\u00eetiers de cigarettes \u00e9lectroniques sont dot\u00e9s d'un panneau de commande avec des boutons permettant de r\u00e9gler des param\u00e8tres tels que la puissance, la temp\u00e9rature et le d\u00e9bit d'air afin de personnaliser l'exp\u00e9rience de vapotage.<\/li>\n<li>\u00c9cran d'affichage : Certains mod\u00e8les sont \u00e9quip\u00e9s d'un \u00e9cran OLED ou LED qui affiche des informations importantes telles que l'autonomie de la batterie, la puissance, la r\u00e9sistance et le nombre de bouff\u00e9es.<\/li>\n<li>Dispositifs de s\u00e9curit\u00e9 : Les bo\u00eetiers de cigarettes \u00e9lectroniques sont souvent dot\u00e9s de dispositifs de s\u00e9curit\u00e9 int\u00e9gr\u00e9s, tels qu'une protection contre les courts-circuits, une protection contre la surchauffe et une alerte de batterie faible, afin de garantir une utilisation en toute s\u00e9curit\u00e9.<\/li>\n<li>Options de personnalisation : Les utilisateurs peuvent souvent personnaliser leur exp\u00e9rience de vapotage en ajustant les param\u00e8tres tels que la puissance, la temp\u00e9rature et le d\u00e9bit d'air en fonction de leurs pr\u00e9f\u00e9rences.<\/li>\n<li>Design : Les \u00e9tuis \u00e0 cigarettes \u00e9lectroniques sont disponibles en diff\u00e9rents mod\u00e8les, tailles et couleurs afin de r\u00e9pondre aux diff\u00e9rents go\u00fbts et styles.<\/li>\n<\/ul>\n<h1><strong>Sp\u00e9cifications<\/strong><\/h1>\n<div class=\"widget block block-static-block\">\n<div class=\"landing-page-section option-bottom\">\n<div class=\"custom-materials-tabs-content container container-adjustment\">\n<div class=\"custom-materials-tab-content active\">\n<div class=\"widget block block-static-block\">\n<div class=\"options-items\">\n<div class=\"flex-grid-row-option\">\n<div class=\"flex-grid-item-option\">\n<div class=\"material-box\">\n<div class=\"material-des\">\n<table width=\"1070\">\n<tbody>\n<tr>\n<td width=\"373\">Dimensions<\/td>\n<td width=\"373\">Toutes les tailles et formes personnalis\u00e9es<\/td>\n<\/tr>\n<tr>\n<td width=\"373\">MOQ<\/td>\n<td width=\"373\">500pcs<\/td>\n<\/tr>\n<tr>\n<td width=\"373\">Temps d'\u00e9chantillonnage<\/td>\n<td width=\"373\">\u00a03-5 jours<\/td>\n<\/tr>\n<tr>\n<td width=\"373\">Processus par d\u00e9faut<\/td>\n<td width=\"373\">D\u00e9coupage, collage, rainurage, perforation<\/td>\n<\/tr>\n<tr>\n<td width=\"373\">Impression<\/td>\n<td width=\"373\">Cmyk, pms, pas d'impression<\/td>\n<\/tr>\n<tr>\n<td width=\"373\">Option mat\u00e9riau<\/td>\n<td width=\"373\">Papier cartonn\u00e9 blanc, papier couch\u00e9, papier d'art, papier kraft, carton ivoire, carton recto-verso, papier sp\u00e9cial, etc.<\/td>\n<\/tr>\n<tr>\n<td width=\"373\">Finition de surface<\/td>\n<td width=\"373\">Pelliculage mat\/brillant, gaufrage par points, gaufrage, dorure, etc.<\/td>\n<\/tr>\n<tr>\n<td width=\"373\">Utilisation dans l'industrie<\/td>\n<td width=\"373\">cosm\u00e9tiques, parfums, v\u00eatements, bijoux, tabac, produits alimentaires, cadeaux et produits de consommation courante,<\/td>\n<\/tr>\n<tr>\n<td width=\"373\">Contr\u00f4le de la qualit\u00e9<\/td>\n<td width=\"373\">Des \u00e9quipements de pointe et une \u00e9quipe de contr\u00f4le qualit\u00e9 exp\u00e9riment\u00e9e v\u00e9rifient rigoureusement les mat\u00e9riaux, les produits semi-finis et les produits finis \u00e0 chaque \u00e9tape avant la mise sur le march\u00e9.<\/td>\n<\/tr>\n<tr>\n<td width=\"373\">Prix<\/td>\n<td width=\"373\">Le prix final sera adapt\u00e9 \u00e0 votre produit et \u00e0 la quantit\u00e9 souhait\u00e9e.<\/td>\n<\/tr>\n<tr>\n<td width=\"373\">D\u00e9lai d'ex\u00e9cution<\/td>\n<td width=\"373\">7-14 jours ouvrables, urgent<\/td>\n<\/tr>\n<tr>\n<td width=\"373\">Papier de base<\/td>\n<td width=\"373\">10pt \u00e0 28pt (60lb \u00e0 400lb) Kraft \u00e9cologique, carton ondul\u00e9 e-flute, carton bux, papier cartonn\u00e9<\/td>\n<\/tr>\n<tr>\n<td width=\"373\">Format de l'\u0153uvre d'art<\/td>\n<td width=\"373\">JPG, PDF, AI, CDR, EPS, GIF....<\/td>\n<\/tr>\n<tr>\n<td width=\"373\">Accessoires<\/td>\n<td width=\"373\">Aimant, ruban, forme EVA, plateau en plastique, \u00e9ponge, fen\u00eatre en PVC\/PET\/PP,...<\/td>\n<\/tr>\n<tr>\n<td width=\"373\">D\u00e9lai de paiement<\/td>\n<td width=\"373\">T\/T, Western Union, Paypal, d\u00e9p\u00f4t de 30% et solde de 70% avant l'exp\u00e9dition.<\/td>\n<\/tr>\n<\/tbody>\n<\/table>\n<\/div>\n<\/div>\n<\/div>\n<\/div>\n<\/div>\n<\/div>\n<\/div>\n<\/div>\n<\/div>\n<\/div>\n<h1><strong style=\"font-size: 16px;\">RECHERCHE DE L'EXPERTISE D'UN PROFESSIONNEL POUR LA CONCEPTION DES BO\u00ceTES PERSONNALIS\u00c9ES<\/strong><\/h1>\n<div class=\"widget block block-static-block\">\n<div class=\"landing-page-section option-bottom\">\n<div class=\"custom-materials-tabs-content container container-adjustment\">\n<div class=\"custom-materials-tab-content active\">\n<div class=\"widget block block-static-block\">\n<div class=\"options-items\">\n<div class=\"flex-grid-row-option\">\n<div class=\"flex-grid-item-option\">\n<div class=\"material-box\">\n<div class=\"material-des\">\n<p>The Custom Packaging dispose d'une \u00e9quipe de concepteurs experts qui vous aident \u00e0 cr\u00e9er les meilleurs emballages.\u00a0<strong>Bo\u00eetes \u00e0 sceller sur mesure<\/strong>\u00a0selon vos exigences. Nos concepteurs vous aideront \u00e0 choisir le meilleur mat\u00e9riau, la meilleure forme, la meilleure taille et la meilleure couleur pour concevoir la bo\u00eete personnalis\u00e9e de votre choix. En outre, vous pouvez \u00e9galement demander conseil \u00e0 nos professionnels sans avoir \u00e0 payer de suppl\u00e9ment. Le processus de fabrication des bo\u00eetes \u00e0 sceller sur mesure ne sera pas lanc\u00e9 s'il n'est pas approuv\u00e9 par les clients. Nos concepteurs fourniront des \u00e9chantillons gratuits des bo\u00eetes avec les dessins finaux avant le processus de production pour permettre aux clients de savoir ce qu'ils obtiendront.<\/p>\n<h2><strong>NOUS FACILITONS LA VIE DES CLIENTS \u00c0 CHAQUE \u00c9TAPE<\/strong><\/h2>\n<p>L'\u00e9quipe de The Custom Packaging est l\u00e0 pour faciliter la t\u00e2che de nos clients \u00e0 chaque \u00e9tape. Nous nous assurons d'offrir \u00e0 nos clients nos meilleurs services de personnalisation \u00e0 des prix de gros. Contactez-nous par e-mail ou appelez-nous pour passer vos commandes. Nous nous engageons \u00e0 r\u00e9pondre \u00e0 toutes les exigences de nos clients en mati\u00e8re d'emballage.<\/p>\n<\/div>\n<p>&nbsp;<\/p>\n<\/div>\n<\/div>\n<\/div>\n<\/div>\n<p><!---end of option item--><\/p>\n<\/div>\n<\/div>\n<\/div>\n<\/div>\n<\/div>","protected":false},"excerpt":{"rendered":"<p>Une bo\u00eete rigide classique pour stylo \u00e0 vape. Personnalis\u00e9 avec le design du client sur la bo\u00eete.<\/p>\n<p>Type de mat\u00e9riau : Respectueux de l'environnement, certifi\u00e9 FSC\/ISO\/BSCI<br \/>\nD\u00e9lai de production : \u00c9chantillon 1-3 jours ; Vrac 7-9 jours<br \/>\nD\u00e9lai d'exp\u00e9dition : Express 3-7 jours ; Air 12-16 jours ; Bateau 25-30 jours\uff08Diff\u00e9rents pays ont des d\u00e9lais diff\u00e9rents)<\/p>\n<p>Prix:Contactez-nous pour envoyer une demande de renseignements !<\/p>\n<p>&nbsp;<\/p>","protected":false},"featured_media":4288,"template":"","meta":[],"product_brand":[],"product_cat":[30,420,425,31],"product_tag":[791,789,790],"class_list":{"0":"post-4285","1":"product","2":"type-product","3":"status-publish","4":"has-post-thumbnail","6":"product_cat-by-industry","7":"product_cat-custom-cannabis-boxes","8":"product_cat-lid-and-base-gift-box","9":"product_cat-paper-box-style","10":"product_tag-box-wholesale-in-china","11":"product_tag-custom-vape-pen-box","12":"product_tag-vape-pen-box-wholesale","14":"first","15":"instock","16":"shipping-taxable","17":"product-type-grouped"},"_links":{"self":[{"href":"https:\/\/zojopackaging.com\/fr\/wp-json\/wp\/v2\/product\/4285","targetHints":{"allow":["GET"]}}],"collection":[{"href":"https:\/\/zojopackaging.com\/fr\/wp-json\/wp\/v2\/product"}],"about":[{"href":"https:\/\/zojopackaging.com\/fr\/wp-json\/wp\/v2\/types\/product"}],"version-history":[{"count":2,"href":"https:\/\/zojopackaging.com\/fr\/wp-json\/wp\/v2\/product\/4285\/revisions"}],"predecessor-version":[{"id":8457,"href":"https:\/\/zojopackaging.com\/fr\/wp-json\/wp\/v2\/product\/4285\/revisions\/8457"}],"wp:featuredmedia":[{"embeddable":true,"href":"https:\/\/zojopackaging.com\/fr\/wp-json\/wp\/v2\/media\/4288"}],"wp:attachment":[{"href":"https:\/\/zojopackaging.com\/fr\/wp-json\/wp\/v2\/media?parent=4285"}],"wp:term":[{"taxonomy":"product_brand","embeddable":true,"href":"https:\/\/zojopackaging.com\/fr\/wp-json\/wp\/v2\/product_brand?post=4285"},{"taxonomy":"product_cat","embeddable":true,"href":"https:\/\/zojopackaging.com\/fr\/wp-json\/wp\/v2\/product_cat?post=4285"},{"taxonomy":"product_tag","embeddable":true,"href":"https:\/\/zojopackaging.com\/fr\/wp-json\/wp\/v2\/product_tag?post=4285"}],"curies":[{"name":"wp","href":"https:\/\/api.w.org\/{rel}","templated":true}]}}