{"id":4292,"date":"2024-03-21T16:02:55","date_gmt":"2024-03-21T08:02:55","guid":{"rendered":"https:\/\/zojopackaging.com\/?post_type=product&#038;p=4292"},"modified":"2025-03-28T13:59:55","modified_gmt":"2025-03-28T05:59:55","slug":"headphone-packaging-box","status":"publish","type":"product","link":"https:\/\/zojopackaging.com\/fr\/product\/headphone-packaging-box\/","title":{"rendered":"Bo\u00eete rigide personnalis\u00e9e pour casque d'\u00e9coute Fabricant de bo\u00eetes d'entreprise"},"content":{"rendered":"<h1>Bo\u00eete rigide personnalis\u00e9e pour casque d'\u00e9coute Fabricant de bo\u00eetes d'entreprise<\/h1>\n<p>La bo\u00eete d'emballage pour \u00e9couteurs est con\u00e7ue pour contenir et pr\u00e9senter en toute s\u00e9curit\u00e9 des \u00e9couteurs destin\u00e9s \u00e0 la vente au d\u00e9tail ou faisant partie de l'emballage d'un produit.<\/p>\n<ul>\n<li>Mat\u00e9riau : La bo\u00eete est g\u00e9n\u00e9ralement fabriqu\u00e9e en carton robuste afin de prot\u00e9ger les \u00e9couteurs pendant l'exp\u00e9dition et la manutention.<\/li>\n<li>Design : Le design de la bo\u00eete peut varier, mais il comprend souvent un panneau avant avec une fen\u00eatre en plastique transparent pour pr\u00e9senter le casque \u00e0 l'int\u00e9rieur. Le design peut \u00e9galement comporter une marque, des informations sur le produit et des graphiques attrayants pour attirer les clients.<\/li>\n<li>Inserts : De nombreuses bo\u00eetes d'emballage de casques comprennent des inserts personnalis\u00e9s ou des rembourrages en mousse pour maintenir les casques en place et \u00e9viter qu'ils ne soient endommag\u00e9s pendant le transport.<\/li>\n<li>Fermeture : la bo\u00eete peut \u00eatre munie d'un rabat ou d'une fermeture magn\u00e9tique pour maintenir le casque en toute s\u00e9curit\u00e9 \u00e0 l'int\u00e9rieur.<\/li>\n<li>Taille : La taille de la bo\u00eete est adapt\u00e9e aux \u00e9couteurs sp\u00e9cifiques auxquels elle est destin\u00e9e, ce qui garantit une bonne tenue et une pr\u00e9sentation professionnelle.<\/li>\n<li>Informations compl\u00e9mentaires : L'emballage peut contenir des d\u00e9tails sur les \u00e9couteurs, tels que les sp\u00e9cifications, les caract\u00e9ristiques et les informations sur la garantie.<\/li>\n<li>L'image de marque : La bo\u00eete comporte souvent le logo et le nom de la marque bien en \u00e9vidence pour aider les clients \u00e0 identifier le produit et \u00e0 d\u00e9velopper la reconnaissance de la marque.<\/li>\n<\/ul>\n<h1><strong>Sp\u00e9cifications<\/strong><\/h1>\n<div class=\"widget block block-static-block\">\n<div class=\"landing-page-section option-bottom\">\n<div class=\"custom-materials-tabs-content container container-adjustment\">\n<div class=\"custom-materials-tab-content active\">\n<div class=\"widget block block-static-block\">\n<div class=\"options-items\">\n<div class=\"flex-grid-row-option\">\n<div class=\"flex-grid-item-option\">\n<div class=\"material-box\">\n<div class=\"material-des\">\n<table width=\"1070\">\n<tbody>\n<tr>\n<td width=\"373\">Dimensions<\/td>\n<td width=\"373\">Toutes les tailles et formes personnalis\u00e9es<\/td>\n<\/tr>\n<tr>\n<td width=\"373\">MOQ<\/td>\n<td width=\"373\">500pcs<\/td>\n<\/tr>\n<tr>\n<td width=\"373\">Temps d'\u00e9chantillonnage<\/td>\n<td width=\"373\">\u00a03-5 jours<\/td>\n<\/tr>\n<tr>\n<td width=\"373\">Processus par d\u00e9faut<\/td>\n<td width=\"373\">D\u00e9coupage, collage, rainurage, perforation<\/td>\n<\/tr>\n<tr>\n<td width=\"373\">Impression<\/td>\n<td width=\"373\">Cmyk, pms, pas d'impression<\/td>\n<\/tr>\n<tr>\n<td width=\"373\">Option mat\u00e9riau<\/td>\n<td width=\"373\">Papier cartonn\u00e9 blanc, papier couch\u00e9, papier d'art, papier kraft, carton ivoire, carton recto-verso, papier sp\u00e9cial, etc.<\/td>\n<\/tr>\n<tr>\n<td width=\"373\">Finition de surface<\/td>\n<td width=\"373\">Pelliculage mat\/brillant, gaufrage par points, gaufrage, dorure, etc.<\/td>\n<\/tr>\n<tr>\n<td width=\"373\">Utilisation dans l'industrie<\/td>\n<td width=\"373\">cosm\u00e9tiques, parfums, v\u00eatements, bijoux, tabac, produits alimentaires, cadeaux et produits de consommation courante,<\/td>\n<\/tr>\n<tr>\n<td width=\"373\">Contr\u00f4le de la qualit\u00e9<\/td>\n<td width=\"373\">Des \u00e9quipements de pointe et une \u00e9quipe de contr\u00f4le qualit\u00e9 exp\u00e9riment\u00e9e v\u00e9rifient rigoureusement les mat\u00e9riaux, les produits semi-finis et les produits finis \u00e0 chaque \u00e9tape avant la mise sur le march\u00e9.<\/td>\n<\/tr>\n<tr>\n<td width=\"373\">Prix<\/td>\n<td width=\"373\">Le prix final sera adapt\u00e9 \u00e0 votre produit et \u00e0 la quantit\u00e9 souhait\u00e9e.<\/td>\n<\/tr>\n<tr>\n<td width=\"373\">D\u00e9lai d'ex\u00e9cution<\/td>\n<td width=\"373\">7-14 jours ouvrables, urgent<\/td>\n<\/tr>\n<tr>\n<td width=\"373\">Papier de base<\/td>\n<td width=\"373\">10pt \u00e0 28pt (60lb \u00e0 400lb) Kraft \u00e9cologique, carton ondul\u00e9 e-flute, carton bux, papier cartonn\u00e9<\/td>\n<\/tr>\n<tr>\n<td width=\"373\">Format de l'\u0153uvre d'art<\/td>\n<td width=\"373\">JPG, PDF, AI, CDR, EPS, GIF....<\/td>\n<\/tr>\n<tr>\n<td width=\"373\">Accessoires<\/td>\n<td width=\"373\">Aimant, ruban, forme EVA, plateau en plastique, \u00e9ponge, fen\u00eatre en PVC\/PET\/PP,...<\/td>\n<\/tr>\n<tr>\n<td width=\"373\">D\u00e9lai de paiement<\/td>\n<td width=\"373\">T\/T, Western Union, Paypal, d\u00e9p\u00f4t de 30% et solde de 70% avant l'exp\u00e9dition.<\/td>\n<\/tr>\n<\/tbody>\n<\/table>\n<\/div>\n<\/div>\n<\/div>\n<\/div>\n<\/div>\n<\/div>\n<\/div>\n<\/div>\n<\/div>\n<\/div>\n<div class=\"widget block block-static-block\">\n<div class=\"landing-page-section option-bottom\">\n<div class=\"custom-materials-tabs-content container container-adjustment\">\n<div class=\"custom-materials-tab-content active\">\n<div class=\"widget block block-static-block\">\n<div class=\"options-items\">\n<div class=\"flex-grid-row-option\">\n<div class=\"flex-grid-item-option\">\n<div class=\"material-box\">\n<p>&nbsp;<\/p>\n<\/div>\n<\/div>\n<\/div>\n<\/div>\n<p><!---end of option item--><\/p>\n<\/div>\n<\/div>\n<\/div>\n<\/div>\n<\/div>","protected":false},"excerpt":{"rendered":"<p>Les \u00e9couteurs personnalis\u00e9s sont un moyen tr\u00e8s amusant d'ajouter le logo ou les couleurs de votre entreprise \u00e0 un cadeau. Ils constituent un excellent compl\u00e9ment aux cadeaux personnalis\u00e9s pour les clients, \u00e0 la survie dans les salons professionnels.<\/p>\n<p>Type de mat\u00e9riau : Respectueux de l'environnement, certifi\u00e9 FSC\/ISO\/BSCI<br \/>\nD\u00e9lai de production : \u00c9chantillon 1-3 jours ; Vrac 7-9 jours<br \/>\nD\u00e9lai d'exp\u00e9dition : Express 3-7 jours ; Air 12-16 jours ; Bateau 25-30 jours\uff08Diff\u00e9rents pays ont des d\u00e9lais diff\u00e9rents)<\/p>\n<p>Prix:Contactez-nous pour envoyer une demande de renseignements !<\/p>","protected":false},"featured_media":4297,"template":"","meta":[],"product_brand":[],"product_cat":[30,413,425,31],"product_tag":[785,784,786],"class_list":{"0":"post-4292","1":"product","2":"type-product","3":"status-publish","4":"has-post-thumbnail","6":"product_cat-by-industry","7":"product_cat-consumer-electronics-boxes","8":"product_cat-lid-and-base-gift-box","9":"product_cat-paper-box-style","10":"product_tag-corporate-boxes-manufacturer","11":"product_tag-custom-headphones-rigid-box","12":"product_tag-headphones-rigid-box","14":"first","15":"instock","16":"shipping-taxable","17":"product-type-grouped"},"_links":{"self":[{"href":"https:\/\/zojopackaging.com\/fr\/wp-json\/wp\/v2\/product\/4292","targetHints":{"allow":["GET"]}}],"collection":[{"href":"https:\/\/zojopackaging.com\/fr\/wp-json\/wp\/v2\/product"}],"about":[{"href":"https:\/\/zojopackaging.com\/fr\/wp-json\/wp\/v2\/types\/product"}],"version-history":[{"count":2,"href":"https:\/\/zojopackaging.com\/fr\/wp-json\/wp\/v2\/product\/4292\/revisions"}],"predecessor-version":[{"id":8455,"href":"https:\/\/zojopackaging.com\/fr\/wp-json\/wp\/v2\/product\/4292\/revisions\/8455"}],"wp:featuredmedia":[{"embeddable":true,"href":"https:\/\/zojopackaging.com\/fr\/wp-json\/wp\/v2\/media\/4297"}],"wp:attachment":[{"href":"https:\/\/zojopackaging.com\/fr\/wp-json\/wp\/v2\/media?parent=4292"}],"wp:term":[{"taxonomy":"product_brand","embeddable":true,"href":"https:\/\/zojopackaging.com\/fr\/wp-json\/wp\/v2\/product_brand?post=4292"},{"taxonomy":"product_cat","embeddable":true,"href":"https:\/\/zojopackaging.com\/fr\/wp-json\/wp\/v2\/product_cat?post=4292"},{"taxonomy":"product_tag","embeddable":true,"href":"https:\/\/zojopackaging.com\/fr\/wp-json\/wp\/v2\/product_tag?post=4292"}],"curies":[{"name":"wp","href":"https:\/\/api.w.org\/{rel}","templated":true}]}}