{"id":4330,"date":"2024-03-21T16:43:04","date_gmt":"2024-03-21T08:43:04","guid":{"rendered":"https:\/\/zojopackaging.com\/?post_type=product&#038;p=4330"},"modified":"2025-03-28T13:40:43","modified_gmt":"2025-03-28T05:40:43","slug":"hair-curler-packaging-box","status":"publish","type":"product","link":"https:\/\/zojopackaging.com\/fr\/product\/hair-curler-packaging-box\/","title":{"rendered":"Bo\u00eetes d'emballage pour rasoirs \u00e9lectriques personnalis\u00e9s"},"content":{"rendered":"<h1 class=\"self-content-pre-ca33f6\">Bo\u00eetes d'emballage pour rasoirs \u00e9lectriques personnalis\u00e9s<\/h1>\n<p>Le<\/p>\n<p>Les bo\u00eetes d'emballage personnalis\u00e9es pour rasoirs \u00e9lectriques sont con\u00e7ues pour prot\u00e9ger et mettre en valeur votre \u00e9l\u00e9gant bigoudi. La bo\u00eete est g\u00e9n\u00e9ralement fabriqu\u00e9e \u00e0 partir de mat\u00e9riaux robustes afin de garantir la s\u00e9curit\u00e9 du bigoudi pendant le transport et le stockage.<\/p>\n<p>L'emballage peut pr\u00e9senter un design attrayant, \u00e9ventuellement avec des images de belles boucles ou le logo de la marque, afin d'attirer l'attention de l'acheteur. Il peut \u00e9galement contenir des informations sur les caract\u00e9ristiques et les avantages du bigoudi, tels que les diff\u00e9rents r\u00e9glages de chaleur, les types de boucles et la facilit\u00e9 d'utilisation.<\/p>\n<p>La bo\u00eete peut comporter une fen\u00eatre ou une partie transparente, permettant au client d'avoir un aper\u00e7u du bigoudi lui-m\u00eame. Cela lui donne un aper\u00e7u de ce qu'il peut r\u00e9aliser avec le produit.<\/p>\n<p>Au dos ou sur les c\u00f4t\u00e9s de l'emballage, on peut trouver des instructions sur la mani\u00e8re d'utiliser le bigoudi, ainsi que des pr\u00e9cautions de s\u00e9curit\u00e9. Cela permet aux utilisateurs de comprendre comment obtenir les meilleurs r\u00e9sultats tout en utilisant le bigoudi en toute s\u00e9curit\u00e9.<\/p>\n<h1><strong>Sp\u00e9cifications<\/strong><\/h1>\n<table style=\"border-collapse: collapse; width: 759.02pt;\" border=\"0\" width=\"1012\" cellspacing=\"0\" cellpadding=\"0\">\n<tbody>\n<tr style=\"height: 16.50pt;\">\n<td class=\"et3\" style=\"height: 16.50pt; width: 379.50pt;\" width=\"506\" height=\"22\">Dimensions<\/td>\n<td class=\"et3\" style=\"width: 379.50pt;\" width=\"506\">Toutes les tailles et formes personnalis\u00e9es<\/td>\n<\/tr>\n<tr style=\"height: 16.50pt;\">\n<td class=\"et3\" style=\"height: 16.50pt;\" height=\"22\">Quantit\u00e9 minimale<\/td>\n<td class=\"et3\">500 pi\u00e8ces<\/td>\n<\/tr>\n<tr style=\"height: 16.50pt;\">\n<td class=\"et3\" style=\"height: 16.50pt;\" height=\"22\">Processus par d\u00e9faut<\/td>\n<td class=\"et3\">D\u00e9coupage, collage, rainurage, perforation<\/td>\n<\/tr>\n<tr style=\"height: 16.50pt;\">\n<td class=\"et3\" style=\"height: 16.50pt;\" height=\"22\">Impression<\/td>\n<td class=\"et3\">Cmyk, pms, pas d'impression<\/td>\n<\/tr>\n<tr style=\"height: 16.50pt;\">\n<td class=\"et3\" style=\"height: 16.50pt;\" height=\"22\">Option mat\u00e9riau<\/td>\n<td class=\"et3\">Papier cartonn\u00e9 blanc, papier couch\u00e9, papier d'art, papier kraft, carton ivoire, carton recto-verso, papier sp\u00e9cial, etc.<\/td>\n<\/tr>\n<tr style=\"height: 17.25pt;\">\n<td class=\"et3\" style=\"height: 17.25pt;\" height=\"23\">Finition de surface<\/td>\n<td class=\"et4\" style=\"width: 379.50pt;\" width=\"506\">Pelliculage mat\/brillant, gaufrage par points, gaufrage, dorure, etc.<\/td>\n<\/tr>\n<tr style=\"height: 17.25pt;\">\n<td class=\"et4\" style=\"height: 17.25pt; width: 379.50pt;\" width=\"506\" height=\"23\">Utilisation dans l'industrie<\/td>\n<td class=\"et4\" style=\"width: 379.50pt;\" width=\"506\">cosm\u00e9tiques, parfums, v\u00eatements, bijoux, tabac, produits alimentaires, cadeaux et produits de consommation courante,<\/td>\n<\/tr>\n<tr style=\"height: 34.50pt;\">\n<td class=\"et4\" style=\"height: 34.50pt; width: 379.50pt;\" width=\"506\" height=\"46\">Contr\u00f4le de la qualit\u00e9<\/td>\n<td class=\"et4\" style=\"width: 379.50pt;\" width=\"506\">Des \u00e9quipements de pointe et une \u00e9quipe de contr\u00f4le qualit\u00e9 exp\u00e9riment\u00e9e v\u00e9rifient rigoureusement les mat\u00e9riaux, les produits semi-finis et les produits finis \u00e0 chaque \u00e9tape avant la mise sur le march\u00e9.<\/td>\n<\/tr>\n<tr style=\"height: 34.50pt;\">\n<td class=\"et4\" style=\"height: 34.50pt; width: 379.50pt;\" width=\"506\" height=\"46\">Prix<\/td>\n<td class=\"et4\" style=\"width: 379.50pt;\" width=\"506\">Le prix final sera adapt\u00e9 \u00e0 votre produit et \u00e0 la quantit\u00e9 souhait\u00e9e.<\/td>\n<\/tr>\n<tr style=\"height: 16.50pt;\">\n<td class=\"et3\" style=\"height: 16.50pt;\" height=\"22\">D\u00e9lai d'ex\u00e9cution<\/td>\n<td class=\"et3\">7-14 jours ouvrables, urgent<\/td>\n<\/tr>\n<tr style=\"height: 16.50pt;\">\n<td class=\"et3\" style=\"height: 16.50pt;\" height=\"22\">Papier de base<\/td>\n<td class=\"et3\">10pt \u00e0 28pt (60lb \u00e0 400lb) Kraft \u00e9cologique, carton ondul\u00e9 e-flute, carton bux, papier cartonn\u00e9<\/td>\n<\/tr>\n<tr style=\"height: 16.50pt;\">\n<td class=\"et3\" style=\"height: 16.50pt;\" height=\"22\">Preuve<\/td>\n<td class=\"et3\">Vue \u00e0 plat, maquette 3D, \u00e9chantillonnage physique (sur demande)<\/td>\n<\/tr>\n<\/tbody>\n<\/table>\n<div class=\"widget block block-static-block\">\n<div class=\"landing-page-section option-bottom\">\n<div class=\"custom-materials-tabs-content container container-adjustment\">\n<div class=\"custom-materials-tab-content active\">\n<div class=\"widget block block-static-block\">\n<div class=\"options-items\">\n<div class=\"flex-grid-row-option\">\n<div class=\"flex-grid-item-option\">\n<div class=\"material-box\">\n<p>&nbsp;<\/p>\n<\/div>\n<\/div>\n<\/div>\n<\/div>\n<p><!---end of option item--><\/p>\n<\/div>\n<\/div>\n<\/div>\n<\/div>\n<\/div>","protected":false},"excerpt":{"rendered":"<p>1. Le type de bo\u00eete avec couvercle et base est facile \u00e0 prendre et pr\u00e9serve les habitudes des consommateurs.<br \/>\n2. 157g de papier couch\u00e9 C2S + 1200g de carton rigide Mat\u00e9riau respectueux de l'environnement et du d\u00e9veloppement durable<br \/>\n3. Diverses tailles peuvent \u00eatre personnalis\u00e9es en fonction de votre produit. Convient \u00e0 divers rasoirs \u00e9lectriques, tondeuses \u00e0 cheveux, emballages de produits \u00e9lectroniques grand public.<\/p>","protected":false},"featured_media":4335,"template":"","meta":[],"product_brand":[],"product_cat":[30,413,425,31],"product_tag":[780,778,779],"class_list":{"0":"post-4330","1":"product","2":"type-product","3":"status-publish","4":"has-post-thumbnail","6":"product_cat-by-industry","7":"product_cat-consumer-electronics-boxes","8":"product_cat-lid-and-base-gift-box","9":"product_cat-paper-box-style","10":"product_tag-custom-razor-packaging","11":"product_tag-electric-shaver-packaging","12":"product_tag-hair-trimmer-packaging-boxes","14":"first","15":"instock","16":"shipping-taxable","17":"product-type-grouped"},"_links":{"self":[{"href":"https:\/\/zojopackaging.com\/fr\/wp-json\/wp\/v2\/product\/4330","targetHints":{"allow":["GET"]}}],"collection":[{"href":"https:\/\/zojopackaging.com\/fr\/wp-json\/wp\/v2\/product"}],"about":[{"href":"https:\/\/zojopackaging.com\/fr\/wp-json\/wp\/v2\/types\/product"}],"version-history":[{"count":2,"href":"https:\/\/zojopackaging.com\/fr\/wp-json\/wp\/v2\/product\/4330\/revisions"}],"predecessor-version":[{"id":8452,"href":"https:\/\/zojopackaging.com\/fr\/wp-json\/wp\/v2\/product\/4330\/revisions\/8452"}],"wp:featuredmedia":[{"embeddable":true,"href":"https:\/\/zojopackaging.com\/fr\/wp-json\/wp\/v2\/media\/4335"}],"wp:attachment":[{"href":"https:\/\/zojopackaging.com\/fr\/wp-json\/wp\/v2\/media?parent=4330"}],"wp:term":[{"taxonomy":"product_brand","embeddable":true,"href":"https:\/\/zojopackaging.com\/fr\/wp-json\/wp\/v2\/product_brand?post=4330"},{"taxonomy":"product_cat","embeddable":true,"href":"https:\/\/zojopackaging.com\/fr\/wp-json\/wp\/v2\/product_cat?post=4330"},{"taxonomy":"product_tag","embeddable":true,"href":"https:\/\/zojopackaging.com\/fr\/wp-json\/wp\/v2\/product_tag?post=4330"}],"curies":[{"name":"wp","href":"https:\/\/api.w.org\/{rel}","templated":true}]}}