{"id":4344,"date":"2024-03-21T16:57:26","date_gmt":"2024-03-21T08:57:26","guid":{"rendered":"https:\/\/zojopackaging.com\/?post_type=product&#038;p=4344"},"modified":"2025-03-28T13:18:15","modified_gmt":"2025-03-28T05:18:15","slug":"beauty-gift-packaging-box","status":"publish","type":"product","link":"https:\/\/zojopackaging.com\/fr\/product\/beauty-gift-packaging-box\/","title":{"rendered":"Bo\u00eetes d'emballage pour produits cosm\u00e9tiques et de beaut\u00e9 sur mesure Wholesale"},"content":{"rendered":"<h1 class=\"self-content-pre-ca33f6\">Bo\u00eetes d'emballage pour produits cosm\u00e9tiques et de beaut\u00e9 sur mesure Wholesale<\/h1>\n<p>Les bo\u00eetes d'emballage de produits de beaut\u00e9 personnalis\u00e9es sont un havre d'indulgence et d'\u00e9l\u00e9gance, con\u00e7u pour renforcer l'attrait de vos pr\u00e9cieux cadeaux. Son ext\u00e9rieur est une symphonie de mat\u00e9riaux exquis, m\u00e9ticuleusement con\u00e7us pour cr\u00e9er une exp\u00e9rience visuelle captivante.<\/p>\n<p>La bo\u00eete peut \u00eatre orn\u00e9e de motifs d\u00e9licats, de finitions luxueuses ou de d\u00e9tails en relief, ajoutant une touche de sophistication et de raffinement. Elle sert de toile, laissant transpara\u00eetre la beaut\u00e9 de son contenu.<\/p>\n<p>\u00c0 l'int\u00e9rieur, l'emballage constitue un havre de paix pour les produits de beaut\u00e9 soigneusement s\u00e9lectionn\u00e9s. Chaque article est nich\u00e9 confortablement, prot\u00e9g\u00e9 contre les dommages pendant le transport. L'int\u00e9rieur est souvent tapiss\u00e9 de mat\u00e9riaux doux, cr\u00e9ant une sensation d'opulence.<\/p>\n<p>Le coffret cadeau beaut\u00e9 n'est pas seulement une question d'apparence, c'est une d\u00e9claration de qualit\u00e9. Il met en \u00e9vidence le soin et l'attention apport\u00e9s \u00e0 la s\u00e9lection des cadeaux parfaits pour la personne qui vous est ch\u00e8re. Qu'il contienne des produits de soin essentiels, des produits de maquillage favoris ou des tr\u00e9sors de parfumerie, cet emballage \u00e9l\u00e8ve l'exp\u00e9rience du cadeau \u00e0 de nouveaux sommets.<\/p>\n<p>Avec son charme et son allure, le coffret cadeau beaut\u00e9 devient une d\u00e9licieuse surprise, suscitant des \u00e9motions de joie et d'excitation d\u00e8s son ouverture.<\/p>\n<h1><strong>Sp\u00e9cifications<\/strong><\/h1>\n<table style=\"border-collapse: collapse; width: 759.02pt;\" border=\"0\" width=\"1012\" cellspacing=\"0\" cellpadding=\"0\">\n<tbody>\n<tr style=\"height: 16.50pt;\">\n<td class=\"et3\" style=\"height: 16.50pt; width: 379.50pt;\" width=\"506\" height=\"22\">Dimensions<\/td>\n<td class=\"et3\" style=\"width: 379.50pt;\" width=\"506\">Toutes les tailles et formes personnalis\u00e9es<\/td>\n<\/tr>\n<tr style=\"height: 16.50pt;\">\n<td class=\"et3\" style=\"height: 16.50pt;\" height=\"22\">Quantit\u00e9 minimale<\/td>\n<td class=\"et3\">500 pi\u00e8ces<\/td>\n<\/tr>\n<tr style=\"height: 16.50pt;\">\n<td class=\"et3\" style=\"height: 16.50pt;\" height=\"22\">Processus par d\u00e9faut<\/td>\n<td class=\"et3\">D\u00e9coupage, collage, rainurage, perforation<\/td>\n<\/tr>\n<tr style=\"height: 16.50pt;\">\n<td class=\"et3\" style=\"height: 16.50pt;\" height=\"22\">Impression<\/td>\n<td class=\"et3\">Cmyk, pms, pas d'impression<\/td>\n<\/tr>\n<tr style=\"height: 16.50pt;\">\n<td class=\"et3\" style=\"height: 16.50pt;\" height=\"22\">Option mat\u00e9riau<\/td>\n<td class=\"et3\">Papier cartonn\u00e9 blanc, papier couch\u00e9, papier d'art, papier kraft, carton ivoire, carton recto-verso, papier sp\u00e9cial, etc.<\/td>\n<\/tr>\n<tr style=\"height: 17.25pt;\">\n<td class=\"et3\" style=\"height: 17.25pt;\" height=\"23\">Finition de surface<\/td>\n<td class=\"et4\" style=\"width: 379.50pt;\" width=\"506\">Pelliculage mat\/brillant, gaufrage par points, gaufrage, dorure, etc.<\/td>\n<\/tr>\n<tr style=\"height: 17.25pt;\">\n<td class=\"et4\" style=\"height: 17.25pt; width: 379.50pt;\" width=\"506\" height=\"23\">Utilisation dans l'industrie<\/td>\n<td class=\"et4\" style=\"width: 379.50pt;\" width=\"506\">cosm\u00e9tiques, parfums, v\u00eatements, bijoux, tabac, produits alimentaires, cadeaux et produits de consommation courante,<\/td>\n<\/tr>\n<tr style=\"height: 34.50pt;\">\n<td class=\"et4\" style=\"height: 34.50pt; width: 379.50pt;\" width=\"506\" height=\"46\">Contr\u00f4le de la qualit\u00e9<\/td>\n<td class=\"et4\" style=\"width: 379.50pt;\" width=\"506\">Des \u00e9quipements de pointe et une \u00e9quipe de contr\u00f4le qualit\u00e9 exp\u00e9riment\u00e9e v\u00e9rifient rigoureusement les mat\u00e9riaux, les produits semi-finis et les produits finis \u00e0 chaque \u00e9tape avant la mise sur le march\u00e9.<\/td>\n<\/tr>\n<tr style=\"height: 34.50pt;\">\n<td class=\"et4\" style=\"height: 34.50pt; width: 379.50pt;\" width=\"506\" height=\"46\">Prix<\/td>\n<td class=\"et4\" style=\"width: 379.50pt;\" width=\"506\">Le prix final sera adapt\u00e9 \u00e0 votre produit et \u00e0 la quantit\u00e9 souhait\u00e9e.<\/td>\n<\/tr>\n<tr style=\"height: 16.50pt;\">\n<td class=\"et3\" style=\"height: 16.50pt;\" height=\"22\">D\u00e9lai d'ex\u00e9cution<\/td>\n<td class=\"et3\">7-14 jours ouvrables, urgent<\/td>\n<\/tr>\n<tr style=\"height: 16.50pt;\">\n<td class=\"et3\" style=\"height: 16.50pt;\" height=\"22\">Papier de base<\/td>\n<td class=\"et3\">10pt \u00e0 28pt (60lb \u00e0 400lb) Kraft \u00e9cologique, carton ondul\u00e9 e-flute, carton bux, papier cartonn\u00e9<\/td>\n<\/tr>\n<tr style=\"height: 16.50pt;\">\n<td class=\"et3\" style=\"height: 16.50pt;\" height=\"22\">Preuve<\/td>\n<td class=\"et3\">Vue \u00e0 plat, maquette 3D, \u00e9chantillonnage physique (sur demande)<\/td>\n<\/tr>\n<\/tbody>\n<\/table>\n<div class=\"widget block block-static-block\">\n<div class=\"landing-page-section option-bottom\">\n<div class=\"custom-materials-tabs-content container container-adjustment\">\n<div class=\"custom-materials-tab-content active\">\n<div class=\"widget block block-static-block\">\n<div class=\"options-items\">\n<div class=\"flex-grid-row-option\">\n<div class=\"flex-grid-item-option\">\n<div class=\"material-box\">\n<p>&nbsp;<\/p>\n<\/div>\n<\/div>\n<\/div>\n<\/div>\n<p><!---end of option item--><\/p>\n<\/div>\n<\/div>\n<\/div>\n<\/div>\n<\/div>","protected":false},"excerpt":{"rendered":"<p>1. Le type de bo\u00eete avec couvercle et base adopte la structure d'un couvercle sup\u00e9rieur et d'un couvercle inf\u00e9rieur, ce qui est pratique \u00e0 prendre et pr\u00e9serve les habitudes des consommateurs.<br \/>\n2. Le papier couch\u00e9 C2S 157g + le carton rigide 1200g sont des mat\u00e9riaux respectueux de l'environnement et du d\u00e9veloppement durable.<br \/>\n3. Diff\u00e9rentes tailles peuvent \u00eatre personnalis\u00e9es en fonction de vos produits, convenant \u00e0 l'emballage de divers produits cosm\u00e9tiques et de soins de la peau.<\/p>","protected":false},"featured_media":4347,"template":"","meta":[],"product_brand":[],"product_cat":[30,390,425,31],"product_tag":[776,777,775],"class_list":{"0":"post-4344","1":"product","2":"type-product","3":"status-publish","4":"has-post-thumbnail","6":"product_cat-by-industry","7":"product_cat-custom-cosmetics-boxes","8":"product_cat-lid-and-base-gift-box","9":"product_cat-paper-box-style","10":"product_tag-beauty-packaging-boxes","11":"product_tag-cosmetic-boxes-wholesale","12":"product_tag-custom-cosmetic-packaging","14":"first","15":"instock","16":"shipping-taxable","17":"product-type-grouped"},"_links":{"self":[{"href":"https:\/\/zojopackaging.com\/fr\/wp-json\/wp\/v2\/product\/4344","targetHints":{"allow":["GET"]}}],"collection":[{"href":"https:\/\/zojopackaging.com\/fr\/wp-json\/wp\/v2\/product"}],"about":[{"href":"https:\/\/zojopackaging.com\/fr\/wp-json\/wp\/v2\/types\/product"}],"version-history":[{"count":2,"href":"https:\/\/zojopackaging.com\/fr\/wp-json\/wp\/v2\/product\/4344\/revisions"}],"predecessor-version":[{"id":8451,"href":"https:\/\/zojopackaging.com\/fr\/wp-json\/wp\/v2\/product\/4344\/revisions\/8451"}],"wp:featuredmedia":[{"embeddable":true,"href":"https:\/\/zojopackaging.com\/fr\/wp-json\/wp\/v2\/media\/4347"}],"wp:attachment":[{"href":"https:\/\/zojopackaging.com\/fr\/wp-json\/wp\/v2\/media?parent=4344"}],"wp:term":[{"taxonomy":"product_brand","embeddable":true,"href":"https:\/\/zojopackaging.com\/fr\/wp-json\/wp\/v2\/product_brand?post=4344"},{"taxonomy":"product_cat","embeddable":true,"href":"https:\/\/zojopackaging.com\/fr\/wp-json\/wp\/v2\/product_cat?post=4344"},{"taxonomy":"product_tag","embeddable":true,"href":"https:\/\/zojopackaging.com\/fr\/wp-json\/wp\/v2\/product_tag?post=4344"}],"curies":[{"name":"wp","href":"https:\/\/api.w.org\/{rel}","templated":true}]}}