{"id":4358,"date":"2024-03-21T17:12:19","date_gmt":"2024-03-21T09:12:19","guid":{"rendered":"https:\/\/zojopackaging.com\/?post_type=product&#038;p=4358"},"modified":"2025-03-28T12:01:32","modified_gmt":"2025-03-28T04:01:32","slug":"puzzle-toy-packaging-box","status":"publish","type":"product","link":"https:\/\/zojopackaging.com\/fr\/product\/puzzle-toy-packaging-box\/","title":{"rendered":"Personnalisation Bo\u00eete d'emballage rigide pour jouets Puzzle Fabricants"},"content":{"rendered":"<div class=\"ast-row single-product-specifications\">\n<div class=\"ast-container\">\n<div class=\"ast-col-xs-12\">\n<div class=\"single-product-specification-wrapper\">\n<h1><strong>Sp\u00e9cifications<\/strong><\/h1>\n<table style=\"border-collapse: collapse; width: 759.02pt;\" border=\"0\" width=\"1012\" cellspacing=\"0\" cellpadding=\"0\">\n<tbody>\n<tr style=\"height: 16.50pt;\">\n<td class=\"et3\" style=\"height: 16.50pt; width: 379.50pt;\" width=\"506\" height=\"22\">Dimensions<\/td>\n<td class=\"et3\" style=\"width: 379.50pt;\" width=\"506\">Toutes les tailles et formes personnalis\u00e9es<\/td>\n<\/tr>\n<tr style=\"height: 16.50pt;\">\n<td class=\"et3\" style=\"height: 16.50pt;\" height=\"22\">Quantit\u00e9 minimale<\/td>\n<td class=\"et3\">500 pi\u00e8ces<\/td>\n<\/tr>\n<tr style=\"height: 16.50pt;\">\n<td class=\"et3\" style=\"height: 16.50pt;\" height=\"22\">Processus par d\u00e9faut<\/td>\n<td class=\"et3\">D\u00e9coupage, collage, rainurage, perforation<\/td>\n<\/tr>\n<tr style=\"height: 16.50pt;\">\n<td class=\"et3\" style=\"height: 16.50pt;\" height=\"22\">Impression<\/td>\n<td class=\"et3\">Cmyk, pms, pas d'impression<\/td>\n<\/tr>\n<tr style=\"height: 16.50pt;\">\n<td class=\"et3\" style=\"height: 16.50pt;\" height=\"22\">Option mat\u00e9riau<\/td>\n<td class=\"et3\">Papier cartonn\u00e9 blanc, papier couch\u00e9, papier d'art, papier kraft, carton ivoire, carton recto-verso, papier sp\u00e9cial, etc.<\/td>\n<\/tr>\n<tr style=\"height: 17.25pt;\">\n<td class=\"et3\" style=\"height: 17.25pt;\" height=\"23\">Finition de surface<\/td>\n<td class=\"et4\" style=\"width: 379.50pt;\" width=\"506\">Pelliculage mat\/brillant, gaufrage par points, gaufrage, dorure, etc.<\/td>\n<\/tr>\n<tr style=\"height: 17.25pt;\">\n<td class=\"et4\" style=\"height: 17.25pt; width: 379.50pt;\" width=\"506\" height=\"23\">Utilisation dans l'industrie<\/td>\n<td class=\"et4\" style=\"width: 379.50pt;\" width=\"506\">cosm\u00e9tiques, parfums, v\u00eatements, bijoux, tabac, produits alimentaires, cadeaux et produits de consommation courante,<\/td>\n<\/tr>\n<tr style=\"height: 34.50pt;\">\n<td class=\"et4\" style=\"height: 34.50pt; width: 379.50pt;\" width=\"506\" height=\"46\">Contr\u00f4le de la qualit\u00e9<\/td>\n<td class=\"et4\" style=\"width: 379.50pt;\" width=\"506\">Des \u00e9quipements de pointe et une \u00e9quipe de contr\u00f4le qualit\u00e9 exp\u00e9riment\u00e9e v\u00e9rifient rigoureusement les mat\u00e9riaux, les produits semi-finis et les produits finis \u00e0 chaque \u00e9tape avant la mise sur le march\u00e9.<\/td>\n<\/tr>\n<tr style=\"height: 34.50pt;\">\n<td class=\"et4\" style=\"height: 34.50pt; width: 379.50pt;\" width=\"506\" height=\"46\">Prix<\/td>\n<td class=\"et4\" style=\"width: 379.50pt;\" width=\"506\">Le prix final sera adapt\u00e9 \u00e0 votre produit et \u00e0 la quantit\u00e9 souhait\u00e9e.<\/td>\n<\/tr>\n<tr style=\"height: 16.50pt;\">\n<td class=\"et3\" style=\"height: 16.50pt;\" height=\"22\">D\u00e9lai d'ex\u00e9cution<\/td>\n<td class=\"et3\">7-14 jours ouvrables, urgent<\/td>\n<\/tr>\n<tr style=\"height: 16.50pt;\">\n<td class=\"et3\" style=\"height: 16.50pt;\" height=\"22\">Papier de base<\/td>\n<td class=\"et3\">De 250GSM \u00e0 350GSM - 10pt \u00e0 28pt (60lb \u00e0 400lb), carte de soie\/carte artistique, carton, carton ondul\u00e9 e\/c\/b fl\u00fbte, carte kraft, carton bux et PVC\/plastique et d\u00e9poli de 300 \u00e0 760 microns.<\/td>\n<\/tr>\n<tr style=\"height: 16.50pt;\">\n<td class=\"et3\" style=\"height: 16.50pt;\" height=\"22\">Preuve<\/td>\n<td class=\"et3\">Vue \u00e0 plat, maquette 3D, \u00e9chantillonnage physique (sur demande)<\/td>\n<\/tr>\n<\/tbody>\n<\/table>\n<\/div>\n<\/div>\n<\/div>\n<\/div>\n<div class=\"ast-row single-product-description\">\n<div class=\"ast-container\">\n<div class=\"ast-col-xs-12\">\n<h2>C\u00e9l\u00e9brer la douceur : Avec des bo\u00eetes d'emballage personnalis\u00e9es pour les jouets casse-t\u00eate Magie :<\/h2>\n<p>Dans le monde d\u00e9licieux de la confiserie, o\u00f9 la douceur est \u00e0 l'honneur,\u00a0<strong>Bo\u00eete d'emballage Zojoprint<\/strong>\u00a0introduit des bo\u00eetes d'emballage sp\u00e9cialis\u00e9es pour les jouets casse-t\u00eate, con\u00e7ues pour pr\u00e9server, pr\u00e9senter et am\u00e9liorer l'attrait de ces cr\u00e9ations d\u00e9lectables. Nous fabriquons des bo\u00eetes \u00e0 g\u00e2teaux \u00e9tonnantes qui sont \u00e0 la fois esth\u00e9tiques et s\u00e9curis\u00e9es pour vos g\u00e2teaux. La fabrication des bo\u00eetes \u00e0 g\u00e2teaux est notre premi\u00e8re pr\u00e9occupation, afin que les clients aient envie de les croquer et d'en savourer les d\u00e9lices. Peu importe la taille de votre entreprise, nous travaillons avec les deux types d'entreprises. Tout au long de l'ann\u00e9e\u00a0<strong>le Royaume-Uni et l'Europe<\/strong>Zojoprint Packaging Box\" est une source fiable pour la cr\u00e9ation de bo\u00eetes \u00e0 g\u00e2teaux de marque. En particulier, pour les petites entreprises, nous croyons en la production de bo\u00eetes de qualit\u00e9 sup\u00e9rieure \u00e0 des prix raisonnables. Nos designers talentueux produisent des bo\u00eetes \u00e0 g\u00e2teaux qui compl\u00e8tent parfaitement l'aspect g\u00e9n\u00e9ral de votre marque. Quelle que soit la quantit\u00e9 dont vous avez besoin, nous pouvons cr\u00e9er les bo\u00eetes dans n'importe quelle quantit\u00e9. Nos machines sophistiqu\u00e9es sont r\u00e9parties sur quatre continents. Si vous n'avez pas encore de design pour votre bo\u00eete, c'est la meilleure option que nous ayons. Notre \u00e9quipe de conception est l\u00e0 pour vous aider, sans que vous ayez \u00e0 payer un suppl\u00e9ment. Chez nous<\/p>\n<h3>Bo\u00eetes d'emballage pour jouets puzzle personnalis\u00e9es disponibles sur demande <strong>Bo\u00eete d'emballage Zojoprint<\/strong><\/h3>\n<p>\"Zojoprint Packaging Box\" peut vous aider \u00e0 transformer vos bo\u00eetes \u00e0 g\u00e2teaux en de tr\u00e8s belles bo\u00eetes.  Pour vos bo\u00eetes uniques, nous vous offrons la meilleure source d'approvisionnement au Royaume-Uni. Nous nous soucions de l'environnement et nous utilisons des mat\u00e9riaux tels que le carton, le kraft\/craft, le carton ondul\u00e9 et le carton de soie. Ces mat\u00e9riaux am\u00e9liorent la sant\u00e9 de la plan\u00e8te. Nous vous offrons un large choix de couleurs \u00e9tonnantes pour la conception de vos bo\u00eetes. Pour rendre vos bo\u00eetes \u00e0 g\u00e2teaux uniques, ajoutez des \u00e9l\u00e9ments suppl\u00e9mentaires tels que l'impression de texture, l'UV ponctuel, la dorure et l'argenture, le gaufrage et le d\u00e9bossage. De plus, le pelliculage brillant ou mat est inclus sans frais suppl\u00e9mentaires, ce qui rehaussera l'apparence de vos bo\u00eetes. Si vous n'avez pas encore de design, notre \u00e9quipe vous aidera \u00e0 le r\u00e9aliser gratuitement. Si vous d\u00e9pensez plus de 200 euros, nous les livrerons gratuitement dans tout le Royaume-Uni. Votre marque brillera encore plus que vous ne l'auriez imagin\u00e9 gr\u00e2ce \u00e0 nos emballages ultra-cool. Choisissez-nous pour fournir \u00e0 votre marque l'emballage le plus unique et le plus facile \u00e0 r\u00e9aliser, qui se d\u00e9marque de la concurrence.<\/p>\n<h4>Fournisseur en gros de bo\u00eetes d'emballage de marque pour jouets casse-t\u00eate au Royaume-Uni et en Europe<\/h4>\n<p>Zojoprint Packaging Box s'est impos\u00e9 comme l'un des fournisseurs en gros les plus fiables de bo\u00eetes d'emballage de jouets Puzzle sur mesure. Nous avons fourni des centaines et des milliers de bo\u00eetes de jouets Puzzle \u00e0 des milliers de clients au Royaume-Uni et en Europe. Si vous avez besoin de bo\u00eetes de jouets Puzzle avec votre propre logo et un message personnalis\u00e9, contactez-nous d\u00e8s aujourd'hui et nous vous proposerons un prix imbattable. Faites-nous part de vos besoins en bo\u00eetes et obtenez un devis gratuit sans engagement.<\/p>\n<\/div>\n<\/div>\n<\/div>\n<div class=\"widget block block-static-block\">\n<div class=\"landing-page-section option-bottom\">\n<div class=\"custom-materials-tabs-content container container-adjustment\">\n<div class=\"custom-materials-tab-content active\">\n<div class=\"widget block block-static-block\">\n<p><!---end of option item--><\/p>\n<\/div>\n<\/div>\n<\/div>\n<\/div>\n<\/div>","protected":false},"excerpt":{"rendered":"<p>D\u00e9couvrez la bo\u00eete \u00e0 puzzle sur ZOJO Print.  16 ans d'exp\u00e9rience en tant que fabricant chinois fiable. Contactez nous pour plus de d\u00e9tails !<\/p>\n<p>Personnalisation : Possibilit\u00e9 de personnaliser la taille, l'impression, le mat\u00e9riau, la finition, la forme, etc.<br \/>\nType de mat\u00e9riau : Respectueux de l'environnement, certifi\u00e9 FSC\/ISO\/BSCI<br \/>\nD\u00e9lai de production : \u00c9chantillon 1-3 jours ; Vrac 7-9 jours<\/p>","protected":false},"featured_media":4363,"template":"","meta":[],"product_brand":[],"product_cat":[30,423,425,31],"product_tag":[768,769,770],"class_list":{"0":"post-4358","1":"product","2":"type-product","3":"status-publish","4":"has-post-thumbnail","6":"product_cat-by-industry","7":"product_cat-custom-presentation-boxes-by-industry","8":"product_cat-lid-and-base-gift-box","9":"product_cat-paper-box-style","10":"product_tag-customization-rigid-box","11":"product_tag-packaging-box-manufacturers","12":"product_tag-puzzle-toy-box","14":"first","15":"instock","16":"shipping-taxable","17":"product-type-grouped"},"_links":{"self":[{"href":"https:\/\/zojopackaging.com\/fr\/wp-json\/wp\/v2\/product\/4358","targetHints":{"allow":["GET"]}}],"collection":[{"href":"https:\/\/zojopackaging.com\/fr\/wp-json\/wp\/v2\/product"}],"about":[{"href":"https:\/\/zojopackaging.com\/fr\/wp-json\/wp\/v2\/types\/product"}],"version-history":[{"count":2,"href":"https:\/\/zojopackaging.com\/fr\/wp-json\/wp\/v2\/product\/4358\/revisions"}],"predecessor-version":[{"id":8448,"href":"https:\/\/zojopackaging.com\/fr\/wp-json\/wp\/v2\/product\/4358\/revisions\/8448"}],"wp:featuredmedia":[{"embeddable":true,"href":"https:\/\/zojopackaging.com\/fr\/wp-json\/wp\/v2\/media\/4363"}],"wp:attachment":[{"href":"https:\/\/zojopackaging.com\/fr\/wp-json\/wp\/v2\/media?parent=4358"}],"wp:term":[{"taxonomy":"product_brand","embeddable":true,"href":"https:\/\/zojopackaging.com\/fr\/wp-json\/wp\/v2\/product_brand?post=4358"},{"taxonomy":"product_cat","embeddable":true,"href":"https:\/\/zojopackaging.com\/fr\/wp-json\/wp\/v2\/product_cat?post=4358"},{"taxonomy":"product_tag","embeddable":true,"href":"https:\/\/zojopackaging.com\/fr\/wp-json\/wp\/v2\/product_tag?post=4358"}],"curies":[{"name":"wp","href":"https:\/\/api.w.org\/{rel}","templated":true}]}}