{"id":4422,"date":"2024-03-22T14:26:55","date_gmt":"2024-03-22T06:26:55","guid":{"rendered":"https:\/\/zojopackaging.com\/?post_type=product&#038;p=4422"},"modified":"2025-03-28T11:37:33","modified_gmt":"2025-03-28T03:37:33","slug":"customized-water-cup-lid-box","status":"publish","type":"product","link":"https:\/\/zojopackaging.com\/fr\/product\/customized-water-cup-lid-box\/","title":{"rendered":"Tasse \u00e0 caf\u00e9 imprim\u00e9e sur mesure Emballage Bo\u00eete cadeau Set Wholesale"},"content":{"rendered":"<h1 class=\"self-content-pre-ca33f6\">Tasse \u00e0 caf\u00e9 imprim\u00e9e sur mesure Emballage Bo\u00eete cadeau Set Wholesale<\/h1>\n<p>L'emballage des tasses \u00e0 caf\u00e9 imprim\u00e9es et personnalis\u00e9es, coffrets cadeaux, vente en gros<\/p>\n<ul>\n<li>Options de personnalisation : Cette bo\u00eete offre la possibilit\u00e9 de la personnaliser en fonction de vos besoins sp\u00e9cifiques. Vous pouvez y ajouter le logo de votre marque, des dessins personnalis\u00e9s ou tout autre \u00e9l\u00e9ment souhait\u00e9, ce qui lui conf\u00e8re un aspect unique et personnalis\u00e9.<\/li>\n<li>Construction durable : Fabriqu\u00e9e \u00e0 partir de mat\u00e9riaux de haute qualit\u00e9, la bo\u00eete garantit la durabilit\u00e9 et la protection des couvercles de vos gobelets d'eau. Elle r\u00e9siste \u00e0 la manipulation et au stockage, et prot\u00e8ge les couvercles contre les dommages.<\/li>\n<li>Ajustement pr\u00e9cis : La bo\u00eete \u00e0 couvercles de gobelets d'eau personnalis\u00e9e est con\u00e7ue pour s'adapter parfaitement \u00e0 vos couvercles, garantissant ainsi un placement s\u00fbr et confortable. Cela emp\u00eache les couvercles de bouger ou d'\u00eatre ray\u00e9s pendant le transport.<\/li>\n<li>Protection et organisation : La bo\u00eete permet d'organiser et de prot\u00e9ger les couvercles de vos gobelets d'eau. Elle emp\u00eache la poussi\u00e8re, la salet\u00e9 et les rayures, ce qui garantit que les couvercles restent en parfait \u00e9tat.<\/li>\n<li>Pratique : La bo\u00eete est con\u00e7ue pour \u00eatre facile \u00e0 utiliser. Elle peut \u00eatre dot\u00e9e d'un couvercle \u00e0 charni\u00e8re ou amovible pour un acc\u00e8s rapide aux couvercles \u00e0 l'int\u00e9rieur. En outre, elle peut \u00eatre empilable pour un stockage efficace.<\/li>\n<li>Pr\u00e9sentation pr\u00eate \u00e0 \u00eatre offerte : Que vous soyez une entreprise souhaitant emballer vos couvercles de gobelets d'eau de mani\u00e8re professionnelle ou un particulier \u00e0 la recherche d'une solution de stockage personnalis\u00e9e, la bo\u00eete \u00e0 couvercles de gobelets d'eau personnalis\u00e9e offre style, protection et commodit\u00e9. Elle vous permet de mettre en valeur votre marque ou votre style personnel tout en gardant vos couvercles en s\u00e9curit\u00e9 et organis\u00e9s.<\/li>\n<\/ul>\n<h1><strong>Sp\u00e9cifications<\/strong><\/h1>\n<table style=\"height: 666px;\" width=\"1070\">\n<tbody>\n<tr>\n<td width=\"373\">Dimensions<\/td>\n<td width=\"373\">Toutes les tailles et formes personnalis\u00e9es<\/td>\n<\/tr>\n<tr>\n<td width=\"373\">MOQ<\/td>\n<td width=\"373\">500pcs<\/td>\n<\/tr>\n<tr>\n<td width=\"373\">Temps d'\u00e9chantillonnage<\/td>\n<td width=\"373\">3-5 jours<\/td>\n<\/tr>\n<tr>\n<td width=\"373\">Processus par d\u00e9faut<\/td>\n<td width=\"373\">D\u00e9coupage, collage, rainurage, perforation<\/td>\n<\/tr>\n<tr>\n<td width=\"373\">Impression<\/td>\n<td width=\"373\">Cmyk, pms, pas d'impression<\/td>\n<\/tr>\n<tr>\n<td width=\"373\">Option mat\u00e9riau<\/td>\n<td width=\"373\">Papier cartonn\u00e9 blanc, papier couch\u00e9, papier d'art, papier kraft, carton ivoire, carton recto-verso, papier sp\u00e9cial, etc.<\/td>\n<\/tr>\n<tr>\n<td width=\"373\">Finition de surface<\/td>\n<td width=\"373\">Pelliculage mat\/brillant, gaufrage par points, gaufrage, dorure, etc.<\/td>\n<\/tr>\n<tr>\n<td width=\"373\">Utilisation dans l'industrie<\/td>\n<td width=\"373\">cosm\u00e9tiques, parfums, v\u00eatements, bijoux, tabac, produits alimentaires, cadeaux et produits de consommation courante,<\/td>\n<\/tr>\n<tr>\n<td width=\"373\">Contr\u00f4le de la qualit\u00e9<\/td>\n<td width=\"373\">Des \u00e9quipements de pointe et une \u00e9quipe de contr\u00f4le qualit\u00e9 exp\u00e9riment\u00e9e v\u00e9rifient rigoureusement les mat\u00e9riaux, les produits semi-finis et les produits finis \u00e0 chaque \u00e9tape avant la mise sur le march\u00e9.<\/td>\n<\/tr>\n<tr>\n<td width=\"373\">Prix<\/td>\n<td width=\"373\">Le prix final sera adapt\u00e9 \u00e0 votre produit et \u00e0 la quantit\u00e9 souhait\u00e9e.<\/td>\n<\/tr>\n<tr>\n<td width=\"373\">D\u00e9lai d'ex\u00e9cution<\/td>\n<td width=\"373\">7-14 jours ouvrables, urgent<\/td>\n<\/tr>\n<tr>\n<td width=\"373\">Papier de base<\/td>\n<td width=\"373\">10pt \u00e0 28pt (60lb \u00e0 400lb) Kraft \u00e9cologique, carton ondul\u00e9 e-flute, carton bux, papier cartonn\u00e9<\/td>\n<\/tr>\n<tr>\n<td width=\"373\">Format de l'\u0153uvre d'art<\/td>\n<td width=\"373\">JPG, PDF, AI, CDR, EPS, GIF....<\/td>\n<\/tr>\n<tr>\n<td width=\"373\">Accessoires<\/td>\n<td width=\"373\">Aimant, ruban, forme EVA, plateau en plastique, \u00e9ponge, fen\u00eatre en PVC\/PET\/PP,...<\/td>\n<\/tr>\n<tr>\n<td width=\"373\">D\u00e9lai de paiement<\/td>\n<td width=\"373\">T\/T, Western Union, Paypal, d\u00e9p\u00f4t de 30% et solde de 70% avant l'exp\u00e9dition.<\/td>\n<\/tr>\n<\/tbody>\n<\/table>\n<div><\/div>\n<div class=\"widget block block-static-block\">\n<div class=\"landing-page-section option-bottom\">\n<div class=\"custom-materials-tabs-content container container-adjustment\">\n<div class=\"custom-materials-tab-content active\">\n<div class=\"widget block block-static-block\">\n<div class=\"options-items\">\n<div class=\"flex-grid-row-option\">\n<div class=\"flex-grid-item-option\">\n<div class=\"material-box\">\n<div class=\"material-des\">\n<h1><strong>FAQ<\/strong><\/h1>\n<p><strong>Que vous soyez une usine ?<\/strong><\/p>\n<p>Oui, nous sommes un fabricant professionnel de bo\u00eetes et de sacs en papier.<\/p>\n<p><strong>Peut-il \u00eatre exp\u00e9di\u00e9 \u00e0 plat ?<\/strong><\/p>\n<p>Non, il s'agit d'une bo\u00eete en papier rigide fabriqu\u00e9e \u00e0 partir de papier d'art et de carton.<\/p>\n<p><strong>Peut-on faire du sur-mesure ?<\/strong><\/p>\n<p>Oui, nous pouvons personnaliser les bo\u00eetes en papier pour vous, vous pouvez choisir la taille de la bo\u00eete, la couleur de la bo\u00eete et le logo.<\/p>\n<p><strong>Pouvez-vous me faire un \u00e9chantillon ?<\/strong><\/p>\n<p>Oui, nous pouvons r\u00e9aliser des \u00e9chantillons pour vous, et les frais d'\u00e9chantillonnage d\u00e9pendent du processus.<\/p>\n<p><strong>Comment commander ?<\/strong><\/p>\n<ol>\n<li>Veuillez nous communiquer vos coordonn\u00e9es<\/li>\n<li>Nous vous proposons un devis<\/li>\n<li>faire un \u00e9chantillon<\/li>\n<li>Verser un acompte<\/li>\n<li>Production de masse<\/li>\n<li>Payer la balacne<\/li>\n<li>Produit d'exp\u00e9dition<\/li>\n<\/ol>\n<p><strong>Qu'en est-il du fichier de conception ?<\/strong><\/p>\n<p>PDF, AI sont acceptables.<\/p>\n<p><strong>Combien de possibilit\u00e9s de transport y a-t-il, quelle est la meilleure ?<\/strong><\/p>\n<p>Par voie maritime, par voie express, par voie a\u00e9rienne, en fonction de la date \u00e0 laquelle vous souhaitez recevoir votre production et de la quantit\u00e9 que vous commandez.<\/p>\n<\/div>\n<\/div>\n<\/div>\n<\/div>\n<\/div>\n<\/div>\n<\/div>\n<\/div>\n<\/div>\n<\/div>\n<div class=\"widget block block-static-block\">\n<div class=\"landing-page-section option-bottom\">\n<div class=\"custom-materials-tabs-content container container-adjustment\">\n<div class=\"custom-materials-tab-content active\">\n<div class=\"widget block block-static-block\">\n<div class=\"options-items\">\n<div class=\"flex-grid-row-option\">\n<div class=\"flex-grid-item-option\">\n<div class=\"material-box\">\n<p>&nbsp;<\/p>\n<\/div>\n<\/div>\n<\/div>\n<\/div>\n<p><!---end of option item--><\/p>\n<\/div>\n<\/div>\n<\/div>\n<\/div>\n<\/div>","protected":false},"excerpt":{"rendered":"<p>1. Le type de bo\u00eete avec couvercle et base adopte la structure d'un couvercle sup\u00e9rieur et d'un couvercle inf\u00e9rieur, ce qui est pratique \u00e0 prendre et pr\u00e9serve les habitudes des consommateurs.<br \/>\n2. Le marquage \u00e0 chaud conf\u00e8re \u00e0 l'emballage une impression de luxe et une pr\u00e9sentation visuelle de haute qualit\u00e9.<br \/>\n3. Le mat\u00e9riau du papier sp\u00e9cial est simple mais ne manque pas de luxe<\/p>","protected":false},"featured_media":4426,"template":"","meta":[],"product_brand":[],"product_cat":[30,423,425,31],"product_tag":[760,762,761],"class_list":{"0":"post-4422","1":"product","2":"type-product","3":"status-publish","4":"has-post-thumbnail","6":"product_cat-by-industry","7":"product_cat-custom-presentation-boxes-by-industry","8":"product_cat-lid-and-base-gift-box","9":"product_cat-paper-box-style","10":"product_tag-custom-coffee-mug-packaging","11":"product_tag-mug-boxes-set-wholesale","12":"product_tag-mug-packaging-gift-boxes","14":"first","15":"instock","16":"shipping-taxable","17":"product-type-grouped"},"_links":{"self":[{"href":"https:\/\/zojopackaging.com\/fr\/wp-json\/wp\/v2\/product\/4422","targetHints":{"allow":["GET"]}}],"collection":[{"href":"https:\/\/zojopackaging.com\/fr\/wp-json\/wp\/v2\/product"}],"about":[{"href":"https:\/\/zojopackaging.com\/fr\/wp-json\/wp\/v2\/types\/product"}],"version-history":[{"count":1,"href":"https:\/\/zojopackaging.com\/fr\/wp-json\/wp\/v2\/product\/4422\/revisions"}],"predecessor-version":[{"id":8445,"href":"https:\/\/zojopackaging.com\/fr\/wp-json\/wp\/v2\/product\/4422\/revisions\/8445"}],"wp:featuredmedia":[{"embeddable":true,"href":"https:\/\/zojopackaging.com\/fr\/wp-json\/wp\/v2\/media\/4426"}],"wp:attachment":[{"href":"https:\/\/zojopackaging.com\/fr\/wp-json\/wp\/v2\/media?parent=4422"}],"wp:term":[{"taxonomy":"product_brand","embeddable":true,"href":"https:\/\/zojopackaging.com\/fr\/wp-json\/wp\/v2\/product_brand?post=4422"},{"taxonomy":"product_cat","embeddable":true,"href":"https:\/\/zojopackaging.com\/fr\/wp-json\/wp\/v2\/product_cat?post=4422"},{"taxonomy":"product_tag","embeddable":true,"href":"https:\/\/zojopackaging.com\/fr\/wp-json\/wp\/v2\/product_tag?post=4422"}],"curies":[{"name":"wp","href":"https:\/\/api.w.org\/{rel}","templated":true}]}}