{"id":4436,"date":"2024-03-22T14:37:29","date_gmt":"2024-03-22T06:37:29","guid":{"rendered":"https:\/\/zojopackaging.com\/?post_type=product&#038;p=4436"},"modified":"2025-03-28T12:04:32","modified_gmt":"2025-03-28T04:04:32","slug":"custom-cardboard-rigid-gift-boxes","status":"publish","type":"product","link":"https:\/\/zojopackaging.com\/fr\/product\/custom-cardboard-rigid-gift-boxes\/","title":{"rendered":"Bo\u00eetes cadeaux rigides personnalis\u00e9es pour souvenirs Marque Design Maker"},"content":{"rendered":"<h1 class=\"self-content-pre-ca33f6\">Bo\u00eetes cadeaux rigides personnalis\u00e9es pour souvenirs Marque Design Maker<\/h1>\n<p>Les bo\u00eetes rigides pour v\u00eatements doivent \u00eatre parfaitement adapt\u00e9es aux produits qu'elles contiennent. Elles doivent donc \u00eatre d\u00e9cor\u00e9es avec des impressions personnalis\u00e9es accrocheuses qui mettent en valeur vos produits et font passer votre marque au niveau sup\u00e9rieur. Si vous \u00eates \u00e0 la recherche de telles bo\u00eetes de v\u00eatements rigides, ne cherchez pas plus loin que Zojoprint.<\/p>\n<p>Nous vous aidons \u00e0 concevoir un <a href=\"https:\/\/zojopackaging.com\/fr\/categorie-produit\/lid-and-base-boxes\/\"><strong>bo\u00eete rigide<\/strong> <\/a>pour le commerce de gros et de d\u00e9tail qui ne ressemble \u00e0 rien de ce que vos clients ont vu auparavant. Nous y parvenons gr\u00e2ce \u00e0 des mat\u00e9riaux d'emballage rigides de haute qualit\u00e9. Notre combinaison de techniques d'impression de pointe et de mod\u00e8les de couleurs standard vous permet de d\u00e9corer l'emballage comme bon vous semble. En outre, vous pouvez personnaliser l'emballage \u00e0 l'aide de nos compl\u00e9ments et couches de finition \u00e0 la mode. Ne vous inqui\u00e9tez pas. Nous proposons des options de prototypage pour vous assurer que vous n'avez rien oubli\u00e9.<\/p>\n<div class=\"reviw-title\">\n<h1>Sp\u00e9cifications<\/h1>\n<\/div>\n<div class=\"tab-content\">\n<div id=\"specifications\" class=\"tab-pane active show\" role=\"tabpanel\">\n<article>\n<div class=\"col-md-12 category-hd\">\n<div id=\"Specifications\">\n<table class=\"table table-striped\">\n<tbody>\n<tr>\n<td>Dimensions<\/td>\n<td>Toutes les tailles et formes personnalis\u00e9es<\/td>\n<\/tr>\n<tr>\n<td>Impression<\/td>\n<td>CMYK, PMS, Pas d'impression<\/td>\n<\/tr>\n<tr>\n<td>Stock de papier<\/td>\n<td>10pt \u00e0 28pt (60lb \u00e0 400lb) Kraft \u00e9cologique, carton ondul\u00e9 \u00e0 cannelure E, carton Bux, papier cartonn\u00e9<\/td>\n<\/tr>\n<tr>\n<td>Quantit\u00e9s<\/td>\n<td>500 &#8211; 500,000<\/td>\n<\/tr>\n<tr>\n<td>Rev\u00eatement<\/td>\n<td>Brillant, mat, spot UV<\/td>\n<\/tr>\n<tr>\n<td>Processus par d\u00e9faut<\/td>\n<td>D\u00e9coupage, collage, rainurage, perforation<\/td>\n<\/tr>\n<tr>\n<td>Options<\/td>\n<td>D\u00e9coupe de fen\u00eatres sur mesure, dorure\/argent, gaufrage, encre en relief, feuilles de PVC.<\/td>\n<\/tr>\n<tr>\n<td>Preuve<\/td>\n<td>Vue \u00e0 plat, maquette 3D, \u00e9chantillonnage physique (sur demande)<\/td>\n<\/tr>\n<tr>\n<td>D\u00e9lai d'ex\u00e9cution<\/td>\n<td>7-14 jours ouvrables, Rush<\/td>\n<\/tr>\n<\/tbody>\n<\/table>\n<div class=\"material-des\">\n<h1><strong>FAQ<\/strong><\/h1>\n<p><strong>Que vous soyez une usine ?<\/strong><\/p>\n<p>Oui, nous sommes un fabricant professionnel de bo\u00eetes et de sacs en papier.<\/p>\n<p><strong>Peut-il \u00eatre exp\u00e9di\u00e9 \u00e0 plat ?<\/strong><\/p>\n<p>Non, il s'agit d'une bo\u00eete en papier rigide fabriqu\u00e9e \u00e0 partir de papier d'art et de carton.<\/p>\n<p><strong>Peut-on faire du sur-mesure ?<\/strong><\/p>\n<p>Oui, nous pouvons personnaliser les bo\u00eetes en papier pour vous, vous pouvez choisir la taille de la bo\u00eete, la couleur de la bo\u00eete et le logo.<\/p>\n<p><strong>Pouvez-vous me faire un \u00e9chantillon ?<\/strong><\/p>\n<p>Oui, nous pouvons r\u00e9aliser des \u00e9chantillons pour vous, et les frais d'\u00e9chantillonnage d\u00e9pendent du processus.<\/p>\n<p><strong>Comment commander ?<\/strong><\/p>\n<ol>\n<li>Veuillez nous communiquer vos coordonn\u00e9es<\/li>\n<li>Nous vous proposons un devis<\/li>\n<li>faire un \u00e9chantillon<\/li>\n<li>Verser un acompte<\/li>\n<li>Production de masse<\/li>\n<li>Payer la balacne<\/li>\n<li>Produit d'exp\u00e9dition<\/li>\n<\/ol>\n<p>&nbsp;<\/p>\n<p><strong>Qu'en est-il du fichier de conception ?<\/strong><\/p>\n<p>PDF, AI sont acceptables.<\/p>\n<p><strong>Combien de possibilit\u00e9s de transport y a-t-il, quelle est la meilleure ?<\/strong><\/p>\n<p>Par voie maritime, par voie express, par voie a\u00e9rienne, en fonction de la date \u00e0 laquelle vous souhaitez recevoir votre production et de la quantit\u00e9 que vous commandez.<\/p>\n<\/div>\n<p>&nbsp;<\/p>\n<\/div>\n<\/div>\n<\/article>\n<\/div>\n<\/div>\n<div class=\"widget block block-static-block\">\n<div class=\"landing-page-section option-bottom\">\n<div class=\"custom-materials-tabs-content container container-adjustment\">\n<div class=\"custom-materials-tab-content active\">\n<div class=\"widget block block-static-block\">\n<div class=\"options-items\">\n<div class=\"flex-grid-row-option\">\n<div class=\"flex-grid-item-option\">\n<div class=\"material-box\">\n<p>&nbsp;<\/p>\n<\/div>\n<\/div>\n<\/div>\n<\/div>\n<p><!---end of option item--><\/p>\n<\/div>\n<\/div>\n<\/div>\n<\/div>\n<\/div>","protected":false},"excerpt":{"rendered":"<p>Vous pouvez apposer votre logo, votre dessin ou votre message pour rendre vos bo\u00eetes d'emballage de jouets plus personnalis\u00e9es et distinctives. Plus de 5 000 marques, grandes et petites, nous aiment !<\/p>\n<p>Type de mat\u00e9riau : Respectueux de l'environnement, certifi\u00e9 FSC\/ISO\/BSCI<br \/>\nD\u00e9lai de production : \u00c9chantillon 1-3 jours ; Vrac 7-9 jours<\/p>","protected":false},"featured_media":4438,"template":"","meta":[],"product_brand":[],"product_cat":[30,423,425,31],"product_tag":[767,771,766],"class_list":{"0":"post-4436","1":"product","2":"type-product","3":"status-publish","4":"has-post-thumbnail","6":"product_cat-by-industry","7":"product_cat-custom-presentation-boxes-by-industry","8":"product_cat-lid-and-base-gift-box","9":"product_cat-paper-box-style","10":"product_tag-boxes-brand-design-maker","11":"product_tag-custom-souvenir-box","12":"product_tag-gift-boxes-brand-design","14":"first","15":"instock","16":"shipping-taxable","17":"product-type-grouped"},"_links":{"self":[{"href":"https:\/\/zojopackaging.com\/fr\/wp-json\/wp\/v2\/product\/4436","targetHints":{"allow":["GET"]}}],"collection":[{"href":"https:\/\/zojopackaging.com\/fr\/wp-json\/wp\/v2\/product"}],"about":[{"href":"https:\/\/zojopackaging.com\/fr\/wp-json\/wp\/v2\/types\/product"}],"version-history":[{"count":3,"href":"https:\/\/zojopackaging.com\/fr\/wp-json\/wp\/v2\/product\/4436\/revisions"}],"predecessor-version":[{"id":8449,"href":"https:\/\/zojopackaging.com\/fr\/wp-json\/wp\/v2\/product\/4436\/revisions\/8449"}],"wp:featuredmedia":[{"embeddable":true,"href":"https:\/\/zojopackaging.com\/fr\/wp-json\/wp\/v2\/media\/4438"}],"wp:attachment":[{"href":"https:\/\/zojopackaging.com\/fr\/wp-json\/wp\/v2\/media?parent=4436"}],"wp:term":[{"taxonomy":"product_brand","embeddable":true,"href":"https:\/\/zojopackaging.com\/fr\/wp-json\/wp\/v2\/product_brand?post=4436"},{"taxonomy":"product_cat","embeddable":true,"href":"https:\/\/zojopackaging.com\/fr\/wp-json\/wp\/v2\/product_cat?post=4436"},{"taxonomy":"product_tag","embeddable":true,"href":"https:\/\/zojopackaging.com\/fr\/wp-json\/wp\/v2\/product_tag?post=4436"}],"curies":[{"name":"wp","href":"https:\/\/api.w.org\/{rel}","templated":true}]}}