{"id":4452,"date":"2024-03-22T14:48:53","date_gmt":"2024-03-22T06:48:53","guid":{"rendered":"https:\/\/zojopackaging.com\/?post_type=product&#038;p=4452"},"modified":"2025-03-27T21:24:39","modified_gmt":"2025-03-27T13:24:39","slug":"earphone-packaging-boxes","status":"publish","type":"product","link":"https:\/\/zojopackaging.com\/fr\/product\/earphone-packaging-boxes\/","title":{"rendered":"Emballage professionnel personnalis\u00e9 pour \u00e9couteurs Bo\u00eetes cadeaux Exportation"},"content":{"rendered":"<h1 class=\"LC20lb MBeuO DKV0Md\">Emballage professionnel personnalis\u00e9 pour \u00e9couteurs Bo\u00eetes cadeaux Exportation<\/h1>\n<p>Fa\u00e7onnez la personnalit\u00e9 unique de votre casque en obtenant de magnifiques <strong>Bo\u00eetes d'emballage pour \u00e9couteurs<\/strong>\u00a0pour les pr\u00e9senter. Am\u00e9liorez compl\u00e8tement votre entreprise en utilisant ces produits \u00e0 la mode. <strong>Bo\u00eetes d'emballage pour \u00e9couteurs<\/strong>. Parfait\u00a0<em>Bo\u00eetes d'\u00e9couteurs personnalis\u00e9es<\/em> peut faire une grande diff\u00e9rence dans les ventes de produits d'\u00e9couteurs. Nos bo\u00eetes d'emballage pour \u00e9couteurs sont disponibles en diff\u00e9rentes tailles et diff\u00e9rents styles. Une fen\u00eatre cello personnalis\u00e9e peut \u00eatre ajout\u00e9e pour la pr\u00e9sentation du produit et d'autres options de d\u00e9coration peuvent \u00e9galement \u00eatre ajout\u00e9es pour un effet de distinction.<\/p>\n<h1><strong>Sp\u00e9cifications<\/strong><\/h1>\n<table style=\"height: 666px;\" width=\"1070\">\n<tbody>\n<tr>\n<td width=\"373\">Dimensions<\/td>\n<td width=\"373\">Toutes les tailles et formes personnalis\u00e9es<\/td>\n<\/tr>\n<tr>\n<td width=\"373\">MOQ<\/td>\n<td width=\"373\">500pcs<\/td>\n<\/tr>\n<tr>\n<td width=\"373\">Temps d'\u00e9chantillonnage<\/td>\n<td width=\"373\">3-5 jours<\/td>\n<\/tr>\n<tr>\n<td width=\"373\">Processus par d\u00e9faut<\/td>\n<td width=\"373\">D\u00e9coupage, collage, rainurage, perforation<\/td>\n<\/tr>\n<tr>\n<td width=\"373\">Impression<\/td>\n<td width=\"373\">Cmyk, pms, pas d'impression<\/td>\n<\/tr>\n<tr>\n<td width=\"373\">Option mat\u00e9riau<\/td>\n<td width=\"373\">Papier cartonn\u00e9 blanc, papier couch\u00e9, papier d'art, papier kraft, carton ivoire, carton recto-verso, papier sp\u00e9cial, etc.<\/td>\n<\/tr>\n<tr>\n<td width=\"373\">Finition de surface<\/td>\n<td width=\"373\">Pelliculage mat\/brillant, gaufrage par points, gaufrage, dorure, etc.<\/td>\n<\/tr>\n<tr>\n<td width=\"373\">Utilisation dans l'industrie<\/td>\n<td width=\"373\">cosm\u00e9tiques, parfums, v\u00eatements, bijoux, tabac, produits alimentaires, cadeaux et produits de consommation courante,<\/td>\n<\/tr>\n<tr>\n<td width=\"373\">Contr\u00f4le de la qualit\u00e9<\/td>\n<td width=\"373\">Des \u00e9quipements de pointe et une \u00e9quipe de contr\u00f4le qualit\u00e9 exp\u00e9riment\u00e9e v\u00e9rifient rigoureusement les mat\u00e9riaux, les produits semi-finis et les produits finis \u00e0 chaque \u00e9tape avant la mise sur le march\u00e9.<\/td>\n<\/tr>\n<tr>\n<td width=\"373\">Prix<\/td>\n<td width=\"373\">Le prix final sera adapt\u00e9 \u00e0 votre produit et \u00e0 la quantit\u00e9 souhait\u00e9e.<\/td>\n<\/tr>\n<tr>\n<td width=\"373\">D\u00e9lai d'ex\u00e9cution<\/td>\n<td width=\"373\">7-14 jours ouvrables, urgent<\/td>\n<\/tr>\n<tr>\n<td width=\"373\">Papier de base<\/td>\n<td width=\"373\">10pt \u00e0 28pt (60lb \u00e0 400lb) Kraft \u00e9cologique, carton ondul\u00e9 e-flute, carton bux, papier cartonn\u00e9<\/td>\n<\/tr>\n<tr>\n<td width=\"373\">Format de l'\u0153uvre d'art<\/td>\n<td width=\"373\">JPG, PDF, AI, CDR, EPS, GIF....<\/td>\n<\/tr>\n<tr>\n<td width=\"373\">Accessoires<\/td>\n<td width=\"373\">Aimant, ruban, forme EVA, plateau en plastique, \u00e9ponge, fen\u00eatre en PVC\/PET\/PP,...<\/td>\n<\/tr>\n<tr>\n<td width=\"373\">D\u00e9lai de paiement<\/td>\n<td width=\"373\">T\/T, Western Union, Paypal, d\u00e9p\u00f4t de 30% et solde de 70% avant l'exp\u00e9dition.<\/td>\n<\/tr>\n<\/tbody>\n<\/table>\n<div><\/div>\n<div class=\"widget block block-static-block\">\n<div class=\"landing-page-section option-bottom\">\n<div class=\"custom-materials-tabs-content container container-adjustment\">\n<div class=\"custom-materials-tab-content active\">\n<div class=\"widget block block-static-block\">\n<div class=\"options-items\">\n<div class=\"flex-grid-row-option\">\n<div class=\"flex-grid-item-option\">\n<div class=\"material-box\">\n<div class=\"material-des\">\n<h1><strong>FAQ<\/strong><\/h1>\n<p><strong>Que vous soyez une usine ?<\/strong><\/p>\n<p>Oui, nous sommes un fabricant professionnel de bo\u00eetes et de sacs en papier.<\/p>\n<p><strong>Peut-il \u00eatre exp\u00e9di\u00e9 \u00e0 plat ?<\/strong><\/p>\n<p>Non, il s'agit d'une bo\u00eete en papier rigide fabriqu\u00e9e \u00e0 partir de papier d'art et de carton.<\/p>\n<p><strong>Peut-on faire du sur-mesure ?<\/strong><\/p>\n<p>Oui, nous pouvons personnaliser les bo\u00eetes en papier pour vous, vous pouvez choisir la taille de la bo\u00eete, la couleur de la bo\u00eete et le logo.<\/p>\n<p><strong>Pouvez-vous me faire un \u00e9chantillon ?<\/strong><\/p>\n<p>Oui, nous pouvons r\u00e9aliser des \u00e9chantillons pour vous, et les frais d'\u00e9chantillonnage d\u00e9pendent du processus.<\/p>\n<p><strong>Comment commander ?<\/strong><\/p>\n<ol>\n<li>Veuillez nous communiquer vos coordonn\u00e9es<\/li>\n<li>Nous vous proposons un devis<\/li>\n<li>faire un \u00e9chantillon<\/li>\n<li>Verser un acompte<\/li>\n<li>Production de masse<\/li>\n<li>Payer la balacne<\/li>\n<li>Produit d'exp\u00e9dition<\/li>\n<\/ol>\n<p><strong>Qu'en est-il du fichier de conception ?<\/strong><\/p>\n<p>PDF, AI sont acceptables.<\/p>\n<p><strong>Combien de possibilit\u00e9s de transport y a-t-il, quelle est la meilleure ?<\/strong><\/p>\n<p>Par voie maritime, par voie express, par voie a\u00e9rienne, en fonction de la date \u00e0 laquelle vous souhaitez recevoir votre production et de la quantit\u00e9 que vous commandez.<\/p>\n<\/div>\n<\/div>\n<\/div>\n<\/div>\n<\/div>\n<\/div>\n<\/div>\n<\/div>\n<\/div>\n<\/div>\n<div class=\"widget block block-static-block\">\n<div class=\"landing-page-section option-bottom\">\n<div class=\"custom-materials-tabs-content container container-adjustment\">\n<div class=\"custom-materials-tab-content active\">\n<div class=\"widget block block-static-block\">\n<div class=\"options-items\">\n<div class=\"flex-grid-row-option\">\n<div class=\"flex-grid-item-option\"><\/div>\n<\/div>\n<\/div>\n<p><!---end of option item--><\/p>\n<\/div>\n<\/div>\n<\/div>\n<\/div>\n<\/div>","protected":false},"excerpt":{"rendered":"<p>-Votre bo\u00eete sera : Rigide, protecteur, impression claire, imperm\u00e9able<br \/>\n-Type de mat\u00e9riau : Respectueux de l'environnement, certifi\u00e9 FSC, ISO, BSCI<br \/>\n-Personnalisation : Possibilit\u00e9 de personnaliser la taille\/l'impression\/le mat\u00e9riau\/la finition\/la forme, etc.<br \/>\n-Temps de production : \u00c9chantillon 1-3 jours ; Vrac 7-9 jours D\u00e9lai d'exp\u00e9dition : Express 3-7 jours ; Air 12-16 jours ; Bateau 25-30 jours\uff08Diff\u00e9rents pays ont des d\u00e9lais diff\u00e9rents)<br \/>\n-Prix : Contactez-nous pour envoyer votre demande<\/p>","protected":false},"featured_media":4457,"template":"","meta":[],"product_brand":[],"product_cat":[30,413,425,31],"product_tag":[259,263,608,609,607],"class_list":{"0":"post-4452","1":"product","2":"type-product","3":"status-publish","4":"has-post-thumbnail","6":"product_cat-by-industry","7":"product_cat-consumer-electronics-boxes","8":"product_cat-lid-and-base-gift-box","9":"product_cat-paper-box-style","10":"product_tag-custom-electronics-boxes","11":"product_tag-custom-headphone-boxes","12":"product_tag-earphone-boxes","13":"product_tag-gift-boxes-export","14":"product_tag-professional-customized-boxes","16":"first","17":"instock","18":"shipping-taxable","19":"product-type-grouped"},"_links":{"self":[{"href":"https:\/\/zojopackaging.com\/fr\/wp-json\/wp\/v2\/product\/4452","targetHints":{"allow":["GET"]}}],"collection":[{"href":"https:\/\/zojopackaging.com\/fr\/wp-json\/wp\/v2\/product"}],"about":[{"href":"https:\/\/zojopackaging.com\/fr\/wp-json\/wp\/v2\/types\/product"}],"version-history":[{"count":2,"href":"https:\/\/zojopackaging.com\/fr\/wp-json\/wp\/v2\/product\/4452\/revisions"}],"predecessor-version":[{"id":8210,"href":"https:\/\/zojopackaging.com\/fr\/wp-json\/wp\/v2\/product\/4452\/revisions\/8210"}],"wp:featuredmedia":[{"embeddable":true,"href":"https:\/\/zojopackaging.com\/fr\/wp-json\/wp\/v2\/media\/4457"}],"wp:attachment":[{"href":"https:\/\/zojopackaging.com\/fr\/wp-json\/wp\/v2\/media?parent=4452"}],"wp:term":[{"taxonomy":"product_brand","embeddable":true,"href":"https:\/\/zojopackaging.com\/fr\/wp-json\/wp\/v2\/product_brand?post=4452"},{"taxonomy":"product_cat","embeddable":true,"href":"https:\/\/zojopackaging.com\/fr\/wp-json\/wp\/v2\/product_cat?post=4452"},{"taxonomy":"product_tag","embeddable":true,"href":"https:\/\/zojopackaging.com\/fr\/wp-json\/wp\/v2\/product_tag?post=4452"}],"curies":[{"name":"wp","href":"https:\/\/api.w.org\/{rel}","templated":true}]}}