{"id":4480,"date":"2024-03-22T15:14:04","date_gmt":"2024-03-22T07:14:04","guid":{"rendered":"https:\/\/zojopackaging.com\/?post_type=product&#038;p=4480"},"modified":"2025-03-24T14:13:18","modified_gmt":"2025-03-24T06:13:18","slug":"customized-soap-boxes","status":"publish","type":"product","link":"https:\/\/zojopackaging.com\/fr\/product\/customized-soap-boxes\/","title":{"rendered":"Distribution de bo\u00eetes \u00e0 bougies imprim\u00e9es personnalis\u00e9es de qualit\u00e9 professionnelle"},"content":{"rendered":"<h1 class=\"self-content-pre-ca33f6\">Bo\u00eetes \u00e0 savon imprim\u00e9es sur mesure de qualit\u00e9 professionnelle Distribution<\/h1>\n<p>La bo\u00eete d'emballage pour l'aromath\u00e9rapie est un contenant sp\u00e9cialement con\u00e7u pour offrir une solution d'emballage s\u00fbre et attrayante pour les produits d'aromath\u00e9rapie tels que les huiles essentielles, les diffuseurs, les bougies et d'autres articles connexes.<\/p>\n<p>Le design de la bo\u00eete d'emballage pour l'aromath\u00e9rapie est souvent calme et apaisant, refl\u00e9tant la nature des produits d'aromath\u00e9rapie et l'usage auquel ils sont destin\u00e9s. La bo\u00eete peut comporter des \u00e9l\u00e9ments naturels, des couleurs douces et des images sereines pour cr\u00e9er un sentiment de relaxation et de bien-\u00eatre.<\/p>\n<p>Fabriqu\u00e9e \u00e0 partir de mat\u00e9riaux de haute qualit\u00e9, la bo\u00eete d'emballage pour l'aromath\u00e9rapie offre durabilit\u00e9 et protection aux d\u00e9licats produits d'aromath\u00e9rapie qu'elle contient. La bo\u00eete est con\u00e7ue pour prot\u00e9ger les articles des dommages ext\u00e9rieurs, afin qu'ils parviennent au client en parfait \u00e9tat.<\/p>\n<p>En outre, la bo\u00eete d'emballage peut comporter des compartiments, des s\u00e9parateurs ou des inserts pour maintenir et organiser en toute s\u00e9curit\u00e9 les produits d'aromath\u00e9rapie. Cela permet d'\u00e9viter que les articles ne se d\u00e9placent pendant le transport et d'obtenir une pr\u00e9sentation soign\u00e9e et organis\u00e9e lorsque la bo\u00eete est ouverte.<\/p>\n<h1><strong>Sp\u00e9cifications<\/strong><\/h1>\n<table style=\"border-collapse: collapse; width: 759.02pt;\" border=\"0\" width=\"1012\" cellspacing=\"0\" cellpadding=\"0\">\n<tbody>\n<tr style=\"height: 16.50pt;\">\n<td class=\"et3\" style=\"height: 16.50pt; width: 379.50pt;\" width=\"506\" height=\"22\">Dimensions<\/td>\n<td class=\"et3\" style=\"width: 379.50pt;\" width=\"506\">Toutes les tailles et formes personnalis\u00e9es<\/td>\n<\/tr>\n<tr style=\"height: 16.50pt;\">\n<td class=\"et3\" style=\"height: 16.50pt;\" height=\"22\">Quantit\u00e9 minimale<\/td>\n<td class=\"et3\">500 pi\u00e8ces<\/td>\n<\/tr>\n<tr style=\"height: 16.50pt;\">\n<td class=\"et3\" style=\"height: 16.50pt;\" height=\"22\">Processus par d\u00e9faut<\/td>\n<td class=\"et3\">D\u00e9coupage, collage, rainurage, perforation<\/td>\n<\/tr>\n<tr style=\"height: 16.50pt;\">\n<td class=\"et3\" style=\"height: 16.50pt;\" height=\"22\">Impression<\/td>\n<td class=\"et3\">Cmyk, pms, pas d'impression<\/td>\n<\/tr>\n<tr style=\"height: 16.50pt;\">\n<td class=\"et3\" style=\"height: 16.50pt;\" height=\"22\">Option mat\u00e9riau<\/td>\n<td class=\"et3\">Papier cartonn\u00e9 blanc, papier couch\u00e9, papier d'art, papier kraft, carton ivoire, carton recto-verso, papier sp\u00e9cial, etc.<\/td>\n<\/tr>\n<tr style=\"height: 17.25pt;\">\n<td class=\"et3\" style=\"height: 17.25pt;\" height=\"23\">Finition de surface<\/td>\n<td class=\"et4\" style=\"width: 379.50pt;\" width=\"506\">Pelliculage mat\/brillant, gaufrage par points, gaufrage, dorure, etc.<\/td>\n<\/tr>\n<tr style=\"height: 17.25pt;\">\n<td class=\"et4\" style=\"height: 17.25pt; width: 379.50pt;\" width=\"506\" height=\"23\">Utilisation dans l'industrie<\/td>\n<td class=\"et4\" style=\"width: 379.50pt;\" width=\"506\">cosm\u00e9tiques, parfums, v\u00eatements, bijoux, tabac, produits alimentaires, cadeaux et produits de consommation courante,<\/td>\n<\/tr>\n<tr style=\"height: 34.50pt;\">\n<td class=\"et4\" style=\"height: 34.50pt; width: 379.50pt;\" width=\"506\" height=\"46\">Contr\u00f4le de la qualit\u00e9<\/td>\n<td class=\"et4\" style=\"width: 379.50pt;\" width=\"506\">Des \u00e9quipements de pointe et une \u00e9quipe de contr\u00f4le qualit\u00e9 exp\u00e9riment\u00e9e v\u00e9rifient rigoureusement les mat\u00e9riaux, les produits semi-finis et les produits finis \u00e0 chaque \u00e9tape avant la mise sur le march\u00e9.<\/td>\n<\/tr>\n<tr style=\"height: 34.50pt;\">\n<td class=\"et4\" style=\"height: 34.50pt; width: 379.50pt;\" width=\"506\" height=\"46\">Prix<\/td>\n<td class=\"et4\" style=\"width: 379.50pt;\" width=\"506\">Le prix final sera adapt\u00e9 \u00e0 votre produit et \u00e0 la quantit\u00e9 souhait\u00e9e.<\/td>\n<\/tr>\n<tr style=\"height: 16.50pt;\">\n<td class=\"et3\" style=\"height: 16.50pt;\" height=\"22\">D\u00e9lai d'ex\u00e9cution<\/td>\n<td class=\"et3\">7-14 jours ouvrables, urgent<\/td>\n<\/tr>\n<tr style=\"height: 16.50pt;\">\n<td class=\"et3\" style=\"height: 16.50pt;\" height=\"22\">Papier de base<\/td>\n<td class=\"et3\">10pt \u00e0 28pt (60lb \u00e0 400lb) Kraft \u00e9cologique, carton ondul\u00e9 e-flute, carton bux, papier cartonn\u00e9<\/td>\n<\/tr>\n<tr style=\"height: 16.50pt;\">\n<td class=\"et3\" style=\"height: 16.50pt;\" height=\"22\">Preuve<\/td>\n<td class=\"et3\">Vue \u00e0 plat, maquette 3D, \u00e9chantillonnage physique (sur demande)<\/td>\n<\/tr>\n<\/tbody>\n<\/table>\n<div class=\"widget block block-static-block\">\n<div class=\"landing-page-section option-bottom\">\n<div class=\"custom-materials-tabs-content container container-adjustment\">\n<div class=\"custom-materials-tab-content active\">\n<div class=\"widget block block-static-block\">\n<div class=\"options-items\">\n<div class=\"flex-grid-row-option\">\n<div class=\"flex-grid-item-option\">\n<div class=\"material-box\">\n<p>&nbsp;<\/p>\n<\/div>\n<\/div>\n<\/div>\n<\/div>\n<p><!---end of option item--><\/p>\n<\/div>\n<\/div>\n<\/div>\n<\/div>\n<\/div>","protected":false},"excerpt":{"rendered":"<p>Couvercle de bougie et bo\u00eete de base personnalis\u00e9s, adaptation flexible \u00e0 la taille r\u00e9elle, doublure exclusive pour une protection pr\u00e9cise. Technologie de laminage mat de l'usine chinoise + impression haute d\u00e9finition en couleur pour obtenir une pr\u00e9sentation de texture sans diff\u00e9rence de couleur.<\/p>","protected":false},"featured_media":4486,"template":"","meta":[],"product_brand":[],"product_cat":[30,416,425,31],"product_tag":[550,549,551],"class_list":{"0":"post-4480","1":"product","2":"type-product","3":"status-publish","4":"has-post-thumbnail","6":"product_cat-by-industry","7":"product_cat-custom-candle-boxes","8":"product_cat-lid-and-base-gift-box","9":"product_cat-paper-box-style","10":"product_tag-candle-boxes-distribution","11":"product_tag-custom-candle-boxes","12":"product_tag-custom-printed-candle-boxes","14":"first","15":"instock","16":"shipping-taxable","17":"product-type-grouped"},"_links":{"self":[{"href":"https:\/\/zojopackaging.com\/fr\/wp-json\/wp\/v2\/product\/4480","targetHints":{"allow":["GET"]}}],"collection":[{"href":"https:\/\/zojopackaging.com\/fr\/wp-json\/wp\/v2\/product"}],"about":[{"href":"https:\/\/zojopackaging.com\/fr\/wp-json\/wp\/v2\/types\/product"}],"version-history":[{"count":2,"href":"https:\/\/zojopackaging.com\/fr\/wp-json\/wp\/v2\/product\/4480\/revisions"}],"predecessor-version":[{"id":8099,"href":"https:\/\/zojopackaging.com\/fr\/wp-json\/wp\/v2\/product\/4480\/revisions\/8099"}],"wp:featuredmedia":[{"embeddable":true,"href":"https:\/\/zojopackaging.com\/fr\/wp-json\/wp\/v2\/media\/4486"}],"wp:attachment":[{"href":"https:\/\/zojopackaging.com\/fr\/wp-json\/wp\/v2\/media?parent=4480"}],"wp:term":[{"taxonomy":"product_brand","embeddable":true,"href":"https:\/\/zojopackaging.com\/fr\/wp-json\/wp\/v2\/product_brand?post=4480"},{"taxonomy":"product_cat","embeddable":true,"href":"https:\/\/zojopackaging.com\/fr\/wp-json\/wp\/v2\/product_cat?post=4480"},{"taxonomy":"product_tag","embeddable":true,"href":"https:\/\/zojopackaging.com\/fr\/wp-json\/wp\/v2\/product_tag?post=4480"}],"curies":[{"name":"wp","href":"https:\/\/api.w.org\/{rel}","templated":true}]}}