{"id":4525,"date":"2024-03-22T16:13:40","date_gmt":"2024-03-22T08:13:40","guid":{"rendered":"https:\/\/zojopackaging.com\/?post_type=product&#038;p=4525"},"modified":"2025-03-24T15:16:05","modified_gmt":"2025-03-24T07:16:05","slug":"custom-smart-watch-boxes","status":"publish","type":"product","link":"https:\/\/zojopackaging.com\/fr\/product\/custom-smart-watch-boxes\/","title":{"rendered":"Bo\u00eetes de montres intelligentes personnalis\u00e9es Premium wholesale"},"content":{"rendered":"<h1>Achetez en gros nos bo\u00eetes de montres intelligentes personnalis\u00e9es Premium pour am\u00e9liorer la r\u00e9putation de votre marque.<\/h1>\n<p>Nos bo\u00eetes \u00e0 montres intelligentes personnalis\u00e9es sont fabriqu\u00e9es avec pr\u00e9cision et soin, \u00e0 l'aide de mat\u00e9riaux de haute qualit\u00e9 qui non seulement prot\u00e8gent vos produits de valeur, mais exsudent \u00e9galement l'\u00e9l\u00e9gance et la sophistication.<\/p>\n<p>Con\u00e7ues pour r\u00e9pondre aux besoins uniques de votre marque, ces bo\u00eetes peuvent \u00eatre enti\u00e8rement personnalis\u00e9es en termes de taille, de forme, de couleur et d'impression. Que vous pr\u00e9f\u00e9riez un look \u00e9pur\u00e9 et minimaliste ou un design audacieux et vibrant, notre \u00e9quipe de designers experts travaillera avec vous pour cr\u00e9er une solution d'emballage qui refl\u00e8te l'identit\u00e9 et les valeurs de votre marque.<\/p>\n<p>La durabilit\u00e9 de nos bo\u00eetes \u00e0 montres intelligentes garantit la s\u00e9curit\u00e9 de vos produits pendant le transport et le stockage. L'int\u00e9rieur est doubl\u00e9 de mat\u00e9riaux doux pour \u00e9viter les rayures et les dommages aux montres, tandis que l'ext\u00e9rieur est fabriqu\u00e9 \u00e0 partir de mat\u00e9riaux robustes qui peuvent r\u00e9sister aux rigueurs de la manipulation.<\/p>\n<p>Profitez de notre aide d\u00e8s maintenant en composant le +86 15017910372 ou en nous envoyant un e-mail \u00e0 info@zojoprint.com pour r\u00e9server votre commande et nous laisser faire.<\/p>\n<h1><strong>Sp\u00e9cifications<\/strong><\/h1>\n<table style=\"border-collapse: collapse; width: 759.02pt;\" border=\"0\" width=\"1012\" cellspacing=\"0\" cellpadding=\"0\">\n<tbody>\n<tr style=\"height: 16.50pt;\">\n<td class=\"et3\" style=\"height: 16.50pt; width: 379.50pt;\" width=\"506\" height=\"22\">Dimensions<\/td>\n<td class=\"et3\" style=\"width: 379.50pt;\" width=\"506\">Toutes les tailles et formes personnalis\u00e9es<\/td>\n<\/tr>\n<tr style=\"height: 16.50pt;\">\n<td class=\"et3\" style=\"height: 16.50pt;\" height=\"22\">Quantit\u00e9 minimale<\/td>\n<td class=\"et3\">500 pi\u00e8ces<\/td>\n<\/tr>\n<tr style=\"height: 16.50pt;\">\n<td class=\"et3\" style=\"height: 16.50pt;\" height=\"22\">Processus par d\u00e9faut<\/td>\n<td class=\"et3\">D\u00e9coupage, collage, rainurage, perforation<\/td>\n<\/tr>\n<tr style=\"height: 16.50pt;\">\n<td class=\"et3\" style=\"height: 16.50pt;\" height=\"22\">Impression<\/td>\n<td class=\"et3\">Cmyk, pms, pas d'impression<\/td>\n<\/tr>\n<tr style=\"height: 16.50pt;\">\n<td class=\"et3\" style=\"height: 16.50pt;\" height=\"22\">Option mat\u00e9riau<\/td>\n<td class=\"et3\">Papier cartonn\u00e9 blanc, papier couch\u00e9, papier d'art, papier kraft, carton ivoire, carton recto-verso, papier sp\u00e9cial, etc.<\/td>\n<\/tr>\n<tr style=\"height: 17.25pt;\">\n<td class=\"et3\" style=\"height: 17.25pt;\" height=\"23\">Finition de surface<\/td>\n<td class=\"et4\" style=\"width: 379.50pt;\" width=\"506\">Pelliculage mat\/brillant, gaufrage par points, gaufrage, dorure, etc.<\/td>\n<\/tr>\n<tr style=\"height: 17.25pt;\">\n<td class=\"et4\" style=\"height: 17.25pt; width: 379.50pt;\" width=\"506\" height=\"23\">Utilisation dans l'industrie<\/td>\n<td class=\"et4\" style=\"width: 379.50pt;\" width=\"506\">cosm\u00e9tiques, parfums, v\u00eatements, bijoux, tabac, produits alimentaires, cadeaux et produits de consommation courante,<\/td>\n<\/tr>\n<tr style=\"height: 34.50pt;\">\n<td class=\"et4\" style=\"height: 34.50pt; width: 379.50pt;\" width=\"506\" height=\"46\">Contr\u00f4le de la qualit\u00e9<\/td>\n<td class=\"et4\" style=\"width: 379.50pt;\" width=\"506\">Des \u00e9quipements de pointe et une \u00e9quipe de contr\u00f4le qualit\u00e9 exp\u00e9riment\u00e9e v\u00e9rifient rigoureusement les mat\u00e9riaux, les produits semi-finis et les produits finis \u00e0 chaque \u00e9tape avant la mise sur le march\u00e9.<\/td>\n<\/tr>\n<tr style=\"height: 34.50pt;\">\n<td class=\"et4\" style=\"height: 34.50pt; width: 379.50pt;\" width=\"506\" height=\"46\">Prix<\/td>\n<td class=\"et4\" style=\"width: 379.50pt;\" width=\"506\">Le prix final sera adapt\u00e9 \u00e0 votre produit et \u00e0 la quantit\u00e9 souhait\u00e9e.<\/td>\n<\/tr>\n<tr style=\"height: 16.50pt;\">\n<td class=\"et3\" style=\"height: 16.50pt;\" height=\"22\">D\u00e9lai d'ex\u00e9cution<\/td>\n<td class=\"et3\">7-14 jours ouvrables, urgent<\/td>\n<\/tr>\n<tr style=\"height: 16.50pt;\">\n<td class=\"et3\" style=\"height: 16.50pt;\" height=\"22\">Papier de base<\/td>\n<td class=\"et3\">10pt \u00e0 28pt (60lb \u00e0 400lb) Kraft \u00e9cologique, carton ondul\u00e9 e-flute, carton bux, papier cartonn\u00e9<\/td>\n<\/tr>\n<tr style=\"height: 16.50pt;\">\n<td class=\"et3\" style=\"height: 16.50pt;\" height=\"22\">Preuve<\/td>\n<td class=\"et3\">Vue \u00e0 plat, maquette 3D, \u00e9chantillonnage physique (sur demande)<\/td>\n<\/tr>\n<\/tbody>\n<\/table>\n<p>&nbsp;<\/p>\n<div class=\"widget block block-static-block\">\n<div class=\"landing-page-section option-bottom\">\n<div class=\"custom-materials-tabs-content container container-adjustment\">\n<div class=\"custom-materials-tab-content active\">\n<div class=\"widget block block-static-block\">\n<div class=\"options-items\">\n<div class=\"flex-grid-row-option\">\n<div class=\"flex-grid-item-option\">\n<div class=\"material-box\">\n<div class=\"material-des\">\n<p>&nbsp;<\/p>\n<\/div>\n<p>&nbsp;<\/p>\n<\/div>\n<\/div>\n<\/div>\n<\/div>\n<p><!---end of option item--><\/p>\n<\/div>\n<\/div>\n<\/div>\n<\/div>\n<\/div>","protected":false},"excerpt":{"rendered":"<p>Bo\u00eete de montre intelligente personnalis\u00e9e avec couvercle et bo\u00eete de base, flexible pour s'adapter \u00e0 toutes les tailles, livraison directe de l'usine chinoise, assurance qualit\u00e9<\/p>","protected":false},"featured_media":4527,"template":"","meta":[],"product_brand":[],"product_cat":[30,413,425,31],"product_tag":[299,558,559],"class_list":{"0":"post-4525","1":"product","2":"type-product","3":"status-publish","4":"has-post-thumbnail","6":"product_cat-by-industry","7":"product_cat-consumer-electronics-boxes","8":"product_cat-lid-and-base-gift-box","9":"product_cat-paper-box-style","10":"product_tag-custom-smart-watch-boxes","11":"product_tag-premium-smart-watch-boxes","12":"product_tag-watch-boxes-wholesale","14":"first","15":"instock","16":"shipping-taxable","17":"product-type-grouped"},"_links":{"self":[{"href":"https:\/\/zojopackaging.com\/fr\/wp-json\/wp\/v2\/product\/4525","targetHints":{"allow":["GET"]}}],"collection":[{"href":"https:\/\/zojopackaging.com\/fr\/wp-json\/wp\/v2\/product"}],"about":[{"href":"https:\/\/zojopackaging.com\/fr\/wp-json\/wp\/v2\/types\/product"}],"version-history":[{"count":2,"href":"https:\/\/zojopackaging.com\/fr\/wp-json\/wp\/v2\/product\/4525\/revisions"}],"predecessor-version":[{"id":8103,"href":"https:\/\/zojopackaging.com\/fr\/wp-json\/wp\/v2\/product\/4525\/revisions\/8103"}],"wp:featuredmedia":[{"embeddable":true,"href":"https:\/\/zojopackaging.com\/fr\/wp-json\/wp\/v2\/media\/4527"}],"wp:attachment":[{"href":"https:\/\/zojopackaging.com\/fr\/wp-json\/wp\/v2\/media?parent=4525"}],"wp:term":[{"taxonomy":"product_brand","embeddable":true,"href":"https:\/\/zojopackaging.com\/fr\/wp-json\/wp\/v2\/product_brand?post=4525"},{"taxonomy":"product_cat","embeddable":true,"href":"https:\/\/zojopackaging.com\/fr\/wp-json\/wp\/v2\/product_cat?post=4525"},{"taxonomy":"product_tag","embeddable":true,"href":"https:\/\/zojopackaging.com\/fr\/wp-json\/wp\/v2\/product_tag?post=4525"}],"curies":[{"name":"wp","href":"https:\/\/api.w.org\/{rel}","templated":true}]}}