{"id":4544,"date":"2024-03-22T16:47:04","date_gmt":"2024-03-22T08:47:04","guid":{"rendered":"https:\/\/zojopackaging.com\/?post_type=product&#038;p=4544"},"modified":"2025-03-24T17:01:42","modified_gmt":"2025-03-24T09:01:42","slug":"custom-printing-gift-packaging-box","status":"publish","type":"product","link":"https:\/\/zojopackaging.com\/fr\/product\/custom-printing-gift-packaging-box\/","title":{"rendered":"Bo\u00eetes \u00e0 bijoux \u00e9l\u00e9gantes et personnalis\u00e9es avec fen\u00eatre Wholesale"},"content":{"rendered":"<h1 class=\"self-content-pre-ca33f6\">Bo\u00eetes \u00e0 bijoux \u00e9l\u00e9gantes et personnalis\u00e9es avec fen\u00eatre Wholesale<\/h1>\n<p>La bo\u00eete d'emballage cadeau \u00e0 impression personnalis\u00e9e est un contenant polyvalent et personnalis\u00e9 con\u00e7u pour am\u00e9liorer la pr\u00e9sentation et la protection de divers articles cadeaux. Ces bo\u00eetes d'emballage sont con\u00e7ues de mani\u00e8re unique pour r\u00e9pondre aux besoins et aux pr\u00e9f\u00e9rences sp\u00e9cifiques des clients, ce qui permet d'incorporer des designs, des \u00e9l\u00e9ments de marque et des messages personnalis\u00e9s dans l'emballage.<\/p>\n<p>Le design de la bo\u00eete d'emballage cadeau \u00e0 impression personnalis\u00e9e est enti\u00e8rement personnalisable, ce qui permet aux clients de choisir la taille, la forme, la couleur, les graphiques et le texte qui repr\u00e9sentent le mieux le cadeau et le destinataire. Que ce soit pour des occasions sp\u00e9ciales comme les anniversaires, les mariages, les f\u00eates ou les \u00e9v\u00e9nements d'entreprise, l'impression personnalis\u00e9e permet d'apporter une touche vraiment unique et personnalis\u00e9e \u00e0 l'emballage.<\/p>\n<p>Fabriqu\u00e9e \u00e0 partir de mat\u00e9riaux de haute qualit\u00e9, la bo\u00eete d'emballage cadeau \u00e0 impression personnalis\u00e9e offre durabilit\u00e9 et protection aux articles cadeaux qu'elle contient. La construction robuste garantit que le contenu est sauvegard\u00e9 pendant le transport et la manipulation, conservant son \u00e9tat impeccable jusqu'\u00e0 ce qu'il soit pr\u00e9sent\u00e9 au destinataire.<\/p>\n<p>En outre, la bo\u00eete d'emballage peut \u00eatre personnalis\u00e9e avec des inserts, des compartiments ou des rembourrages pour maintenir les articles en place et \u00e9viter qu'ils ne se d\u00e9placent ou ne s'ab\u00eement. Le cadeau est ainsi magnifiquement pr\u00e9sent\u00e9 \u00e0 l'ouverture de la bo\u00eete, ce qui ajoute \u00e0 l'enthousiasme et \u00e0 la joie de recevoir un cadeau personnalis\u00e9.<\/p>\n<h1><strong>Sp\u00e9cifications<\/strong><\/h1>\n<div class=\"widget block block-static-block\">\n<div class=\"landing-page-section option-bottom\">\n<div class=\"custom-materials-tabs-content container container-adjustment\">\n<div class=\"custom-materials-tab-content active\">\n<div class=\"widget block block-static-block\">\n<div class=\"options-items\">\n<div class=\"flex-grid-row-option\">\n<div class=\"flex-grid-item-option\">\n<div class=\"material-box\">\n<div class=\"material-des\">\n<table style=\"border-collapse: collapse; width: 759.02pt;\" border=\"0\" width=\"1012\" cellspacing=\"0\" cellpadding=\"0\">\n<tbody>\n<tr style=\"height: 16.50pt;\">\n<td class=\"et3\" style=\"height: 16.50pt; width: 379.50pt;\" width=\"506\" height=\"22\">Dimensions<\/td>\n<td class=\"et3\" style=\"width: 379.50pt;\" width=\"506\">Toutes les tailles et formes personnalis\u00e9es<\/td>\n<\/tr>\n<tr style=\"height: 16.50pt;\">\n<td class=\"et3\" style=\"height: 16.50pt;\" height=\"22\">Quantit\u00e9 minimale<\/td>\n<td class=\"et3\">500 pi\u00e8ces<\/td>\n<\/tr>\n<tr style=\"height: 16.50pt;\">\n<td class=\"et3\" style=\"height: 16.50pt;\" height=\"22\">Processus par d\u00e9faut<\/td>\n<td class=\"et3\">D\u00e9coupage, collage, rainurage, perforation<\/td>\n<\/tr>\n<tr style=\"height: 16.50pt;\">\n<td class=\"et3\" style=\"height: 16.50pt;\" height=\"22\">Impression<\/td>\n<td class=\"et3\">Cmyk, pms, pas d'impression<\/td>\n<\/tr>\n<tr style=\"height: 16.50pt;\">\n<td class=\"et3\" style=\"height: 16.50pt;\" height=\"22\">Option mat\u00e9riau<\/td>\n<td class=\"et3\">Papier cartonn\u00e9 blanc, papier couch\u00e9, papier d'art, papier kraft, carton ivoire, carton recto-verso, papier sp\u00e9cial, etc.<\/td>\n<\/tr>\n<tr style=\"height: 17.25pt;\">\n<td class=\"et3\" style=\"height: 17.25pt;\" height=\"23\">Finition de surface<\/td>\n<td class=\"et4\" style=\"width: 379.50pt;\" width=\"506\">Pelliculage mat\/brillant, gaufrage par points, gaufrage, dorure, etc.<\/td>\n<\/tr>\n<tr style=\"height: 17.25pt;\">\n<td class=\"et4\" style=\"height: 17.25pt; width: 379.50pt;\" width=\"506\" height=\"23\">Utilisation dans l'industrie<\/td>\n<td class=\"et4\" style=\"width: 379.50pt;\" width=\"506\">cosm\u00e9tiques, parfums, v\u00eatements, bijoux, tabac, produits alimentaires, cadeaux et produits de consommation courante,<\/td>\n<\/tr>\n<tr style=\"height: 34.50pt;\">\n<td class=\"et4\" style=\"height: 34.50pt; width: 379.50pt;\" width=\"506\" height=\"46\">Contr\u00f4le de la qualit\u00e9<\/td>\n<td class=\"et4\" style=\"width: 379.50pt;\" width=\"506\">Des \u00e9quipements de pointe et une \u00e9quipe de contr\u00f4le qualit\u00e9 exp\u00e9riment\u00e9e v\u00e9rifient rigoureusement les mat\u00e9riaux, les produits semi-finis et les produits finis \u00e0 chaque \u00e9tape avant la mise sur le march\u00e9.<\/td>\n<\/tr>\n<tr style=\"height: 34.50pt;\">\n<td class=\"et4\" style=\"height: 34.50pt; width: 379.50pt;\" width=\"506\" height=\"46\">Prix<\/td>\n<td class=\"et4\" style=\"width: 379.50pt;\" width=\"506\">Le prix final sera adapt\u00e9 \u00e0 votre produit et \u00e0 la quantit\u00e9 souhait\u00e9e.<\/td>\n<\/tr>\n<tr style=\"height: 16.50pt;\">\n<td class=\"et3\" style=\"height: 16.50pt;\" height=\"22\">D\u00e9lai d'ex\u00e9cution<\/td>\n<td class=\"et3\">7-14 jours ouvrables, urgent<\/td>\n<\/tr>\n<tr style=\"height: 16.50pt;\">\n<td class=\"et3\" style=\"height: 16.50pt;\" height=\"22\">Papier de base<\/td>\n<td class=\"et3\">10pt \u00e0 28pt (60lb \u00e0 400lb) Kraft \u00e9cologique, carton ondul\u00e9 e-flute, carton bux, papier cartonn\u00e9<\/td>\n<\/tr>\n<tr style=\"height: 16.50pt;\">\n<td class=\"et3\" style=\"height: 16.50pt;\" height=\"22\">Preuve<\/td>\n<td class=\"et3\">Vue \u00e0 plat, maquette 3D, \u00e9chantillonnage physique (sur demande)<\/td>\n<\/tr>\n<\/tbody>\n<\/table>\n<\/div>\n<\/div>\n<\/div>\n<\/div>\n<\/div>\n<\/div>\n<\/div>\n<\/div>\n<\/div>\n<\/div>\n<div class=\"widget block block-static-block\">\n<div class=\"landing-page-section option-bottom\">\n<div class=\"custom-materials-tabs-content container container-adjustment\">\n<div class=\"custom-materials-tab-content active\">\n<div class=\"widget block block-static-block\">\n<div class=\"options-items\">\n<div class=\"flex-grid-row-option\">\n<div class=\"flex-grid-item-option\">\n<div class=\"material-box\">\n<p>&nbsp;<\/p>\n<\/div>\n<\/div>\n<\/div>\n<\/div>\n<p><!---end of option item--><\/p>\n<\/div>\n<\/div>\n<\/div>\n<\/div>\n<\/div>","protected":false},"excerpt":{"rendered":"<p>Mettez vos bijoux en valeur avec style gr\u00e2ce aux bo\u00eetes \u00e0 colliers \u00e0 fen\u00eatre, qui pr\u00e9sentent une finition mate et des accents de feuille d'argent. Les tailles personnalisables, les inserts d\u00e9coup\u00e9s avec pr\u00e9cision et l'impression fid\u00e8le aux couleurs garantissent l'\u00e9clat de vos cr\u00e9ations. Un m\u00e9lange parfait de luxe et de fonctionnalit\u00e9.<\/p>","protected":false},"featured_media":4552,"template":"","meta":[],"product_brand":[],"product_cat":[30,415,425,31],"product_tag":[577,575,576],"class_list":{"0":"post-4544","1":"product","2":"type-product","3":"status-publish","4":"has-post-thumbnail","6":"product_cat-by-industry","7":"product_cat-custom-jewelry-boxes-by-industry","8":"product_cat-lid-and-base-gift-box","9":"product_cat-paper-box-style","10":"product_tag-custom-jewelry-necklace-boxes","11":"product_tag-jewelry-boxes-wholesale","12":"product_tag-necklace-boxes-wholesale","14":"first","15":"instock","16":"shipping-taxable","17":"product-type-grouped"},"_links":{"self":[{"href":"https:\/\/zojopackaging.com\/fr\/wp-json\/wp\/v2\/product\/4544","targetHints":{"allow":["GET"]}}],"collection":[{"href":"https:\/\/zojopackaging.com\/fr\/wp-json\/wp\/v2\/product"}],"about":[{"href":"https:\/\/zojopackaging.com\/fr\/wp-json\/wp\/v2\/types\/product"}],"version-history":[{"count":2,"href":"https:\/\/zojopackaging.com\/fr\/wp-json\/wp\/v2\/product\/4544\/revisions"}],"predecessor-version":[{"id":8110,"href":"https:\/\/zojopackaging.com\/fr\/wp-json\/wp\/v2\/product\/4544\/revisions\/8110"}],"wp:featuredmedia":[{"embeddable":true,"href":"https:\/\/zojopackaging.com\/fr\/wp-json\/wp\/v2\/media\/4552"}],"wp:attachment":[{"href":"https:\/\/zojopackaging.com\/fr\/wp-json\/wp\/v2\/media?parent=4544"}],"wp:term":[{"taxonomy":"product_brand","embeddable":true,"href":"https:\/\/zojopackaging.com\/fr\/wp-json\/wp\/v2\/product_brand?post=4544"},{"taxonomy":"product_cat","embeddable":true,"href":"https:\/\/zojopackaging.com\/fr\/wp-json\/wp\/v2\/product_cat?post=4544"},{"taxonomy":"product_tag","embeddable":true,"href":"https:\/\/zojopackaging.com\/fr\/wp-json\/wp\/v2\/product_tag?post=4544"}],"curies":[{"name":"wp","href":"https:\/\/api.w.org\/{rel}","templated":true}]}}