{"id":4666,"date":"2024-03-25T10:39:37","date_gmt":"2024-03-25T02:39:37","guid":{"rendered":"https:\/\/zojopackaging.com\/?post_type=product&#038;p=4666"},"modified":"2025-03-25T14:54:16","modified_gmt":"2025-03-25T06:54:16","slug":"custom-luxury-paper-packaging-bag","status":"publish","type":"product","link":"https:\/\/zojopackaging.com\/fr\/product\/custom-luxury-paper-packaging-bag\/","title":{"rendered":"Bo\u00eete cadeau rigide \u00e0 poign\u00e9e de luxe Fabricants de bo\u00eetes OEM"},"content":{"rendered":"<h1 class=\"auto-hide-last-sibling-br paragraph-u1TS5p paragraph-element br-paragraph-space\">Bo\u00eete cadeau \u00e0 poign\u00e9e rigide et luxueuse Fabricants de bo\u00eetes OEM<\/h1>\n<div class=\"auto-hide-last-sibling-br paragraph-u1TS5p paragraph-element br-paragraph-space\">Vous \u00eates \u00e0 la recherche de sacs en papier imprim\u00e9s de luxe pour votre magasin ou pour une occasion sp\u00e9ciale ? Optez alors pour nos sacs en papier de luxe personnalis\u00e9s. Les sacs en papier de luxe sont la cr\u00e8me de la cr\u00e8me des sacs en papier et peuvent \u00eatre compos\u00e9s selon vos souhaits. Pensez \u00e0 la taille, au mat\u00e9riau, aux boucles ou aux poign\u00e9es, \u00e0 un \u00e9l\u00e9gant ruban de fermeture et aux possibilit\u00e9s d'impression avec des finitions luxueuses. Vous pr\u00e9f\u00e9rez imprimer des sacs en papier de luxe \u00e9cologiques ? Dans ce cas, les sacs en papier de luxe fabriqu\u00e9s \u00e0 partir de papier \u00e9cologique (par exemple du papier recycl\u00e9 ou du papier certifi\u00e9 FSC\u00ae) sont une bonne option. Consultez toutes les options des sacs en papier de luxe ci-dessous.<\/div>\n<div>\n<h1><strong>Sp\u00e9cifications<\/strong><\/h1>\n<table style=\"border-collapse: collapse; width: 759.02pt;\" border=\"0\" width=\"1012\" cellspacing=\"0\" cellpadding=\"0\">\n<tbody>\n<tr style=\"height: 16.50pt;\">\n<td class=\"et3\" style=\"height: 16.50pt; width: 379.50pt;\" width=\"506\" height=\"22\">Dimensions<\/td>\n<td class=\"et3\" style=\"width: 379.50pt;\" width=\"506\">Toutes les tailles et formes personnalis\u00e9es<\/td>\n<\/tr>\n<tr style=\"height: 16.50pt;\">\n<td class=\"et3\" style=\"height: 16.50pt;\" height=\"22\">Quantit\u00e9 minimale<\/td>\n<td class=\"et3\">500pcs<\/td>\n<\/tr>\n<tr style=\"height: 16.50pt;\">\n<td class=\"et3\" style=\"height: 16.50pt;\" height=\"22\">Processus par d\u00e9faut<\/td>\n<td class=\"et3\">D\u00e9coupage, collage, rainurage, perforation<\/td>\n<\/tr>\n<tr style=\"height: 16.50pt;\">\n<td class=\"et3\" style=\"height: 16.50pt;\" height=\"22\">Impression<\/td>\n<td class=\"et3\">Cmyk, pms, pas d'impression<\/td>\n<\/tr>\n<tr style=\"height: 16.50pt;\">\n<td class=\"et3\" style=\"height: 16.50pt;\" height=\"22\">Option mat\u00e9riau<\/td>\n<td class=\"et3\">Papier cartonn\u00e9 blanc, papier couch\u00e9, papier d'art, papier kraft, carton ivoire, carton recto-verso, papier sp\u00e9cial, etc.<\/td>\n<\/tr>\n<tr style=\"height: 17.25pt;\">\n<td class=\"et3\" style=\"height: 17.25pt;\" height=\"23\">Finition de surface<\/td>\n<td class=\"et4\" style=\"width: 379.50pt;\" width=\"506\">Pelliculage mat\/brillant, gaufrage par points, gaufrage, dorure, etc.<\/td>\n<\/tr>\n<tr style=\"height: 17.25pt;\">\n<td class=\"et4\" style=\"height: 17.25pt; width: 379.50pt;\" width=\"506\" height=\"23\">Utilisation dans l'industrie<\/td>\n<td class=\"et4\" style=\"width: 379.50pt;\" width=\"506\">cosm\u00e9tiques, parfums, v\u00eatements, bijoux, tabac, produits alimentaires, cadeaux et produits de consommation courante,<\/td>\n<\/tr>\n<tr style=\"height: 34.50pt;\">\n<td class=\"et4\" style=\"height: 34.50pt; width: 379.50pt;\" width=\"506\" height=\"46\">Contr\u00f4le de la qualit\u00e9<\/td>\n<td class=\"et4\" style=\"width: 379.50pt;\" width=\"506\">Des \u00e9quipements de pointe et une \u00e9quipe de contr\u00f4le qualit\u00e9 exp\u00e9riment\u00e9e v\u00e9rifient rigoureusement les mat\u00e9riaux, les produits semi-finis et les produits finis \u00e0 chaque \u00e9tape avant la mise sur le march\u00e9.<\/td>\n<\/tr>\n<tr style=\"height: 34.50pt;\">\n<td class=\"et4\" style=\"height: 34.50pt; width: 379.50pt;\" width=\"506\" height=\"46\">Prix<\/td>\n<td class=\"et4\" style=\"width: 379.50pt;\" width=\"506\">Le prix final sera adapt\u00e9 \u00e0 votre produit et \u00e0 la quantit\u00e9 souhait\u00e9e.<\/td>\n<\/tr>\n<tr style=\"height: 16.50pt;\">\n<td class=\"et3\" style=\"height: 16.50pt;\" height=\"22\">D\u00e9lai d'ex\u00e9cution<\/td>\n<td class=\"et3\">7-14 jours ouvrables, urgent<\/td>\n<\/tr>\n<tr style=\"height: 16.50pt;\">\n<td class=\"et3\" style=\"height: 16.50pt;\" height=\"22\">Papier de base<\/td>\n<td class=\"et3\">10pt \u00e0 28pt (60lb \u00e0 400lb) Kraft \u00e9cologique, carton ondul\u00e9 e-flute, carton bux, papier cartonn\u00e9<\/td>\n<\/tr>\n<tr style=\"height: 16.50pt;\">\n<td class=\"et3\" style=\"height: 16.50pt;\" height=\"22\">Preuve<\/td>\n<td class=\"et3\">Vue \u00e0 plat, maquette 3D, \u00e9chantillonnage physique (sur demande)<\/td>\n<\/tr>\n<\/tbody>\n<\/table>\n<\/div>\n<h2 class=\"auto-hide-last-sibling-br paragraph-u1TS5p paragraph-element br-paragraph-space\">Caract\u00e9ristiques principales<\/h2>\n<ol class=\"auto-hide-last-sibling-br\">\n<li>Mat\u00e9riaux de premi\u00e8re qualit\u00e9 : Fabriqu\u00e9s \u00e0 partir de papier de la plus haute qualit\u00e9, nos sacs de luxe offrent une exp\u00e9rience tactile et visuelle qui respire l'opulence. Choisissez parmi une s\u00e9lection de papiers de qualit\u00e9 sup\u00e9rieure, y compris des options textur\u00e9es, gaufr\u00e9es ou couch\u00e9es, pour cr\u00e9er un aspect et un toucher distinctifs.<\/li>\n<li>D\u00e9tails complexes : Chaque aspect de ces sacs est m\u00e9ticuleusement con\u00e7u, depuis les coutures pr\u00e9cises jusqu'aux garnitures et accents d\u00e9licats. Des techniques de gaufrage, d'estampage et de d\u00e9bossage peuvent \u00eatre utilis\u00e9es pour ajouter de la profondeur et de la texture au logo de votre marque ou \u00e0 des \u00e9l\u00e9ments de conception.<\/li>\n<li>Formes et tailles personnalis\u00e9es : Adaptez les sacs \u00e0 vos besoins sp\u00e9cifiques, en veillant \u00e0 ce qu'ils conviennent parfaitement \u00e0 vos produits. Que vous ayez besoin d'une forme rectangulaire \u00e9l\u00e9gante ou d'une forme personnalis\u00e9e unique, nos capacit\u00e9s de fabrication offrent des possibilit\u00e9s illimit\u00e9es.<\/li>\n<li>Am\u00e9lioration de l'int\u00e9rieur : Choyez vos produits avec un int\u00e9rieur somptueux. Les options comprennent des doublures en tissu doux, des rubans de satin ou des compartiments personnalis\u00e9s pour offrir une protection suppl\u00e9mentaire et une touche luxueuse.<\/li>\n<li>Options de marquage : Faites preuve d'audace en pla\u00e7ant votre marque bien en \u00e9vidence. Nos technologies d'impression avanc\u00e9es garantissent que votre logo, les couleurs de votre marque et votre message sont affich\u00e9s avec pr\u00e9cision et clart\u00e9, cr\u00e9ant ainsi une impression durable sur vos clients.<\/li>\n<li>Durabilit\u00e9 et solidit\u00e9 : Malgr\u00e9 leur aspect luxueux, nos sacs sont con\u00e7us pour \u00eatre durables et fonctionnels. Des poign\u00e9es renforc\u00e9es et une construction robuste leur permettent de supporter le poids de vos produits tout en conservant leur \u00e9l\u00e9gance.<\/li>\n<\/ol>\n<h2 class=\"auto-hide-last-sibling-br paragraph-u1TS5p paragraph-element br-paragraph-space\">Processus de commande<\/h2>\n<div class=\"auto-hide-last-sibling-br paragraph-u1TS5p paragraph-element br-paragraph-space\">Notre \u00e9quipe d'experts est l\u00e0 pour vous guider tout au long du processus de personnalisation. Des discussions sur le concept initial \u00e0 la production finale, nous travaillons en \u00e9troite collaboration avec vous pour donner vie \u00e0 votre vision. Nous proposons des \u00e9chantillons et des prototypes pour examen et approbation, afin de garantir que le produit final d\u00e9passe vos attentes.<\/div>\n<h2 class=\"auto-hide-last-sibling-br paragraph-u1TS5p paragraph-element br-paragraph-space\">D\u00e9lai de livraison<\/h2>\n<div class=\"auto-hide-last-sibling-br paragraph-u1TS5p paragraph-element br-paragraph-space\">Nous comprenons l'importance d'une livraison rapide pour r\u00e9pondre aux besoins de votre entreprise. Nos syst\u00e8mes de production et de logistique efficaces garantissent que vos sacs d'emballage en papier de luxe personnalis\u00e9s sont livr\u00e9s dans les d\u00e9lais convenus, ce qui vous permet de les int\u00e9grer en toute transparence dans vos activit\u00e9s.<\/div>\n<div class=\"widget block block-static-block\">\n<div class=\"landing-page-section option-bottom\">\n<div class=\"custom-materials-tabs-content container container-adjustment\">\n<div class=\"custom-materials-tab-content active\">\n<div class=\"widget block block-static-block\">\n<div class=\"options-items\">\n<div class=\"flex-grid-row-option\">\n<div class=\"flex-grid-item-option\">\n<div class=\"material-box\">\n<p>&nbsp;<\/p>\n<\/div>\n<\/div>\n<\/div>\n<\/div>\n<p><!---end of option item--><\/p>\n<\/div>\n<\/div>\n<\/div>\n<\/div>\n<\/div>","protected":false},"excerpt":{"rendered":"<p>-Votre bo\u00eete sera : Rigide, luxueuse, haut de gamme, de marque<br \/>\n-Type de mat\u00e9riau : Respectueux de l'environnement, certifi\u00e9 FSC, ISO, BSCI<br \/>\n-Personnalisation : Possibilit\u00e9 de personnaliser la taille\/l'impression\/le mat\u00e9riau\/la finition\/la forme, etc.<br \/>\n-Temps de production : \u00c9chantillon 1-3 jours ; Vrac 7-9 jours D\u00e9lai d'exp\u00e9dition : Express 3-7 jours ; Air 12-16 jours ; Bateau 25-30 jours\uff08Diff\u00e9rents pays ont des d\u00e9lais diff\u00e9rents)<br \/>\n-Prix : Contactez-nous pour envoyer votre demande<\/p>","protected":false},"featured_media":4669,"template":"","meta":[],"product_brand":[],"product_cat":[30,414,390,424,31],"product_tag":[615,280,613,614],"class_list":{"0":"post-4666","1":"product","2":"type-product","3":"status-publish","4":"has-post-thumbnail","6":"product_cat-by-industry","7":"product_cat-custom-apparel-boxes","8":"product_cat-custom-cosmetics-boxes","9":"product_cat-magnetic-closure-boxes","10":"product_cat-paper-box-style","11":"product_tag-brand-box","12":"product_tag-custom-rigid-boxes","13":"product_tag-handle-gift-box","14":"product_tag-oem-boxes-manufacturers","16":"first","17":"instock","18":"shipping-taxable","19":"product-type-grouped"},"_links":{"self":[{"href":"https:\/\/zojopackaging.com\/fr\/wp-json\/wp\/v2\/product\/4666","targetHints":{"allow":["GET"]}}],"collection":[{"href":"https:\/\/zojopackaging.com\/fr\/wp-json\/wp\/v2\/product"}],"about":[{"href":"https:\/\/zojopackaging.com\/fr\/wp-json\/wp\/v2\/types\/product"}],"version-history":[{"count":2,"href":"https:\/\/zojopackaging.com\/fr\/wp-json\/wp\/v2\/product\/4666\/revisions"}],"predecessor-version":[{"id":8213,"href":"https:\/\/zojopackaging.com\/fr\/wp-json\/wp\/v2\/product\/4666\/revisions\/8213"}],"wp:featuredmedia":[{"embeddable":true,"href":"https:\/\/zojopackaging.com\/fr\/wp-json\/wp\/v2\/media\/4669"}],"wp:attachment":[{"href":"https:\/\/zojopackaging.com\/fr\/wp-json\/wp\/v2\/media?parent=4666"}],"wp:term":[{"taxonomy":"product_brand","embeddable":true,"href":"https:\/\/zojopackaging.com\/fr\/wp-json\/wp\/v2\/product_brand?post=4666"},{"taxonomy":"product_cat","embeddable":true,"href":"https:\/\/zojopackaging.com\/fr\/wp-json\/wp\/v2\/product_cat?post=4666"},{"taxonomy":"product_tag","embeddable":true,"href":"https:\/\/zojopackaging.com\/fr\/wp-json\/wp\/v2\/product_tag?post=4666"}],"curies":[{"name":"wp","href":"https:\/\/api.w.org\/{rel}","templated":true}]}}