{"id":4672,"date":"2024-03-25T10:45:33","date_gmt":"2024-03-25T02:45:33","guid":{"rendered":"https:\/\/zojopackaging.com\/?post_type=product&#038;p=4672"},"modified":"2025-03-27T20:02:46","modified_gmt":"2025-03-27T12:02:46","slug":"alushee-corrugated-packaging-box","status":"publish","type":"product","link":"https:\/\/zojopackaging.com\/fr\/product\/alushee-corrugated-packaging-box\/","title":{"rendered":"Machine \u00e0 \u00e9piler Distribution de bo\u00eetes en carton ondul\u00e9 Kraft"},"content":{"rendered":"<h1 class=\"self-content-pre-ca33f6\">Machine \u00e0 \u00e9piler Distribution de bo\u00eetes en carton ondul\u00e9 Kraft<\/h1>\n<p>La bo\u00eete d'emballage en carton ondul\u00e9 Alushee pour l'\u00e9pilation est une solution d'emballage sp\u00e9cialis\u00e9e, con\u00e7ue sp\u00e9cifiquement pour les produits d'\u00e9pilation.<\/p>\n<p><strong>Les principales caract\u00e9ristiques de la bo\u00eete d'emballage en carton ondul\u00e9 Alushee pour l'\u00e9pilation sont les suivantes :<\/strong><\/p>\n<ul>\n<li>Sp\u00e9cifiquement con\u00e7u pour les produits d'\u00e9pilation, il garantit une adaptation parfaite et une protection optimale.<\/li>\n<li>Mat\u00e9riau ondul\u00e9 durable, robuste et r\u00e9sistant aux dommages<\/li>\n<li>Options personnalisables pour la taille, les d\u00e9tails de conception et la marque afin de r\u00e9pondre \u00e0 vos besoins sp\u00e9cifiques<\/li>\n<li>Id\u00e9al pour emballer les cr\u00e8mes d'\u00e9pilation, les kits d'\u00e9pilation \u00e0 la cire, les rasoirs et autres produits connexes.<\/li>\n<li>Donne un aspect professionnel et coh\u00e9rent \u00e0 votre gamme de produits d'\u00e9pilation.<\/li>\n<\/ul>\n<p>Que vous soyez un fabricant de produits d'\u00e9pilation \u00e0 la recherche d'une solution d'emballage fiable ou un d\u00e9taillant souhaitant am\u00e9liorer la pr\u00e9sentation de vos produits d'\u00e9pilation, la bo\u00eete d'emballage en carton ondul\u00e9 Alushee Hair Removal est le choix id\u00e9al.<\/p>\n<h1><strong>Sp\u00e9cifications<\/strong><\/h1>\n<table style=\"border-collapse: collapse; width: 759.02pt;\" border=\"0\" width=\"1012\" cellspacing=\"0\" cellpadding=\"0\">\n<tbody>\n<tr style=\"height: 16.50pt;\">\n<td class=\"et3\" style=\"height: 16.50pt; width: 379.50pt;\" width=\"506\" height=\"22\">Dimensions<\/td>\n<td class=\"et3\" style=\"width: 379.50pt;\" width=\"506\">Toutes les tailles et formes personnalis\u00e9es<\/td>\n<\/tr>\n<tr style=\"height: 16.50pt;\">\n<td class=\"et3\" style=\"height: 16.50pt;\" height=\"22\">Quantit\u00e9 minimale<\/td>\n<td class=\"et3\">500 pi\u00e8ces<\/td>\n<\/tr>\n<tr style=\"height: 16.50pt;\">\n<td class=\"et3\" style=\"height: 16.50pt;\" height=\"22\">Processus par d\u00e9faut<\/td>\n<td class=\"et3\">D\u00e9coupage, collage, rainurage, perforation<\/td>\n<\/tr>\n<tr style=\"height: 16.50pt;\">\n<td class=\"et3\" style=\"height: 16.50pt;\" height=\"22\">Impression<\/td>\n<td class=\"et3\">Cmyk, pms, pas d'impression<\/td>\n<\/tr>\n<tr style=\"height: 16.50pt;\">\n<td class=\"et3\" style=\"height: 16.50pt;\" height=\"22\">Option mat\u00e9riau<\/td>\n<td class=\"et3\">Papier cartonn\u00e9 blanc, papier couch\u00e9, papier d'art, papier kraft, carton ivoire, carton recto-verso, papier sp\u00e9cial, etc.<\/td>\n<\/tr>\n<tr style=\"height: 17.25pt;\">\n<td class=\"et3\" style=\"height: 17.25pt;\" height=\"23\">Finition de surface<\/td>\n<td class=\"et4\" style=\"width: 379.50pt;\" width=\"506\">Pelliculage mat\/brillant, gaufrage par points, gaufrage, dorure, etc.<\/td>\n<\/tr>\n<tr style=\"height: 17.25pt;\">\n<td class=\"et4\" style=\"height: 17.25pt; width: 379.50pt;\" width=\"506\" height=\"23\">Utilisation dans l'industrie<\/td>\n<td class=\"et4\" style=\"width: 379.50pt;\" width=\"506\">cosm\u00e9tiques, parfums, v\u00eatements, bijoux, tabac, produits alimentaires, cadeaux et produits de consommation courante,<\/td>\n<\/tr>\n<tr style=\"height: 34.50pt;\">\n<td class=\"et4\" style=\"height: 34.50pt; width: 379.50pt;\" width=\"506\" height=\"46\">Contr\u00f4le de la qualit\u00e9<\/td>\n<td class=\"et4\" style=\"width: 379.50pt;\" width=\"506\">Des \u00e9quipements de pointe et une \u00e9quipe de contr\u00f4le qualit\u00e9 exp\u00e9riment\u00e9e v\u00e9rifient rigoureusement les mat\u00e9riaux, les produits semi-finis et les produits finis \u00e0 chaque \u00e9tape avant la mise sur le march\u00e9.<\/td>\n<\/tr>\n<tr style=\"height: 34.50pt;\">\n<td class=\"et4\" style=\"height: 34.50pt; width: 379.50pt;\" width=\"506\" height=\"46\">Prix<\/td>\n<td class=\"et4\" style=\"width: 379.50pt;\" width=\"506\">Le prix final sera adapt\u00e9 \u00e0 votre produit et \u00e0 la quantit\u00e9 souhait\u00e9e.<\/td>\n<\/tr>\n<tr style=\"height: 16.50pt;\">\n<td class=\"et3\" style=\"height: 16.50pt;\" height=\"22\">D\u00e9lai d'ex\u00e9cution<\/td>\n<td class=\"et3\">7-14 jours ouvrables, urgent<\/td>\n<\/tr>\n<tr style=\"height: 16.50pt;\">\n<td class=\"et3\" style=\"height: 16.50pt;\" height=\"22\">Papier de base<\/td>\n<td class=\"et3\">10pt \u00e0 28pt (60lb \u00e0 400lb) Kraft \u00e9cologique, carton ondul\u00e9 e-flute, carton bux, papier cartonn\u00e9<\/td>\n<\/tr>\n<tr style=\"height: 16.50pt;\">\n<td class=\"et3\" style=\"height: 16.50pt;\" height=\"22\">Preuve<\/td>\n<td class=\"et3\">Vue \u00e0 plat, maquette 3D, \u00e9chantillonnage physique (sur demande)<\/td>\n<\/tr>\n<\/tbody>\n<\/table>\n<div class=\"widget block block-static-block\">\n<div class=\"landing-page-section option-bottom\">\n<div class=\"custom-materials-tabs-content container container-adjustment\">\n<div class=\"custom-materials-tab-content active\">\n<div class=\"widget block block-static-block\">\n<div class=\"options-items\">\n<div class=\"flex-grid-row-option\">\n<div class=\"flex-grid-item-option\">\n<div class=\"material-box\">\n<div class=\"material-des\">\n<p>&nbsp;<\/p>\n<\/div>\n<p>&nbsp;<\/p>\n<\/div>\n<\/div>\n<\/div>\n<\/div>\n<p><!---end of option item--><\/p>\n<\/div>\n<\/div>\n<\/div>\n<\/div>\n<\/div>","protected":false},"excerpt":{"rendered":"<p>-Votre bo\u00eete sera : rentable, durable, rigide, pliable.<br \/>\n-Type de mat\u00e9riau : Respectueux de l'environnement, certifi\u00e9 FSC, ISO, BSCI<br \/>\n-Personnalisation : Possibilit\u00e9 de personnaliser la taille\/l'impression\/le mat\u00e9riau\/la finition\/la forme, etc.<br \/>\n-Temps de production : \u00c9chantillon 1-3 jours ; Vrac 7-9 jours D\u00e9lai d'exp\u00e9dition : Express 3-7 jours ; Air 12-16 jours ; Bateau 25-30 jours\uff08Diff\u00e9rents pays ont des d\u00e9lais diff\u00e9rents)<br \/>\n-Prix : Contactez-nous pour envoyer votre demande<\/p>","protected":false},"featured_media":4676,"template":"","meta":[],"product_brand":[],"product_cat":[30,413,31,433],"product_tag":[611,612,610,243],"class_list":{"0":"post-4672","1":"product","2":"type-product","3":"status-publish","4":"has-post-thumbnail","6":"product_cat-by-industry","7":"product_cat-consumer-electronics-boxes","8":"product_cat-paper-box-style","9":"product_cat-shipping-mailer-boxes","10":"product_tag-hair-removal-machine-box","11":"product_tag-kraft-corrugated-box","12":"product_tag-mailer-box-distribution","13":"product_tag-paper-box-manufacturer","15":"first","16":"instock","17":"shipping-taxable","18":"product-type-grouped"},"_links":{"self":[{"href":"https:\/\/zojopackaging.com\/fr\/wp-json\/wp\/v2\/product\/4672","targetHints":{"allow":["GET"]}}],"collection":[{"href":"https:\/\/zojopackaging.com\/fr\/wp-json\/wp\/v2\/product"}],"about":[{"href":"https:\/\/zojopackaging.com\/fr\/wp-json\/wp\/v2\/types\/product"}],"version-history":[{"count":2,"href":"https:\/\/zojopackaging.com\/fr\/wp-json\/wp\/v2\/product\/4672\/revisions"}],"predecessor-version":[{"id":8212,"href":"https:\/\/zojopackaging.com\/fr\/wp-json\/wp\/v2\/product\/4672\/revisions\/8212"}],"wp:featuredmedia":[{"embeddable":true,"href":"https:\/\/zojopackaging.com\/fr\/wp-json\/wp\/v2\/media\/4676"}],"wp:attachment":[{"href":"https:\/\/zojopackaging.com\/fr\/wp-json\/wp\/v2\/media?parent=4672"}],"wp:term":[{"taxonomy":"product_brand","embeddable":true,"href":"https:\/\/zojopackaging.com\/fr\/wp-json\/wp\/v2\/product_brand?post=4672"},{"taxonomy":"product_cat","embeddable":true,"href":"https:\/\/zojopackaging.com\/fr\/wp-json\/wp\/v2\/product_cat?post=4672"},{"taxonomy":"product_tag","embeddable":true,"href":"https:\/\/zojopackaging.com\/fr\/wp-json\/wp\/v2\/product_tag?post=4672"}],"curies":[{"name":"wp","href":"https:\/\/api.w.org\/{rel}","templated":true}]}}