{"id":4679,"date":"2024-03-25T11:00:33","date_gmt":"2024-03-25T03:00:33","guid":{"rendered":"https:\/\/zojopackaging.com\/?post_type=product&#038;p=4679"},"modified":"2025-03-24T15:03:02","modified_gmt":"2025-03-24T07:03:02","slug":"custom-underwear-airplane-box","status":"publish","type":"product","link":"https:\/\/zojopackaging.com\/fr\/product\/custom-underwear-airplane-box\/","title":{"rendered":"Sous-v\u00eatements personnalis\u00e9s V\u00eatements Mailer Bo\u00eetes d'exp\u00e9dition Fournitures"},"content":{"rendered":"<h1 class=\"self-content-pre-ca33f6\">Sous-v\u00eatements personnalis\u00e9s V\u00eatements Mailer Bo\u00eetes d'exp\u00e9dition Fournitures<\/h1>\n<p>Pr\u00e9sentation de notre <strong>Bo\u00eete d'avion pour sous-v\u00eatements personnalis\u00e9s<\/strong>une solution d'emballage unique et innovante con\u00e7ue sp\u00e9cifiquement pour l'industrie du sous-v\u00eatement.<br \/>\nChoisissez notre bo\u00eete d'avion pour sous-v\u00eatements personnalis\u00e9e pour faire une d\u00e9claration audacieuse sur le march\u00e9 et laisser une impression durable sur vos clients.<\/p>\n<p><strong>Principales caract\u00e9ristiques de la bo\u00eete d'avion pour sous-v\u00eatements personnalis\u00e9s :<\/strong><\/p>\n<ul>\n<li>Un design en forme d'avion qui attire l'attention et marque les esprits<\/li>\n<li>Construction robuste pour prot\u00e9ger le sous-v\u00eatement et maintenir sa forme<\/li>\n<li>Options personnalisables pour la taille, la couleur et les d\u00e9tails de conception afin de s'aligner sur l'esth\u00e9tique de la marque<\/li>\n<li>Id\u00e9al pour l'emballage des ensembles de sous-v\u00eatements, de la lingerie et d'autres v\u00eatements intimes<\/li>\n<li>Ajoute une touche de fantaisie et de cr\u00e9ativit\u00e9 \u00e0 l'emballage, am\u00e9liorant ainsi l'exp\u00e9rience globale du client.<\/li>\n<\/ul>\n<h1><strong>Sp\u00e9cifications<\/strong><\/h1>\n<table style=\"border-collapse: collapse; width: 759.02pt;\" border=\"0\" width=\"1012\" cellspacing=\"0\" cellpadding=\"0\">\n<tbody>\n<tr style=\"height: 16.50pt;\">\n<td class=\"et3\" style=\"height: 16.50pt; width: 379.50pt;\" width=\"506\" height=\"22\">Dimensions<\/td>\n<td class=\"et3\" style=\"width: 379.50pt;\" width=\"506\">Toutes les tailles et formes personnalis\u00e9es<\/td>\n<\/tr>\n<tr style=\"height: 16.50pt;\">\n<td class=\"et3\" style=\"height: 16.50pt;\" height=\"22\">Quantit\u00e9 minimale<\/td>\n<td class=\"et3\">500 pi\u00e8ces<\/td>\n<\/tr>\n<tr style=\"height: 16.50pt;\">\n<td class=\"et3\" style=\"height: 16.50pt;\" height=\"22\">Processus par d\u00e9faut<\/td>\n<td class=\"et3\">D\u00e9coupage, collage, rainurage, perforation<\/td>\n<\/tr>\n<tr style=\"height: 16.50pt;\">\n<td class=\"et3\" style=\"height: 16.50pt;\" height=\"22\">Impression<\/td>\n<td class=\"et3\">Cmyk, pms, pas d'impression<\/td>\n<\/tr>\n<tr style=\"height: 16.50pt;\">\n<td class=\"et3\" style=\"height: 16.50pt;\" height=\"22\">Option mat\u00e9riau<\/td>\n<td class=\"et3\">Papier cartonn\u00e9 blanc, papier couch\u00e9, papier d'art, papier kraft, carton ivoire, carton recto-verso, papier sp\u00e9cial, etc.<\/td>\n<\/tr>\n<tr style=\"height: 17.25pt;\">\n<td class=\"et3\" style=\"height: 17.25pt;\" height=\"23\">Finition de surface<\/td>\n<td class=\"et4\" style=\"width: 379.50pt;\" width=\"506\">Pelliculage mat\/brillant, gaufrage par points, gaufrage, dorure, etc.<\/td>\n<\/tr>\n<tr style=\"height: 17.25pt;\">\n<td class=\"et4\" style=\"height: 17.25pt; width: 379.50pt;\" width=\"506\" height=\"23\">Utilisation dans l'industrie<\/td>\n<td class=\"et4\" style=\"width: 379.50pt;\" width=\"506\">cosm\u00e9tiques, parfums, v\u00eatements, bijoux, tabac, produits alimentaires, cadeaux et produits de consommation courante,<\/td>\n<\/tr>\n<tr style=\"height: 34.50pt;\">\n<td class=\"et4\" style=\"height: 34.50pt; width: 379.50pt;\" width=\"506\" height=\"46\">Contr\u00f4le de la qualit\u00e9<\/td>\n<td class=\"et4\" style=\"width: 379.50pt;\" width=\"506\">Des \u00e9quipements de pointe et une \u00e9quipe de contr\u00f4le qualit\u00e9 exp\u00e9riment\u00e9e v\u00e9rifient rigoureusement les mat\u00e9riaux, les produits semi-finis et les produits finis \u00e0 chaque \u00e9tape avant la mise sur le march\u00e9.<\/td>\n<\/tr>\n<tr style=\"height: 34.50pt;\">\n<td class=\"et4\" style=\"height: 34.50pt; width: 379.50pt;\" width=\"506\" height=\"46\">Prix<\/td>\n<td class=\"et4\" style=\"width: 379.50pt;\" width=\"506\">Le prix final sera adapt\u00e9 \u00e0 votre produit et \u00e0 la quantit\u00e9 souhait\u00e9e.<\/td>\n<\/tr>\n<tr style=\"height: 16.50pt;\">\n<td class=\"et3\" style=\"height: 16.50pt;\" height=\"22\">D\u00e9lai d'ex\u00e9cution<\/td>\n<td class=\"et3\">10-12 jours ouvrables, urgent<\/td>\n<\/tr>\n<tr style=\"height: 16.50pt;\">\n<td class=\"et3\" style=\"height: 16.50pt;\" height=\"22\">Papier de base<\/td>\n<td class=\"et3\">10pt \u00e0 28pt (60lb \u00e0 400lb) Kraft \u00e9cologique, carton ondul\u00e9 e-flute, carton bux, papier cartonn\u00e9<\/td>\n<\/tr>\n<tr style=\"height: 16.50pt;\">\n<td class=\"et3\" style=\"height: 16.50pt;\" height=\"22\">Preuve<\/td>\n<td class=\"et3\">Vue \u00e0 plat, maquette 3D, \u00e9chantillonnage physique (sur demande)<\/td>\n<\/tr>\n<\/tbody>\n<\/table>\n<div class=\"widget block block-static-block\">\n<div class=\"landing-page-section option-bottom\">\n<div class=\"custom-materials-tabs-content container container-adjustment\">\n<div class=\"custom-materials-tab-content active\">\n<div class=\"widget block block-static-block\">\n<div class=\"options-items\">\n<div class=\"flex-grid-row-option\">\n<div class=\"flex-grid-item-option\">\n<div class=\"material-box\">\n<div class=\"material-des\">\n<p>&nbsp;<\/p>\n<\/div>\n<p>&nbsp;<\/p>\n<\/div>\n<\/div>\n<\/div>\n<\/div>\n<p><!---end of option item--><\/p>\n<\/div>\n<\/div>\n<\/div>\n<\/div>\n<\/div>","protected":false},"excerpt":{"rendered":"<p>Bo\u00eetes postales personnalis\u00e9es en carton ondul\u00e9 pour les v\u00eatements, impression couleur recto-verso aux couleurs du macaron pour cr\u00e9er une texture douce et l\u00e9g\u00e8re, offrant une vari\u00e9t\u00e9 de types de bo\u00eetes et de solutions de plateaux int\u00e9rieurs pour s'adapter aux cat\u00e9gories de v\u00eatements, personnalisation illimit\u00e9e de la taille, sublimation de l'exp\u00e9rience diff\u00e9renci\u00e9e de la marque.<\/p>","protected":false},"featured_media":4685,"template":"","meta":[],"product_brand":[],"product_cat":[30,414,31,433],"product_tag":[556,557,555],"class_list":{"0":"post-4679","1":"product","2":"type-product","3":"status-publish","4":"has-post-thumbnail","6":"product_cat-by-industry","7":"product_cat-custom-apparel-boxes","8":"product_cat-paper-box-style","9":"product_cat-shipping-mailer-boxes","10":"product_tag-clothing-shipping-boxes","11":"product_tag-mailer-shipping-boxes-supplies","12":"product_tag-underwear-mailer-boxes","14":"first","15":"instock","16":"shipping-taxable","17":"product-type-grouped"},"_links":{"self":[{"href":"https:\/\/zojopackaging.com\/fr\/wp-json\/wp\/v2\/product\/4679","targetHints":{"allow":["GET"]}}],"collection":[{"href":"https:\/\/zojopackaging.com\/fr\/wp-json\/wp\/v2\/product"}],"about":[{"href":"https:\/\/zojopackaging.com\/fr\/wp-json\/wp\/v2\/types\/product"}],"version-history":[{"count":2,"href":"https:\/\/zojopackaging.com\/fr\/wp-json\/wp\/v2\/product\/4679\/revisions"}],"predecessor-version":[{"id":8102,"href":"https:\/\/zojopackaging.com\/fr\/wp-json\/wp\/v2\/product\/4679\/revisions\/8102"}],"wp:featuredmedia":[{"embeddable":true,"href":"https:\/\/zojopackaging.com\/fr\/wp-json\/wp\/v2\/media\/4685"}],"wp:attachment":[{"href":"https:\/\/zojopackaging.com\/fr\/wp-json\/wp\/v2\/media?parent=4679"}],"wp:term":[{"taxonomy":"product_brand","embeddable":true,"href":"https:\/\/zojopackaging.com\/fr\/wp-json\/wp\/v2\/product_brand?post=4679"},{"taxonomy":"product_cat","embeddable":true,"href":"https:\/\/zojopackaging.com\/fr\/wp-json\/wp\/v2\/product_cat?post=4679"},{"taxonomy":"product_tag","embeddable":true,"href":"https:\/\/zojopackaging.com\/fr\/wp-json\/wp\/v2\/product_tag?post=4679"}],"curies":[{"name":"wp","href":"https:\/\/api.w.org\/{rel}","templated":true}]}}