{"id":4694,"date":"2024-03-25T11:21:56","date_gmt":"2024-03-25T03:21:56","guid":{"rendered":"https:\/\/zojopackaging.com\/?post_type=product&#038;p=4694"},"modified":"2025-03-25T14:43:52","modified_gmt":"2025-03-25T06:43:52","slug":"earphone-speaker-mailing-packaging-box","status":"publish","type":"product","link":"https:\/\/zojopackaging.com\/fr\/product\/earphone-speaker-mailing-packaging-box\/","title":{"rendered":"Personnalisation Bo\u00eete postale en carton ondul\u00e9 pour haut-parleurs Fournisseur"},"content":{"rendered":"<h1 class=\"self-content-pre-ca33f6\">Personnalisation Bo\u00eete postale en carton ondul\u00e9 pour haut-parleurs Fournisseur<\/h1>\n<p>La bo\u00eete d'emballage postal pour \u00e9couteurs et haut-parleurs est une solution d'emballage polyvalente et s\u00fbre, con\u00e7ue sp\u00e9cifiquement pour l'exp\u00e9dition d'\u00e9couteurs et de haut-parleurs.<\/p>\n<p><strong>Les principales caract\u00e9ristiques de la bo\u00eete d'emballage postal pour \u00e9couteurs et haut-parleurs sont les suivantes :<\/strong><\/p>\n<ul>\n<li>Construction robuste avec rembourrage de protection pour \u00e9viter les dommages pendant le transport<\/li>\n<li>Options personnalisables pour la taille, le design et la marque afin de s'aligner sur l'esth\u00e9tique de votre entreprise<\/li>\n<li>Id\u00e9al pour l'emballage et l'exp\u00e9dition d'\u00e9couteurs, de casques, de haut-parleurs et d'autres accessoires audio.<\/li>\n<li>M\u00e9canismes de fermeture s\u00e9curis\u00e9s pour maintenir les articles en place et les prot\u00e9ger des \u00e9l\u00e9ments ext\u00e9rieurs<\/li>\n<li>Conception l\u00e9g\u00e8re pour minimiser les co\u00fbts d'exp\u00e9dition tout en assurant une protection ad\u00e9quate<\/li>\n<\/ul>\n<h1><strong>Sp\u00e9cifications<\/strong><\/h1>\n<table style=\"border-collapse: collapse; width: 759.02pt;\" border=\"0\" width=\"1012\" cellspacing=\"0\" cellpadding=\"0\">\n<tbody>\n<tr style=\"height: 16.50pt;\">\n<td class=\"et3\" style=\"height: 16.50pt; width: 379.50pt;\" width=\"506\" height=\"22\">Dimensions<\/td>\n<td class=\"et3\" style=\"width: 379.50pt;\" width=\"506\">Toutes les tailles et formes personnalis\u00e9es<\/td>\n<\/tr>\n<tr style=\"height: 16.50pt;\">\n<td class=\"et3\" style=\"height: 16.50pt;\" height=\"22\">Quantit\u00e9 minimale<\/td>\n<td class=\"et3\">500 pi\u00e8ces<\/td>\n<\/tr>\n<tr style=\"height: 16.50pt;\">\n<td class=\"et3\" style=\"height: 16.50pt;\" height=\"22\">Processus par d\u00e9faut<\/td>\n<td class=\"et3\">D\u00e9coupage, collage, rainurage, perforation<\/td>\n<\/tr>\n<tr style=\"height: 16.50pt;\">\n<td class=\"et3\" style=\"height: 16.50pt;\" height=\"22\">Impression<\/td>\n<td class=\"et3\">Cmyk, pms, pas d'impression<\/td>\n<\/tr>\n<tr style=\"height: 16.50pt;\">\n<td class=\"et3\" style=\"height: 16.50pt;\" height=\"22\">Option mat\u00e9riau<\/td>\n<td class=\"et3\">Papier cartonn\u00e9 blanc, papier couch\u00e9, papier d'art, papier kraft, carton ivoire, carton recto-verso, papier sp\u00e9cial, etc.<\/td>\n<\/tr>\n<tr style=\"height: 17.25pt;\">\n<td class=\"et3\" style=\"height: 17.25pt;\" height=\"23\">Finition de surface<\/td>\n<td class=\"et4\" style=\"width: 379.50pt;\" width=\"506\">Pelliculage mat\/brillant, gaufrage par points, gaufrage, dorure, etc.<\/td>\n<\/tr>\n<tr style=\"height: 17.25pt;\">\n<td class=\"et4\" style=\"height: 17.25pt; width: 379.50pt;\" width=\"506\" height=\"23\">Utilisation dans l'industrie<\/td>\n<td class=\"et4\" style=\"width: 379.50pt;\" width=\"506\">cosm\u00e9tiques, parfums, v\u00eatements, bijoux, tabac, produits alimentaires, cadeaux et produits de consommation courante,<\/td>\n<\/tr>\n<tr style=\"height: 34.50pt;\">\n<td class=\"et4\" style=\"height: 34.50pt; width: 379.50pt;\" width=\"506\" height=\"46\">Contr\u00f4le de la qualit\u00e9<\/td>\n<td class=\"et4\" style=\"width: 379.50pt;\" width=\"506\">Des \u00e9quipements de pointe et une \u00e9quipe de contr\u00f4le qualit\u00e9 exp\u00e9riment\u00e9e v\u00e9rifient rigoureusement les mat\u00e9riaux, les produits semi-finis et les produits finis \u00e0 chaque \u00e9tape avant la mise sur le march\u00e9.<\/td>\n<\/tr>\n<tr style=\"height: 34.50pt;\">\n<td class=\"et4\" style=\"height: 34.50pt; width: 379.50pt;\" width=\"506\" height=\"46\">Prix<\/td>\n<td class=\"et4\" style=\"width: 379.50pt;\" width=\"506\">Le prix final sera adapt\u00e9 \u00e0 votre produit et \u00e0 la quantit\u00e9 souhait\u00e9e.<\/td>\n<\/tr>\n<tr style=\"height: 16.50pt;\">\n<td class=\"et3\" style=\"height: 16.50pt;\" height=\"22\">D\u00e9lai d'ex\u00e9cution<\/td>\n<td class=\"et3\">10-12 jours ouvrables, urgent<\/td>\n<\/tr>\n<tr style=\"height: 16.50pt;\">\n<td class=\"et3\" style=\"height: 16.50pt;\" height=\"22\">Papier de base<\/td>\n<td class=\"et3\">10pt \u00e0 28pt (60lb \u00e0 400lb) Kraft \u00e9cologique, carton ondul\u00e9 e-flute, carton bux, papier cartonn\u00e9<\/td>\n<\/tr>\n<tr style=\"height: 16.50pt;\">\n<td class=\"et3\" style=\"height: 16.50pt;\" height=\"22\">Preuve<\/td>\n<td class=\"et3\">Vue \u00e0 plat, maquette 3D, \u00e9chantillonnage physique (sur demande)<\/td>\n<\/tr>\n<\/tbody>\n<\/table>\n<div class=\"widget block block-static-block\">\n<div class=\"landing-page-section option-bottom\">\n<div class=\"custom-materials-tabs-content container container-adjustment\">\n<div class=\"custom-materials-tab-content active\">\n<div class=\"widget block block-static-block\">\n<div class=\"options-items\">\n<div class=\"flex-grid-row-option\">\n<div class=\"flex-grid-item-option\">\n<div class=\"material-box\">\n<div class=\"material-des\">\n<p>&nbsp;<\/p>\n<\/div>\n<p>&nbsp;<\/p>\n<\/div>\n<\/div>\n<\/div>\n<\/div>\n<p><!---end of option item--><\/p>\n<\/div>\n<\/div>\n<\/div>\n<\/div>\n<\/div>","protected":false},"excerpt":{"rendered":"<p>-Votre bo\u00eete postale sera : Rigide, exp\u00e9dition \u00e0 plat pour r\u00e9duire les frais d'exp\u00e9dition, impression claire, imperm\u00e9able \u00e0 l'eau, emballage soign\u00e9<br \/>\n-Type de mat\u00e9riau : Respectueux de l'environnement, certifi\u00e9 FSC, ISO, BSCI<br \/>\n-Personnalisation : Possibilit\u00e9 de personnaliser la taille\/l'impression\/le mat\u00e9riau\/la finition\/la forme, etc.<br \/>\n-Temps de production : \u00c9chantillon 1-3 jours ; Vrac 7-9 jours D\u00e9lai d'exp\u00e9dition : Express 3-7 jours ; Air 12-16 jours ; Bateau 25-30 jours\uff08Diff\u00e9rents pays ont des d\u00e9lais diff\u00e9rents)<br \/>\n-Prix : Contactez-nous pour envoyer votre demande<\/p>","protected":false},"featured_media":4698,"template":"","meta":[],"product_brand":[],"product_cat":[30,413,31,433],"product_tag":[604,602,603,290],"class_list":{"0":"post-4694","1":"product","2":"type-product","3":"status-publish","4":"has-post-thumbnail","6":"product_cat-by-industry","7":"product_cat-consumer-electronics-boxes","8":"product_cat-paper-box-style","9":"product_cat-shipping-mailer-boxes","10":"product_tag-customization-box","11":"product_tag-loudspeaker-box","12":"product_tag-mailer-box-supplier","13":"product_tag-mailing-packaging-box","15":"first","16":"instock","17":"shipping-taxable","18":"product-type-grouped"},"_links":{"self":[{"href":"https:\/\/zojopackaging.com\/fr\/wp-json\/wp\/v2\/product\/4694","targetHints":{"allow":["GET"]}}],"collection":[{"href":"https:\/\/zojopackaging.com\/fr\/wp-json\/wp\/v2\/product"}],"about":[{"href":"https:\/\/zojopackaging.com\/fr\/wp-json\/wp\/v2\/types\/product"}],"version-history":[{"count":2,"href":"https:\/\/zojopackaging.com\/fr\/wp-json\/wp\/v2\/product\/4694\/revisions"}],"predecessor-version":[{"id":8207,"href":"https:\/\/zojopackaging.com\/fr\/wp-json\/wp\/v2\/product\/4694\/revisions\/8207"}],"wp:featuredmedia":[{"embeddable":true,"href":"https:\/\/zojopackaging.com\/fr\/wp-json\/wp\/v2\/media\/4698"}],"wp:attachment":[{"href":"https:\/\/zojopackaging.com\/fr\/wp-json\/wp\/v2\/media?parent=4694"}],"wp:term":[{"taxonomy":"product_brand","embeddable":true,"href":"https:\/\/zojopackaging.com\/fr\/wp-json\/wp\/v2\/product_brand?post=4694"},{"taxonomy":"product_cat","embeddable":true,"href":"https:\/\/zojopackaging.com\/fr\/wp-json\/wp\/v2\/product_cat?post=4694"},{"taxonomy":"product_tag","embeddable":true,"href":"https:\/\/zojopackaging.com\/fr\/wp-json\/wp\/v2\/product_tag?post=4694"}],"curies":[{"name":"wp","href":"https:\/\/api.w.org\/{rel}","templated":true}]}}