{"id":4708,"date":"2024-03-25T14:35:18","date_gmt":"2024-03-25T06:35:18","guid":{"rendered":"https:\/\/zojopackaging.com\/?post_type=product&#038;p=4708"},"modified":"2025-03-27T20:00:56","modified_gmt":"2025-03-27T12:00:56","slug":"custom-radiator-corrugated-box","status":"publish","type":"product","link":"https:\/\/zojopackaging.com\/fr\/product\/custom-radiator-corrugated-box\/","title":{"rendered":"Bo\u00eete ondul\u00e9e de radiateur en feuille d'argent fabriqu\u00e9e sur mesure"},"content":{"rendered":"<h1 class=\"self-content-pre-ca33f6\">Bo\u00eete ondul\u00e9e de radiateur en feuille d'argent fabriqu\u00e9e sur mesure<\/h1>\n<p>Nous vous pr\u00e9sentons notre bo\u00eete en carton ondul\u00e9 pour radiateurs haut de gamme, con\u00e7ue pour une protection et un transport optimaux des radiateurs.<\/p>\n<p><strong>Caract\u00e9ristiques principales :<\/strong><\/p>\n<ul>\n<li>Construction robuste en carton ondul\u00e9 pour une r\u00e9sistance et une durabilit\u00e9 maximales.<\/li>\n<li>Options de dimensionnement personnalisables pour s'adapter \u00e0 diff\u00e9rentes dimensions de radiateurs<\/li>\n<li>Conception absorbant les chocs pour \u00e9viter les dommages lors de la manipulation et de l'exp\u00e9dition<\/li>\n<li>Rabats faciles \u00e0 plier pour une fermeture rapide et s\u00fbre<\/li>\n<li>Assurez la s\u00e9curit\u00e9 de vos radiateurs gr\u00e2ce \u00e0 notre bo\u00eete en carton ondul\u00e9 de qualit\u00e9 sup\u00e9rieure, qui garantit la tranquillit\u00e9 d'esprit des exp\u00e9diteurs et des destinataires.<\/li>\n<\/ul>\n<h1><strong>Sp\u00e9cifications<\/strong><\/h1>\n<table style=\"height: 685px;\" width=\"929\">\n<tbody>\n<tr>\n<td width=\"373\">Dimensions<\/td>\n<td width=\"373\">Toutes les tailles et formes personnalis\u00e9es<\/td>\n<\/tr>\n<tr>\n<td width=\"373\">MOQ<\/td>\n<td width=\"373\">500pcs<\/td>\n<\/tr>\n<tr>\n<td width=\"373\">Temps d'\u00e9chantillonnage<\/td>\n<td width=\"373\">3-5 jours<\/td>\n<\/tr>\n<tr>\n<td width=\"373\">Processus par d\u00e9faut<\/td>\n<td width=\"373\">D\u00e9coupage, collage, rainurage, perforation<\/td>\n<\/tr>\n<tr>\n<td width=\"373\">Impression<\/td>\n<td width=\"373\">Cmyk, pms, pas d'impression<\/td>\n<\/tr>\n<tr>\n<td width=\"373\">Option mat\u00e9riau<\/td>\n<td width=\"373\">Papier cartonn\u00e9 blanc, papier couch\u00e9, papier d'art, papier kraft, carton ivoire, carton recto-verso, papier sp\u00e9cial, etc.<\/td>\n<\/tr>\n<tr>\n<td width=\"373\">Finition de surface<\/td>\n<td width=\"373\">Pelliculage mat\/brillant, gaufrage par points, gaufrage, dorure, etc.<\/td>\n<\/tr>\n<tr>\n<td width=\"373\">Utilisation dans l'industrie<\/td>\n<td width=\"373\">cosm\u00e9tiques, parfums, v\u00eatements, bijoux, tabac, produits alimentaires, cadeaux et produits de consommation courante,<\/td>\n<\/tr>\n<tr>\n<td width=\"373\">Contr\u00f4le de la qualit\u00e9<\/td>\n<td width=\"373\">Des \u00e9quipements de pointe et une \u00e9quipe de contr\u00f4le qualit\u00e9 exp\u00e9riment\u00e9e v\u00e9rifient rigoureusement les mat\u00e9riaux, les produits semi-finis et les produits finis \u00e0 chaque \u00e9tape avant la mise sur le march\u00e9.<\/td>\n<\/tr>\n<tr>\n<td width=\"373\">Prix<\/td>\n<td width=\"373\">Le prix final sera adapt\u00e9 \u00e0 votre produit et \u00e0 la quantit\u00e9 souhait\u00e9e.<\/td>\n<\/tr>\n<tr>\n<td width=\"373\">D\u00e9lai d'ex\u00e9cution<\/td>\n<td width=\"373\">7-14 jours ouvrables, urgent<\/td>\n<\/tr>\n<tr>\n<td width=\"373\">Papier de base<\/td>\n<td width=\"373\">10pt \u00e0 28pt (60lb \u00e0 400lb) Kraft \u00e9cologique, carton ondul\u00e9 e-flute, carton bux, papier cartonn\u00e9<\/td>\n<\/tr>\n<tr>\n<td width=\"373\">Format de l'\u0153uvre d'art<\/td>\n<td width=\"373\">JPG, PDF, AI, CDR, EPS, GIF....<\/td>\n<\/tr>\n<tr>\n<td width=\"373\">Accessoires<\/td>\n<td width=\"373\">Aimant, ruban, forme EVA, plateau en plastique, \u00e9ponge, fen\u00eatre en PVC\/PET\/PP,...<\/td>\n<\/tr>\n<tr>\n<td width=\"373\">D\u00e9lai de paiement<\/td>\n<td width=\"373\">T\/T, Western Union, Paypal, d\u00e9p\u00f4t de 30% et solde de 70% avant l'exp\u00e9dition.<\/td>\n<\/tr>\n<\/tbody>\n<\/table>\n<div class=\"widget block block-static-block\">\n<div class=\"landing-page-section option-bottom\">\n<div class=\"custom-materials-tabs-content container container-adjustment\">\n<div class=\"custom-materials-tab-content active\">\n<div class=\"widget block block-static-block\">\n<p><!---end of option item--><\/p>\n<\/div>\n<\/div>\n<\/div>\n<\/div>\n<\/div>","protected":false},"excerpt":{"rendered":"<ul>\n<li>Votre bo\u00eete sera : Impression claire, imperm\u00e9able, emballage soign\u00e9<\/li>\n<li>Type de mat\u00e9riau : Respectueux de l'environnement, certifi\u00e9 FSC, ISO, BSCI<\/li>\n<li>Personnalisation : Possibilit\u00e9 de personnaliser la taille, l'impression, le mat\u00e9riau, la finition, la forme, etc.<\/li>\n<li>D\u00e9lai de production : \u00c9chantillon 1-3 jours ; Vrac 7-9 jours D\u00e9lai d'exp\u00e9dition : Express 3-7 jours ; Air 12-16 jours ; Bateau 25-30 jours\uff08Diff\u00e9rents pays ont des d\u00e9lais diff\u00e9rents)<\/li>\n<li>Prix : Contactez-nous pour envoyer une demande<\/li>\n<\/ul>","protected":false},"featured_media":4713,"template":"","meta":[],"product_brand":[],"product_cat":[30,413,430,31],"product_tag":[288,222,243],"class_list":{"0":"post-4708","1":"product","2":"type-product","3":"status-publish","4":"has-post-thumbnail","6":"product_cat-by-industry","7":"product_cat-consumer-electronics-boxes","8":"product_cat-folding-cartons","9":"product_cat-paper-box-style","10":"product_tag-corrugated-box","11":"product_tag-custom-packaging-box","12":"product_tag-paper-box-manufacturer","14":"first","15":"instock","16":"shipping-taxable","17":"product-type-grouped"},"_links":{"self":[{"href":"https:\/\/zojopackaging.com\/fr\/wp-json\/wp\/v2\/product\/4708","targetHints":{"allow":["GET"]}}],"collection":[{"href":"https:\/\/zojopackaging.com\/fr\/wp-json\/wp\/v2\/product"}],"about":[{"href":"https:\/\/zojopackaging.com\/fr\/wp-json\/wp\/v2\/types\/product"}],"version-history":[{"count":2,"href":"https:\/\/zojopackaging.com\/fr\/wp-json\/wp\/v2\/product\/4708\/revisions"}],"predecessor-version":[{"id":8116,"href":"https:\/\/zojopackaging.com\/fr\/wp-json\/wp\/v2\/product\/4708\/revisions\/8116"}],"wp:featuredmedia":[{"embeddable":true,"href":"https:\/\/zojopackaging.com\/fr\/wp-json\/wp\/v2\/media\/4713"}],"wp:attachment":[{"href":"https:\/\/zojopackaging.com\/fr\/wp-json\/wp\/v2\/media?parent=4708"}],"wp:term":[{"taxonomy":"product_brand","embeddable":true,"href":"https:\/\/zojopackaging.com\/fr\/wp-json\/wp\/v2\/product_brand?post=4708"},{"taxonomy":"product_cat","embeddable":true,"href":"https:\/\/zojopackaging.com\/fr\/wp-json\/wp\/v2\/product_cat?post=4708"},{"taxonomy":"product_tag","embeddable":true,"href":"https:\/\/zojopackaging.com\/fr\/wp-json\/wp\/v2\/product_tag?post=4708"}],"curies":[{"name":"wp","href":"https:\/\/api.w.org\/{rel}","templated":true}]}}