{"id":5697,"date":"2024-05-10T11:01:37","date_gmt":"2024-05-10T03:01:37","guid":{"rendered":"https:\/\/zojopackaging.com\/?post_type=product&#038;p=5697"},"modified":"2025-03-24T11:53:28","modified_gmt":"2025-03-24T03:53:28","slug":"custom-pizza-packaging-box","status":"publish","type":"product","link":"https:\/\/zojopackaging.com\/fr\/product\/custom-pizza-packaging-box\/","title":{"rendered":"Bo\u00eetes \u00e0 pizza kraft imprim\u00e9es personnalis\u00e9es en Chine Premium Wholesale"},"content":{"rendered":"<h1>Bo\u00eetes \u00e0 pizza kraft imprim\u00e9es personnalis\u00e9es en Chine Premium Wholesale<\/h1>\n<p><strong>Emballage alimentaire \u00e9cologique personnalis\u00e9<\/strong><\/p>\n<div class=\"auto-hide-last-sibling-br paragraph-ae1685 br-paragraph-space\" data-sider-select-id=\"3048e002-9888-4134-9a86-1328e88ae0c7\">\n<p>D\u00e9couvrez notre gamme exceptionnelle de bo\u00eetes d'emballage alimentaire personnalis\u00e9es, con\u00e7ues sp\u00e9cifiquement pour r\u00e9pondre aux divers besoins de votre entreprise. Nos bo\u00eetes personnalis\u00e9es sont un m\u00e9lange parfait de fonctionnalit\u00e9 et de cr\u00e9ativit\u00e9.<br \/>\nCes bo\u00eetes d'emballage sont fabriqu\u00e9es avec une attention m\u00e9ticuleuse aux d\u00e9tails, ce qui garantit une qualit\u00e9 et une durabilit\u00e9 sup\u00e9rieures. Fabriqu\u00e9es sur mesure selon vos sp\u00e9cifications exactes, elles s'adaptent parfaitement \u00e0 vos produits alimentaires, leur assurant une protection et une pr\u00e9sentation optimales.<\/p>\n<p>Gr\u00e2ce \u00e0 un \u00e9ventail d'options personnalisables, vous pouvez adapter le design, la couleur, la taille et l'impression des bo\u00eetes \u00e0 l'identit\u00e9 de votre marque. Que vous ayez besoin d'un emballage \u00e9l\u00e9gant, moderne ou unique, nous avons les solutions qu'il vous faut.<\/p>\n<p>Chez ZOJO Print, nous proposons une large gamme d'emballages alimentaires personnalis\u00e9s qui r\u00e9pondent aux besoins de diff\u00e9rentes entreprises. Nos produits sont fabriqu\u00e9s \u00e0 partir de mat\u00e9riaux de haute qualit\u00e9 et peuvent \u00eatre personnalis\u00e9s pour r\u00e9pondre \u00e0 vos besoins. Que vous ayez besoin d'un emballage pour votre restaurant, votre camion-restaurant ou votre entreprise de restauration, nous avons ce qu'il vous faut.<\/p>\n<p><strong>Gamme d'emballages alimentaires sur mesure<\/strong><br \/>\nZOJO Print propose une gamme d'emballages alimentaires personnalis\u00e9s pour vos produits. Ils sont tous fabriqu\u00e9s en carton Delipac\u00a9 alimentaire (\u00e0 l'exception des Doypacks) et peuvent \u00eatre personnalis\u00e9s avec votre graphisme. Voici un bref r\u00e9sum\u00e9, mais vous trouverez des informations compl\u00e8tes sur les pages s\u00e9par\u00e9es.<\/p>\n<ul>\n<li>R\u00e9cipients pour aliments : disponibles en quatre formats, ils sont id\u00e9aux pour les aliments tels que le pop-corn et les chips en raison de leur forme et sont r\u00e9sistants \u00e0 l'huile et \u00e0 la graisse.<\/li>\n<li>Bo\u00eetes alimentaires \u00e0 couvercle rabattable : si vous avez besoin de prot\u00e9ger vos produits, le couvercle facile \u00e0 utiliser de ces bo\u00eetes les rend id\u00e9ales pour toutes sortes d'articles, en particulier la nourriture de rue et les plats \u00e0 emporter.<\/li>\n<li>Bo\u00eetes alimentaires de luxe : elles offrent un aspect sophistiqu\u00e9 gr\u00e2ce \u00e0 leur forme int\u00e9ressante et \u00e0 leurs fermetures qui attirent l'attention. Vous avez le choix entre la fermeture par ruban ou par poign\u00e9e et diff\u00e9rentes tailles.<\/li>\n<li>Bo\u00eetes \u00e0 sandwich : ces bo\u00eetes sont con\u00e7ues pour contenir des sandwichs, des croissants et d'autres produits de boulangerie, en les prot\u00e9geant et en gardant les aliments chauds au chaud. Leur forme allong\u00e9e emp\u00eache l'\u00e9crasement des aliments.<\/li>\n<li>Doypacks : sachets \u00e0 fond plat en quatre mat\u00e9riaux au choix pour prot\u00e9ger et conserver les produits alimentaires. Plastification, fermeture \u00e0 glissi\u00e8re et trou de suspension en option.<\/li>\n<\/ul>\n<p><strong>Emballage alimentaire personnalis\u00e9 en carton<\/strong><br \/>\nNos emballages alimentaires personnalis\u00e9s sont fabriqu\u00e9s \u00e0 partir d'un carton sp\u00e9cial appel\u00e9 Delipac\u00a9, qui pr\u00e9sente une s\u00e9rie de caract\u00e9ristiques qui le distinguent des autres mat\u00e9riaux :<\/p>\n<ul>\n<li>Il est dot\u00e9 d'un rev\u00eatement \u00e0 base d'eau qui le rend extr\u00eamement r\u00e9sistant aux huiles et aux graisses.<\/li>\n<li>Il peut \u00eatre plac\u00e9 au cong\u00e9lateur ou au micro-ondes sans probl\u00e8me.<\/li>\n<li>Il assure une bonne isolation thermique des aliments<\/li>\n<li>Il est r\u00e9sistant \u00e0 la migration de l'encre<\/li>\n<\/ul>\n<p>En outre, nous utilisons des encres \u00e0 faible migration dans nos imprimantes lors de la personnalisation des emballages alimentaires imprim\u00e9s, afin d'\u00e9viter tout risque de contamination des denr\u00e9es alimentaires. Ces composants ont \u00e9galement \u00e9t\u00e9 test\u00e9s en laboratoire pour garantir leur s\u00e9curit\u00e9.<\/p>\n<p><strong>Emballage alimentaire \u00e9cologique personnalis\u00e9<\/strong><\/p>\n<p>Nos emballages alimentaires personnalis\u00e9s constituent une solution respectueuse de l'environnement pour votre entreprise alimentaire. De nos jours, la durabilit\u00e9 et les choix \u00e9cologiques sont de plus en plus importants et c'est quelque chose que les clients recherchent lorsqu'ils d\u00e9cident des entreprises auxquelles ils souhaitent acheter. C'est pourquoi nos emballages alimentaires \u00e9cologiques peuvent apporter une valeur ajout\u00e9e \u00e0 votre entreprise. Il poss\u00e8de les propri\u00e9t\u00e9s suivantes :<\/p>\n<ul>\n<li>Biod\u00e9gradable<\/li>\n<li>Compostable<\/li>\n<li>Recyclable<\/li>\n<\/ul>\n<p><strong>Commande d'emballages alimentaires personnalis\u00e9s<\/strong><\/p>\n<p>Il est facile de commander des emballages alimentaires personnalis\u00e9s chez ZOJO Print. Il vous suffit de choisir le style de produit qui vous convient le mieux et de vous rendre sur la page correspondante. Vous y trouverez un formulaire de commande qui vous guidera pas \u00e0 pas tout au long du processus. S\u00e9lectionnez vos options de personnalisation pr\u00e9f\u00e9r\u00e9es, telles que la taille, le mat\u00e9riau, etc., et un devis gratuit s'affichera automatiquement.<\/p>\n<p>Choisissez parmi une gamme de prix et d'options de livraison adapt\u00e9s \u00e0 vos besoins, puis envoyez-nous votre maquette. Si vous avez des probl\u00e8mes ou des questions, n'h\u00e9sitez pas \u00e0 nous contacter.<\/p>\n<\/div>\n<h1><strong>Sp\u00e9cifications<\/strong><\/h1>\n<div class=\"widget block block-static-block\">\n<div class=\"landing-page-section option-bottom\">\n<div class=\"custom-materials-tabs-content container container-adjustment\">\n<div class=\"custom-materials-tab-content active\">\n<div class=\"widget block block-static-block\">\n<div class=\"options-items\">\n<div class=\"flex-grid-row-option\">\n<div class=\"flex-grid-item-option\">\n<div class=\"material-box\">\n<div class=\"material-des\">\n<table style=\"height: 666px;\" width=\"1070\">\n<tbody>\n<tr>\n<td width=\"373\">Dimensions<\/td>\n<td width=\"373\">Toutes les tailles et formes personnalis\u00e9es<\/td>\n<\/tr>\n<tr>\n<td width=\"373\">MOQ<\/td>\n<td width=\"373\">500pcs<\/td>\n<\/tr>\n<tr>\n<td width=\"373\">Temps d'\u00e9chantillonnage<\/td>\n<td width=\"373\">3-5 jours<\/td>\n<\/tr>\n<tr>\n<td width=\"373\">Processus par d\u00e9faut<\/td>\n<td width=\"373\">D\u00e9coupage, collage, rainurage, perforation<\/td>\n<\/tr>\n<tr>\n<td width=\"373\">Impression<\/td>\n<td width=\"373\">Cmyk, pms, pas d'impression<\/td>\n<\/tr>\n<tr>\n<td width=\"373\">Option mat\u00e9riau<\/td>\n<td width=\"373\">Papier cartonn\u00e9 blanc, papier couch\u00e9, papier d'art, papier kraft, carton ivoire, carton recto-verso, papier sp\u00e9cial, etc.<\/td>\n<\/tr>\n<tr>\n<td width=\"373\">Finition de surface<\/td>\n<td width=\"373\">Pelliculage mat\/brillant, gaufrage par points, gaufrage, dorure, etc.<\/td>\n<\/tr>\n<tr>\n<td width=\"373\">Utilisation dans l'industrie<\/td>\n<td width=\"373\">cosm\u00e9tiques, parfums, v\u00eatements, bijoux, tabac, produits alimentaires, cadeaux et produits de consommation courante,<\/td>\n<\/tr>\n<tr>\n<td width=\"373\">Contr\u00f4le de la qualit\u00e9<\/td>\n<td width=\"373\">Des \u00e9quipements de pointe et une \u00e9quipe de contr\u00f4le qualit\u00e9 exp\u00e9riment\u00e9e v\u00e9rifient rigoureusement les mat\u00e9riaux, les produits semi-finis et les produits finis \u00e0 chaque \u00e9tape avant la mise sur le march\u00e9.<\/td>\n<\/tr>\n<tr>\n<td width=\"373\">Prix<\/td>\n<td width=\"373\">Le prix final sera adapt\u00e9 \u00e0 votre produit et \u00e0 la quantit\u00e9 souhait\u00e9e.<\/td>\n<\/tr>\n<tr>\n<td width=\"373\">D\u00e9lai d'ex\u00e9cution<\/td>\n<td width=\"373\">7-14 jours ouvrables, urgent<\/td>\n<\/tr>\n<tr>\n<td width=\"373\">Papier de base<\/td>\n<td width=\"373\">10pt \u00e0 28pt (60lb \u00e0 400lb) Kraft \u00e9cologique, carton ondul\u00e9 e-flute, carton bux, papier cartonn\u00e9<\/td>\n<\/tr>\n<tr>\n<td width=\"373\">Format de l'\u0153uvre d'art<\/td>\n<td width=\"373\">JPG, PDF, AI, CDR, EPS, GIF....<\/td>\n<\/tr>\n<tr>\n<td width=\"373\">Accessoires<\/td>\n<td width=\"373\">Aimant, ruban, forme EVA, plateau en plastique, \u00e9ponge, fen\u00eatre en PVC\/PET\/PP,...<\/td>\n<\/tr>\n<tr>\n<td width=\"373\">D\u00e9lai de paiement<\/td>\n<td width=\"373\">T\/T, Western Union, Paypal, d\u00e9p\u00f4t de 30% et solde de 70% avant l'exp\u00e9dition.<\/td>\n<\/tr>\n<\/tbody>\n<\/table>\n<\/div>\n<p>&nbsp;<\/p>\n<\/div>\n<\/div>\n<\/div>\n<\/div>\n<p><!---end of option item--><\/p>\n<\/div>\n<\/div>\n<\/div>\n<\/div>\n<\/div>","protected":false},"excerpt":{"rendered":"<p>Les bo\u00eetes \u00e0 pizza pliables en papier kraft sont directement fournies par des usines chinoises. Elles peuvent \u00eatre personnalis\u00e9es sans limite de taille, sont con\u00e7ues pour un emballage de qualit\u00e9 alimentaire, sont faciles \u00e0 transporter et peu encombrantes.<\/p>","protected":false},"featured_media":6705,"template":"","meta":[],"product_brand":[],"product_cat":[30,422,31,433],"product_tag":[532,533,531],"class_list":{"0":"post-5697","1":"product","2":"type-product","3":"status-publish","4":"has-post-thumbnail","6":"product_cat-by-industry","7":"product_cat-custom-gourmet-boxes-by-industry","8":"product_cat-paper-box-style","9":"product_cat-shipping-mailer-boxes","10":"product_tag-kraft-pizza-boxes","11":"product_tag-pizza-boxes-wholesale","12":"product_tag-premium-pizza-boxes","14":"first","15":"instock","16":"shipping-taxable","17":"product-type-grouped"},"_links":{"self":[{"href":"https:\/\/zojopackaging.com\/fr\/wp-json\/wp\/v2\/product\/5697","targetHints":{"allow":["GET"]}}],"collection":[{"href":"https:\/\/zojopackaging.com\/fr\/wp-json\/wp\/v2\/product"}],"about":[{"href":"https:\/\/zojopackaging.com\/fr\/wp-json\/wp\/v2\/types\/product"}],"version-history":[{"count":3,"href":"https:\/\/zojopackaging.com\/fr\/wp-json\/wp\/v2\/product\/5697\/revisions"}],"predecessor-version":[{"id":8093,"href":"https:\/\/zojopackaging.com\/fr\/wp-json\/wp\/v2\/product\/5697\/revisions\/8093"}],"wp:featuredmedia":[{"embeddable":true,"href":"https:\/\/zojopackaging.com\/fr\/wp-json\/wp\/v2\/media\/6705"}],"wp:attachment":[{"href":"https:\/\/zojopackaging.com\/fr\/wp-json\/wp\/v2\/media?parent=5697"}],"wp:term":[{"taxonomy":"product_brand","embeddable":true,"href":"https:\/\/zojopackaging.com\/fr\/wp-json\/wp\/v2\/product_brand?post=5697"},{"taxonomy":"product_cat","embeddable":true,"href":"https:\/\/zojopackaging.com\/fr\/wp-json\/wp\/v2\/product_cat?post=5697"},{"taxonomy":"product_tag","embeddable":true,"href":"https:\/\/zojopackaging.com\/fr\/wp-json\/wp\/v2\/product_tag?post=5697"}],"curies":[{"name":"wp","href":"https:\/\/api.w.org\/{rel}","templated":true}]}}