{"id":5971,"date":"2024-06-18T09:26:16","date_gmt":"2024-06-18T01:26:16","guid":{"rendered":"https:\/\/zojopackaging.com\/?post_type=product&#038;p=5971"},"modified":"2025-03-24T12:09:12","modified_gmt":"2025-03-24T04:09:12","slug":"custom-cylinder-cr-vape-cartridge-box","status":"publish","type":"product","link":"https:\/\/zojopackaging.com\/fr\/product\/custom-cylinder-cr-vape-cartridge-box\/","title":{"rendered":"Bo\u00eete de cartouches de vaporisation en papier r\u00e9sistante aux enfants Fabrique de tubes en papier"},"content":{"rendered":"<h1>Bo\u00eete de cartouches de vaporisation en papier r\u00e9sistante aux enfants Fabrique de tubes en papier<\/h1>\n<p>The Custom Packaging offre \u00e0 ses clients honor\u00e9s une solution parfaite d'emballage pour e-cig au prix le plus raisonnable qui soit.<\/p>\n<p><strong>LE MEILLEUR MAT\u00c9RIAU D'EMBALLAGE<\/strong><br \/>\nLes consommateurs d'e-cig veulent des e-cigarettes de la meilleure qualit\u00e9 possible et ce qu'ils remarquent en premier lorsqu'ils ach\u00e8tent des e-cigarettes, c'est sans aucun doute la pr\u00e9sentation. Et l'emballage de l'e-cig est en fait sa pr\u00e9sentation. Il peut rendre votre produit attrayant ou le faire passer inaper\u00e7u. Tout d\u00e9pend de la marque ou de l'entreprise, de la mani\u00e8re dont elle rend la pr\u00e9sentation de son produit agr\u00e9able pour les consommateurs et les acheteurs. En d'autres termes, la qualit\u00e9 de l'e-cig et la qualit\u00e9 de son emballage sont toutes deux importantes pour le client et, en tant que d\u00e9taillant, vous devez vous y attacher. \u00c0 cet \u00e9gard, notre soci\u00e9t\u00e9 fournit des services fiables \u00e0 tous les fabricants et vendeurs d'e-cig. Nous utilisons les meilleurs mat\u00e9riaux d'emballage pour la production des bo\u00eetes d'e-cigarettes.<\/p>\n<p><strong>CONCEPTIONS SUR MESURE<\/strong><br \/>\nCe qui rend l'emballage d'un produit plus agr\u00e9able et plus attrayant, c'est le design et les impressions qu'il comporte. Nous vous proposons un grand nombre de designs et de choix d'impression. Notre soci\u00e9t\u00e9 dispose d'experts qui peuvent cr\u00e9er un design d'emballage \u00e9tonnant pour vous. Demandez notre assistance gratuite en mati\u00e8re de design ou faites-nous part de vos propres id\u00e9es. Nous vous proposerons le meilleur emballage sur mesure que vous ayez jamais imagin\u00e9. Nous vous aidons \u00e0 mettre en avant vos e-cigarettes sur le march\u00e9. Faites de vos bo\u00eetes d'e-cigarettes personnalis\u00e9es une marque de fabrique et gagnez plus. Nous proposons des techniques d'impression CMYK et PMS, choisissez ce que vous voulez. Obtenez ces bo\u00eetes dans n'importe quelle taille ou forme avec les impressions que vous souhaitez. Vous obtiendrez un assortiment de designs sur mesure ici, choisissez celui qui vous convient ou faites-nous part de votre imagination.<\/p>\n<p><strong>OPTIONS SUPPL\u00c9MENTAIRES ACCROCHEUSES<\/strong><br \/>\nL'emballage sur mesure est l'un de ses types dans la ville. C'est gr\u00e2ce \u00e0 nos services de qualit\u00e9 sup\u00e9rieure que nous sommes li\u00e9s \u00e0 un grand nombre de clients depuis de nombreuses ann\u00e9es. Comme nous offrons un paquet de choix personnalis\u00e9s \u00e0 nos clients bien-aim\u00e9s, ils pr\u00e9f\u00e8rent prendre nos services encore et encore. Si vous \u00eates \u00e0 la recherche d'un emballage pour e-cigarette, vous \u00eates au bon endroit. Outre la conception et l'impression personnalis\u00e9es, notre soci\u00e9t\u00e9 offre \u00e0 ses clients des options suppl\u00e9mentaires uniques et attrayantes. Nous proposons un pelliculage brillant ou mat, une dorure argent\u00e9e ou dor\u00e9e, un vernis UV ponctuel ou un vernis aqueux pour rendre vos bo\u00eetes d'e-cig plus attrayantes. Des d\u00e9coupes ou des fen\u00eatres donneront \u00e0 vos bo\u00eetes d'e-cigarettes personnalis\u00e9es un aspect attrayant \u00e0 coup s\u00fbr. Vous pouvez faire inscrire le nom de votre marque d'e-cig de mani\u00e8re unique sur les bo\u00eetes, ce qui renforcera le charme de vos e-cigarettes.<\/p>\n<p>Contactez nous par email\u00a0<span style=\"color: #ff0000;\"><strong>info@zojoprint.com<\/strong><\/span>\u00a0ou\u00a0<span style=\"color: #ff0000;\"><strong>vickio@zojopackaging.com<\/strong>\u00a0<\/span>ou vous pouvez nous appeler au num\u00e9ro de t\u00e9l\u00e9phone indiqu\u00e9 \u00e0 tout moment, nos services \u00e0 la client\u00e8le sont disponibles 24 heures sur 24. Vous pouvez \u00e9galement obtenir une r\u00e9ponse instantan\u00e9e \u00e0 votre question gr\u00e2ce \u00e0 notre service de chat en direct.<\/p>\n<h1><strong>Sp\u00e9cifications<\/strong><\/h1>\n<table width=\"1153\">\n<tbody>\n<tr>\n<td width=\"373\">Dimensions<\/td>\n<td width=\"373\">Toutes les tailles et formes personnalis\u00e9es<\/td>\n<\/tr>\n<tr>\n<td width=\"373\">Impression<\/td>\n<td width=\"373\">CMYK, PMS, pas d'impression<\/td>\n<\/tr>\n<tr>\n<td width=\"373\">Stock de papier<\/td>\n<td width=\"373\">10pt \u00e0 28pt (60lb \u00e0 400lb) Kraft \u00e9cologique, carton ondul\u00e9 \u00e0 cannelure E, carton Bux, papier cartonn\u00e9<\/td>\n<\/tr>\n<tr>\n<td width=\"373\">Quantit\u00e9s<\/td>\n<td width=\"373\">500- 500,000<\/td>\n<\/tr>\n<tr>\n<td width=\"373\">Rev\u00eatement<\/td>\n<td width=\"373\">Brillant, mat, spot UV<\/td>\n<\/tr>\n<tr>\n<td width=\"373\">Processus par d\u00e9faut<\/td>\n<td width=\"373\">D\u00e9coupage, collage, rainurage, perforation<\/td>\n<\/tr>\n<tr>\n<td width=\"373\">Options<\/td>\n<td width=\"373\">D\u00e9coupe de fen\u00eatres sur mesure, dorure\/argent, gaufrage, encre en relief, feuilles de PVC.<\/td>\n<\/tr>\n<tr>\n<td width=\"373\">Preuve<\/td>\n<td width=\"373\">Vue \u00e0 plat, maquette 3D, \u00e9chantillonnage physique (sur demande)<\/td>\n<\/tr>\n<tr>\n<td width=\"373\">D\u00e9lai d'ex\u00e9cution<\/td>\n<td width=\"373\">7-14 jours ouvrables , Rush<\/td>\n<\/tr>\n<tr>\n<td width=\"373\">MOQ<\/td>\n<td width=\"373\">500<\/td>\n<\/tr>\n<tr>\n<td width=\"373\">Temps d'\u00e9chantillonnage<\/td>\n<td width=\"373\">3-5 jours<\/td>\n<\/tr>\n<tr>\n<td width=\"373\">D\u00e9lai de paiement<\/td>\n<td width=\"373\">T\/T, Western Union, Paypal, d\u00e9p\u00f4t de 30% et solde de 70% avant l'exp\u00e9dition.<\/td>\n<\/tr>\n<\/tbody>\n<\/table>\n<p><img fetchpriority=\"high\" decoding=\"async\" class=\"alignnone wp-image-5947\" src=\"https:\/\/zojopackaging.com\/wp-content\/uploads\/2024\/06\/\u5706\u7b52\u8be6\u60c5\u9875_01-300x123.jpg\" alt=\"\" width=\"1362\" height=\"558\" title=\"\" srcset=\"https:\/\/zojopackaging.com\/wp-content\/uploads\/2024\/06\/\u5706\u7b52\u8be6\u60c5\u9875_01-300x123.jpg 300w, https:\/\/zojopackaging.com\/wp-content\/uploads\/2024\/06\/\u5706\u7b52\u8be6\u60c5\u9875_01-600x246.jpg 600w, https:\/\/zojopackaging.com\/wp-content\/uploads\/2024\/06\/\u5706\u7b52\u8be6\u60c5\u9875_01.jpg 750w\" sizes=\"(max-width: 1362px) 100vw, 1362px\" \/> \u00a0<img decoding=\"async\" class=\"alignnone wp-image-5949\" src=\"https:\/\/zojopackaging.com\/wp-content\/uploads\/2024\/06\/\u5706\u7b52\u8be6\u60c5\u9875_03-298x300.jpg\" alt=\"\" width=\"1367\" height=\"1377\" title=\"\" srcset=\"https:\/\/zojopackaging.com\/wp-content\/uploads\/2024\/06\/\u5706\u7b52\u8be6\u60c5\u9875_03-298x300.jpg 298w, https:\/\/zojopackaging.com\/wp-content\/uploads\/2024\/06\/\u5706\u7b52\u8be6\u60c5\u9875_03-80x80.jpg 80w, https:\/\/zojopackaging.com\/wp-content\/uploads\/2024\/06\/\u5706\u7b52\u8be6\u60c5\u9875_03-600x604.jpg 600w, https:\/\/zojopackaging.com\/wp-content\/uploads\/2024\/06\/\u5706\u7b52\u8be6\u60c5\u9875_03-100x100.jpg 100w, https:\/\/zojopackaging.com\/wp-content\/uploads\/2024\/06\/\u5706\u7b52\u8be6\u60c5\u9875_03.jpg 750w\" sizes=\"(max-width: 1367px) 100vw, 1367px\" \/> \u00a0<img decoding=\"async\" class=\"alignnone wp-image-5951\" src=\"https:\/\/zojopackaging.com\/wp-content\/uploads\/2024\/06\/\u5706\u7b52\u8be6\u60c5\u9875_05-218x300.jpg\" alt=\"\" width=\"1351\" height=\"1859\" title=\"\" srcset=\"https:\/\/zojopackaging.com\/wp-content\/uploads\/2024\/06\/\u5706\u7b52\u8be6\u60c5\u9875_05-218x300.jpg 218w, https:\/\/zojopackaging.com\/wp-content\/uploads\/2024\/06\/\u5706\u7b52\u8be6\u60c5\u9875_05-600x827.jpg 600w\" sizes=\"(max-width: 1351px) 100vw, 1351px\" \/> <img loading=\"lazy\" decoding=\"async\" class=\"alignnone wp-image-5952\" src=\"https:\/\/zojopackaging.com\/wp-content\/uploads\/2024\/06\/\u5706\u7b52\u8be6\u60c5\u9875_06-207x300.jpg\" alt=\"\" width=\"1356\" height=\"1965\" title=\"\" srcset=\"https:\/\/zojopackaging.com\/wp-content\/uploads\/2024\/06\/\u5706\u7b52\u8be6\u60c5\u9875_06-207x300.jpg 207w, https:\/\/zojopackaging.com\/wp-content\/uploads\/2024\/06\/\u5706\u7b52\u8be6\u60c5\u9875_06-600x868.jpg 600w\" sizes=\"(max-width: 1356px) 100vw, 1356px\" \/> <img loading=\"lazy\" decoding=\"async\" class=\"alignnone wp-image-5953\" src=\"https:\/\/zojopackaging.com\/wp-content\/uploads\/2024\/06\/\u5706\u7b52\u8be6\u60c5\u9875_07-151x300.jpg\" alt=\"\" width=\"1361\" height=\"2703\" title=\"\" srcset=\"https:\/\/zojopackaging.com\/wp-content\/uploads\/2024\/06\/\u5706\u7b52\u8be6\u60c5\u9875_07-151x300.jpg 151w, https:\/\/zojopackaging.com\/wp-content\/uploads\/2024\/06\/\u5706\u7b52\u8be6\u60c5\u9875_07-518x1030.jpg 518w, https:\/\/zojopackaging.com\/wp-content\/uploads\/2024\/06\/\u5706\u7b52\u8be6\u60c5\u9875_07-600x1193.jpg 600w, https:\/\/zojopackaging.com\/wp-content\/uploads\/2024\/06\/\u5706\u7b52\u8be6\u60c5\u9875_07.jpg 750w\" sizes=\"(max-width: 1361px) 100vw, 1361px\" \/> <img loading=\"lazy\" decoding=\"async\" class=\"alignnone wp-image-5954\" src=\"https:\/\/zojopackaging.com\/wp-content\/uploads\/2024\/06\/\u5706\u7b52\u8be6\u60c5\u9875_08-182x300.jpg\" alt=\"\" width=\"1358\" height=\"2238\" title=\"\" srcset=\"https:\/\/zojopackaging.com\/wp-content\/uploads\/2024\/06\/\u5706\u7b52\u8be6\u60c5\u9875_08-182x300.jpg 182w, https:\/\/zojopackaging.com\/wp-content\/uploads\/2024\/06\/\u5706\u7b52\u8be6\u60c5\u9875_08-625x1030.jpg 625w, https:\/\/zojopackaging.com\/wp-content\/uploads\/2024\/06\/\u5706\u7b52\u8be6\u60c5\u9875_08-600x989.jpg 600w, https:\/\/zojopackaging.com\/wp-content\/uploads\/2024\/06\/\u5706\u7b52\u8be6\u60c5\u9875_08.jpg 750w\" sizes=\"(max-width: 1358px) 100vw, 1358px\" \/> \u00a0<img loading=\"lazy\" decoding=\"async\" class=\"alignnone wp-image-5956\" src=\"https:\/\/zojopackaging.com\/wp-content\/uploads\/2024\/06\/\u5706\u7b52\u8be6\u60c5\u9875_10-300x284.jpg\" alt=\"\" width=\"1429\" height=\"1353\" title=\"\" srcset=\"https:\/\/zojopackaging.com\/wp-content\/uploads\/2024\/06\/\u5706\u7b52\u8be6\u60c5\u9875_10-300x284.jpg 300w, https:\/\/zojopackaging.com\/wp-content\/uploads\/2024\/06\/\u5706\u7b52\u8be6\u60c5\u9875_10-600x567.jpg 600w, https:\/\/zojopackaging.com\/wp-content\/uploads\/2024\/06\/\u5706\u7b52\u8be6\u60c5\u9875_10.jpg 750w\" sizes=\"(max-width: 1429px) 100vw, 1429px\" \/> <img loading=\"lazy\" decoding=\"async\" class=\"alignnone wp-image-5957\" src=\"https:\/\/zojopackaging.com\/wp-content\/uploads\/2024\/06\/\u5706\u7b52\u8be6\u60c5\u9875_11-133x300.jpg\" alt=\"\" width=\"1359\" height=\"3065\" title=\"\" srcset=\"https:\/\/zojopackaging.com\/wp-content\/uploads\/2024\/06\/\u5706\u7b52\u8be6\u60c5\u9875_11-133x300.jpg 133w, https:\/\/zojopackaging.com\/wp-content\/uploads\/2024\/06\/\u5706\u7b52\u8be6\u60c5\u9875_11-457x1030.jpg 457w\" sizes=\"(max-width: 1359px) 100vw, 1359px\" \/><\/p>","protected":false},"excerpt":{"rendered":"<p>La bo\u00eete de tubes en papier pour cartouches de vape permet une personnalisation illimit\u00e9e des dimensions et s'adapte facilement. Elle utilise du papier rigide 1200GSM + du papier d'art 157GSM, qui est solide et r\u00e9sistant \u00e0 la pression. Directement produite dans l'usine chinoise, elle est dot\u00e9e d'une s\u00e9curit\u00e9 enfant int\u00e9gr\u00e9e, prenant en compte la s\u00e9curit\u00e9 et la performance \u00e0 un co\u00fbt \u00e9lev\u00e9.<\/p>","protected":false},"featured_media":5980,"template":"","meta":[],"product_brand":[],"product_cat":[30,431,420,31],"product_tag":[535,534,536],"class_list":{"0":"post-5971","1":"product","2":"type-product","3":"status-publish","4":"has-post-thumbnail","6":"product_cat-by-industry","7":"product_cat-child-resistant-packaging","8":"product_cat-custom-cannabis-boxes","9":"product_cat-paper-box-style","10":"product_tag-child-resistant-vape-cartridge-box","11":"product_tag-vape-cartridge-box","12":"product_tag-vape-cartridge-box-factory","14":"first","15":"instock","16":"shipping-taxable","17":"product-type-simple"},"_links":{"self":[{"href":"https:\/\/zojopackaging.com\/fr\/wp-json\/wp\/v2\/product\/5971","targetHints":{"allow":["GET"]}}],"collection":[{"href":"https:\/\/zojopackaging.com\/fr\/wp-json\/wp\/v2\/product"}],"about":[{"href":"https:\/\/zojopackaging.com\/fr\/wp-json\/wp\/v2\/types\/product"}],"version-history":[{"count":2,"href":"https:\/\/zojopackaging.com\/fr\/wp-json\/wp\/v2\/product\/5971\/revisions"}],"predecessor-version":[{"id":8094,"href":"https:\/\/zojopackaging.com\/fr\/wp-json\/wp\/v2\/product\/5971\/revisions\/8094"}],"wp:featuredmedia":[{"embeddable":true,"href":"https:\/\/zojopackaging.com\/fr\/wp-json\/wp\/v2\/media\/5980"}],"wp:attachment":[{"href":"https:\/\/zojopackaging.com\/fr\/wp-json\/wp\/v2\/media?parent=5971"}],"wp:term":[{"taxonomy":"product_brand","embeddable":true,"href":"https:\/\/zojopackaging.com\/fr\/wp-json\/wp\/v2\/product_brand?post=5971"},{"taxonomy":"product_cat","embeddable":true,"href":"https:\/\/zojopackaging.com\/fr\/wp-json\/wp\/v2\/product_cat?post=5971"},{"taxonomy":"product_tag","embeddable":true,"href":"https:\/\/zojopackaging.com\/fr\/wp-json\/wp\/v2\/product_tag?post=5971"}],"curies":[{"name":"wp","href":"https:\/\/api.w.org\/{rel}","templated":true}]}}