{"id":6279,"date":"2024-06-27T15:38:52","date_gmt":"2024-06-27T07:38:52","guid":{"rendered":"https:\/\/zojopackaging.com\/?post_type=product&#038;p=6279"},"modified":"2025-03-27T20:55:02","modified_gmt":"2025-03-27T12:55:02","slug":"luxury-lid-and-base-box","status":"publish","type":"product","link":"https:\/\/zojopackaging.com\/fr\/product\/luxury-lid-and-base-box\/","title":{"rendered":"Bo\u00eete rigide d'emballage de montre intelligente de premi\u00e8re qualit\u00e9 de Chine"},"content":{"rendered":"<h1 id=\"customized-lid-and-base-box-an-excellent-packaging-tailored-for-your-products\" class=\"header-_3c730 auto-hide-last-sibling-br\">Premium Smart Watch Packaging Rigid Box form China Factory<\/h1>\n<div class=\"auto-hide-last-sibling-br paragraph-ae1685 br-paragraph-space\">\u00c0 l'\u00e8re de la recherche de la qualit\u00e9 et de l'individualit\u00e9, un emballage exceptionnel peut permettre \u00e0 vos produits de se d\u00e9marquer parmi de nombreux concurrents. Nous sommes fiers de vous recommander la bo\u00eete \u00e0 couvercle et \u00e0 base personnalis\u00e9e, qui est une excellente solution d'emballage int\u00e9grant un savoir-faire exquis, un design innovant et une personnalisation.<\/div>\n<div>\n<h1><strong>Sp\u00e9cifications<\/strong><\/h1>\n<table style=\"height: 683px;\" width=\"999\">\n<tbody>\n<tr>\n<td width=\"373\">Dimensions<\/td>\n<td width=\"373\">Toutes les tailles et formes personnalis\u00e9es<\/td>\n<\/tr>\n<tr>\n<td width=\"373\">MOQ<\/td>\n<td width=\"373\">500pcs<\/td>\n<\/tr>\n<tr>\n<td width=\"373\">Temps d'\u00e9chantillonnage<\/td>\n<td width=\"373\">\u00a03-5 jours<\/td>\n<\/tr>\n<tr>\n<td width=\"373\">Processus par d\u00e9faut<\/td>\n<td width=\"373\">D\u00e9coupage, collage, rainurage, perforation<\/td>\n<\/tr>\n<tr>\n<td width=\"373\">Impression<\/td>\n<td width=\"373\">Cmyk, pms, pas d'impression<\/td>\n<\/tr>\n<tr>\n<td width=\"373\">Option mat\u00e9riau<\/td>\n<td width=\"373\">Papier cartonn\u00e9 blanc, papier couch\u00e9, papier d'art, papier kraft, carton ivoire, carton recto-verso, papier sp\u00e9cial, etc.<\/td>\n<\/tr>\n<tr>\n<td width=\"373\">Finition de surface<\/td>\n<td width=\"373\">Pelliculage mat\/brillant, gaufrage par points, gaufrage, dorure, etc.<\/td>\n<\/tr>\n<tr>\n<td width=\"373\">Utilisation dans l'industrie<\/td>\n<td width=\"373\">cosm\u00e9tiques, parfums, v\u00eatements, bijoux, tabac, produits alimentaires, cadeaux et produits de consommation courante,<\/td>\n<\/tr>\n<tr>\n<td width=\"373\">Contr\u00f4le de la qualit\u00e9<\/td>\n<td width=\"373\">Des \u00e9quipements de pointe et une \u00e9quipe de contr\u00f4le qualit\u00e9 exp\u00e9riment\u00e9e v\u00e9rifient rigoureusement les mat\u00e9riaux, les produits semi-finis et les produits finis \u00e0 chaque \u00e9tape avant la mise sur le march\u00e9.<\/td>\n<\/tr>\n<tr>\n<td width=\"373\">Prix<\/td>\n<td width=\"373\">Le prix final sera adapt\u00e9 \u00e0 votre produit et \u00e0 la quantit\u00e9 souhait\u00e9e.<\/td>\n<\/tr>\n<tr>\n<td width=\"373\">D\u00e9lai d'ex\u00e9cution<\/td>\n<td width=\"373\">7-14 jours ouvrables, urgent<\/td>\n<\/tr>\n<tr>\n<td width=\"373\">Papier de base<\/td>\n<td width=\"373\">10pt \u00e0 28pt (60lb \u00e0 400lb) Kraft \u00e9cologique, carton ondul\u00e9 e-flute, carton bux, papier cartonn\u00e9<\/td>\n<\/tr>\n<tr>\n<td width=\"373\">Format de l'\u0153uvre d'art<\/td>\n<td width=\"373\">JPG, PDF, AI, CDR, EPS, GIF....<\/td>\n<\/tr>\n<tr>\n<td width=\"373\">Accessoires<\/td>\n<td width=\"373\">Aimant, ruban, forme EVA, plateau en plastique, \u00e9ponge, fen\u00eatre en PVC\/PET\/PP,...<\/td>\n<\/tr>\n<tr>\n<td width=\"373\">D\u00e9lai de paiement<\/td>\n<td width=\"373\">T\/T, Western Union, Paypal, d\u00e9p\u00f4t de 30% et solde de 70% avant l'exp\u00e9dition.<\/td>\n<\/tr>\n<\/tbody>\n<\/table>\n<\/div>\n<h2 id=\"exquisite-craftsmanship\" class=\"header-_3c730 auto-hide-last-sibling-br\">Un savoir-faire exquis<\/h2>\n<ol class=\"auto-hide-last-sibling-br\">\n<li>Nous s\u00e9lectionnons des mat\u00e9riaux de haute qualit\u00e9, tels que des cartons tr\u00e8s r\u00e9sistants, des papiers ondul\u00e9s respectueux de l'environnement et des papiers d'art luxueux, afin de garantir une durabilit\u00e9 et une texture excellentes de la bo\u00eete.<\/li>\n<li>Nous adoptons des techniques d'impression avanc\u00e9es. Qu'il s'agisse d'une impression couleur exquise, d'un gaufrage r\u00e9aliste ou d'un magnifique marquage or\/argent, tous ces \u00e9l\u00e9ments peuvent ajouter un charme unique \u00e0 votre bo\u00eete.<\/li>\n<li>Gr\u00e2ce \u00e0 des techniques pr\u00e9cises de d\u00e9coupage et de pliage, les bords du couvercle et de la bo\u00eete de base sont nets et lisses, et l'ouverture et la fermeture se font en douceur, avec une d\u00e9licatesse in\u00e9gal\u00e9e.<\/li>\n<\/ol>\n<h2 id=\"innovative-design\" class=\"header-_3c730 auto-hide-last-sibling-br\">Conception innovante<\/h2>\n<ol class=\"auto-hide-last-sibling-br\">\n<li>Notre \u00e9quipe de concepteurs professionnels cr\u00e9era pour vous un couvercle et une bo\u00eete de base uniques en fonction des caract\u00e9ristiques de votre produit et de votre image de marque.<\/li>\n<li>De la forme et de la taille de la bo\u00eete \u00e0 la structure interne, tout est soigneusement planifi\u00e9 pour s'assurer qu'elle peut parfaitement accueillir votre produit et fournir le meilleur effet de pr\u00e9sentation.<\/li>\n<li>Des m\u00e9thodes d'ouverture et de fermeture innovantes et des structures cach\u00e9es offrent aux utilisateurs une exp\u00e9rience d'utilisation surprenante et renforcent la valeur ajout\u00e9e du produit.<\/li>\n<\/ol>\n<h2 id=\"personalized-customization\" class=\"header-_3c730 auto-hide-last-sibling-br\">Personnalisation<\/h2>\n<ol class=\"auto-hide-last-sibling-br\">\n<li>Vous pouvez choisir librement des \u00e9l\u00e9ments tels que la couleur, le motif et le texte de la bo\u00eete, et y int\u00e9grer parfaitement le logo de votre marque, des informations sur le produit ou des \u00e9l\u00e9ments personnalis\u00e9s.<\/li>\n<li>Nous proposons \u00e9galement une vari\u00e9t\u00e9 de mat\u00e9riaux et de traitements de surface, tels que le mat, le brillant et le givr\u00e9, permettant \u00e0 votre bo\u00eete de pr\u00e9senter un style distinctif.<\/li>\n<li>Qu'il s'agisse d'un petit lot de personnalisation ou d'une demande de production de masse \u00e0 grande \u00e9chelle, nous pouvons r\u00e9pondre \u00e0 vos exigences et vous fournir des services de personnalisation flexibles.<\/li>\n<\/ol>\n<h2 id=\"wide-application\" class=\"header-_3c730 auto-hide-last-sibling-br\">Large application<\/h2>\n<div class=\"auto-hide-last-sibling-br paragraph-ae1685 br-paragraph-space\">Le couvercle et la bo\u00eete de base personnalis\u00e9s conviennent \u00e0 de multiples industries et produits, tels que :<\/div>\n<ol class=\"auto-hide-last-sibling-br\">\n<li>Bijoux : Fournir un emballage s\u00fbr et magnifique pour les bijoux pr\u00e9cieux afin de mettre en valeur leur qualit\u00e9 noble.<\/li>\n<li>Produits \u00e9lectroniques : Prot\u00e9ger efficacement les produits \u00e9lectroniques tout en montrant un sens de la technologie et de la mode.<\/li>\n<li>Cosm\u00e9tiques : Am\u00e9liorer la qualit\u00e9 des produits cosm\u00e9tiques et attirer l'attention des consommateurs.<\/li>\n<li>Cadeaux : L'emballage cadeau soigneusement pr\u00e9par\u00e9 t\u00e9moigne de votre profonde affection.<\/li>\n<\/ol>\n<h2 id=\"quality-service\" class=\"header-_3c730 auto-hide-last-sibling-br\">Service de qualit\u00e9<\/h2>\n<ol class=\"auto-hide-last-sibling-br\">\n<li>De la consultation \u00e0 la production et \u00e0 la livraison, en passant par la conception, nous vous offrons un service unique afin de garantir que le processus de personnalisation se d\u00e9roule sans heurts et sans soucis.<\/li>\n<li>Notre syst\u00e8me strict de contr\u00f4le de la qualit\u00e9 garantit que chaque couvercle et chaque bo\u00eete de base r\u00e9pondent \u00e0 des normes de haute qualit\u00e9.<\/li>\n<li>Nous nous engageons \u00e0 respecter les d\u00e9lais de livraison afin que vos produits puissent \u00eatre lanc\u00e9s sur le march\u00e9 \u00e0 temps et saisir les opportunit\u00e9s du march\u00e9.<\/li>\n<\/ol>\n<div class=\"auto-hide-last-sibling-br paragraph-ae1685 br-paragraph-space\">Choisissez notre couvercle et notre bo\u00eete de base personnalis\u00e9s, ce qui revient \u00e0 habiller vos produits d'un magnifique manteau, attirant ainsi l'attention des consommateurs et renfor\u00e7ant la valeur de la marque.<\/div>\n<div class=\"widget block block-static-block\">\n<div class=\"landing-page-section option-bottom\">\n<div class=\"custom-materials-tabs-content container container-adjustment\">\n<div class=\"custom-materials-tab-content active\">\n<div class=\"widget block block-static-block\">\n<p><!---end of option item--><\/p>\n<\/div>\n<\/div>\n<\/div>\n<\/div>\n<\/div>","protected":false},"excerpt":{"rendered":"<p>Les bo\u00eetes de base et de couvercle de montres intelligentes personnalis\u00e9es permettent une conception personnalis\u00e9e en taille r\u00e9elle et une structure de doublure qui correspond exactement aux caract\u00e9ristiques du produit. Le processus de laminage mat de l'usine chinoise est associ\u00e9 \u00e0 une technologie d'impression haute d\u00e9finition \u00e0 cinq couleurs pour garantir une absence totale de d\u00e9viation des couleurs et cr\u00e9er des solutions d'emballage de produits de consommation \u00e9lectroniques de haut niveau.<\/p>","protected":false},"featured_media":6282,"template":"","meta":[],"product_brand":[],"product_cat":[30,413,425,31],"product_tag":[543,545,544],"class_list":{"0":"post-6279","1":"product","2":"type-product","3":"status-publish","4":"has-post-thumbnail","6":"product_cat-by-industry","7":"product_cat-consumer-electronics-boxes","8":"product_cat-lid-and-base-gift-box","9":"product_cat-paper-box-style","10":"product_tag-premium-smart-watch-packaging","11":"product_tag-smart-watch-box-factory","12":"product_tag-smart-watch-packaging","14":"first","15":"instock","16":"shipping-taxable","17":"product-type-grouped"},"_links":{"self":[{"href":"https:\/\/zojopackaging.com\/fr\/wp-json\/wp\/v2\/product\/6279","targetHints":{"allow":["GET"]}}],"collection":[{"href":"https:\/\/zojopackaging.com\/fr\/wp-json\/wp\/v2\/product"}],"about":[{"href":"https:\/\/zojopackaging.com\/fr\/wp-json\/wp\/v2\/types\/product"}],"version-history":[{"count":2,"href":"https:\/\/zojopackaging.com\/fr\/wp-json\/wp\/v2\/product\/6279\/revisions"}],"predecessor-version":[{"id":8097,"href":"https:\/\/zojopackaging.com\/fr\/wp-json\/wp\/v2\/product\/6279\/revisions\/8097"}],"wp:featuredmedia":[{"embeddable":true,"href":"https:\/\/zojopackaging.com\/fr\/wp-json\/wp\/v2\/media\/6282"}],"wp:attachment":[{"href":"https:\/\/zojopackaging.com\/fr\/wp-json\/wp\/v2\/media?parent=6279"}],"wp:term":[{"taxonomy":"product_brand","embeddable":true,"href":"https:\/\/zojopackaging.com\/fr\/wp-json\/wp\/v2\/product_brand?post=6279"},{"taxonomy":"product_cat","embeddable":true,"href":"https:\/\/zojopackaging.com\/fr\/wp-json\/wp\/v2\/product_cat?post=6279"},{"taxonomy":"product_tag","embeddable":true,"href":"https:\/\/zojopackaging.com\/fr\/wp-json\/wp\/v2\/product_tag?post=6279"}],"curies":[{"name":"wp","href":"https:\/\/api.w.org\/{rel}","templated":true}]}}