{"id":6288,"date":"2024-06-27T18:18:08","date_gmt":"2024-06-27T10:18:08","guid":{"rendered":"https:\/\/zojopackaging.com\/?post_type=product&#038;p=6288"},"modified":"2025-03-24T12:21:28","modified_gmt":"2025-03-24T04:21:28","slug":"magnetic-flip-top-concentrate-box","status":"publish","type":"product","link":"https:\/\/zojopackaging.com\/fr\/product\/magnetic-flip-top-concentrate-box\/","title":{"rendered":"Bo\u00eetes d'emballage en gros pour concentr\u00e9s sur mesure"},"content":{"rendered":"<h1>Bo\u00eetes d'emballage en gros pour concentr\u00e9s sur mesure<\/h1>\n<p>Pour ceux qui souhaitent emballer leurs cigarettes dans une belle bo\u00eete, Zojoprint Packaging vous propose des bo\u00eetes \u00e0 cigarettes flip-top imprim\u00e9es sur mesure. Le style de bo\u00eete flip top est largement utilis\u00e9 pour l'emballage des cigarettes. Ce style d'emballage unique attirera certainement l'attention des clients.<\/p>\n<p>Nous comprenons l'importance de la personnalisation pour r\u00e9pondre aux exigences uniques de votre marque. Gr\u00e2ce \u00e0 nos techniques avanc\u00e9es d'impression et de finition, vous pouvez personnaliser la bo\u00eete avec le logo, les couleurs et les graphiques de votre marque, cr\u00e9ant ainsi un emballage distinctif qui refl\u00e8te l'identit\u00e9 de votre marque et diff\u00e9rencie vos produits de la concurrence.<\/p>\n<p>Que vous soyez un fabricant ou un distributeur de cr\u00e8me \u00e0 cigarettes, notre bo\u00eete Flip Top personnalis\u00e9e est le choix id\u00e9al pour am\u00e9liorer l'image de votre produit et accro\u00eetre la satisfaction de vos clients.<\/p>\n<p>Que vous soyez une entreprise existante ou en phase de d\u00e9marrage, notre \u00e9quipe de service \u00e0 la client\u00e8le vous aidera \u00e0 chaque \u00e9tape de votre commande. Nos solutions d'emballage de qualit\u00e9, nos prix comp\u00e9titifs et nos d\u00e9lais d'ex\u00e9cution rapides vous permettent de trouver facilement la bo\u00eete parfaite pour vos besoins. Croyez-nous, il s'agit d'une solution id\u00e9ale si vous souhaitez changer l'image de votre emballage, le personnaliser avec diff\u00e9rentes sp\u00e9cifications ou m\u00eame cr\u00e9er votre propre design unique. Nous sommes pr\u00eats \u00e0 vous servir avec le meilleur de nos produits, aux prix les plus abordables. Vous pouvez commencer avec un minimum de 500 bo\u00eetes ou une quantit\u00e9 maximale de 50000 bo\u00eetes. <a href=\"https:\/\/zojopackaging.com\/fr\/contact-us\/\"><strong>Commander maintenant.<\/strong><\/a><\/p>\n<h1><strong>Sp\u00e9cifications<\/strong><\/h1>\n<table width=\"1153\">\n<tbody>\n<tr>\n<td width=\"373\">Dimensions<\/td>\n<td width=\"373\">Toutes les tailles et formes personnalis\u00e9es<\/td>\n<\/tr>\n<tr>\n<td width=\"373\">Impression<\/td>\n<td width=\"373\">CMYK, PMS, pas d'impression<\/td>\n<\/tr>\n<tr>\n<td width=\"373\">Stock de papier<\/td>\n<td width=\"373\">10pt \u00e0 28pt (60lb \u00e0 400lb) Kraft \u00e9cologique, carton ondul\u00e9 \u00e0 cannelure E, carton Bux, papier cartonn\u00e9<\/td>\n<\/tr>\n<tr>\n<td width=\"373\">Quantit\u00e9s<\/td>\n<td width=\"373\">500- 500,000<\/td>\n<\/tr>\n<tr>\n<td width=\"373\">Rev\u00eatement<\/td>\n<td width=\"373\">Brillant, mat, spot UV<\/td>\n<\/tr>\n<tr>\n<td width=\"373\">Processus par d\u00e9faut<\/td>\n<td width=\"373\">D\u00e9coupage, collage, rainurage, perforation<\/td>\n<\/tr>\n<tr>\n<td width=\"373\">Options<\/td>\n<td width=\"373\">D\u00e9coupe de fen\u00eatres sur mesure, dorure\/argent, gaufrage, encre en relief, feuilles de PVC.<\/td>\n<\/tr>\n<tr>\n<td width=\"373\">Preuve<\/td>\n<td width=\"373\">Vue \u00e0 plat, maquette 3D, \u00e9chantillonnage physique (sur demande)<\/td>\n<\/tr>\n<tr>\n<td width=\"373\">D\u00e9lai d'ex\u00e9cution<\/td>\n<td width=\"373\">7-14 jours ouvrables , Rush<\/td>\n<\/tr>\n<tr>\n<td width=\"373\">MOQ<\/td>\n<td width=\"373\">500<\/td>\n<\/tr>\n<tr>\n<td width=\"373\">Temps d'\u00e9chantillonnage<\/td>\n<td width=\"373\">\u00a03-5 jours<\/td>\n<\/tr>\n<tr>\n<td width=\"373\">D\u00e9lai de paiement<\/td>\n<td width=\"373\">T\/T, Western Union, Paypal, d\u00e9p\u00f4t de 30% et solde de 70% avant l'exp\u00e9dition.<\/td>\n<\/tr>\n<\/tbody>\n<\/table>\n<p><img fetchpriority=\"high\" decoding=\"async\" class=\"alignnone wp-image-5947\" src=\"https:\/\/zojopackaging.com\/wp-content\/uploads\/2024\/06\/\u5706\u7b52\u8be6\u60c5\u9875_01-300x123.jpg\" alt=\"\" width=\"1362\" height=\"558\" title=\"\" srcset=\"https:\/\/zojopackaging.com\/wp-content\/uploads\/2024\/06\/\u5706\u7b52\u8be6\u60c5\u9875_01-300x123.jpg 300w, https:\/\/zojopackaging.com\/wp-content\/uploads\/2024\/06\/\u5706\u7b52\u8be6\u60c5\u9875_01-600x246.jpg 600w, https:\/\/zojopackaging.com\/wp-content\/uploads\/2024\/06\/\u5706\u7b52\u8be6\u60c5\u9875_01.jpg 750w\" sizes=\"(max-width: 1362px) 100vw, 1362px\" \/><\/p>\n<p><img decoding=\"async\" class=\"alignnone wp-image-6289\" src=\"https:\/\/zojopackaging.com\/wp-content\/uploads\/2024\/06\/\u8be6\u60c5\u9875_02-300x224.jpg\" alt=\"\u00a0Bo\u00eete \u00e0 cigarettes personnalis\u00e9e \u00e0 couvercle rabattable\" width=\"1361\" height=\"1016\" title=\"\" srcset=\"https:\/\/zojopackaging.com\/wp-content\/uploads\/2024\/06\/\u8be6\u60c5\u9875_02-300x224.jpg 300w, https:\/\/zojopackaging.com\/wp-content\/uploads\/2024\/06\/\u8be6\u60c5\u9875_02-600x448.jpg 600w, https:\/\/zojopackaging.com\/wp-content\/uploads\/2024\/06\/\u8be6\u60c5\u9875_02.jpg 750w\" sizes=\"(max-width: 1361px) 100vw, 1361px\" \/><\/p>\n<p><img decoding=\"async\" class=\"alignnone wp-image-5951\" src=\"https:\/\/zojopackaging.com\/wp-content\/uploads\/2024\/06\/\u5706\u7b52\u8be6\u60c5\u9875_05-218x300.jpg\" alt=\"\" width=\"1351\" height=\"1859\" title=\"\" srcset=\"https:\/\/zojopackaging.com\/wp-content\/uploads\/2024\/06\/\u5706\u7b52\u8be6\u60c5\u9875_05-218x300.jpg 218w, https:\/\/zojopackaging.com\/wp-content\/uploads\/2024\/06\/\u5706\u7b52\u8be6\u60c5\u9875_05-600x827.jpg 600w\" sizes=\"(max-width: 1351px) 100vw, 1351px\" \/> <img loading=\"lazy\" decoding=\"async\" class=\"alignnone wp-image-5952\" src=\"https:\/\/zojopackaging.com\/wp-content\/uploads\/2024\/06\/\u5706\u7b52\u8be6\u60c5\u9875_06-207x300.jpg\" alt=\"\" width=\"1356\" height=\"1965\" title=\"\" srcset=\"https:\/\/zojopackaging.com\/wp-content\/uploads\/2024\/06\/\u5706\u7b52\u8be6\u60c5\u9875_06-207x300.jpg 207w, https:\/\/zojopackaging.com\/wp-content\/uploads\/2024\/06\/\u5706\u7b52\u8be6\u60c5\u9875_06-600x868.jpg 600w\" sizes=\"(max-width: 1356px) 100vw, 1356px\" \/> <img loading=\"lazy\" decoding=\"async\" class=\"alignnone wp-image-5953\" src=\"https:\/\/zojopackaging.com\/wp-content\/uploads\/2024\/06\/\u5706\u7b52\u8be6\u60c5\u9875_07-151x300.jpg\" alt=\"\" width=\"1361\" height=\"2703\" title=\"\" srcset=\"https:\/\/zojopackaging.com\/wp-content\/uploads\/2024\/06\/\u5706\u7b52\u8be6\u60c5\u9875_07-151x300.jpg 151w, https:\/\/zojopackaging.com\/wp-content\/uploads\/2024\/06\/\u5706\u7b52\u8be6\u60c5\u9875_07-518x1030.jpg 518w, https:\/\/zojopackaging.com\/wp-content\/uploads\/2024\/06\/\u5706\u7b52\u8be6\u60c5\u9875_07-600x1193.jpg 600w, https:\/\/zojopackaging.com\/wp-content\/uploads\/2024\/06\/\u5706\u7b52\u8be6\u60c5\u9875_07.jpg 750w\" sizes=\"(max-width: 1361px) 100vw, 1361px\" \/> <img loading=\"lazy\" decoding=\"async\" class=\"alignnone wp-image-5954\" src=\"https:\/\/zojopackaging.com\/wp-content\/uploads\/2024\/06\/\u5706\u7b52\u8be6\u60c5\u9875_08-182x300.jpg\" alt=\"\" width=\"1358\" height=\"2238\" title=\"\" srcset=\"https:\/\/zojopackaging.com\/wp-content\/uploads\/2024\/06\/\u5706\u7b52\u8be6\u60c5\u9875_08-182x300.jpg 182w, https:\/\/zojopackaging.com\/wp-content\/uploads\/2024\/06\/\u5706\u7b52\u8be6\u60c5\u9875_08-625x1030.jpg 625w, https:\/\/zojopackaging.com\/wp-content\/uploads\/2024\/06\/\u5706\u7b52\u8be6\u60c5\u9875_08-600x989.jpg 600w, https:\/\/zojopackaging.com\/wp-content\/uploads\/2024\/06\/\u5706\u7b52\u8be6\u60c5\u9875_08.jpg 750w\" sizes=\"(max-width: 1358px) 100vw, 1358px\" \/> \u00a0<img loading=\"lazy\" decoding=\"async\" class=\"alignnone wp-image-5956\" src=\"https:\/\/zojopackaging.com\/wp-content\/uploads\/2024\/06\/\u5706\u7b52\u8be6\u60c5\u9875_10-300x284.jpg\" alt=\"\" width=\"1429\" height=\"1353\" title=\"\" srcset=\"https:\/\/zojopackaging.com\/wp-content\/uploads\/2024\/06\/\u5706\u7b52\u8be6\u60c5\u9875_10-300x284.jpg 300w, https:\/\/zojopackaging.com\/wp-content\/uploads\/2024\/06\/\u5706\u7b52\u8be6\u60c5\u9875_10-600x567.jpg 600w, https:\/\/zojopackaging.com\/wp-content\/uploads\/2024\/06\/\u5706\u7b52\u8be6\u60c5\u9875_10.jpg 750w\" sizes=\"(max-width: 1429px) 100vw, 1429px\" \/> <img loading=\"lazy\" decoding=\"async\" class=\"alignnone wp-image-5957\" src=\"https:\/\/zojopackaging.com\/wp-content\/uploads\/2024\/06\/\u5706\u7b52\u8be6\u60c5\u9875_11-133x300.jpg\" alt=\"\" width=\"1359\" height=\"3065\" title=\"\" srcset=\"https:\/\/zojopackaging.com\/wp-content\/uploads\/2024\/06\/\u5706\u7b52\u8be6\u60c5\u9875_11-133x300.jpg 133w, https:\/\/zojopackaging.com\/wp-content\/uploads\/2024\/06\/\u5706\u7b52\u8be6\u60c5\u9875_11-457x1030.jpg 457w\" sizes=\"(max-width: 1359px) 100vw, 1359px\" \/><\/p>","protected":false},"excerpt":{"rendered":"<p>Bo\u00eete \u00e0 fermeture magn\u00e9tique concentr\u00e9e, personnalisation illimit\u00e9e des dimensions, adapt\u00e9e \u00e0 toutes sortes de besoins. Papier rigide 1200GSM + papier d'art 157GSM, la doublure peut \u00eatre con\u00e7ue en fonction des caract\u00e9ristiques du produit. Estampage d'or + rev\u00eatement UV, texture exceptionnelle. Directement produit en Chine, en tenant compte de la praticit\u00e9 et de la qualit\u00e9 visuelle, le co\u00fbt de la personnalisation est contr\u00f4lable.<\/p>","protected":false},"featured_media":6290,"template":"","meta":[],"product_brand":[],"product_cat":[30,420,424,31],"product_tag":[539,537,538],"class_list":{"0":"post-6288","1":"product","2":"type-product","3":"status-publish","4":"has-post-thumbnail","6":"product_cat-by-industry","7":"product_cat-custom-cannabis-boxes","8":"product_cat-magnetic-closure-boxes","9":"product_cat-paper-box-style","10":"product_tag-concentrate-boxes-wholesale","11":"product_tag-concentrate-containers-packaging","12":"product_tag-custom-concentrate-packaging","14":"first","15":"instock","16":"shipping-taxable","17":"product-type-simple"},"_links":{"self":[{"href":"https:\/\/zojopackaging.com\/fr\/wp-json\/wp\/v2\/product\/6288","targetHints":{"allow":["GET"]}}],"collection":[{"href":"https:\/\/zojopackaging.com\/fr\/wp-json\/wp\/v2\/product"}],"about":[{"href":"https:\/\/zojopackaging.com\/fr\/wp-json\/wp\/v2\/types\/product"}],"version-history":[{"count":2,"href":"https:\/\/zojopackaging.com\/fr\/wp-json\/wp\/v2\/product\/6288\/revisions"}],"predecessor-version":[{"id":8095,"href":"https:\/\/zojopackaging.com\/fr\/wp-json\/wp\/v2\/product\/6288\/revisions\/8095"}],"wp:featuredmedia":[{"embeddable":true,"href":"https:\/\/zojopackaging.com\/fr\/wp-json\/wp\/v2\/media\/6290"}],"wp:attachment":[{"href":"https:\/\/zojopackaging.com\/fr\/wp-json\/wp\/v2\/media?parent=6288"}],"wp:term":[{"taxonomy":"product_brand","embeddable":true,"href":"https:\/\/zojopackaging.com\/fr\/wp-json\/wp\/v2\/product_brand?post=6288"},{"taxonomy":"product_cat","embeddable":true,"href":"https:\/\/zojopackaging.com\/fr\/wp-json\/wp\/v2\/product_cat?post=6288"},{"taxonomy":"product_tag","embeddable":true,"href":"https:\/\/zojopackaging.com\/fr\/wp-json\/wp\/v2\/product_tag?post=6288"}],"curies":[{"name":"wp","href":"https:\/\/api.w.org\/{rel}","templated":true}]}}