{"id":6714,"date":"2024-07-10T10:29:20","date_gmt":"2024-07-10T02:29:20","guid":{"rendered":"https:\/\/zojopackaging.com\/?post_type=product&#038;p=6714"},"modified":"2025-03-24T16:37:22","modified_gmt":"2025-03-24T08:37:22","slug":"custom-printed-atomizer-box","status":"publish","type":"product","link":"https:\/\/zojopackaging.com\/fr\/product\/custom-printed-atomizer-box\/","title":{"rendered":"Fabricant de bo\u00eetes d'emballage de cartouches de stylo \u00e0 vapeur imprim\u00e9es sur mesure"},"content":{"rendered":"<h1 class=\"LC20lb MBeuO DKV0Md\">Fabricant de bo\u00eetes d'emballage de cartouches de stylo \u00e0 vapeur imprim\u00e9es sur mesure<\/h1>\n<p>Obtenez des bo\u00eetes d'atomiseurs personnalis\u00e9es \u00e0 des prix de gros. Custom Box Packaging propose des bo\u00eetes d'atomiseurs imprim\u00e9es de diff\u00e9rentes tailles, qui r\u00e9pondent \u00e0 vos besoins sp\u00e9cifiques et am\u00e9liorent la pr\u00e9sentation de votre produit.<\/p>\n<p><strong>Mat\u00e9riau<\/strong><br \/>\nProcurez-vous du carton ou du mat\u00e9riel Kraft pour pr\u00e9senter vos produits de d\u00e9tail...<br \/>\nProfitez des cartons ondul\u00e9s et rigides de haute r\u00e9sistance qui r\u00e9pondent \u00e0 tous vos besoins en mati\u00e8re d'exp\u00e9dition.<br \/>\nOptez pour des bo\u00eetes d\u00e9coratives en carton cube pour ranger efficacement vos produits de luxe.<\/p>\n<p><strong>Style<\/strong><br \/>\nDonnez un aspect accrocheur \u00e0 votre produit en choisissant parmi notre gamme de styles pour votre bo\u00eete.<br \/>\nChoisissez le style \"tuck end\", \"sleeve\" ou \"two-piece\" pour pr\u00e9senter votre produit avec style.<\/p>\n<p><strong>Forme<\/strong><br \/>\nNos formes rectangulaires ou cubiques sp\u00e9cialement con\u00e7ues vous permettent d'accueillir facilement vos marchandises.<br \/>\nLes structures en caisson spacieuses sont con\u00e7ues en petites et grandes formes selon la demande.<\/p>\n<p><strong>Processus optionnel<\/strong><br \/>\nMettez en \u00e9vidence les slogans de votre marque, votre texte ou tout autre \u00e9l\u00e9ment en utilisant des techniques telles que<br \/>\nD\u00e9coupage suppl\u00e9mentaire \/ Gaufrage \/ Grainage \/ Marquage \u00e0 chaud \/ Perforation \/ Fen\u00eatrage et bien d'autres encore.<\/p>\n<p><strong>Rev\u00eatement<\/strong><br \/>\nAQ (semi-brillant) \/ Vernis brillant \/ Vernis mat \/ Lamin\u00e9 brillant \/ Mat<br \/>\nSpot UV + Matte Varnish \/ Spot UV + Matte Lamination<\/p>\n<h1><strong>Sp\u00e9cifications<\/strong><\/h1>\n<table width=\"1153\">\n<tbody>\n<tr>\n<td width=\"373\">Dimensions<\/td>\n<td width=\"373\">Toutes les tailles et formes personnalis\u00e9es<\/td>\n<\/tr>\n<tr>\n<td width=\"373\">Impression<\/td>\n<td width=\"373\">CMYK, PMS, pas d'impression<\/td>\n<\/tr>\n<tr>\n<td width=\"373\">Stock de papier<\/td>\n<td width=\"373\">10pt \u00e0 28pt (60lb \u00e0 400lb) Kraft \u00e9cologique, carton ondul\u00e9 \u00e0 cannelure E, carton Bux, papier cartonn\u00e9<\/td>\n<\/tr>\n<tr>\n<td width=\"373\">Quantit\u00e9s<\/td>\n<td width=\"373\">500- 500,000<\/td>\n<\/tr>\n<tr>\n<td width=\"373\">Rev\u00eatement<\/td>\n<td width=\"373\">Brillant, mat, spot UV<\/td>\n<\/tr>\n<tr>\n<td width=\"373\">Processus par d\u00e9faut<\/td>\n<td width=\"373\">D\u00e9coupage, collage, rainurage, perforation<\/td>\n<\/tr>\n<tr>\n<td width=\"373\">Options<\/td>\n<td width=\"373\">D\u00e9coupe de fen\u00eatres sur mesure, dorure\/argent, gaufrage, encre en relief, feuilles de PVC.<\/td>\n<\/tr>\n<tr>\n<td width=\"373\">Preuve<\/td>\n<td width=\"373\">Vue \u00e0 plat, maquette 3D, \u00e9chantillonnage physique (sur demande)<\/td>\n<\/tr>\n<tr>\n<td width=\"373\">D\u00e9lai d'ex\u00e9cution<\/td>\n<td width=\"373\">7-14 jours ouvrables , Rush<\/td>\n<\/tr>\n<tr>\n<td width=\"373\">MOQ<\/td>\n<td width=\"373\">500<\/td>\n<\/tr>\n<tr>\n<td width=\"373\">Temps d'\u00e9chantillonnage<\/td>\n<td width=\"373\">\u00a03-5 jours<\/td>\n<\/tr>\n<tr>\n<td width=\"373\">D\u00e9lai de paiement<\/td>\n<td width=\"373\">T\/T, Western Union, Paypal, d\u00e9p\u00f4t de 30% et solde de 70% avant l'exp\u00e9dition.<\/td>\n<\/tr>\n<\/tbody>\n<\/table>\n<p><img fetchpriority=\"high\" decoding=\"async\" class=\"alignnone wp-image-5947\" src=\"https:\/\/zojopackaging.com\/wp-content\/uploads\/2024\/06\/\u5706\u7b52\u8be6\u60c5\u9875_01-300x123.jpg\" alt=\"\" width=\"1362\" height=\"558\" title=\"\" srcset=\"https:\/\/zojopackaging.com\/wp-content\/uploads\/2024\/06\/\u5706\u7b52\u8be6\u60c5\u9875_01-300x123.jpg 300w, https:\/\/zojopackaging.com\/wp-content\/uploads\/2024\/06\/\u5706\u7b52\u8be6\u60c5\u9875_01-600x246.jpg 600w, https:\/\/zojopackaging.com\/wp-content\/uploads\/2024\/06\/\u5706\u7b52\u8be6\u60c5\u9875_01.jpg 750w\" sizes=\"(max-width: 1362px) 100vw, 1362px\" \/><\/p>\n<p>&nbsp;<\/p>\n<p><img decoding=\"async\" class=\"alignnone wp-image-5951\" src=\"https:\/\/zojopackaging.com\/wp-content\/uploads\/2024\/06\/\u5706\u7b52\u8be6\u60c5\u9875_05-218x300.jpg\" alt=\"\" width=\"1351\" height=\"1859\" title=\"\" srcset=\"https:\/\/zojopackaging.com\/wp-content\/uploads\/2024\/06\/\u5706\u7b52\u8be6\u60c5\u9875_05-218x300.jpg 218w, https:\/\/zojopackaging.com\/wp-content\/uploads\/2024\/06\/\u5706\u7b52\u8be6\u60c5\u9875_05-600x827.jpg 600w\" sizes=\"(max-width: 1351px) 100vw, 1351px\" \/> <img decoding=\"async\" class=\"alignnone wp-image-5952\" src=\"https:\/\/zojopackaging.com\/wp-content\/uploads\/2024\/06\/\u5706\u7b52\u8be6\u60c5\u9875_06-207x300.jpg\" alt=\"\" width=\"1356\" height=\"1965\" title=\"\" srcset=\"https:\/\/zojopackaging.com\/wp-content\/uploads\/2024\/06\/\u5706\u7b52\u8be6\u60c5\u9875_06-207x300.jpg 207w, https:\/\/zojopackaging.com\/wp-content\/uploads\/2024\/06\/\u5706\u7b52\u8be6\u60c5\u9875_06-600x868.jpg 600w\" sizes=\"(max-width: 1356px) 100vw, 1356px\" \/> <img loading=\"lazy\" decoding=\"async\" class=\"alignnone wp-image-5953\" src=\"https:\/\/zojopackaging.com\/wp-content\/uploads\/2024\/06\/\u5706\u7b52\u8be6\u60c5\u9875_07-151x300.jpg\" alt=\"\" width=\"1361\" height=\"2703\" title=\"\" srcset=\"https:\/\/zojopackaging.com\/wp-content\/uploads\/2024\/06\/\u5706\u7b52\u8be6\u60c5\u9875_07-151x300.jpg 151w, https:\/\/zojopackaging.com\/wp-content\/uploads\/2024\/06\/\u5706\u7b52\u8be6\u60c5\u9875_07-518x1030.jpg 518w, https:\/\/zojopackaging.com\/wp-content\/uploads\/2024\/06\/\u5706\u7b52\u8be6\u60c5\u9875_07-600x1193.jpg 600w, https:\/\/zojopackaging.com\/wp-content\/uploads\/2024\/06\/\u5706\u7b52\u8be6\u60c5\u9875_07.jpg 750w\" sizes=\"(max-width: 1361px) 100vw, 1361px\" \/> <img loading=\"lazy\" decoding=\"async\" class=\"alignnone wp-image-5954\" src=\"https:\/\/zojopackaging.com\/wp-content\/uploads\/2024\/06\/\u5706\u7b52\u8be6\u60c5\u9875_08-182x300.jpg\" alt=\"\" width=\"1358\" height=\"2238\" title=\"\" srcset=\"https:\/\/zojopackaging.com\/wp-content\/uploads\/2024\/06\/\u5706\u7b52\u8be6\u60c5\u9875_08-182x300.jpg 182w, https:\/\/zojopackaging.com\/wp-content\/uploads\/2024\/06\/\u5706\u7b52\u8be6\u60c5\u9875_08-625x1030.jpg 625w, https:\/\/zojopackaging.com\/wp-content\/uploads\/2024\/06\/\u5706\u7b52\u8be6\u60c5\u9875_08-600x989.jpg 600w, https:\/\/zojopackaging.com\/wp-content\/uploads\/2024\/06\/\u5706\u7b52\u8be6\u60c5\u9875_08.jpg 750w\" sizes=\"(max-width: 1358px) 100vw, 1358px\" \/> \u00a0<img loading=\"lazy\" decoding=\"async\" class=\"alignnone wp-image-5956\" src=\"https:\/\/zojopackaging.com\/wp-content\/uploads\/2024\/06\/\u5706\u7b52\u8be6\u60c5\u9875_10-300x284.jpg\" alt=\"\" width=\"1429\" height=\"1353\" title=\"\" srcset=\"https:\/\/zojopackaging.com\/wp-content\/uploads\/2024\/06\/\u5706\u7b52\u8be6\u60c5\u9875_10-300x284.jpg 300w, https:\/\/zojopackaging.com\/wp-content\/uploads\/2024\/06\/\u5706\u7b52\u8be6\u60c5\u9875_10-600x567.jpg 600w, https:\/\/zojopackaging.com\/wp-content\/uploads\/2024\/06\/\u5706\u7b52\u8be6\u60c5\u9875_10.jpg 750w\" sizes=\"(max-width: 1429px) 100vw, 1429px\" \/> <img loading=\"lazy\" decoding=\"async\" class=\"alignnone wp-image-5957\" src=\"https:\/\/zojopackaging.com\/wp-content\/uploads\/2024\/06\/\u5706\u7b52\u8be6\u60c5\u9875_11-133x300.jpg\" alt=\"\" width=\"1359\" height=\"3065\" title=\"\" srcset=\"https:\/\/zojopackaging.com\/wp-content\/uploads\/2024\/06\/\u5706\u7b52\u8be6\u60c5\u9875_11-133x300.jpg 133w, https:\/\/zojopackaging.com\/wp-content\/uploads\/2024\/06\/\u5706\u7b52\u8be6\u60c5\u9875_11-457x1030.jpg 457w\" sizes=\"(max-width: 1359px) 100vw, 1359px\" \/><\/p>","protected":false},"excerpt":{"rendered":"<p>Bo\u00eete \u00e0 cartes personnalis\u00e9es \u00e0 l'\u00e9preuve des enfants, doublure pleine taille intelligente, impression en couleurs Pantone avec z\u00e9ro diff\u00e9rence de couleur, certification d'usine chinoise.<\/p>","protected":false},"featured_media":6716,"template":"","meta":[],"product_brand":[],"product_cat":[30,420,430,31],"product_tag":[571,570,569],"class_list":{"0":"post-6714","1":"product","2":"type-product","3":"status-publish","4":"has-post-thumbnail","6":"product_cat-by-industry","7":"product_cat-custom-cannabis-boxes","8":"product_cat-folding-cartons","9":"product_cat-paper-box-style","10":"product_tag-packaging-box-manufactirer","11":"product_tag-vape-packaging-box","12":"product_tag-vape-pen-cartridge-packaging","14":"first","15":"instock","16":"shipping-taxable","17":"product-type-simple"},"_links":{"self":[{"href":"https:\/\/zojopackaging.com\/fr\/wp-json\/wp\/v2\/product\/6714","targetHints":{"allow":["GET"]}}],"collection":[{"href":"https:\/\/zojopackaging.com\/fr\/wp-json\/wp\/v2\/product"}],"about":[{"href":"https:\/\/zojopackaging.com\/fr\/wp-json\/wp\/v2\/types\/product"}],"version-history":[{"count":2,"href":"https:\/\/zojopackaging.com\/fr\/wp-json\/wp\/v2\/product\/6714\/revisions"}],"predecessor-version":[{"id":8108,"href":"https:\/\/zojopackaging.com\/fr\/wp-json\/wp\/v2\/product\/6714\/revisions\/8108"}],"wp:featuredmedia":[{"embeddable":true,"href":"https:\/\/zojopackaging.com\/fr\/wp-json\/wp\/v2\/media\/6716"}],"wp:attachment":[{"href":"https:\/\/zojopackaging.com\/fr\/wp-json\/wp\/v2\/media?parent=6714"}],"wp:term":[{"taxonomy":"product_brand","embeddable":true,"href":"https:\/\/zojopackaging.com\/fr\/wp-json\/wp\/v2\/product_brand?post=6714"},{"taxonomy":"product_cat","embeddable":true,"href":"https:\/\/zojopackaging.com\/fr\/wp-json\/wp\/v2\/product_cat?post=6714"},{"taxonomy":"product_tag","embeddable":true,"href":"https:\/\/zojopackaging.com\/fr\/wp-json\/wp\/v2\/product_tag?post=6714"}],"curies":[{"name":"wp","href":"https:\/\/api.w.org\/{rel}","templated":true}]}}