{"id":6723,"date":"2024-07-10T10:44:08","date_gmt":"2024-07-10T02:44:08","guid":{"rendered":"https:\/\/zojopackaging.com\/?post_type=product&#038;p=6723"},"modified":"2025-03-24T16:25:34","modified_gmt":"2025-03-24T08:25:34","slug":"wholesale-printed-atomizer-boxes","status":"publish","type":"product","link":"https:\/\/zojopackaging.com\/fr\/product\/wholesale-printed-atomizer-boxes\/","title":{"rendered":"Personnaliser les bo\u00eetes d'emballage de Vape Solutions Wholesale"},"content":{"rendered":"<div class=\"non-scrollable-content\">\n<h1>Personnaliser les bo\u00eetes d'emballage de Vape Solutions Wholesale<\/h1>\n<\/div>\n<p>Chez ZojoPrint, nous ouvrons la porte \u00e0 une cr\u00e9ativit\u00e9 sans limite gr\u00e2ce \u00e0 nos options de personnalisation \u00e9tendues, vous permettant de cr\u00e9er des bo\u00eetes d'atomiseurs personnalis\u00e9es qui racontent l'histoire de votre marque et garantissent une protection in\u00e9gal\u00e9e. Des mat\u00e9riaux les plus robustes aux nombreux choix d'impression, des formes et styles uniques aux tailles personnalis\u00e9es, il y a beaucoup \u00e0 choisir, juste pour vous permettre de cr\u00e9er des bo\u00eetes d'atomiseurs qui r\u00e9pondent parfaitement aux besoins de votre marque et de votre pr\u00e9sentation. Les d\u00e9lais d'ex\u00e9cution les plus rapides, les MOQ les plus bas et la livraison gratuite rendent ce processus plus amusant.<\/p>\n<ul>\n<li>Carton, Kraft et rigide<\/li>\n<li>Impression en quadrichromie \u00e0 l'int\u00e9rieur et \u00e0 l'ext\u00e9rieur ou les deux avec finitions<\/li>\n<li>Commande \u00e0 partir de 50 et livraison dans les 8 \u00e0 10 jours<\/li>\n<li>Bo\u00eetes \u00e0 fond perdu, \u00e0 manchon, \u00e0 verrouillage automatique, coup\u00e9es sur mesure<\/li>\n<\/ul>\n<p>Laissez-nous vous livrer des bo\u00eetes d'emballage de premi\u00e8re qualit\u00e9 directement \u00e0 votre porte sans frais d'exp\u00e9dition suppl\u00e9mentaires aux \u00c9tats-Unis, au Royaume-Uni et au Canada, ce qui vous donne l'occasion parfaite de mettre la main sur ces bo\u00eetes \u00e9conomiques sans aucun probl\u00e8me. Pour plus d'informations sur nos offres et normes de vente en gros, cliquez ici. <strong><a href=\"https:\/\/zojopackaging.com\/fr\/contact-us\/\">nous appeler<\/a><\/strong> ou vous pouvez \u00e9galement nous envoyer un courriel.<\/p>\n<h1><strong>Sp\u00e9cifications<\/strong><\/h1>\n<table width=\"1153\">\n<tbody>\n<tr>\n<td width=\"373\">Dimensions<\/td>\n<td width=\"373\">Toutes les tailles et formes personnalis\u00e9es<\/td>\n<\/tr>\n<tr>\n<td width=\"373\">Impression<\/td>\n<td width=\"373\">CMYK, PMS, pas d'impression<\/td>\n<\/tr>\n<tr>\n<td width=\"373\">Stock de papier<\/td>\n<td width=\"373\">10pt \u00e0 28pt (60lb \u00e0 400lb) Kraft \u00e9cologique, carton ondul\u00e9 \u00e0 cannelure E, carton Bux, papier cartonn\u00e9<\/td>\n<\/tr>\n<tr>\n<td width=\"373\">Quantit\u00e9s<\/td>\n<td width=\"373\">500- 500,000<\/td>\n<\/tr>\n<tr>\n<td width=\"373\">Rev\u00eatement<\/td>\n<td width=\"373\">Brillant, mat, spot UV<\/td>\n<\/tr>\n<tr>\n<td width=\"373\">Processus par d\u00e9faut<\/td>\n<td width=\"373\">D\u00e9coupage, collage, rainurage, perforation<\/td>\n<\/tr>\n<tr>\n<td width=\"373\">Options<\/td>\n<td width=\"373\">D\u00e9coupe de fen\u00eatres sur mesure, dorure\/argent, gaufrage, encre en relief, feuilles de PVC.<\/td>\n<\/tr>\n<tr>\n<td width=\"373\">Preuve<\/td>\n<td width=\"373\">Vue \u00e0 plat, maquette 3D, \u00e9chantillonnage physique (sur demande)<\/td>\n<\/tr>\n<tr>\n<td width=\"373\">D\u00e9lai d'ex\u00e9cution<\/td>\n<td width=\"373\">7-14 jours ouvrables , Rush<\/td>\n<\/tr>\n<tr>\n<td width=\"373\">MOQ<\/td>\n<td width=\"373\">500<\/td>\n<\/tr>\n<tr>\n<td width=\"373\">Temps d'\u00e9chantillonnage<\/td>\n<td width=\"373\">\u00a03-5 jours<\/td>\n<\/tr>\n<tr>\n<td width=\"373\">D\u00e9lai de paiement<\/td>\n<td width=\"373\">T\/T, Western Union, Paypal, d\u00e9p\u00f4t de 30% et solde de 70% avant l'exp\u00e9dition.<\/td>\n<\/tr>\n<\/tbody>\n<\/table>\n<p><img fetchpriority=\"high\" decoding=\"async\" class=\"alignnone wp-image-5947\" src=\"https:\/\/zojopackaging.com\/wp-content\/uploads\/2024\/06\/\u5706\u7b52\u8be6\u60c5\u9875_01-300x123.jpg\" alt=\"\" width=\"1362\" height=\"558\" title=\"\" srcset=\"https:\/\/zojopackaging.com\/wp-content\/uploads\/2024\/06\/\u5706\u7b52\u8be6\u60c5\u9875_01-300x123.jpg 300w, https:\/\/zojopackaging.com\/wp-content\/uploads\/2024\/06\/\u5706\u7b52\u8be6\u60c5\u9875_01-600x246.jpg 600w, https:\/\/zojopackaging.com\/wp-content\/uploads\/2024\/06\/\u5706\u7b52\u8be6\u60c5\u9875_01.jpg 750w\" sizes=\"(max-width: 1362px) 100vw, 1362px\" \/><\/p>\n<p>&nbsp;<\/p>\n<p><img decoding=\"async\" class=\"alignnone wp-image-5951\" src=\"https:\/\/zojopackaging.com\/wp-content\/uploads\/2024\/06\/\u5706\u7b52\u8be6\u60c5\u9875_05-218x300.jpg\" alt=\"\" width=\"1351\" height=\"1859\" title=\"\" srcset=\"https:\/\/zojopackaging.com\/wp-content\/uploads\/2024\/06\/\u5706\u7b52\u8be6\u60c5\u9875_05-218x300.jpg 218w, https:\/\/zojopackaging.com\/wp-content\/uploads\/2024\/06\/\u5706\u7b52\u8be6\u60c5\u9875_05-600x827.jpg 600w\" sizes=\"(max-width: 1351px) 100vw, 1351px\" \/> <img decoding=\"async\" class=\"alignnone wp-image-5952\" src=\"https:\/\/zojopackaging.com\/wp-content\/uploads\/2024\/06\/\u5706\u7b52\u8be6\u60c5\u9875_06-207x300.jpg\" alt=\"\" width=\"1356\" height=\"1965\" title=\"\" srcset=\"https:\/\/zojopackaging.com\/wp-content\/uploads\/2024\/06\/\u5706\u7b52\u8be6\u60c5\u9875_06-207x300.jpg 207w, https:\/\/zojopackaging.com\/wp-content\/uploads\/2024\/06\/\u5706\u7b52\u8be6\u60c5\u9875_06-600x868.jpg 600w\" sizes=\"(max-width: 1356px) 100vw, 1356px\" \/> <img loading=\"lazy\" decoding=\"async\" class=\"alignnone wp-image-5953\" src=\"https:\/\/zojopackaging.com\/wp-content\/uploads\/2024\/06\/\u5706\u7b52\u8be6\u60c5\u9875_07-151x300.jpg\" alt=\"\" width=\"1361\" height=\"2703\" title=\"\" srcset=\"https:\/\/zojopackaging.com\/wp-content\/uploads\/2024\/06\/\u5706\u7b52\u8be6\u60c5\u9875_07-151x300.jpg 151w, https:\/\/zojopackaging.com\/wp-content\/uploads\/2024\/06\/\u5706\u7b52\u8be6\u60c5\u9875_07-518x1030.jpg 518w, https:\/\/zojopackaging.com\/wp-content\/uploads\/2024\/06\/\u5706\u7b52\u8be6\u60c5\u9875_07-600x1193.jpg 600w, https:\/\/zojopackaging.com\/wp-content\/uploads\/2024\/06\/\u5706\u7b52\u8be6\u60c5\u9875_07.jpg 750w\" sizes=\"(max-width: 1361px) 100vw, 1361px\" \/> <img loading=\"lazy\" decoding=\"async\" class=\"alignnone wp-image-5954\" src=\"https:\/\/zojopackaging.com\/wp-content\/uploads\/2024\/06\/\u5706\u7b52\u8be6\u60c5\u9875_08-182x300.jpg\" alt=\"\" width=\"1358\" height=\"2238\" title=\"\" srcset=\"https:\/\/zojopackaging.com\/wp-content\/uploads\/2024\/06\/\u5706\u7b52\u8be6\u60c5\u9875_08-182x300.jpg 182w, https:\/\/zojopackaging.com\/wp-content\/uploads\/2024\/06\/\u5706\u7b52\u8be6\u60c5\u9875_08-625x1030.jpg 625w, https:\/\/zojopackaging.com\/wp-content\/uploads\/2024\/06\/\u5706\u7b52\u8be6\u60c5\u9875_08-600x989.jpg 600w, https:\/\/zojopackaging.com\/wp-content\/uploads\/2024\/06\/\u5706\u7b52\u8be6\u60c5\u9875_08.jpg 750w\" sizes=\"(max-width: 1358px) 100vw, 1358px\" \/> \u00a0<img loading=\"lazy\" decoding=\"async\" class=\"alignnone wp-image-5956\" src=\"https:\/\/zojopackaging.com\/wp-content\/uploads\/2024\/06\/\u5706\u7b52\u8be6\u60c5\u9875_10-300x284.jpg\" alt=\"\" width=\"1429\" height=\"1353\" title=\"\" srcset=\"https:\/\/zojopackaging.com\/wp-content\/uploads\/2024\/06\/\u5706\u7b52\u8be6\u60c5\u9875_10-300x284.jpg 300w, https:\/\/zojopackaging.com\/wp-content\/uploads\/2024\/06\/\u5706\u7b52\u8be6\u60c5\u9875_10-600x567.jpg 600w, https:\/\/zojopackaging.com\/wp-content\/uploads\/2024\/06\/\u5706\u7b52\u8be6\u60c5\u9875_10.jpg 750w\" sizes=\"(max-width: 1429px) 100vw, 1429px\" \/> <img loading=\"lazy\" decoding=\"async\" class=\"alignnone wp-image-5957\" src=\"https:\/\/zojopackaging.com\/wp-content\/uploads\/2024\/06\/\u5706\u7b52\u8be6\u60c5\u9875_11-133x300.jpg\" alt=\"\" width=\"1359\" height=\"3065\" title=\"\" srcset=\"https:\/\/zojopackaging.com\/wp-content\/uploads\/2024\/06\/\u5706\u7b52\u8be6\u60c5\u9875_11-133x300.jpg 133w, https:\/\/zojopackaging.com\/wp-content\/uploads\/2024\/06\/\u5706\u7b52\u8be6\u60c5\u9875_11-457x1030.jpg 457w\" sizes=\"(max-width: 1359px) 100vw, 1359px\" \/><\/p>","protected":false},"excerpt":{"rendered":"<p>Bo\u00eete de cartes de vape \u00e0 l'\u00e9preuve des enfants personnalis\u00e9e, conception de protection \u00e0 l'\u00e9preuve des enfants, taille\/doublure adapt\u00e9e aux sp\u00e9cifications de la cartouche sur demande Usine chinoise, ODM solution unique d'emballage anti-sabotage.<\/p>","protected":false},"featured_media":6725,"template":"","meta":[],"product_brand":[],"product_cat":[30,420,430,31],"product_tag":[566,568,567],"class_list":{"0":"post-6723","1":"product","2":"type-product","3":"status-publish","4":"has-post-thumbnail","6":"product_cat-by-industry","7":"product_cat-custom-cannabis-boxes","8":"product_cat-folding-cartons","9":"product_cat-paper-box-style","10":"product_tag-custom-vape-packaging-boxes","11":"product_tag-vape-boxes-wholesale","12":"product_tag-vape-packaging-boxes","14":"first","15":"instock","16":"shipping-taxable","17":"product-type-simple"},"_links":{"self":[{"href":"https:\/\/zojopackaging.com\/fr\/wp-json\/wp\/v2\/product\/6723","targetHints":{"allow":["GET"]}}],"collection":[{"href":"https:\/\/zojopackaging.com\/fr\/wp-json\/wp\/v2\/product"}],"about":[{"href":"https:\/\/zojopackaging.com\/fr\/wp-json\/wp\/v2\/types\/product"}],"version-history":[{"count":2,"href":"https:\/\/zojopackaging.com\/fr\/wp-json\/wp\/v2\/product\/6723\/revisions"}],"predecessor-version":[{"id":8106,"href":"https:\/\/zojopackaging.com\/fr\/wp-json\/wp\/v2\/product\/6723\/revisions\/8106"}],"wp:featuredmedia":[{"embeddable":true,"href":"https:\/\/zojopackaging.com\/fr\/wp-json\/wp\/v2\/media\/6725"}],"wp:attachment":[{"href":"https:\/\/zojopackaging.com\/fr\/wp-json\/wp\/v2\/media?parent=6723"}],"wp:term":[{"taxonomy":"product_brand","embeddable":true,"href":"https:\/\/zojopackaging.com\/fr\/wp-json\/wp\/v2\/product_brand?post=6723"},{"taxonomy":"product_cat","embeddable":true,"href":"https:\/\/zojopackaging.com\/fr\/wp-json\/wp\/v2\/product_cat?post=6723"},{"taxonomy":"product_tag","embeddable":true,"href":"https:\/\/zojopackaging.com\/fr\/wp-json\/wp\/v2\/product_tag?post=6723"}],"curies":[{"name":"wp","href":"https:\/\/api.w.org\/{rel}","templated":true}]}}