{"id":6735,"date":"2024-07-10T16:23:00","date_gmt":"2024-07-10T08:23:00","guid":{"rendered":"https:\/\/zojopackaging.com\/?post_type=product&#038;p=6735"},"modified":"2025-03-24T13:39:35","modified_gmt":"2025-03-24T05:39:35","slug":"custom-folding-card-paper-perfume-boxes","status":"publish","type":"product","link":"https:\/\/zojopackaging.com\/fr\/product\/custom-folding-card-paper-perfume-boxes\/","title":{"rendered":"Bo\u00eete \u00e0 parfum en papier \u00e0 cartes pliantes, impression CMYK Wholesale"},"content":{"rendered":"<h1>Bo\u00eete \u00e0 parfum en papier \u00e0 cartes pliantes, impression CMYK Wholesale<\/h1>\n<div>\n<p>Vous cherchez \u00e0 am\u00e9liorer votre activit\u00e9 dans le domaine des parfums ? Ne cherchez pas plus loin que notre gaufrage en or rose.\u00a0<a href=\"https:\/\/zojopackaging.com\/fr\/custom-packaging-boxes\/\"><strong>Bo\u00eetes d'emballage pour parfums<\/strong><\/a>. Ces bo\u00eetes constituent un moyen \u00e9l\u00e9gant et sophistiqu\u00e9 de mettre en valeur vos parfums et d'envoyer un message clair \u00e0 vos clients quant \u00e0 l'importance que vous accordez \u00e0 la qualit\u00e9 de vos produits. Gr\u00e2ce \u00e0 leur esth\u00e9tique in\u00e9gal\u00e9e et \u00e0 leur qualit\u00e9 sup\u00e9rieure, ces bo\u00eetes sont pr\u00eates \u00e0 augmenter l'attrait et les ventes de vos parfums.<\/p>\n<h1><strong>Bo\u00eete \u00e0 parfum pliante \u00e9cologique Fournisseurs<\/strong><\/h1>\n<ul>\n<li>Zojoprint Packaging est capable de construire TOUT pour votre emballage ! Echantillon vierge gratuit !<\/li>\n<li>100% papier recycl\u00e9 pour bo\u00eete cadeau en papier de luxe<\/li>\n<li>Zojoprint Packaging dispose d'une usine de 5000 m\u00e8tres carr\u00e9s. Capacit\u00e9 de production : 25000 pi\u00e8ces par semaine.<\/li>\n<li>Livraison rapide.<\/li>\n<li>Conception gratuite, \u00e9chantillon gratuit.<\/li>\n<li>Capacit\u00e9 de conception d'emballages importants et solides pour vous permettre de r\u00e9duire les co\u00fbts.<\/li>\n<\/ul>\n<h1><strong>Description des produits :<\/strong><\/h1>\n<table border=\"1\" cellspacing=\"1\" cellpadding=\"1\">\n<tbody>\n<tr>\n<td>Options de mat\u00e9riaux<\/td>\n<td>1.5-3mm Carton gris, 128gsm-157gsm Papier d'art, 210gsm-400gsm Papier cartonn\u00e9 blanc Ou personnalis\u00e9 selon votre demande<\/td>\n<\/tr>\n<tr>\n<td>\u00c9chantillon<\/td>\n<td>Oui<\/td>\n<\/tr>\n<tr>\n<td>Options d'accessoires<\/td>\n<td>Fen\u00eatre en PVC\/PET, ruban, aimant Ou selon votre commande<\/td>\n<\/tr>\n<tr>\n<td>Couleur<\/td>\n<td>Dor\u00e9\/Rouge\/Noir\/Rose....\/personnalis\u00e9<\/td>\n<\/tr>\n<tr>\n<td>OEM ET ODM<\/td>\n<td>Disponible<\/td>\n<\/tr>\n<tr>\n<td>Logo et finition de surface<\/td>\n<td>S\u00e9rigraphie, marquage \u00e0 chaud, peinture en couleur, peinture au pinceau, pelliculage mat\/brillant, etc.<\/td>\n<\/tr>\n<tr>\n<td>Utilisation<\/td>\n<td>parfums, soins de la peau, soins personnels, emballages cadeaux, etc.<\/td>\n<\/tr>\n<tr>\n<td>Impression<\/td>\n<td>Impression offset en quadrichromie CMYK, toutes les couleurs PMS<\/td>\n<\/tr>\n<tr>\n<td>Prix approximatif<\/td>\n<td>N\u00e9gociation<\/td>\n<\/tr>\n<tr>\n<td><strong>MOQ<\/strong><\/td>\n<td>500pcs<\/td>\n<\/tr>\n<tr>\n<td>D\u00e9lai de paiement<\/td>\n<td>30%deposit by T\/T Before Production,70% Balance Before Shipment<\/td>\n<\/tr>\n<tr>\n<td>Exp\u00e9dition<\/td>\n<td>par voie maritime ou a\u00e9rienne express comme DHL, UPS, Aramex, TNT, FedEx...<\/td>\n<\/tr>\n<tr>\n<td>Temps d'\u00e9chantillonnage<\/td>\n<td>7 jours ouvrables si vous souhaitez personnaliser votre logo, 3 jours ouvrables pour nos \u00e9chantillons existants \u00e0 titre de r\u00e9f\u00e9rence.<\/td>\n<\/tr>\n<tr>\n<td>Temps de production<\/td>\n<td>7-14 jours ouvrables<\/td>\n<\/tr>\n<tr>\n<td>\u00a0Emballage<\/td>\n<td>Carton d'exportation standard ou selon l'avis du client<\/td>\n<\/tr>\n<\/tbody>\n<\/table>\n<h1>Bo\u00eetes d'emballage de parfum personnalis\u00e9es Etapes<\/h1>\n<p>Chez Zojoprint Packaging, nous sommes sp\u00e9cialis\u00e9s dans les bo\u00eetes d'emballage de parfum personnalis\u00e9es. Nous vous assistons dans la conception, la s\u00e9lection des styles de bo\u00eetes, le choix des mat\u00e9riaux, la fabrication et la cr\u00e9ation d'\u00e9chantillons. En outre, nous aidons \u00e0 g\u00e9rer le processus de fabrication jusqu'\u00e0 l'exp\u00e9dition.<\/p>\n<h3>\u00c9tape 1 : Choisir les styles de bo\u00eetes adapt\u00e9s \u00e0 vos besoins<\/h3>\n<p>Il est essentiel de s\u00e9lectionner les bons styles de bo\u00eetes pour que votre emballage r\u00e9ponde \u00e0 vos besoins sp\u00e9cifiques et mette en valeur vos produits de mani\u00e8re efficace. Chez Zojoprint Packaging, nous proposons une gamme vari\u00e9e de styles de bo\u00eetes, allant de designs \u00e9pur\u00e9s et modernes \u00e0 des options classiques et \u00e9l\u00e9gantes. Que vous pr\u00e9f\u00e9riez un look simple et minimaliste ou un style plus complexe et d\u00e9coratif, nous avons le style de bo\u00eete parfait pour compl\u00e9ter votre marque et am\u00e9liorer la pr\u00e9sentation de vos produits. Notre \u00e9quipe se consacre \u00e0 vous aider \u00e0 trouver le style de bo\u00eete id\u00e9al qui non seulement refl\u00e8te l'identit\u00e9 de votre marque, mais offre \u00e9galement une fonctionnalit\u00e9 pratique pour vos besoins en mati\u00e8re d'emballage.<\/p>\n<p><img fetchpriority=\"high\" decoding=\"async\" class=\"alignnone wp-image-3830 lazyloaded\" src=\"https:\/\/packsolo.com\/wp-content\/uploads\/2024\/04\/boxes-styles.jpg\" alt=\"styles de bo\u00eetes personnalis\u00e9es\" width=\"1000\" height=\"1527\" data-src=\"https:\/\/packsolo.com\/wp-content\/uploads\/2024\/04\/boxes-styles.jpg\" data- title=\"\"><\/p>\n<h3><\/h3>\n<h3>\u00c9tape 2 : Choisissez vos m\u00e9tiers pr\u00e9f\u00e9r\u00e9s pour personnaliser votre emballage<\/h3>\n<p>La s\u00e9lection de vos produits artisanaux pr\u00e9f\u00e9r\u00e9s est une \u00e9tape importante dans la personnalisation de votre emballage afin qu'il corresponde \u00e0 l'identit\u00e9 de votre marque et qu'il attire votre public cible. Chez Zojoprint Packaging, nous offrons une vari\u00e9t\u00e9 d'options artisanales pour ajouter des \u00e9l\u00e9ments uniques et accrocheurs \u00e0 votre emballage. Que vous soyez int\u00e9ress\u00e9 par le gaufrage, la dorure, le spot UV ou d'autres techniques sp\u00e9cialis\u00e9es, nous disposons de l'expertise et des capacit\u00e9s n\u00e9cessaires pour donner vie \u00e0 votre vision. Notre \u00e9quipe travaillera en \u00e9troite collaboration avec vous pour comprendre vos besoins et vous recommander les meilleures options de fabrication pour obtenir l'aspect et la sensation souhait\u00e9s pour votre emballage. Qu'il s'agisse d'ajouter une touche de luxe avec la dorure ou de cr\u00e9er de la texture et de la profondeur avec le gaufrage, nos techniques artisanales am\u00e9liorent l'esth\u00e9tique g\u00e9n\u00e9rale et l'attrait de votre emballage personnalis\u00e9.<\/p>\n<p><img decoding=\"async\" class=\"alignnone wp-image-3827 lazyloaded\" src=\"https:\/\/packsolo.com\/wp-content\/uploads\/2024\/04\/logo-effect.jpg\" alt=\"bo\u00eetes personnalis\u00e9es artisanat\" width=\"1000\" height=\"529\" data-src=\"https:\/\/packsolo.com\/wp-content\/uploads\/2024\/04\/logo-effect.jpg\" data- title=\"\"><\/p>\n<h3><\/h3>\n<h3>\u00c9tape 3 : Choisir le bon mat\u00e9riau papier pour votre emballage personnalis\u00e9<\/h3>\n<p>Le choix du bon mat\u00e9riau papier est essentiel pour cr\u00e9er un emballage personnalis\u00e9 qui ne soit pas seulement esth\u00e9tique, mais aussi durable et fonctionnel. Chez Zojoprint Packaging, nous proposons une large gamme de mat\u00e9riaux papier pour r\u00e9pondre \u00e0 vos besoins et pr\u00e9f\u00e9rences sp\u00e9cifiques. Que vous recherchiez des options \u00e9cologiques comme le papier recycl\u00e9 ou des finitions luxueuses avec des papiers sp\u00e9ciaux, nous avons ce qu'il vous faut. Nos experts peuvent vous aider \u00e0 s\u00e9lectionner le mat\u00e9riau papier id\u00e9al qui correspond \u00e0 l'image de votre marque, am\u00e9liore la pr\u00e9sentation de vos produits et r\u00e9pond \u00e0 vos exigences budg\u00e9taires. Gr\u00e2ce \u00e0 notre engagement en faveur de la qualit\u00e9 et du d\u00e9veloppement durable, vous pouvez nous faire confiance pour vous fournir des solutions d'emballage qui laisseront une impression durable tout en minimisant l'impact sur l'environnement.<\/p>\n<p><img decoding=\"async\" class=\"alignnone wp-image-3828 lazyloaded\" src=\"https:\/\/packsolo.com\/wp-content\/uploads\/2024\/04\/paper-material.jpg\" alt=\"mat\u00e9riaux pour bo\u00eetes personnalis\u00e9es\" width=\"1000\" height=\"654\" data-src=\"https:\/\/packsolo.com\/wp-content\/uploads\/2024\/04\/paper-material.jpg\" data- title=\"\"><\/p>\n<h3><\/h3>\n<h3>\u00c9tape 4 : Conception et production de votre emballage personnalis\u00e9<\/h3>\n<p>Lors de la phase de conception et de production de votre emballage personnalis\u00e9 avec Zojoprint Packaging, notre \u00e9quipe collabore \u00e9troitement avec vous pour donner vie \u00e0 votre vision. Nous commen\u00e7ons par traduire vos id\u00e9es et vos exigences en conceptions innovantes qui capturent l'essence de votre marque et de votre produit. Nos designers mettent \u00e0 profit leur expertise pour cr\u00e9er des solutions d'emballage visuellement attrayantes et fonctionnelles, adapt\u00e9es \u00e0 vos sp\u00e9cifications.<\/p>\n<p>Une fois la conception finalis\u00e9e, notre \u00e9quipe de production entre en action et utilise une technologie de pointe et des mat\u00e9riaux de haute qualit\u00e9 pour fabriquer votre emballage personnalis\u00e9 avec pr\u00e9cision et souci du d\u00e9tail. Qu'il s'agisse d'une impression complexe, d'un gaufrage ou de finitions sp\u00e9ciales, nous veillons \u00e0 ce que chaque aspect de votre emballage refl\u00e8te la qualit\u00e9 et le professionnalisme de votre marque.<\/p>\n<p>Tout au long du processus de conception et de production, notre objectif est de d\u00e9passer vos attentes et de vous fournir des emballages qui non seulement mettent magnifiquement en valeur vos produits, mais aussi am\u00e9liorent l'image de votre marque et l'exp\u00e9rience de vos clients.<\/p>\n<p><img loading=\"lazy\" decoding=\"async\" class=\"alignnone wp-image-3829 lazyloaded\" src=\"https:\/\/packsolo.com\/wp-content\/uploads\/2024\/04\/design-production.jpg\" alt=\"processus de fabrication de bo\u00eetes personnalis\u00e9es\" width=\"1000\" height=\"659\" data-src=\"https:\/\/packsolo.com\/wp-content\/uploads\/2024\/04\/design-production.jpg\" data- title=\"\"><\/p>\n<h1 style=\"text-align: left;\">Pourquoi choisir Zojoprint Packaging<\/h1>\n<p>Choisir Zojoprint Packaging pour vos besoins en emballages personnalis\u00e9s offre de nombreux avantages.<\/p>\n<p><img loading=\"lazy\" decoding=\"async\" class=\"alignnone wp-image-3854 lazyloaded\" src=\"https:\/\/packsolo.com\/wp-content\/uploads\/2024\/04\/why-packsolo01.jpg\" alt=\"Pourquoi choisir PackSolo\" width=\"1000\" height=\"333\" data-src=\"https:\/\/packsolo.com\/wp-content\/uploads\/2024\/04\/why-packsolo01.jpg\" data- title=\"\"><\/p>\n<h3><\/h3>\n<h3>Capacit\u00e9 de production de l'usine<\/h3>\n<p>Notre usine dispose de capacit\u00e9s de production exceptionnelles, d'une technologie de pointe et d'un personnel qualifi\u00e9 pour fabriquer efficacement des solutions d'emballage personnalis\u00e9es de haute qualit\u00e9 qui r\u00e9pondent \u00e0 vos sp\u00e9cifications et d\u00e9passent les normes de l'industrie.<\/p>\n<h3>Nos certifications<\/h3>\n<p>Zojoprint Packaging est fier de ses certifications, qui garantissent que nos solutions d'emballage r\u00e9pondent aux normes les plus strictes en mati\u00e8re de qualit\u00e9, de durabilit\u00e9 et de s\u00e9curit\u00e9. Nous sommes certifi\u00e9s ISO 9001 pour la gestion de la qualit\u00e9, FSC pour l'approvisionnement durable, etc. Ces certifications refl\u00e8tent notre engagement en faveur de l'excellence et garantissent \u00e0 nos clients qu'ils re\u00e7oivent des solutions d'emballage de qualit\u00e9 sup\u00e9rieure, respectueuses de l'environnement et conformes aux meilleures pratiques du secteur.<\/p>\n<p><img loading=\"lazy\" decoding=\"async\" class=\"alignnone wp-image-3845 lazyloaded\" src=\"https:\/\/packsolo.com\/wp-content\/uploads\/2024\/04\/certification.jpg\" alt=\"Certification PackSolo\" width=\"1000\" height=\"386\" data-src=\"https:\/\/packsolo.com\/wp-content\/uploads\/2024\/04\/certification.jpg\" data- title=\"\"><\/p>\n<p>&nbsp;<\/p>\n<h3>Notre partenaire<\/h3>\n<p>Zojoprint Packaging est fier de s'associer \u00e0 des marques de premier plan telles que Lidl, Walmart et Disneyland. Ces partenariats d\u00e9montrent notre capacit\u00e9 \u00e0 fournir des solutions d'emballage de premier ordre auxquelles font confiance des entreprises renomm\u00e9es dans les secteurs de la vente au d\u00e9tail et du divertissement. Notre collaboration avec ces partenaires estim\u00e9s refl\u00e8te notre engagement \u00e0 fournir des emballages de haute qualit\u00e9, innovants et personnalis\u00e9s qui r\u00e9pondent aux divers besoins des entreprises dans diff\u00e9rents secteurs.<\/p>\n<p><img loading=\"lazy\" decoding=\"async\" class=\"alignnone wp-image-3846 lazyloaded\" src=\"https:\/\/packsolo.com\/wp-content\/uploads\/2024\/04\/cooperate-brand.jpg\" alt=\"Partenaire\" width=\"1000\" height=\"333\" data-src=\"https:\/\/packsolo.com\/wp-content\/uploads\/2024\/04\/cooperate-brand.jpg\" data- title=\"\"><\/p>\n<h3><\/h3>\n<h1>Exp\u00e9dier dans le monde entier<\/h1>\n<p>Zojoprint Packaging exp\u00e9die ses produits dans le monde entier, garantissant ainsi une livraison rapide et fiable de vos commandes d'emballages personnalis\u00e9s vers n'importe quelle destination.<\/p>\n<h1>Processus de commande<\/h1>\n<p>Consultez-nous pour les d\u00e9tails de l'emballage, recevez un devis dans les 24 heures, confirmez avec un acompte, approuvez l'\u00e9chantillon et proc\u00e9dez \u00e0 la production et \u00e0 la livraison.<\/p>\n<p><img loading=\"lazy\" decoding=\"async\" class=\"alignnone wp-image-3847 lazyloaded\" src=\"https:\/\/packsolo.com\/wp-content\/uploads\/2024\/04\/order-process.jpg\" alt=\"processus de commande\" width=\"1000\" height=\"512\" data-src=\"https:\/\/packsolo.com\/wp-content\/uploads\/2024\/04\/order-process.jpg\" data- title=\"\"><\/p>\n<\/div>\n<div>\n<h1 style=\"text-align: left;\">FAQ<\/h1>\n<p>1. Q : \u00cates-vous une entreprise manufacturi\u00e8re ou commerciale ?<br \/>\nR : Nous sommes un fabricant d'emballages imprim\u00e9s depuis plus de 13 ans \u00e0 Shenzhen, en Chine.<\/p>\n<p>2. Q : Comment puis-je obtenir les \u00e9chantillons ?<br \/>\nR : Si vous avez besoin d'\u00e9chantillons pour les tester, vous devez payer le transport des \u00e9chantillons et nos frais d'\u00e9chantillonnage, le co\u00fbt de l'\u00e9chantillon pouvant \u00eatre rembours\u00e9 une fois la commande pass\u00e9e. Le co\u00fbt de l'\u00e9chantillon peut \u00eatre rembours\u00e9 apr\u00e8s la commande. Il peut \u00e9galement \u00eatre gratuit s'il est facile \u00e0 produire.<\/p>\n<p>3. Q : Combien de temps dois-je attendre pour recevoir l'\u00e9chantillon de la bo\u00eete d'emballage cosm\u00e9tique ?<br \/>\nR : Les \u00e9chantillons seront pr\u00eats \u00e0 \u00eatre livr\u00e9s dans un d\u00e9lai de 3 \u00e0 7 jours. Les \u00e9chantillons seront envoy\u00e9s par courrier express et arriveront sous 3 \u00e0 5 jours.<\/p>\n<p>4. Q : Pouvons-nous faire imprimer notre logo ou le nom de notre entreprise sur vos produits ou emballages ?<br \/>\nR : Bien s\u00fbr. Votre logo peut \u00eatre appos\u00e9 sur vos produits par marquage \u00e0 chaud, impression, gaufrage, rev\u00eatement UV, s\u00e9rigraphie ou autocollant.<\/p>\n<p>5. Q : Comment commander ?<\/p>\n<p>R : Veuillez nous envoyer votre bon de commande par courrier \u00e9lectronique, ou vous pouvez nous demander de vous envoyer une facture Performa pour votre commande. Nous avons besoin des informations suivantes pour votre commande.<\/p>\n<p>1) Informations sur le produit, sp\u00e9cifications (taille, mat\u00e9riau, exigences technologiques et d'emballage, etc.)<br \/>\n2) D\u00e9lai de livraison requis<br \/>\n3) Informations relatives \u00e0 l'exp\u00e9dition : nom de l'entreprise, adresse, num\u00e9ros de t\u00e9l\u00e9phone et de t\u00e9l\u00e9copie, port maritime de destination.<br \/>\n4) Coordonn\u00e9es du transitaire s'il y en a un en Chine.<\/p>\n<\/div>\n<div class=\"widget block block-static-block\">\n<div class=\"landing-page-section option-bottom\">\n<div class=\"custom-materials-tabs-content container container-adjustment\">\n<div class=\"custom-materials-tab-content active\">\n<div class=\"widget block block-static-block\">\n<p><!---end of option item--><\/p>\n<\/div>\n<\/div>\n<\/div>\n<\/div>\n<\/div>","protected":false},"excerpt":{"rendered":"<p>L'accent est mis sur la personnalisation des bo\u00eetes de carton d'emballage de parfum de haute qualit\u00e9, sur l'ajustement illimit\u00e9 de la taille, sur la conception personnalis\u00e9e de la doublure en fonction des caract\u00e9ristiques du produit. Approvisionnement direct aupr\u00e8s de l'usine chinoise, processus de rev\u00eatement par film mat pour am\u00e9liorer la texture, assortir le ton de la marque.<\/p>","protected":false},"featured_media":6740,"template":"","meta":[],"product_brand":[],"product_cat":[30,417,430,31],"product_tag":[542,541,540],"class_list":{"0":"post-6735","1":"product","2":"type-product","3":"status-publish","4":"has-post-thumbnail","6":"product_cat-by-industry","7":"product_cat-custom-perfume-boxes-by-industry","8":"product_cat-folding-cartons","9":"product_cat-paper-box-style","10":"product_tag-card-paper-perfume-boxes","11":"product_tag-folding-perfume-boxes","12":"product_tag-perfume-boxes-wholesale","14":"first","15":"instock","16":"shipping-taxable","17":"product-type-grouped"},"_links":{"self":[{"href":"https:\/\/zojopackaging.com\/fr\/wp-json\/wp\/v2\/product\/6735","targetHints":{"allow":["GET"]}}],"collection":[{"href":"https:\/\/zojopackaging.com\/fr\/wp-json\/wp\/v2\/product"}],"about":[{"href":"https:\/\/zojopackaging.com\/fr\/wp-json\/wp\/v2\/types\/product"}],"version-history":[{"count":2,"href":"https:\/\/zojopackaging.com\/fr\/wp-json\/wp\/v2\/product\/6735\/revisions"}],"predecessor-version":[{"id":8096,"href":"https:\/\/zojopackaging.com\/fr\/wp-json\/wp\/v2\/product\/6735\/revisions\/8096"}],"wp:featuredmedia":[{"embeddable":true,"href":"https:\/\/zojopackaging.com\/fr\/wp-json\/wp\/v2\/media\/6740"}],"wp:attachment":[{"href":"https:\/\/zojopackaging.com\/fr\/wp-json\/wp\/v2\/media?parent=6735"}],"wp:term":[{"taxonomy":"product_brand","embeddable":true,"href":"https:\/\/zojopackaging.com\/fr\/wp-json\/wp\/v2\/product_brand?post=6735"},{"taxonomy":"product_cat","embeddable":true,"href":"https:\/\/zojopackaging.com\/fr\/wp-json\/wp\/v2\/product_cat?post=6735"},{"taxonomy":"product_tag","embeddable":true,"href":"https:\/\/zojopackaging.com\/fr\/wp-json\/wp\/v2\/product_tag?post=6735"}],"curies":[{"name":"wp","href":"https:\/\/api.w.org\/{rel}","templated":true}]}}