{"id":6768,"date":"2024-07-17T09:22:23","date_gmt":"2024-07-17T01:22:23","guid":{"rendered":"https:\/\/zojopackaging.com\/?post_type=product&#038;p=6768"},"modified":"2025-03-24T11:40:30","modified_gmt":"2025-03-24T03:40:30","slug":"custom-round-shaped-rigid-boxes","status":"publish","type":"product","link":"https:\/\/zojopackaging.com\/fr\/product\/custom-round-shaped-rigid-boxes\/","title":{"rendered":"Tubes de papier \u00e0 parfum ronds, \u00e9l\u00e9gants et personnalis\u00e9s Fournitures"},"content":{"rendered":"<h1>Tubes de papier \u00e0 parfum ronds, \u00e9l\u00e9gants et personnalis\u00e9s Fournitures<\/h1>\n<h2><strong>Aper\u00e7u du produit<\/strong><\/h2>\n<p>Nous vous pr\u00e9sentons nos bo\u00eetes rigides rondes personnalis\u00e9es, \u00e9l\u00e9gantes et tr\u00e8s fonctionnelles, con\u00e7ues pour r\u00e9pondre \u00e0 vos divers besoins en mati\u00e8re d'emballage. Cette solution d'emballage unique allie style et durabilit\u00e9 pour garantir que vos produits sont pr\u00e9sent\u00e9s et prot\u00e9g\u00e9s de la meilleure fa\u00e7on possible.<\/p>\n<h2>Caract\u00e9ristiques principales<\/h2>\n<p>Design remarquable : La couleur noire \u00e9l\u00e9gante et la forme ronde donnent \u00e0 la bo\u00eete un aspect moderne et sophistiqu\u00e9, qui la fait ressortir sur les \u00e9tag\u00e8res.<br \/>\nMat\u00e9riaux de premi\u00e8re qualit\u00e9 : Fabriqu\u00e9 en carton de haute qualit\u00e9, il garantit la solidit\u00e9 et la robustesse de votre contenu.<br \/>\nTaille personnalisable : Disponible dans une gamme de diam\u00e8tres et de hauteurs pour s'adapter aux diff\u00e9rentes dimensions des produits.<br \/>\nFermeture s\u00fbre : Options de couvercles \u00e9tanches ou de bouchons viss\u00e9s pour \u00e9viter que le contenu ne se r\u00e9pande ou ne s'ab\u00eeme.<br \/>\nSurface imprimable : Id\u00e9ale pour l'impression personnalis\u00e9e du logo de votre marque, d'informations sur vos produits ou de tout autre motif de votre choix pour une visibilit\u00e9 maximale de votre marque.<\/p>\n<h2>Applications<\/h2>\n<p>Cette bo\u00eete d'emballage ronde noire est parfaite pour une large gamme de produits tels que les cosm\u00e9tiques, les bougies, les petits cadeaux, les confiseries et les biens de consommation haut de gamme.<br \/>\nAvantages :<br \/>\nAm\u00e9liorer l'image de marque : Le design distinctif aide votre marque \u00e0 faire une impression durable sur les clients.<br \/>\nProt\u00e9gez vos produits : La construction robuste offre une excellente protection pendant le stockage et le transport.<br \/>\nUtilisation polyvalente : Convient aux besoins d'emballage des d\u00e9taillants et des grossistes.<br \/>\nRentable : Offre une solution d'emballage \u00e9conomique sans compromis sur la qualit\u00e9.<\/p>\n<h2>Informations sur les commandes<\/h2>\n<table style=\"border-collapse: collapse; width: 681.77pt;\" border=\"0\" width=\"909\" cellspacing=\"0\" cellpadding=\"0\">\n<tbody>\n<tr style=\"height: 15.75pt;\">\n<td class=\"et3\" style=\"height: 15.75pt; width: 306.75pt;\" width=\"409\" height=\"21\">MOQ<\/td>\n<td class=\"et3\" style=\"width: 375.00pt;\" width=\"500\">500 - 500 000 pi\u00e8ces<\/td>\n<\/tr>\n<tr style=\"height: 31.50pt;\">\n<td class=\"et3\" style=\"height: 31.50pt; width: 306.75pt;\" width=\"409\" height=\"42\">Couleurs<\/td>\n<td class=\"et3\" style=\"width: 375.00pt;\" width=\"500\">Blanc uni\/ Kraft brun, CMYK, PMS, couleurs sp\u00e9ciales (argent m\u00e9tallique, or m\u00e9tallique),<\/td>\n<\/tr>\n<tr style=\"height: 16.50pt;\">\n<td class=\"et4\" style=\"height: 16.50pt;\" height=\"22\">Impression<\/td>\n<td class=\"et5\">Impression CMYK<\/td>\n<\/tr>\n<tr style=\"height: 16.50pt;\">\n<td class=\"et5\" style=\"height: 16.50pt;\" height=\"22\">Dimension<\/td>\n<td class=\"et5\">L + L &lt;= 20 pouces ; H &lt;= 26 pouces<\/td>\n<\/tr>\n<tr style=\"height: 16.50pt;\">\n<td class=\"et4\" style=\"height: 16.50pt;\" height=\"22\">Certification<\/td>\n<td class=\"et5\">SGS, IOS9001<\/td>\n<\/tr>\n<tr style=\"height: 16.50pt;\">\n<td class=\"et4\" style=\"height: 16.50pt;\" height=\"22\">Structure<\/td>\n<td class=\"et5\">3pcs tube papier pour t\u00e9lescope<\/td>\n<\/tr>\n<tr style=\"height: 16.50pt;\">\n<td class=\"et4\" style=\"height: 16.50pt;\" height=\"22\">Service<\/td>\n<td class=\"et5\">OEM\/ODM<\/td>\n<\/tr>\n<tr style=\"height: 31.50pt;\">\n<td class=\"et3\" style=\"height: 31.50pt; width: 306.75pt;\" width=\"409\" height=\"42\">Stock de papier<\/td>\n<td class=\"et3\" style=\"width: 375.00pt;\" width=\"500\">Carton blanc de 12 \u00e0 24 pt, SBS de 18 \u00e0 24 pt, Kraft de 18 \u00e0 24 pt, carton ondul\u00e9.<\/td>\n<\/tr>\n<tr style=\"height: 15.75pt;\">\n<td class=\"et3\" style=\"height: 15.75pt; width: 306.75pt;\" width=\"409\" height=\"21\">Finition<\/td>\n<td class=\"et3\" style=\"width: 375.00pt;\" width=\"500\">Brillant AQ (par d\u00e9faut), Brillant UV, Mat UV<\/td>\n<\/tr>\n<tr style=\"height: 15.75pt;\">\n<td class=\"et3\" style=\"height: 15.75pt; width: 306.75pt;\" width=\"409\" height=\"21\">Preuve<\/td>\n<td class=\"et3\" style=\"width: 375.00pt;\" width=\"500\">\u00c9preuve num\u00e9rique (fichier pr\u00eat \u00e0 imprimer) confirm\u00e9e par le client.<\/td>\n<\/tr>\n<tr style=\"height: 31.50pt;\">\n<td class=\"et3\" style=\"height: 31.50pt; width: 306.75pt;\" width=\"409\" height=\"42\">Retournement<\/td>\n<td class=\"et3\" style=\"width: 375.00pt;\" width=\"500\">7-14 jours ouvrables pour l'impression et l'exp\u00e9dition, apr\u00e8s l'approbation finale (exp\u00e9dition GRATUITE)<\/td>\n<\/tr>\n<tr style=\"height: 31.50pt;\">\n<td class=\"et7\" style=\"height: 31.50pt; width: 306.75pt;\" width=\"409\" height=\"42\">D\u00e9lai de paiement<\/td>\n<td class=\"et7\" style=\"width: 375.00pt;\" width=\"500\">T\/T, Western Union, Paypal, d\u00e9p\u00f4t de 30% et solde de 70% avant l'exp\u00e9dition.<\/td>\n<\/tr>\n<\/tbody>\n<\/table>","protected":false},"excerpt":{"rendered":"<p>Fournisseur de bo\u00eetes d'emballage pour parfums, personnalisation illimit\u00e9e pour s'adapter \u00e0 la taille du produit, cette bo\u00eete est fabriqu\u00e9e en carton gris 1200 GSM et en papier couch\u00e9 157 GSM, le processus de marquage \u00e0 chaud peut am\u00e9liorer l'impact visuel, le mat\u00e9riau de papier sp\u00e9cial a une sensation visuelle et tactile unique, et am\u00e9liore la qualit\u00e9 du produit.<\/p>","protected":false},"featured_media":6773,"template":"","meta":[],"product_brand":[],"product_cat":[417,429],"product_tag":[530,528,529],"class_list":{"0":"post-6768","1":"product","2":"type-product","3":"status-publish","4":"has-post-thumbnail","6":"product_cat-custom-perfume-boxes-by-industry","7":"product_cat-paper-tube-boxes","8":"product_tag-custom-paper-tubes","9":"product_tag-cylinder-perfume-paper-tubes","10":"product_tag-perfume-paper-tubes-supplies","12":"first","13":"instock","14":"shipping-taxable","15":"product-type-simple"},"_links":{"self":[{"href":"https:\/\/zojopackaging.com\/fr\/wp-json\/wp\/v2\/product\/6768","targetHints":{"allow":["GET"]}}],"collection":[{"href":"https:\/\/zojopackaging.com\/fr\/wp-json\/wp\/v2\/product"}],"about":[{"href":"https:\/\/zojopackaging.com\/fr\/wp-json\/wp\/v2\/types\/product"}],"version-history":[{"count":2,"href":"https:\/\/zojopackaging.com\/fr\/wp-json\/wp\/v2\/product\/6768\/revisions"}],"predecessor-version":[{"id":8091,"href":"https:\/\/zojopackaging.com\/fr\/wp-json\/wp\/v2\/product\/6768\/revisions\/8091"}],"wp:featuredmedia":[{"embeddable":true,"href":"https:\/\/zojopackaging.com\/fr\/wp-json\/wp\/v2\/media\/6773"}],"wp:attachment":[{"href":"https:\/\/zojopackaging.com\/fr\/wp-json\/wp\/v2\/media?parent=6768"}],"wp:term":[{"taxonomy":"product_brand","embeddable":true,"href":"https:\/\/zojopackaging.com\/fr\/wp-json\/wp\/v2\/product_brand?post=6768"},{"taxonomy":"product_cat","embeddable":true,"href":"https:\/\/zojopackaging.com\/fr\/wp-json\/wp\/v2\/product_cat?post=6768"},{"taxonomy":"product_tag","embeddable":true,"href":"https:\/\/zojopackaging.com\/fr\/wp-json\/wp\/v2\/product_tag?post=6768"}],"curies":[{"name":"wp","href":"https:\/\/api.w.org\/{rel}","templated":true}]}}