{"id":6780,"date":"2024-07-17T10:03:51","date_gmt":"2024-07-17T02:03:51","guid":{"rendered":"https:\/\/zojopackaging.com\/?post_type=product&#038;p=6780"},"modified":"2025-03-24T11:23:21","modified_gmt":"2025-03-24T03:23:21","slug":"custom-round-wine-cardboard-box","status":"publish","type":"product","link":"https:\/\/zojopackaging.com\/fr\/product\/custom-round-wine-cardboard-box\/","title":{"rendered":"Bo\u00eetes d'emballage tubulaires personnalis\u00e9es pour vins et spiritueux Premium Factory"},"content":{"rendered":"<h1>Bo\u00eetes d'emballage tubulaires personnalis\u00e9es pour vins et spiritueux Premium Factory<\/h1>\n<div class=\"auto-hide-last-sibling-br paragraph-u1TS5p paragraph-element br-paragraph-space\">Notre bo\u00eete ronde en carton pour le vin est une solution d'emballage sur mesure con\u00e7ue pour r\u00e9pondre aux normes rigoureuses de l'industrie du vin. Fabriqu\u00e9es avec pr\u00e9cision et souci du d\u00e9tail, ces bo\u00eetes sont le choix id\u00e9al pour pr\u00e9senter et prot\u00e9ger vos vins de qualit\u00e9 sup\u00e9rieure.<\/div>\n<div>\n<h2 class=\"yikes-custom-woo-tab-title yikes-custom-woo-tab-title-specifications\">Sp\u00e9cifications<\/h2>\n<\/div>\n<div>\n<table style=\"border-collapse: collapse; width: 681.77pt;\" border=\"0\" width=\"909\" cellspacing=\"0\" cellpadding=\"0\">\n<tbody>\n<tr style=\"height: 15.75pt;\">\n<td class=\"et3\" style=\"height: 15.75pt; width: 306.75pt;\" width=\"409\" height=\"21\">MOQ<\/td>\n<td class=\"et3\" style=\"width: 375.00pt;\" width=\"500\">500 - 500 000 pi\u00e8ces<\/td>\n<\/tr>\n<tr style=\"height: 31.50pt;\">\n<td class=\"et3\" style=\"height: 31.50pt; width: 306.75pt;\" width=\"409\" height=\"42\">Couleurs<\/td>\n<td class=\"et3\" style=\"width: 375.00pt;\" width=\"500\">Blanc uni\/ Kraft brun, CMYK, PMS, couleurs sp\u00e9ciales (argent m\u00e9tallique, or m\u00e9tallique),<\/td>\n<\/tr>\n<tr style=\"height: 16.50pt;\">\n<td class=\"et4\" style=\"height: 16.50pt;\" height=\"22\">Impression<\/td>\n<td class=\"et5\">Impression CMYK<\/td>\n<\/tr>\n<tr style=\"height: 16.50pt;\">\n<td class=\"et5\" style=\"height: 16.50pt;\" height=\"22\">Dimension<\/td>\n<td class=\"et5\">L + L &lt;= 20 pouces ; H &lt;= 26 pouces<\/td>\n<\/tr>\n<tr style=\"height: 16.50pt;\">\n<td class=\"et4\" style=\"height: 16.50pt;\" height=\"22\">Certification<\/td>\n<td class=\"et5\">SGS, IOS9001<\/td>\n<\/tr>\n<tr style=\"height: 16.50pt;\">\n<td class=\"et4\" style=\"height: 16.50pt;\" height=\"22\">Structure<\/td>\n<td class=\"et5\">3pcs tube papier pour t\u00e9lescope<\/td>\n<\/tr>\n<tr style=\"height: 16.50pt;\">\n<td class=\"et4\" style=\"height: 16.50pt;\" height=\"22\">Service<\/td>\n<td class=\"et5\">OEM\/ODM<\/td>\n<\/tr>\n<tr style=\"height: 31.50pt;\">\n<td class=\"et3\" style=\"height: 31.50pt; width: 306.75pt;\" width=\"409\" height=\"42\">Stock de papier<\/td>\n<td class=\"et3\" style=\"width: 375.00pt;\" width=\"500\">Carton blanc de 12 \u00e0 24 pt, SBS de 18 \u00e0 24 pt, Kraft de 18 \u00e0 24 pt, carton ondul\u00e9.<\/td>\n<\/tr>\n<tr style=\"height: 15.75pt;\">\n<td class=\"et3\" style=\"height: 15.75pt; width: 306.75pt;\" width=\"409\" height=\"21\">Finition<\/td>\n<td class=\"et3\" style=\"width: 375.00pt;\" width=\"500\">Brillant AQ (par d\u00e9faut), Brillant UV, Mat UV<\/td>\n<\/tr>\n<tr style=\"height: 15.75pt;\">\n<td class=\"et3\" style=\"height: 15.75pt; width: 306.75pt;\" width=\"409\" height=\"21\">Preuve<\/td>\n<td class=\"et3\" style=\"width: 375.00pt;\" width=\"500\">\u00c9preuve num\u00e9rique (fichier pr\u00eat \u00e0 imprimer) confirm\u00e9e par le client.<\/td>\n<\/tr>\n<tr style=\"height: 31.50pt;\">\n<td class=\"et3\" style=\"height: 31.50pt; width: 306.75pt;\" width=\"409\" height=\"42\">Retournement<\/td>\n<td class=\"et3\" style=\"width: 375.00pt;\" width=\"500\">7-14 jours ouvrables pour l'impression et l'exp\u00e9dition, apr\u00e8s l'approbation finale (exp\u00e9dition GRATUITE)<\/td>\n<\/tr>\n<tr style=\"height: 31.50pt;\">\n<td class=\"et7\" style=\"height: 31.50pt; width: 306.75pt;\" width=\"409\" height=\"42\">D\u00e9lai de paiement<\/td>\n<td class=\"et7\" style=\"width: 375.00pt;\" width=\"500\">T\/T, Western Union, Paypal, d\u00e9p\u00f4t de 30% et solde de 70% avant l'exp\u00e9dition.<\/td>\n<\/tr>\n<\/tbody>\n<\/table>\n<\/div>\n<h2 class=\"auto-hide-last-sibling-br paragraph-u1TS5p paragraph-element br-paragraph-space\">Caract\u00e9ristiques principales<\/h2>\n<ol class=\"auto-hide-last-sibling-br\">\n<li>Design circulaire : La forme ronde offre une esth\u00e9tique unique et \u00e9l\u00e9gante, permettant \u00e0 votre vin de se d\u00e9marquer sur l'\u00e9tag\u00e8re.<\/li>\n<li>Dimensions personnalisables : Adaptez la taille de la bo\u00eete aux diff\u00e9rentes formes et tailles de bouteilles, afin qu'elle soit parfaitement ajust\u00e9e.<\/li>\n<li>Carton de haute qualit\u00e9 : Fabriqu\u00e9 en carton solide et durable, il offre une excellente protection contre les chocs et les pressions ext\u00e9rieures.<\/li>\n<li>Options d'impression et de marquage : Imprimez le logo de votre marque, les d\u00e9tails de votre vin ou tout autre motif personnalis\u00e9 avec une impression haute r\u00e9solution pour une visibilit\u00e9 maximale de la marque et un attrait maximal du produit.<\/li>\n<li>Rembourrage int\u00e9rieur : Un rembourrage doux \u00e0 l'int\u00e9rieur prot\u00e8ge la bouteille des rayures et des dommages pendant le transport.<\/li>\n<li>R\u00e9sistance \u00e0 l'humidit\u00e9 : Des rev\u00eatements sp\u00e9ciaux ou des laminages peuvent \u00eatre ajout\u00e9s pour offrir une r\u00e9sistance \u00e0 l'humidit\u00e9, garantissant l'int\u00e9grit\u00e9 de la bo\u00eete et du vin.<\/li>\n<\/ol>\n<h2 class=\"auto-hide-last-sibling-br paragraph-u1TS5p paragraph-element br-paragraph-space\">Processus de production<\/h2>\n<div class=\"auto-hide-last-sibling-br paragraph-u1TS5p paragraph-element br-paragraph-space\">Nos installations de fabrication ultramodernes nous permettent de traiter des commandes importantes tout en maintenant un contr\u00f4le de qualit\u00e9 strict. De la conception \u00e0 la production finale, notre \u00e9quipe travaille en \u00e9troite collaboration avec vous pour s'assurer que chaque aspect de la bo\u00eete ronde en carton pour le vin r\u00e9pond \u00e0 vos attentes.<\/div>\n<h2 class=\"auto-hide-last-sibling-br paragraph-u1TS5p paragraph-element br-paragraph-space\">Commande et livraison<\/h2>\n<div class=\"auto-hide-last-sibling-br paragraph-u1TS5p paragraph-element br-paragraph-space\">Des quantit\u00e9s minimales de commande s'appliquent pour garantir la rentabilit\u00e9. Nous proposons des d\u00e9lais de livraison flexibles et des services de livraison fiables pour que vos bo\u00eetes vous parviennent rapidement.<\/div>\n<div class=\"auto-hide-last-sibling-br paragraph-u1TS5p paragraph-element br-paragraph-space\">Investissez dans notre bo\u00eete ronde en carton personnalis\u00e9e pour pr\u00e9senter vos vins avec style et pr\u00e9server leur qualit\u00e9. Contactez-nous d\u00e8s aujourd'hui pour discuter de vos besoins sp\u00e9cifiques et faire le premier pas vers l'excellence en mati\u00e8re d'emballage.<\/div>","protected":false},"excerpt":{"rendered":"<p>Cette bo\u00eete d'emballage en papier pour spiritueux de vin rouge adopte une structure composite double face compos\u00e9e de carton gris 1200GSM + papier couch\u00e9 157GSM, et le mat\u00e9riau de base a obtenu la certification environnementale FSC.<\/p>","protected":false},"featured_media":6786,"template":"","meta":[],"product_brand":[],"product_cat":[419,429],"product_tag":[526,527,525],"class_list":{"0":"post-6780","1":"product","2":"type-product","3":"status-publish","4":"has-post-thumbnail","6":"product_cat-custom-wines-spirits-boxes","7":"product_cat-paper-tube-boxes","8":"product_tag-custom-tube-packaging-boxes","9":"product_tag-tube-packaging-factory","10":"product_tag-wine-spirits-tube-packaging","12":"first","13":"instock","14":"shipping-taxable","15":"product-type-simple"},"_links":{"self":[{"href":"https:\/\/zojopackaging.com\/fr\/wp-json\/wp\/v2\/product\/6780","targetHints":{"allow":["GET"]}}],"collection":[{"href":"https:\/\/zojopackaging.com\/fr\/wp-json\/wp\/v2\/product"}],"about":[{"href":"https:\/\/zojopackaging.com\/fr\/wp-json\/wp\/v2\/types\/product"}],"version-history":[{"count":2,"href":"https:\/\/zojopackaging.com\/fr\/wp-json\/wp\/v2\/product\/6780\/revisions"}],"predecessor-version":[{"id":8089,"href":"https:\/\/zojopackaging.com\/fr\/wp-json\/wp\/v2\/product\/6780\/revisions\/8089"}],"wp:featuredmedia":[{"embeddable":true,"href":"https:\/\/zojopackaging.com\/fr\/wp-json\/wp\/v2\/media\/6786"}],"wp:attachment":[{"href":"https:\/\/zojopackaging.com\/fr\/wp-json\/wp\/v2\/media?parent=6780"}],"wp:term":[{"taxonomy":"product_brand","embeddable":true,"href":"https:\/\/zojopackaging.com\/fr\/wp-json\/wp\/v2\/product_brand?post=6780"},{"taxonomy":"product_cat","embeddable":true,"href":"https:\/\/zojopackaging.com\/fr\/wp-json\/wp\/v2\/product_cat?post=6780"},{"taxonomy":"product_tag","embeddable":true,"href":"https:\/\/zojopackaging.com\/fr\/wp-json\/wp\/v2\/product_tag?post=6780"}],"curies":[{"name":"wp","href":"https:\/\/api.w.org\/{rel}","templated":true}]}}