{"id":6793,"date":"2024-07-17T10:24:49","date_gmt":"2024-07-17T02:24:49","guid":{"rendered":"https:\/\/zojopackaging.com\/?post_type=product&#038;p=6793"},"modified":"2025-03-24T10:18:40","modified_gmt":"2025-03-24T02:18:40","slug":"custom-chocolate-packaging-gift-box","status":"publish","type":"product","link":"https:\/\/zojopackaging.com\/fr\/product\/custom-chocolate-packaging-gift-box\/","title":{"rendered":"Emballage en tube de papier recycl\u00e9 pour le chocolat Wholesale"},"content":{"rendered":"<h1>Emballage en tube de papier recycl\u00e9 pour le chocolat Wholesale<\/h1>\n<div class=\"auto-hide-last-sibling-br paragraph-u1TS5p paragraph-element br-paragraph-space\">Nos emballages de chocolats personnalis\u00e9s sont fabriqu\u00e9s avec pr\u00e9cision et attention aux d\u00e9tails afin de fournir une solution \u00e9l\u00e9gante et fonctionnelle pour vos besoins en confiserie.<\/div>\n<div>\n<table style=\"border-collapse: collapse; width: 681.77pt;\" border=\"0\" width=\"909\" cellspacing=\"0\" cellpadding=\"0\">\n<tbody>\n<tr style=\"height: 15.75pt;\">\n<td class=\"et3\" style=\"height: 15.75pt; width: 306.75pt;\" width=\"409\" height=\"21\">MOQ<\/td>\n<td class=\"et3\" style=\"width: 375.00pt;\" width=\"500\">500 - 500 000 pi\u00e8ces<\/td>\n<\/tr>\n<tr style=\"height: 31.50pt;\">\n<td class=\"et3\" style=\"height: 31.50pt; width: 306.75pt;\" width=\"409\" height=\"42\">Couleurs<\/td>\n<td class=\"et3\" style=\"width: 375.00pt;\" width=\"500\">Blanc uni\/ Kraft brun, CMYK, PMS, couleurs sp\u00e9ciales (argent m\u00e9tallique, or m\u00e9tallique),<\/td>\n<\/tr>\n<tr style=\"height: 16.50pt;\">\n<td class=\"et4\" style=\"height: 16.50pt;\" height=\"22\">Impression<\/td>\n<td class=\"et5\">Impression CMYK<\/td>\n<\/tr>\n<tr style=\"height: 16.50pt;\">\n<td class=\"et5\" style=\"height: 16.50pt;\" height=\"22\">Dimension<\/td>\n<td class=\"et5\">L + L &lt;= 20 pouces ; H &lt;= 26 pouces<\/td>\n<\/tr>\n<tr style=\"height: 16.50pt;\">\n<td class=\"et4\" style=\"height: 16.50pt;\" height=\"22\">Certification<\/td>\n<td class=\"et5\">SGS, IOS9001<\/td>\n<\/tr>\n<tr style=\"height: 16.50pt;\">\n<td class=\"et4\" style=\"height: 16.50pt;\" height=\"22\">Structure<\/td>\n<td class=\"et5\">3pcs tube papier pour t\u00e9lescope<\/td>\n<\/tr>\n<tr style=\"height: 16.50pt;\">\n<td class=\"et4\" style=\"height: 16.50pt;\" height=\"22\">Service<\/td>\n<td class=\"et5\">OEM\/ODM<\/td>\n<\/tr>\n<tr style=\"height: 31.50pt;\">\n<td class=\"et3\" style=\"height: 31.50pt; width: 306.75pt;\" width=\"409\" height=\"42\">Stock de papier<\/td>\n<td class=\"et3\" style=\"width: 375.00pt;\" width=\"500\">Carton blanc de 12 \u00e0 24 pt, SBS de 18 \u00e0 24 pt, Kraft de 18 \u00e0 24 pt, carton ondul\u00e9.<\/td>\n<\/tr>\n<tr style=\"height: 15.75pt;\">\n<td class=\"et3\" style=\"height: 15.75pt; width: 306.75pt;\" width=\"409\" height=\"21\">Finition<\/td>\n<td class=\"et3\" style=\"width: 375.00pt;\" width=\"500\">Brillant AQ (par d\u00e9faut), Brillant UV, Mat UV<\/td>\n<\/tr>\n<tr style=\"height: 15.75pt;\">\n<td class=\"et3\" style=\"height: 15.75pt; width: 306.75pt;\" width=\"409\" height=\"21\">Preuve<\/td>\n<td class=\"et3\" style=\"width: 375.00pt;\" width=\"500\">\u00c9preuve num\u00e9rique (fichier pr\u00eat \u00e0 imprimer) confirm\u00e9e par le client.<\/td>\n<\/tr>\n<tr style=\"height: 31.50pt;\">\n<td class=\"et3\" style=\"height: 31.50pt; width: 306.75pt;\" width=\"409\" height=\"42\">Retournement<\/td>\n<td class=\"et3\" style=\"width: 375.00pt;\" width=\"500\">7-14 jours ouvrables pour l'impression et l'exp\u00e9dition, apr\u00e8s l'approbation finale (exp\u00e9dition GRATUITE)<\/td>\n<\/tr>\n<tr style=\"height: 31.50pt;\">\n<td class=\"et7\" style=\"height: 31.50pt; width: 306.75pt;\" width=\"409\" height=\"42\">D\u00e9lai de paiement<\/td>\n<td class=\"et7\" style=\"width: 375.00pt;\" width=\"500\">T\/T, Western Union, Paypal, d\u00e9p\u00f4t de 30% et solde de 70% avant l'exp\u00e9dition.<\/td>\n<\/tr>\n<\/tbody>\n<\/table>\n<\/div>\n<h2 class=\"auto-hide-last-sibling-br paragraph-u1TS5p paragraph-element br-paragraph-space\">Caract\u00e9ristiques principales<\/h2>\n<ol class=\"auto-hide-last-sibling-br\">\n<li>Des conceptions sur mesure : Travaillez en \u00e9troite collaboration avec notre \u00e9quipe de designers pour cr\u00e9er une bo\u00eete unique et attrayante qui refl\u00e8te la personnalit\u00e9 de votre marque et l'essence de vos chocolats. Vous pouvez choisir parmi une vari\u00e9t\u00e9 de formes, de tailles et de styles pour mettre parfaitement en valeur vos chocolats.<\/li>\n<li>Mat\u00e9riaux de haute qualit\u00e9 : Nous utilisons du papier de premi\u00e8re qualit\u00e9 qui est non seulement solide mais qui offre \u00e9galement un toucher luxueux. Ce mat\u00e9riau garantit la protection et la fra\u00eecheur de vos chocolats et en pr\u00e9serve la qualit\u00e9.<\/li>\n<li>Options d'impression : Choisissez parmi des techniques d'impression avanc\u00e9es telles que l'impression offset, l'impression num\u00e9rique ou le gaufrage pour ajouter des d\u00e9tails complexes, des couleurs vives et une finition tactile \u00e0 votre emballage.<\/li>\n<li>Am\u00e9lioration de l'int\u00e9rieur : Personnalisez l'int\u00e9rieur de la bo\u00eete avec des inserts, des s\u00e9parateurs ou une doublure en aluminium pour garder les chocolats bien en place et ajouter une touche de sophistication suppl\u00e9mentaire.<\/li>\n<li>D\u00e9coupes de fen\u00eatres : Possibilit\u00e9 d'inclure une fen\u00eatre transparente pour donner aux clients un aper\u00e7u des d\u00e9licieux chocolats \u00e0 l'int\u00e9rieur, les incitant \u00e0 faire un achat.<\/li>\n<li>Possibilit\u00e9s de promotion de la marque : Affichez de mani\u00e8re visible le logo de votre marque, votre slogan et des informations sur vos produits afin d'accro\u00eetre la notori\u00e9t\u00e9 et la reconnaissance de votre marque.<\/li>\n<\/ol>\n<h2 class=\"auto-hide-last-sibling-br paragraph-u1TS5p paragraph-element br-paragraph-space\">Avantages pour votre entreprise<\/h2>\n<ol class=\"auto-hide-last-sibling-br\">\n<li>Diff\u00e9renciation de la marque : Se d\u00e9marquer de la concurrence par un emballage distinctif qui attire l'attention du consommateur et laisse une impression durable.<\/li>\n<li>Augmentation de l'attrait pour le client : Un emballage attrayant augmente la valeur per\u00e7ue de vos chocolats, ce qui les rend plus attrayants pour les clients et augmente les ventes.<\/li>\n<li>Protection et conservation : Le mat\u00e9riau et la conception de haute qualit\u00e9 garantissent que les chocolats restent en parfait \u00e9tat et conservent leur go\u00fbt et leur texture.<\/li>\n<li>Outil de marketing : L'emballage est un puissant outil de marketing qui communique le message et les valeurs de votre marque aux clients potentiels.<\/li>\n<\/ol>\n<h2 class=\"auto-hide-last-sibling-br paragraph-u1TS5p paragraph-element br-paragraph-space\">Processus de commande<\/h2>\n<div class=\"auto-hide-last-sibling-br paragraph-u1TS5p paragraph-element br-paragraph-space\">Notre \u00e9quipe d\u00e9vou\u00e9e est l\u00e0 pour vous guider tout au long du processus de commande. Du concept initial \u00e0 la production finale, nous collaborons avec vous \u00e0 chaque \u00e9tape pour nous assurer que l'emballage r\u00e9pond \u00e0 vos attentes.<\/div>\n<h2 class=\"auto-hide-last-sibling-br paragraph-u1TS5p paragraph-element br-paragraph-space\">D\u00e9lais de livraison et d'ex\u00e9cution<\/h2>\n<div class=\"auto-hide-last-sibling-br paragraph-u1TS5p paragraph-element br-paragraph-space\">Nous comprenons l'importance d'une livraison dans les d\u00e9lais. Nos syst\u00e8mes de production et de logistique efficaces garantissent que vos bo\u00eetes en papier d'emballage de chocolat personnalis\u00e9es sont livr\u00e9es \u00e0 temps, ce qui vous permet de respecter vos \u00e9ch\u00e9ances commerciales.<br \/>\n<a href=\"https:\/\/zojopackaging.com\/fr\/contact-us\/\"><strong>Contactez nous<\/strong><\/a> d\u00e8s aujourd'hui pour commencer \u00e0 cr\u00e9er l'emballage parfait pour vos confiseries.<\/div>","protected":false},"excerpt":{"rendered":"<p>Cette bo\u00eete d'emballage de biscuits au chocolat de qualit\u00e9 alimentaire utilise un carton gris de qualit\u00e9 alimentaire de 1200GSM + un papier d'art couch\u00e9 de 157GSM. Il s'agit d'un substrat \u00e9cologique certifi\u00e9 FSC qui garantit la s\u00e9curit\u00e9 alimentaire. Le type de bo\u00eete permet une personnalisation illimit\u00e9e de la taille et de la d\u00e9formation, et des \u00e9chantillons gratuits sont fournis pour vous permettre de v\u00e9rifier la qualit\u00e9.<\/p>","protected":false},"featured_media":6794,"template":"","meta":[],"product_brand":[],"product_cat":[422,429],"product_tag":[522,523,524],"class_list":{"0":"post-6793","1":"product","2":"type-product","3":"status-publish","4":"has-post-thumbnail","6":"product_cat-custom-gourmet-boxes-by-industry","7":"product_cat-paper-tube-boxes","8":"product_tag-chocolate-paper-tube","9":"product_tag-custom-chocolate-paper-tube","10":"product_tag-paper-tube-wholesale","12":"first","13":"instock","14":"shipping-taxable","15":"product-type-simple"},"_links":{"self":[{"href":"https:\/\/zojopackaging.com\/fr\/wp-json\/wp\/v2\/product\/6793","targetHints":{"allow":["GET"]}}],"collection":[{"href":"https:\/\/zojopackaging.com\/fr\/wp-json\/wp\/v2\/product"}],"about":[{"href":"https:\/\/zojopackaging.com\/fr\/wp-json\/wp\/v2\/types\/product"}],"version-history":[{"count":2,"href":"https:\/\/zojopackaging.com\/fr\/wp-json\/wp\/v2\/product\/6793\/revisions"}],"predecessor-version":[{"id":8088,"href":"https:\/\/zojopackaging.com\/fr\/wp-json\/wp\/v2\/product\/6793\/revisions\/8088"}],"wp:featuredmedia":[{"embeddable":true,"href":"https:\/\/zojopackaging.com\/fr\/wp-json\/wp\/v2\/media\/6794"}],"wp:attachment":[{"href":"https:\/\/zojopackaging.com\/fr\/wp-json\/wp\/v2\/media?parent=6793"}],"wp:term":[{"taxonomy":"product_brand","embeddable":true,"href":"https:\/\/zojopackaging.com\/fr\/wp-json\/wp\/v2\/product_brand?post=6793"},{"taxonomy":"product_cat","embeddable":true,"href":"https:\/\/zojopackaging.com\/fr\/wp-json\/wp\/v2\/product_cat?post=6793"},{"taxonomy":"product_tag","embeddable":true,"href":"https:\/\/zojopackaging.com\/fr\/wp-json\/wp\/v2\/product_tag?post=6793"}],"curies":[{"name":"wp","href":"https:\/\/api.w.org\/{rel}","templated":true}]}}