{"id":6800,"date":"2024-07-17T10:36:39","date_gmt":"2024-07-17T02:36:39","guid":{"rendered":"https:\/\/zojopackaging.com\/?post_type=product&#038;p=6800"},"modified":"2025-03-24T10:05:41","modified_gmt":"2025-03-24T02:05:41","slug":"custom-paper-tube-paper-box","status":"publish","type":"product","link":"https:\/\/zojopackaging.com\/fr\/product\/custom-paper-tube-paper-box\/","title":{"rendered":"Custom Sustainable Round Fragranc Perfume Paper Tubes Factory"},"content":{"rendered":"<h1>Custom Sustainable Round Fragranc Perfume Paper Tubes Factory<\/h1>\n<div class=\"auto-hide-last-sibling-br paragraph-u1TS5p paragraph-element br-paragraph-space\">\n<div class=\"auto-hide-last-sibling-br paragraph-u1TS5p paragraph-element br-paragraph-space\">\n<div class=\"elementor-element elementor-element-052609b elementor-widget elementor-widget-heading\" data-id=\"052609b\" data-element_type=\"widget\" data-widget_type=\"heading.default\">\n<div class=\"elementor-widget-container\">\n<h2 class=\"elementor-heading-title elementor-size-default\">Une solution d'emballage unique de bout en bout<\/h2>\n<\/div>\n<\/div>\n<div class=\"elementor-element elementor-element-ad86f67 elementor-widget elementor-widget-text-editor\" data-id=\"ad86f67\" data-element_type=\"widget\" data-widget_type=\"text-editor.default\">\n<div class=\"elementor-widget-container\">\n<p>L'emballage fait partie de votre marque. Les bo\u00eetes en carton ne se limitent pas \u00e0 leur aspect, nous pouvons \u00e9laborer une solution d'emballage durable pour raconter votre produit et r\u00e9v\u00e9ler l'histoire de votre marque. Nous cr\u00e9ons les solutions d'emballage les plus innovantes et les plus haut de gamme.<\/p>\n<\/div>\n<\/div>\n<\/div>\n<table style=\"border-collapse: collapse; width: 681.77pt;\" border=\"0\" width=\"909\" cellspacing=\"0\" cellpadding=\"0\">\n<tbody>\n<tr style=\"height: 15.75pt;\">\n<td class=\"et3\" style=\"height: 15.75pt; width: 306.75pt;\" width=\"409\" height=\"21\">MOQ<\/td>\n<td class=\"et3\" style=\"width: 375.00pt;\" width=\"500\">500 - 500 000 pi\u00e8ces<\/td>\n<\/tr>\n<tr style=\"height: 31.50pt;\">\n<td class=\"et3\" style=\"height: 31.50pt; width: 306.75pt;\" width=\"409\" height=\"42\">Couleurs<\/td>\n<td class=\"et3\" style=\"width: 375.00pt;\" width=\"500\">Blanc uni\/ Kraft brun, CMYK, PMS, couleurs sp\u00e9ciales (argent m\u00e9tallique, or m\u00e9tallique),<\/td>\n<\/tr>\n<tr style=\"height: 16.50pt;\">\n<td class=\"et4\" style=\"height: 16.50pt;\" height=\"22\">Impression<\/td>\n<td class=\"et5\">Impression CMYK<\/td>\n<\/tr>\n<tr style=\"height: 16.50pt;\">\n<td class=\"et5\" style=\"height: 16.50pt;\" height=\"22\">Dimension<\/td>\n<td class=\"et5\">L + L &lt;= 20 pouces ; H &lt;= 26 pouces<\/td>\n<\/tr>\n<tr style=\"height: 16.50pt;\">\n<td class=\"et4\" style=\"height: 16.50pt;\" height=\"22\">Certification<\/td>\n<td class=\"et5\">SGS, IOS9001<\/td>\n<\/tr>\n<tr style=\"height: 16.50pt;\">\n<td class=\"et4\" style=\"height: 16.50pt;\" height=\"22\">Structure<\/td>\n<td class=\"et5\">3pcs tube papier pour t\u00e9lescope<\/td>\n<\/tr>\n<tr style=\"height: 16.50pt;\">\n<td class=\"et4\" style=\"height: 16.50pt;\" height=\"22\">Service<\/td>\n<td class=\"et5\">OEM\/ODM<\/td>\n<\/tr>\n<tr style=\"height: 31.50pt;\">\n<td class=\"et3\" style=\"height: 31.50pt; width: 306.75pt;\" width=\"409\" height=\"42\">Stock de papier<\/td>\n<td class=\"et3\" style=\"width: 375.00pt;\" width=\"500\">Carton blanc de 12 \u00e0 24 pt, SBS de 18 \u00e0 24 pt, Kraft de 18 \u00e0 24 pt, carton ondul\u00e9.<\/td>\n<\/tr>\n<tr style=\"height: 15.75pt;\">\n<td class=\"et3\" style=\"height: 15.75pt; width: 306.75pt;\" width=\"409\" height=\"21\">Finition<\/td>\n<td class=\"et3\" style=\"width: 375.00pt;\" width=\"500\">Brillant AQ (par d\u00e9faut), Brillant UV, Mat UV<\/td>\n<\/tr>\n<tr style=\"height: 15.75pt;\">\n<td class=\"et3\" style=\"height: 15.75pt; width: 306.75pt;\" width=\"409\" height=\"21\">Preuve<\/td>\n<td class=\"et3\" style=\"width: 375.00pt;\" width=\"500\">\u00c9preuve num\u00e9rique (fichier pr\u00eat \u00e0 imprimer) confirm\u00e9e par le client.<\/td>\n<\/tr>\n<tr style=\"height: 31.50pt;\">\n<td class=\"et3\" style=\"height: 31.50pt; width: 306.75pt;\" width=\"409\" height=\"42\">Retournement<\/td>\n<td class=\"et3\" style=\"width: 375.00pt;\" width=\"500\">7-14 jours ouvrables pour l'impression et l'exp\u00e9dition, apr\u00e8s l'approbation finale (exp\u00e9dition GRATUITE)<\/td>\n<\/tr>\n<tr style=\"height: 31.50pt;\">\n<td class=\"et7\" style=\"height: 31.50pt; width: 306.75pt;\" width=\"409\" height=\"42\">D\u00e9lai de paiement<\/td>\n<td class=\"et7\" style=\"width: 375.00pt;\" width=\"500\">T\/T, Western Union, Paypal, d\u00e9p\u00f4t de 30% et solde de 70% avant l'exp\u00e9dition.<\/td>\n<\/tr>\n<\/tbody>\n<\/table>\n<h2 class=\"auto-hide-last-sibling-br paragraph-u1TS5p paragraph-element br-paragraph-space\">Caract\u00e9ristiques principales<\/h2>\n<ol class=\"auto-hide-last-sibling-br\">\n<li>Options de personnalisation : Vous avez un contr\u00f4le total sur la taille, la forme et les dimensions de la bo\u00eete en papier tubulaire afin d'assurer une adaptation parfaite \u00e0 vos produits. Choisissez parmi une large gamme de couleurs, de motifs et de finitions pour cr\u00e9er un emballage unique et visuellement attrayant.<\/li>\n<li>Mat\u00e9riaux de haute qualit\u00e9 : Nous utilisons du papier de premi\u00e8re qualit\u00e9, \u00e0 la fois durable et \u00e9cologique. Ce mat\u00e9riau offre une r\u00e9sistance et une protection excellentes, ce qui garantit que vos produits arrivent en parfait \u00e9tat.<\/li>\n<li>Int\u00e9grit\u00e9 structurelle : La conception du tube en papier offre une stabilit\u00e9 et un soutien sup\u00e9rieurs, \u00e9vitant les dommages lors de la manipulation et du transport.<\/li>\n<li>Possibilit\u00e9s de marquage : Mettez en valeur le logo de votre marque, votre slogan et les informations relatives \u00e0 vos produits gr\u00e2ce \u00e0 une impression ou un gaufrage de haute qualit\u00e9, afin d'accro\u00eetre la visibilit\u00e9 et la reconnaissance de votre marque.<\/li>\n<li>Applications polyvalentes : Convient \u00e0 une gamme vari\u00e9e de produits tels que les cosm\u00e9tiques, les cadeaux, la papeterie, etc.<\/li>\n<li>Recyclables et durables : Fabriqu\u00e9es \u00e0 partir de mat\u00e9riaux recyclables, nos bo\u00eetes en papier tubulaire personnalis\u00e9es sont un choix respectueux de l'environnement qui s'aligne sur les valeurs de votre marque.<\/li>\n<\/ol>\n<h2 class=\"auto-hide-last-sibling-br paragraph-u1TS5p paragraph-element br-paragraph-space\">Processus de commande<\/h2>\n<div class=\"auto-hide-last-sibling-br paragraph-u1TS5p paragraph-element br-paragraph-space\">Notre \u00e9quipe d'experts travaillera en \u00e9troite collaboration avec vous tout au long du processus de commande. De la conception initiale \u00e0 la production finale, nous veillons \u00e0 ce que chaque d\u00e9tail r\u00e9ponde \u00e0 vos attentes. Nous fournissons \u00e9galement des \u00e9chantillons pour examen et approbation avant la production en s\u00e9rie.<\/div>\n<h2 class=\"auto-hide-last-sibling-br paragraph-u1TS5p paragraph-element br-paragraph-space\">D\u00e9lais de livraison<\/h2>\n<div class=\"auto-hide-last-sibling-br paragraph-u1TS5p paragraph-element br-paragraph-space\">Nous comprenons l'importance d'une livraison dans les d\u00e9lais. Nos partenaires logistiques fiables veillent \u00e0 ce que vos bo\u00eetes en papier tubulaire personnalis\u00e9es soient livr\u00e9es \u00e0 votre porte dans les d\u00e9lais convenus, ce qui vous permet de respecter vos \u00e9ch\u00e9ances commerciales sans probl\u00e8me.<\/div>\n<div><\/div>\n<div class=\"auto-hide-last-sibling-br paragraph-u1TS5p paragraph-element br-paragraph-space\">Choisissez notre bo\u00eete en papier tubulaire personnalis\u00e9e pour rehausser votre emballage et laisser une impression durable \u00e0 vos clients. <strong><a href=\"https:\/\/zojopackaging.com\/fr\/contact-us\/\">Contactez-nous d\u00e8s aujourd'hui<\/a><\/strong> pour commencer \u00e0 cr\u00e9er la solution d'emballage parfaite pour votre entreprise.<\/div>\n<\/div>","protected":false},"excerpt":{"rendered":"<p>Cette bo\u00eete d'emballage pour cylindre de parfum utilise du carton gris 1200GSM + du papier d'art couch\u00e9 157GSM, et utilise du papier \u00e9cologique certifi\u00e9 FSC pour r\u00e9aliser un emballage durable. Elle permet une personnalisation illimit\u00e9e du type de bo\u00eete, de la taille, de l'impression de surface, etc. pour s'adapter \u00e0 vos produits et \u00e0 vos marques.<\/p>","protected":false},"featured_media":6804,"template":"","meta":[],"product_brand":[],"product_cat":[417,429],"product_tag":[520,521,519],"class_list":{"0":"post-6800","1":"product","2":"type-product","3":"status-publish","4":"has-post-thumbnail","6":"product_cat-custom-perfume-boxes-by-industry","7":"product_cat-paper-tube-boxes","8":"product_tag-custom-fragranc-paper-tubes","9":"product_tag-perfume-paper-tubes","10":"product_tag-perfume-paper-tubes-factory","12":"first","13":"instock","14":"shipping-taxable","15":"product-type-simple"},"_links":{"self":[{"href":"https:\/\/zojopackaging.com\/fr\/wp-json\/wp\/v2\/product\/6800","targetHints":{"allow":["GET"]}}],"collection":[{"href":"https:\/\/zojopackaging.com\/fr\/wp-json\/wp\/v2\/product"}],"about":[{"href":"https:\/\/zojopackaging.com\/fr\/wp-json\/wp\/v2\/types\/product"}],"version-history":[{"count":2,"href":"https:\/\/zojopackaging.com\/fr\/wp-json\/wp\/v2\/product\/6800\/revisions"}],"predecessor-version":[{"id":8087,"href":"https:\/\/zojopackaging.com\/fr\/wp-json\/wp\/v2\/product\/6800\/revisions\/8087"}],"wp:featuredmedia":[{"embeddable":true,"href":"https:\/\/zojopackaging.com\/fr\/wp-json\/wp\/v2\/media\/6804"}],"wp:attachment":[{"href":"https:\/\/zojopackaging.com\/fr\/wp-json\/wp\/v2\/media?parent=6800"}],"wp:term":[{"taxonomy":"product_brand","embeddable":true,"href":"https:\/\/zojopackaging.com\/fr\/wp-json\/wp\/v2\/product_brand?post=6800"},{"taxonomy":"product_cat","embeddable":true,"href":"https:\/\/zojopackaging.com\/fr\/wp-json\/wp\/v2\/product_cat?post=6800"},{"taxonomy":"product_tag","embeddable":true,"href":"https:\/\/zojopackaging.com\/fr\/wp-json\/wp\/v2\/product_tag?post=6800"}],"curies":[{"name":"wp","href":"https:\/\/api.w.org\/{rel}","templated":true}]}}