{"id":6811,"date":"2024-07-17T13:41:36","date_gmt":"2024-07-17T05:41:36","guid":{"rendered":"https:\/\/zojopackaging.com\/?post_type=product&#038;p=6811"},"modified":"2025-03-24T09:49:41","modified_gmt":"2025-03-24T01:49:41","slug":"customized-printed-paper-gift-bags","status":"publish","type":"product","link":"https:\/\/zojopackaging.com\/fr\/product\/customized-printed-paper-gift-bags\/","title":{"rendered":"Sacs de magasinage de luxe en papier pliable fabriqu\u00e9s sur mesure"},"content":{"rendered":"<h1 class=\"auto-hide-last-sibling-br paragraph-u1TS5p paragraph-element br-paragraph-space\">Sacs cadeaux en papier imprim\u00e9s et personnalis\u00e9s<\/h1>\n<div class=\"auto-hide-last-sibling-br paragraph-u1TS5p paragraph-element br-paragraph-space\">Nos sacs cadeaux en papier imprim\u00e9 personnalis\u00e9s sont le choix id\u00e9al pour ajouter une touche personnalis\u00e9e et m\u00e9morable \u00e0 votre exp\u00e9rience de cadeau.<\/div>\n<h2 class=\"auto-hide-last-sibling-br paragraph-u1TS5p paragraph-element br-paragraph-space\">Caract\u00e9ristiques principales<\/h2>\n<ol class=\"auto-hide-last-sibling-br\">\n<li>Conceptions sur mesure : Travaillez en \u00e9troite collaboration avec notre \u00e9quipe d'experts en design pour cr\u00e9er un sac unique qui correspond \u00e0 votre marque ou au th\u00e8me de votre \u00e9v\u00e9nement. Vous pouvez choisir parmi une large gamme de couleurs, de motifs et de graphismes pour faire de vos sacs cadeaux des objets uniques.<\/li>\n<li>Mat\u00e9riaux de haute qualit\u00e9 : Nous utilisons du papier de premi\u00e8re qualit\u00e9 qui n'est pas seulement robuste mais qui donne aussi une sensation de luxe. Le papier est s\u00e9lectionn\u00e9 pour garantir la durabilit\u00e9 et une finition lisse.<\/li>\n<li>Impression de pr\u00e9cision : Notre technologie d'impression avanc\u00e9e permet d'obtenir des impressions nettes, \u00e9clatantes et durables. Qu'il s'agisse d'un logo d\u00e9taill\u00e9, d'un dessin complexe ou d'un message sinc\u00e8re, nous garantissons une reproduction de la plus haute qualit\u00e9.<\/li>\n<li>Options de poign\u00e9e : Choisissez parmi diff\u00e9rents styles de poign\u00e9es tels que le ruban de satin, la corde de papier torsad\u00e9e ou les poign\u00e9es de papier plates pour plus de confort et de style.<\/li>\n<li>Personnalisation de la taille : Disponible dans une multitude de tailles pour s'adapter \u00e0 diff\u00e9rents articles de cadeaux, des petits bibelots aux cadeaux plus importants.<\/li>\n<li>Options int\u00e9rieures : Am\u00e9liorez la pr\u00e9sentation en ajoutant du papier de soie ou une doublure sp\u00e9ciale \u00e0 l'int\u00e9rieur du sac.<\/li>\n<\/ol>\n<h2 class=\"auto-hide-last-sibling-br paragraph-u1TS5p paragraph-element br-paragraph-space\">Processus de commande<\/h2>\n<div class=\"auto-hide-last-sibling-br paragraph-u1TS5p paragraph-element br-paragraph-space\">Notre processus de commande est simple et direct. Il vous suffit de nous faire part de vos id\u00e9es de conception et de vos exigences, et nous vous fournirons un devis d\u00e9taill\u00e9 et une maquette. Une fois le devis approuv\u00e9, notre \u00e9quipe de production efficace veillera \u00e0 ce que votre commande soit livr\u00e9e dans les d\u00e9lais impartis.<\/div>\n<h2 class=\"auto-hide-last-sibling-br paragraph-u1TS5p paragraph-element br-paragraph-space\">D\u00e9lais de livraison et d'ex\u00e9cution<\/h2>\n<div class=\"auto-hide-last-sibling-br paragraph-u1TS5p paragraph-element br-paragraph-space\">Nous comprenons l'importance du respect des d\u00e9lais. Nous offrons des services de livraison fiables et fournissons des estimations claires des d\u00e9lais de livraison en fonction de la taille et de la complexit\u00e9 de votre commande.<\/div>\n<div class=\"auto-hide-last-sibling-br paragraph-u1TS5p paragraph-element br-paragraph-space\">Investissez dans nos Sacs Cadeaux en Papier Imprim\u00e9s Personnalis\u00e9s pour que vos cadeaux se distinguent et laissent une impression durable. <strong><a href=\"https:\/\/zojopackaging.com\/fr\/contact-us\/\">Contactez-nous d\u00e8s aujourd'hui<\/a><\/strong> pour commencer \u00e0 cr\u00e9er la solution de sac cadeau parfaite pour les besoins de votre entreprise.<\/div>\n<div>\n<h2 class=\"yikes-custom-woo-tab-title yikes-custom-woo-tab-title-specifications\">Sp\u00e9cifications<\/h2>\n<table class=\"table table-striped\">\n<tbody>\n<tr>\n<td>Bo\u00eete de style<\/td>\n<td>Extr\u00e9mit\u00e9 invers\u00e9e<\/td>\n<\/tr>\n<tr>\n<td>Caract\u00e9ristiques principales<\/td>\n<td>Fermeture sup\u00e9rieure \u00e0 friction<\/td>\n<\/tr>\n<tr>\n<td>Dimension<\/td>\n<td>L + L &lt;= 20 pouces ; H &lt;= 26 pouces<\/td>\n<\/tr>\n<tr>\n<td>Quantit\u00e9s<\/td>\n<td>500 &#8211; 500,000<\/td>\n<\/tr>\n<tr>\n<td>Stock de papier<\/td>\n<td>Carton blanc de 12 \u00e0 24 pt, SBS de 18 \u00e0 24 pt, Kraft de 18 \u00e0 24 pt, carton ondul\u00e9.<\/td>\n<\/tr>\n<tr>\n<td>Couleurs<\/td>\n<td>Blanc uni\/ Kraft brun, CMYK, PMS, couleurs sp\u00e9ciales (argent m\u00e9tallique, or m\u00e9tallique),<\/td>\n<\/tr>\n<tr>\n<td>Finition<\/td>\n<td>Brillant AQ (par d\u00e9faut), Brillant UV, Mat UV<\/td>\n<\/tr>\n<tr>\n<td>T\u00e9l\u00e9chargement de fichiers<\/td>\n<td>Ligne de production et conception en couches s\u00e9par\u00e9es<\/p>\n<p>\u00c9chantillon PMS not\u00e9 le cas \u00e9ch\u00e9ant<\/td>\n<\/tr>\n<tr>\n<td>Preuve<\/td>\n<td>\u00c9preuve num\u00e9rique (fichier pr\u00eat \u00e0 imprimer) confirm\u00e9e par le client.<\/td>\n<\/tr>\n<tr>\n<td>Retournement<\/td>\n<td>7-14 jours ouvrables pour l'impression et l'exp\u00e9dition, apr\u00e8s l'approbation finale (exp\u00e9dition GRATUITE)<\/td>\n<\/tr>\n<tr>\n<td>Exp\u00e9dition<\/td>\n<td>Emballage plat<\/td>\n<\/tr>\n<\/tbody>\n<\/table>\n<\/div>","protected":false},"excerpt":{"rendered":"<p>Ce sac en papier noir pliable utilise un processus de laminage mat pour cr\u00e9er une surface discr\u00e8te et r\u00e9sistante aux rayures, combin\u00e9 \u00e0 un processus de marquage \u00e0 chaud en or pour pr\u00e9senter le motif exclusif de la marque. Il est associ\u00e9 \u00e0 un ruban d\u00e9tachable et \u00e0 une poign\u00e9e en corde, et sa conception pliable permet d'\u00e9conomiser 50% d'espace de stockage et de transport.<\/p>","protected":false},"featured_media":6817,"template":"","meta":[],"product_brand":[],"product_cat":[30,413,432,31],"product_tag":[518,516,517],"class_list":{"0":"post-6811","1":"product","2":"type-product","3":"status-publish","4":"has-post-thumbnail","6":"product_cat-by-industry","7":"product_cat-consumer-electronics-boxes","8":"product_cat-pape-gift-bags","9":"product_cat-paper-box-style","10":"product_tag-custom-paper-bags","11":"product_tag-foldable-paper-shopping-bags","12":"product_tag-paper-shopping-bags-manufacturer","14":"first","15":"instock","16":"shipping-taxable","17":"product-type-simple"},"_links":{"self":[{"href":"https:\/\/zojopackaging.com\/fr\/wp-json\/wp\/v2\/product\/6811","targetHints":{"allow":["GET"]}}],"collection":[{"href":"https:\/\/zojopackaging.com\/fr\/wp-json\/wp\/v2\/product"}],"about":[{"href":"https:\/\/zojopackaging.com\/fr\/wp-json\/wp\/v2\/types\/product"}],"version-history":[{"count":2,"href":"https:\/\/zojopackaging.com\/fr\/wp-json\/wp\/v2\/product\/6811\/revisions"}],"predecessor-version":[{"id":8086,"href":"https:\/\/zojopackaging.com\/fr\/wp-json\/wp\/v2\/product\/6811\/revisions\/8086"}],"wp:featuredmedia":[{"embeddable":true,"href":"https:\/\/zojopackaging.com\/fr\/wp-json\/wp\/v2\/media\/6817"}],"wp:attachment":[{"href":"https:\/\/zojopackaging.com\/fr\/wp-json\/wp\/v2\/media?parent=6811"}],"wp:term":[{"taxonomy":"product_brand","embeddable":true,"href":"https:\/\/zojopackaging.com\/fr\/wp-json\/wp\/v2\/product_brand?post=6811"},{"taxonomy":"product_cat","embeddable":true,"href":"https:\/\/zojopackaging.com\/fr\/wp-json\/wp\/v2\/product_cat?post=6811"},{"taxonomy":"product_tag","embeddable":true,"href":"https:\/\/zojopackaging.com\/fr\/wp-json\/wp\/v2\/product_tag?post=6811"}],"curies":[{"name":"wp","href":"https:\/\/api.w.org\/{rel}","templated":true}]}}