{"id":6823,"date":"2024-07-17T13:56:32","date_gmt":"2024-07-17T05:56:32","guid":{"rendered":"https:\/\/zojopackaging.com\/?post_type=product&#038;p=6823"},"modified":"2025-03-24T00:27:48","modified_gmt":"2025-03-23T16:27:48","slug":"custom-printed-paper-gift-bags","status":"publish","type":"product","link":"https:\/\/zojopackaging.com\/fr\/product\/custom-printed-paper-gift-bags\/","title":{"rendered":"Fournisseur Sacs cadeaux en papier de luxe pour parfums Fabricants"},"content":{"rendered":"<h1 class=\"auto-hide-last-sibling-br paragraph-u1TS5p paragraph-element br-paragraph-space\">Sacs cadeaux en papier imprim\u00e9s sur mesure<\/h1>\n<div class=\"auto-hide-last-sibling-br paragraph-u1TS5p paragraph-element br-paragraph-space\">\n<div class=\"auto-hide-last-sibling-br paragraph-u1TS5p paragraph-element br-paragraph-space\">\n<p>Nos sacs en papier imprim\u00e9s personnalis\u00e9s offrent une solution d'emballage sur mesure qui allie style, fonctionnalit\u00e9 et promotion de la marque.<\/p>\n<p>Vous avez besoin d'un produit d'emballage personnalis\u00e9 dans un style ou une taille unique ? Vous avez besoin d'un volume important ? Nous disposons d'un d\u00e9partement entier d\u00e9di\u00e9 \u00e0 la recherche et au d\u00e9veloppement de produits uniques qui r\u00e9pondent exactement \u00e0 vos besoins d'emballage les plus exigeants.<\/p>\n<\/div>\n<h2 class=\"auto-hide-last-sibling-br paragraph-u1TS5p paragraph-element br-paragraph-space\">Processus de commande<\/h2>\n<div class=\"auto-hide-last-sibling-br paragraph-u1TS5p paragraph-element br-paragraph-space\">Notre \u00e9quipe exp\u00e9riment\u00e9e vous guidera tout au long du processus de commande. Nous commen\u00e7ons par comprendre vos besoins sp\u00e9cifiques et vos pr\u00e9f\u00e9rences en mati\u00e8re de design. Vous pouvez fournir votre propre design ou collaborer avec nos experts en design internes pour cr\u00e9er un concept qui r\u00e9ponde \u00e0 votre vision. Une fois le design approuv\u00e9, notre site de production efficace assurera la livraison de votre commande dans les d\u00e9lais impartis, avec des mesures strictes de contr\u00f4le de la qualit\u00e9 en place pour garantir les normes les plus \u00e9lev\u00e9es.<\/div>\n<h2 class=\"yikes-custom-woo-tab-title yikes-custom-woo-tab-title-specifications\">Sp\u00e9cifications<\/h2>\n<table class=\"table table-striped\">\n<tbody>\n<tr>\n<td>Bo\u00eete de style<\/td>\n<td>Extr\u00e9mit\u00e9 invers\u00e9e<\/td>\n<\/tr>\n<tr>\n<td>Caract\u00e9ristiques principales<\/td>\n<td>Fermeture sup\u00e9rieure \u00e0 friction<\/td>\n<\/tr>\n<tr>\n<td>Dimension<\/td>\n<td>L + L &lt;= 20 pouces ; H &lt;= 26 pouces<\/td>\n<\/tr>\n<tr>\n<td>Quantit\u00e9s<\/td>\n<td>500 &#8211; 500,000<\/td>\n<\/tr>\n<tr>\n<td>Stock de papier<\/td>\n<td>Carton blanc de 12 \u00e0 24 pt, SBS de 18 \u00e0 24 pt, Kraft de 18 \u00e0 24 pt, carton ondul\u00e9.<\/td>\n<\/tr>\n<tr>\n<td>Couleurs<\/td>\n<td>Blanc uni\/ Kraft brun, CMYK, PMS, couleurs sp\u00e9ciales (argent m\u00e9tallique, or m\u00e9tallique),<\/td>\n<\/tr>\n<tr>\n<td>Finition<\/td>\n<td>Brillant AQ (par d\u00e9faut), Brillant UV, Mat UV<\/td>\n<\/tr>\n<tr>\n<td>T\u00e9l\u00e9chargement de fichiers<\/td>\n<td>Ligne de production et conception en couches s\u00e9par\u00e9es<\/p>\n<p>\u00c9chantillon PMS not\u00e9 le cas \u00e9ch\u00e9ant<\/td>\n<\/tr>\n<tr>\n<td>Preuve<\/td>\n<td>\u00c9preuve num\u00e9rique (fichier pr\u00eat \u00e0 imprimer) confirm\u00e9e par le client.<\/td>\n<\/tr>\n<tr>\n<td>Retournement<\/td>\n<td>7-14 jours ouvrables pour l'impression et l'exp\u00e9dition, apr\u00e8s l'approbation finale (exp\u00e9dition GRATUITE)<\/td>\n<\/tr>\n<tr>\n<td>Exp\u00e9dition<\/td>\n<td>Emballage plat<\/td>\n<\/tr>\n<\/tbody>\n<\/table>\n<\/div>","protected":false},"excerpt":{"rendered":"<p>Ce sac cadeau en papier blanc pour l'emballage des parfums utilise un pelliculage mat pour cr\u00e9er une texture mate et est ferm\u00e9 par un ruban de soie\/satin de la m\u00eame couleur, mettant en valeur le ton exquis du produit parfum\u00e9 avec une esth\u00e9tique minimaliste.<\/p>","protected":false},"featured_media":6824,"template":"","meta":[],"product_brand":[],"product_cat":[30,417,432,31],"product_tag":[514,285,515],"class_list":{"0":"post-6823","1":"product","2":"type-product","3":"status-publish","4":"has-post-thumbnail","6":"product_cat-by-industry","7":"product_cat-custom-perfume-boxes-by-industry","8":"product_cat-pape-gift-bags","9":"product_cat-paper-box-style","10":"product_tag-custom-perfume-paper-gift-bags","11":"product_tag-paper-gift-bags","12":"product_tag-paper-gift-bags-manufacturers","14":"first","15":"instock","16":"shipping-taxable","17":"product-type-simple"},"_links":{"self":[{"href":"https:\/\/zojopackaging.com\/fr\/wp-json\/wp\/v2\/product\/6823","targetHints":{"allow":["GET"]}}],"collection":[{"href":"https:\/\/zojopackaging.com\/fr\/wp-json\/wp\/v2\/product"}],"about":[{"href":"https:\/\/zojopackaging.com\/fr\/wp-json\/wp\/v2\/types\/product"}],"version-history":[{"count":2,"href":"https:\/\/zojopackaging.com\/fr\/wp-json\/wp\/v2\/product\/6823\/revisions"}],"predecessor-version":[{"id":8084,"href":"https:\/\/zojopackaging.com\/fr\/wp-json\/wp\/v2\/product\/6823\/revisions\/8084"}],"wp:featuredmedia":[{"embeddable":true,"href":"https:\/\/zojopackaging.com\/fr\/wp-json\/wp\/v2\/media\/6824"}],"wp:attachment":[{"href":"https:\/\/zojopackaging.com\/fr\/wp-json\/wp\/v2\/media?parent=6823"}],"wp:term":[{"taxonomy":"product_brand","embeddable":true,"href":"https:\/\/zojopackaging.com\/fr\/wp-json\/wp\/v2\/product_brand?post=6823"},{"taxonomy":"product_cat","embeddable":true,"href":"https:\/\/zojopackaging.com\/fr\/wp-json\/wp\/v2\/product_cat?post=6823"},{"taxonomy":"product_tag","embeddable":true,"href":"https:\/\/zojopackaging.com\/fr\/wp-json\/wp\/v2\/product_tag?post=6823"}],"curies":[{"name":"wp","href":"https:\/\/api.w.org\/{rel}","templated":true}]}}