{"id":6831,"date":"2024-07-17T14:18:58","date_gmt":"2024-07-17T06:18:58","guid":{"rendered":"https:\/\/zojopackaging.com\/?post_type=product&#038;p=6831"},"modified":"2025-03-24T00:14:27","modified_gmt":"2025-03-23T16:14:27","slug":"custom-paper-bags","status":"publish","type":"product","link":"https:\/\/zojopackaging.com\/fr\/product\/custom-paper-bags\/","title":{"rendered":"Sacs cadeaux de luxe en papier fabriqu\u00e9s sur mesure pour l'habillement"},"content":{"rendered":"<h1 class=\"base Category_tile title\">Sacs cadeaux de luxe en papier fabriqu\u00e9s sur mesure pour l'habillement<\/h1>\n<div class=\"auto-hide-last-sibling-br paragraph-u1TS5p paragraph-element br-paragraph-space\">\n<div class=\"auto-hide-last-sibling-br paragraph-u1TS5p paragraph-element br-paragraph-space\">\n<p>Que vous planifiez un \u00e9v\u00e9nement promotionnel ou que vous ayez besoin de solutions pour un usage professionnel quotidien, les sacs en papier personnalis\u00e9s peuvent vous \u00eatre utiles de diff\u00e9rentes mani\u00e8res.<\/p>\n<h1>Pourquoi acheter des sacs en papier personnalis\u00e9s ?<\/h1>\n<p>Les sacs en papier personnalis\u00e9s peuvent \u00eatre utilis\u00e9s de diff\u00e9rentes mani\u00e8res, en fonction des besoins de votre entreprise.<\/p>\n<ul>\n<li>Salons professionnels et autres \u00e9v\u00e9nements commerciaux ou promotionnels<\/li>\n<li>Lors de la distribution d'articles promotionnels<\/li>\n<li>Conf\u00e9rences et s\u00e9minaires d'entreprises<\/li>\n<li>Pour donner des articles directement en dehors de l'office<\/li>\n<\/ul>\n<p>Les sacs en papier sont des articles que votre entreprise peut utiliser de diverses mani\u00e8res et ils sont parfaits pour accro\u00eetre la notori\u00e9t\u00e9 de la marque. Vos destinataires se sentiront \u00e9galement plus fid\u00e8les \u00e0 votre marque car ils penseront que vous faites un effort suppl\u00e9mentaire. Ciblez votre public de la bonne mani\u00e8re lorsque vous faites un effort suppl\u00e9mentaire en fournissant des sacs en papier personnalis\u00e9s.<\/p>\n<h1>Diff\u00e9rentes vari\u00e9t\u00e9s disponibles<\/h1>\n<p>Diff\u00e9rentes options s'offrent \u00e0 vous lorsque vous recherchez le sac en papier id\u00e9al pour repr\u00e9senter votre entreprise. Vous pouvez notamment opter pour les options suivantes :<\/p>\n<ul>\n<li>Sacs en papier kraft : Ces sacs sont fabriqu\u00e9s \u00e0 partir de papier recycl\u00e9 100% et constituent une excellente alternative aux sacs en papier traditionnels. Ils sont disponibles dans une grande vari\u00e9t\u00e9 de couleurs et de tailles. Ils sont id\u00e9aux pour de nombreux usages.<\/li>\n<li>Sacs en papier brillant : Ces sacs en papier ont une finition brillante. Ils peuvent \u00eatre recycl\u00e9s, ce qui est id\u00e9al pour les personnes \u00e0 la recherche d'options \u00e9cologiques. Ces sacs sont \u00e9galement plus r\u00e9sistants \u00e0 l'usure normale que les sacs en papier ordinaires.<\/li>\n<li>Sacs Euro lamin\u00e9s : Ces variantes lamin\u00e9es sont id\u00e9ales lorsque vous souhaitez ajouter un \u00e9l\u00e9ment de luxe aux sacs en papier traditionnels. Ils sont disponibles en diff\u00e9rentes couleurs et peuvent incarner exactement l'image que votre entreprise souhaite montrer.<\/li>\n<\/ul>\n<h2>Personnaliser davantage<\/h2>\n<p>L'avantage de ces sacs en papier est que vous pouvez les personnaliser en fonction des besoins de votre entreprise. Que vous souhaitiez faire imprimer le logo de votre marque sur le sac ou un message, tout est possible. Selon la variante de sac en papier que vous choisirez, diff\u00e9rentes options de personnalisation seront disponibles :<\/p>\n<ul>\n<li>S\u00e9rigraphie<\/li>\n<li>Tampon en feuille<\/li>\n<\/ul>\n<h2>Processus de commande<\/h2>\n<p>Notre \u00e9quipe sp\u00e9cialis\u00e9e travaillera en \u00e9troite collaboration avec vous tout au long du processus de commande. Nous commen\u00e7ons par comprendre la vision et les exigences de votre marque, en vous proposant des suggestions de conception et des maquettes. Une fois le design approuv\u00e9, notre site de production efficace fabriquera rapidement les sacs, et nos partenaires d'exp\u00e9dition fiables assureront une livraison rapide.<\/p>\n<h2>D\u00e9lais de livraison<\/h2>\n<p>Nous comprenons l'importance d'une livraison rapide pour r\u00e9pondre aux besoins de votre entreprise. En fonction de la quantit\u00e9 command\u00e9e et de la complexit\u00e9 de la personnalisation, nous vous fournirons une estimation du d\u00e9lai de livraison et vous tiendrons au courant tout au long du processus de production et d'exp\u00e9dition.<\/p>\n<p>Contactez-nous d\u00e8s aujourd'hui pour commencer \u00e0 cr\u00e9er l'emballage id\u00e9al pour votre entreprise.<\/p>\n<\/div>\n<\/div>","protected":false},"excerpt":{"rendered":"<p>Ce sac en papier pour l'emballage de v\u00eatements haut de gamme utilise la technologie de marquage \u00e0 chaud pour pr\u00e9senter le logo ou le motif de la marque. Il est associ\u00e9 \u00e0 une poign\u00e9e en corde torsad\u00e9e durable, incorporant de l\u00e9gers d\u00e9tails luxueux dans le design simple.<\/p>","protected":false},"featured_media":6832,"template":"","meta":[],"product_brand":[],"product_cat":[30,414,432,31],"product_tag":[511,512,513],"class_list":{"0":"post-6831","1":"product","2":"type-product","3":"status-publish","4":"has-post-thumbnail","6":"product_cat-by-industry","7":"product_cat-custom-apparel-boxes","8":"product_cat-pape-gift-bags","9":"product_cat-paper-box-style","10":"product_tag-apparel-paper-gift-bags","11":"product_tag-garment-paper-gift-bags","12":"product_tag-paper-gift-bags-factory","14":"first","15":"instock","16":"shipping-taxable","17":"product-type-simple"},"_links":{"self":[{"href":"https:\/\/zojopackaging.com\/fr\/wp-json\/wp\/v2\/product\/6831","targetHints":{"allow":["GET"]}}],"collection":[{"href":"https:\/\/zojopackaging.com\/fr\/wp-json\/wp\/v2\/product"}],"about":[{"href":"https:\/\/zojopackaging.com\/fr\/wp-json\/wp\/v2\/types\/product"}],"version-history":[{"count":2,"href":"https:\/\/zojopackaging.com\/fr\/wp-json\/wp\/v2\/product\/6831\/revisions"}],"predecessor-version":[{"id":8083,"href":"https:\/\/zojopackaging.com\/fr\/wp-json\/wp\/v2\/product\/6831\/revisions\/8083"}],"wp:featuredmedia":[{"embeddable":true,"href":"https:\/\/zojopackaging.com\/fr\/wp-json\/wp\/v2\/media\/6832"}],"wp:attachment":[{"href":"https:\/\/zojopackaging.com\/fr\/wp-json\/wp\/v2\/media?parent=6831"}],"wp:term":[{"taxonomy":"product_brand","embeddable":true,"href":"https:\/\/zojopackaging.com\/fr\/wp-json\/wp\/v2\/product_brand?post=6831"},{"taxonomy":"product_cat","embeddable":true,"href":"https:\/\/zojopackaging.com\/fr\/wp-json\/wp\/v2\/product_cat?post=6831"},{"taxonomy":"product_tag","embeddable":true,"href":"https:\/\/zojopackaging.com\/fr\/wp-json\/wp\/v2\/product_tag?post=6831"}],"curies":[{"name":"wp","href":"https:\/\/api.w.org\/{rel}","templated":true}]}}