{"id":6838,"date":"2024-07-17T14:36:28","date_gmt":"2024-07-17T06:36:28","guid":{"rendered":"https:\/\/zojopackaging.com\/?post_type=product&#038;p=6838"},"modified":"2025-03-24T00:00:20","modified_gmt":"2025-03-23T16:00:20","slug":"custom-luxury-paper-shopping-bags","status":"publish","type":"product","link":"https:\/\/zojopackaging.com\/fr\/product\/custom-luxury-paper-shopping-bags\/","title":{"rendered":"Sacs cadeaux en papier \u00e9co-responsable pour bijoux, design personnalis\u00e9, vente en gros"},"content":{"rendered":"<h1 class=\"base Category_tile title\">Sacs \u00e0 provisions en papier de luxe personnalis\u00e9s<\/h1>\n<h2 style=\"font-weight: 500;\"><strong>Impression en masse attrayante, pr\u00e9cise et bon march\u00e9<\/strong><\/h2>\n<p style=\"font-weight: 400;\">Lorsqu'il s'agit d'imprimer nos sacs \u00e0 provisions de qualit\u00e9 sup\u00e9rieure, My Box Packaging utilise des techniques d'impression offset, s\u00e9rigraphique et num\u00e9rique de pointe pour fournir des dessins attrayants et pr\u00e9cis, y compris des noms de marque et des logos, ainsi que des dessins uniques et accrocheurs. Nous utilisons \u00e9galement des encres de haute qualit\u00e9 et de longue dur\u00e9e qui offrent un contraste \u00e9lev\u00e9 et des dessins imprim\u00e9s nets et d\u00e9taill\u00e9s. L'efficacit\u00e9 de nos canaux commerciaux permet d'offrir l'impression de sacs d'achat en vrac la moins ch\u00e8re du secteur. Nos experts en impression offrent \u00e9galement une aide gratuite \u00e0 la conception, et lorsque cela est confirm\u00e9, nous fournissons \u00e9galement des mod\u00e8les gratuits afin de s'assurer que vous obtenez exactement les conceptions imprim\u00e9es que vous souhaitez pour vos produits de sacs \u00e0 provisions.<\/p>\n<h3 style=\"font-weight: 500;\"><strong>Personnalisations de haute qualit\u00e9 et options de rev\u00eatement de surface de luxe<\/strong><\/h3>\n<p style=\"font-weight: 400;\">Lorsqu'il s'agit d'offrir \u00e0 vos clients l'exp\u00e9rience d'achat la plus luxueuse qui soit, vous voulez que tout ait l'air d'aller bien et que tout se sente bien. Le service d'impression de sacs de shopping luxueux de My Box Packaging vous permet d'atteindre cet objectif. Personnalisez vos sacs de courses avec un marquage \u00e0 chaud dans toutes les couleurs brillantes requises, une impression en relief pour faire la diff\u00e9rence, un gaufrage ou un d\u00e9bossage pour l'aspect unique recherch\u00e9 et une impression multicolore pr\u00e9cise du logo, du nom de la marque ou du dessin pour compl\u00e9ter vos produits de vente au d\u00e9tail de la mani\u00e8re la plus efficace. En outre, nous proposons de nombreuses options de finition de rev\u00eatement de surface, y compris des options brillantes, mates, UV ponctuelles ou soft touch. Offrez \u00e0 vos clients les compl\u00e9ments dont ils ont besoin pour d\u00e9velopper une image positive de votre marque et de vos produits, ce qui augmentera vos ventes \u00e0 long terme.<\/p>\n<h2>Processus de commande<\/h2>\n<p>Notre \u00e9quipe d'experts vous guidera tout au long du processus de commande. Nous commen\u00e7ons par comprendre les exigences de votre marque et vos pr\u00e9f\u00e9rences en mati\u00e8re de design. Nous vous fournissons ensuite des maquettes et des \u00e9chantillons d\u00e9taill\u00e9s pour approbation avant de passer \u00e0 la production.<\/p>\n<h2 class=\"yikes-custom-woo-tab-title yikes-custom-woo-tab-title-specifications\">Sp\u00e9cifications<\/h2>\n<table class=\"table table-striped\">\n<tbody>\n<tr>\n<td>Bo\u00eete de style<\/td>\n<td>Extr\u00e9mit\u00e9 invers\u00e9e<\/td>\n<\/tr>\n<tr>\n<td>Caract\u00e9ristiques principales<\/td>\n<td>Fermeture sup\u00e9rieure \u00e0 friction<\/td>\n<\/tr>\n<tr>\n<td>Dimension<\/td>\n<td>L + L &lt;= 20 pouces ; H &lt;= 26 pouces<\/td>\n<\/tr>\n<tr>\n<td>Quantit\u00e9s<\/td>\n<td>500 &#8211; 500,000<\/td>\n<\/tr>\n<tr>\n<td>Stock de papier<\/td>\n<td>Carton blanc de 12 \u00e0 24 pt, SBS de 18 \u00e0 24 pt, Kraft de 18 \u00e0 24 pt, carton ondul\u00e9.<\/td>\n<\/tr>\n<tr>\n<td>Couleurs<\/td>\n<td>Blanc uni\/ Kraft brun, CMYK, PMS, couleurs sp\u00e9ciales (argent m\u00e9tallique, or m\u00e9tallique),<\/td>\n<\/tr>\n<tr>\n<td>Finition<\/td>\n<td>Brillant AQ (par d\u00e9faut), Brillant UV, Mat UV<\/td>\n<\/tr>\n<tr>\n<td>T\u00e9l\u00e9chargement de fichiers<\/td>\n<td>Ligne de production et conception en couches s\u00e9par\u00e9es<\/p>\n<p>\u00c9chantillon PMS not\u00e9 le cas \u00e9ch\u00e9ant<\/td>\n<\/tr>\n<tr>\n<td>Preuve<\/td>\n<td>\u00c9preuve num\u00e9rique (fichier pr\u00eat \u00e0 imprimer) confirm\u00e9e par le client.<\/td>\n<\/tr>\n<tr>\n<td>Retournement<\/td>\n<td>7-14 jours ouvrables pour l'impression et l'exp\u00e9dition, apr\u00e8s l'approbation finale (exp\u00e9dition GRATUITE)<\/td>\n<\/tr>\n<tr>\n<td>Exp\u00e9dition<\/td>\n<td>Emballage plat<\/td>\n<\/tr>\n<\/tbody>\n<\/table>\n<div class=\"auto-hide-last-sibling-br paragraph-u1TS5p paragraph-element br-paragraph-space\">\n<div class=\"auto-hide-last-sibling-br paragraph-u1TS5p paragraph-element br-paragraph-space\">\n<p>&nbsp;<\/p>\n<\/div>\n<\/div>","protected":false},"excerpt":{"rendered":"<p>Ce sac cadeau en papier pour bijoux utilise des sacs en papier de haute qualit\u00e9 avec un design de ruban exquis, combin\u00e9 \u00e0 un artisanat en relief pour cr\u00e9er des motifs tridimensionnels, mettant en valeur la texture l\u00e9g\u00e8re et luxueuse. Il offre des services de personnalisation illimit\u00e9s et permet d'ajuster avec souplesse la taille, le motif en relief, la couleur du ruban et la structure de l'emballage, s'adaptant ainsi parfaitement \u00e0 diff\u00e9rents produits de bijouterie tels que les bagues et les colliers.<\/p>","protected":false},"featured_media":6840,"template":"","meta":[],"product_brand":[],"product_cat":[30,415,432,31],"product_tag":[509,508,510],"class_list":{"0":"post-6838","1":"product","2":"type-product","3":"status-publish","4":"has-post-thumbnail","6":"product_cat-by-industry","7":"product_cat-custom-jewelry-boxes-by-industry","8":"product_cat-pape-gift-bags","9":"product_cat-paper-box-style","10":"product_tag-custom-paper-gift-bags","11":"product_tag-jewelry-paper-gift-bags","12":"product_tag-paper-gift-bags-wholesale","14":"first","15":"instock","16":"shipping-taxable","17":"product-type-simple"},"_links":{"self":[{"href":"https:\/\/zojopackaging.com\/fr\/wp-json\/wp\/v2\/product\/6838","targetHints":{"allow":["GET"]}}],"collection":[{"href":"https:\/\/zojopackaging.com\/fr\/wp-json\/wp\/v2\/product"}],"about":[{"href":"https:\/\/zojopackaging.com\/fr\/wp-json\/wp\/v2\/types\/product"}],"version-history":[{"count":2,"href":"https:\/\/zojopackaging.com\/fr\/wp-json\/wp\/v2\/product\/6838\/revisions"}],"predecessor-version":[{"id":8081,"href":"https:\/\/zojopackaging.com\/fr\/wp-json\/wp\/v2\/product\/6838\/revisions\/8081"}],"wp:featuredmedia":[{"embeddable":true,"href":"https:\/\/zojopackaging.com\/fr\/wp-json\/wp\/v2\/media\/6840"}],"wp:attachment":[{"href":"https:\/\/zojopackaging.com\/fr\/wp-json\/wp\/v2\/media?parent=6838"}],"wp:term":[{"taxonomy":"product_brand","embeddable":true,"href":"https:\/\/zojopackaging.com\/fr\/wp-json\/wp\/v2\/product_brand?post=6838"},{"taxonomy":"product_cat","embeddable":true,"href":"https:\/\/zojopackaging.com\/fr\/wp-json\/wp\/v2\/product_cat?post=6838"},{"taxonomy":"product_tag","embeddable":true,"href":"https:\/\/zojopackaging.com\/fr\/wp-json\/wp\/v2\/product_tag?post=6838"}],"curies":[{"name":"wp","href":"https:\/\/api.w.org\/{rel}","templated":true}]}}