{"id":6845,"date":"2024-07-17T14:51:40","date_gmt":"2024-07-17T06:51:40","guid":{"rendered":"https:\/\/zojopackaging.com\/?post_type=product&#038;p=6845"},"modified":"2025-03-23T23:44:03","modified_gmt":"2025-03-23T15:44:03","slug":"wholesale-customized-paper-bag","status":"publish","type":"product","link":"https:\/\/zojopackaging.com\/fr\/product\/wholesale-customized-paper-bag\/","title":{"rendered":"Sacs promotionnels en papier de haute qualit\u00e9 pour cosm\u00e9tiques Wholesale"},"content":{"rendered":"<h1>Sacs promotionnels en papier de haute qualit\u00e9 pour cosm\u00e9tiques Wholesale<\/h1>\n<p>Nos sacs cadeaux promotionnels en papier de haute qualit\u00e9 sont le choix id\u00e9al pour les entreprises qui recherchent des solutions d'emballage de haute qualit\u00e9, rentables et personnalis\u00e9es en vrac.<\/p>\n<p>Fabriqu\u00e9s \u00e0 partir de papier de qualit\u00e9 sup\u00e9rieure, ils sont suffisamment r\u00e9sistants pour contenir divers objets tout en conservant leur forme et leur int\u00e9grit\u00e9.<\/p>\n<p>Vous pouvez choisir parmi une large gamme de tailles, de formes et de styles pour assurer une adaptation parfaite \u00e0 vos produits.<\/p>\n<h2>Processus de commande<\/h2>\n<p>Nous comprenons les besoins uniques des entreprises et nous nous effor\u00e7ons de rendre le processus fluide et efficace. Fournissez-nous les d\u00e9tails de votre personnalisation, les quantit\u00e9s requises et le calendrier de livraison souhait\u00e9, et nous nous occuperons du reste.<\/p>\n<h2>D\u00e9lai de livraison<\/h2>\n<p>Nous avons \u00e9tabli des partenariats logistiques fiables pour assurer une livraison rapide et s\u00fbre de vos sacs en papier personnalis\u00e9s en gros. En fonction de la taille de votre commande et de la complexit\u00e9 de la production, nous vous fournirons un d\u00e9lai de livraison pr\u00e9cis et vous tiendrons au courant de l'avancement de votre exp\u00e9dition.<\/p>\n<table width=\"1153\">\n<tbody>\n<tr>\n<td width=\"373\">Dimensions<\/td>\n<td width=\"373\">Toutes les tailles et formes personnalis\u00e9es<\/td>\n<\/tr>\n<tr>\n<td width=\"373\">Impression<\/td>\n<td width=\"373\">CMYK, PMS, pas d'impression<\/td>\n<\/tr>\n<tr>\n<td width=\"373\">Stock de papier<\/td>\n<td width=\"373\">10pt \u00e0 28pt (60lb \u00e0 400lb) Kraft \u00e9cologique, carton ondul\u00e9 \u00e0 cannelure E, carton Bux, papier cartonn\u00e9<\/td>\n<\/tr>\n<tr>\n<td width=\"373\">Quantit\u00e9s<\/td>\n<td width=\"373\">500- 500,000<\/td>\n<\/tr>\n<tr>\n<td width=\"373\">Rev\u00eatement<\/td>\n<td width=\"373\">Brillant, mat, spot UV<\/td>\n<\/tr>\n<tr>\n<td width=\"373\">Processus par d\u00e9faut<\/td>\n<td width=\"373\">D\u00e9coupage, collage, rainurage, perforation<\/td>\n<\/tr>\n<tr>\n<td width=\"373\">Options<\/td>\n<td width=\"373\">D\u00e9coupe de fen\u00eatres sur mesure, dorure\/argent, gaufrage, encre en relief, feuilles de PVC.<\/td>\n<\/tr>\n<tr>\n<td width=\"373\">Preuve<\/td>\n<td width=\"373\">Vue \u00e0 plat, maquette 3D, \u00e9chantillonnage physique (sur demande)<\/td>\n<\/tr>\n<tr>\n<td width=\"373\">D\u00e9lai d'ex\u00e9cution<\/td>\n<td width=\"373\">7-14 jours ouvrables , Rush<\/td>\n<\/tr>\n<tr>\n<td width=\"373\">MOQ<\/td>\n<td width=\"373\">500<\/td>\n<\/tr>\n<tr>\n<td width=\"373\">Temps d'\u00e9chantillonnage<\/td>\n<td width=\"373\">3-5 jours<\/td>\n<\/tr>\n<tr>\n<td width=\"373\">D\u00e9lai de paiement<\/td>\n<td width=\"373\">T\/T, Western Union, Paypal, d\u00e9p\u00f4t de 30% et solde de 70% avant l'exp\u00e9dition.<\/td>\n<\/tr>\n<\/tbody>\n<\/table>\n<p>Choisissez nos sacs en papier personnalis\u00e9s en gros pour vous d\u00e9marquer sur le march\u00e9 et rationaliser vos besoins en mati\u00e8re d'emballage. Contactez-nous d\u00e8s aujourd'hui pour entamer un partenariat fructueux.<\/p>\n<div class=\"auto-hide-last-sibling-br paragraph-u1TS5p paragraph-element br-paragraph-space\">\n<div class=\"auto-hide-last-sibling-br paragraph-u1TS5p paragraph-element br-paragraph-space\">\n<p>&nbsp;<\/p>\n<\/div>\n<\/div>","protected":false},"excerpt":{"rendered":"<p>Sacs cadeaux en papier de luxe Sacs shopping Wholesale avec poign\u00e9e en corde et logo estamp\u00e9 \u00e0 chaud en or<\/p>","protected":false},"featured_media":6858,"template":"","meta":[],"product_brand":[],"product_cat":[30,390,432,31],"product_tag":[505,506,507],"class_list":{"0":"post-6845","1":"product","2":"type-product","3":"status-publish","4":"has-post-thumbnail","6":"product_cat-by-industry","7":"product_cat-custom-cosmetics-boxes","8":"product_cat-pape-gift-bags","9":"product_cat-paper-box-style","10":"product_tag-cosmetics-gift-bags-wholesale","11":"product_tag-high-quality-gift-bags","12":"product_tag-promotional-gift-bags","14":"first","15":"instock","16":"shipping-taxable","17":"product-type-simple"},"_links":{"self":[{"href":"https:\/\/zojopackaging.com\/fr\/wp-json\/wp\/v2\/product\/6845","targetHints":{"allow":["GET"]}}],"collection":[{"href":"https:\/\/zojopackaging.com\/fr\/wp-json\/wp\/v2\/product"}],"about":[{"href":"https:\/\/zojopackaging.com\/fr\/wp-json\/wp\/v2\/types\/product"}],"version-history":[{"count":2,"href":"https:\/\/zojopackaging.com\/fr\/wp-json\/wp\/v2\/product\/6845\/revisions"}],"predecessor-version":[{"id":8080,"href":"https:\/\/zojopackaging.com\/fr\/wp-json\/wp\/v2\/product\/6845\/revisions\/8080"}],"wp:featuredmedia":[{"embeddable":true,"href":"https:\/\/zojopackaging.com\/fr\/wp-json\/wp\/v2\/media\/6858"}],"wp:attachment":[{"href":"https:\/\/zojopackaging.com\/fr\/wp-json\/wp\/v2\/media?parent=6845"}],"wp:term":[{"taxonomy":"product_brand","embeddable":true,"href":"https:\/\/zojopackaging.com\/fr\/wp-json\/wp\/v2\/product_brand?post=6845"},{"taxonomy":"product_cat","embeddable":true,"href":"https:\/\/zojopackaging.com\/fr\/wp-json\/wp\/v2\/product_cat?post=6845"},{"taxonomy":"product_tag","embeddable":true,"href":"https:\/\/zojopackaging.com\/fr\/wp-json\/wp\/v2\/product_tag?post=6845"}],"curies":[{"name":"wp","href":"https:\/\/api.w.org\/{rel}","templated":true}]}}