{"id":6908,"date":"2024-07-19T10:13:11","date_gmt":"2024-07-19T02:13:11","guid":{"rendered":"https:\/\/zojopackaging.com\/?post_type=product&#038;p=6908"},"modified":"2025-03-23T23:27:25","modified_gmt":"2025-03-23T15:27:25","slug":"custom-cardboard-gift-perfume-box","status":"publish","type":"product","link":"https:\/\/zojopackaging.com\/fr\/product\/custom-cardboard-gift-perfume-box\/","title":{"rendered":"Bo\u00eetes d'emballage de parfum imprim\u00e9es sur mesure Wholesale"},"content":{"rendered":"<h1>Bo\u00eetes d'emballage de parfum imprim\u00e9es sur mesure Wholesale<\/h1>\n<p>Toutes sortes de tailles et de formes pour vos id\u00e9es cr\u00e9atives et vos produits de parfumerie sp\u00e9cifiques. Utilisez les bo\u00eetes de parfum en carton pour renforcer l'identit\u00e9 de votre marque.<\/p>\n<h1>Fabrication de bo\u00eetes en carton rigide en Chine<\/h1>\n<p>Avec plus de 13 ans d'exp\u00e9rience dans la fabrication de bo\u00eetes en carton, Hongyi a franchi de nombreuses \u00e9tapes cruciales qui ont d\u00e9fini ce que nous sommes en tant qu'entreprise. Aujourd'hui, nous sommes l'un des principaux fabricants et fournisseurs de bo\u00eetes \u00e0 parfum en carton, de bo\u00eetes rigides, de bo\u00eetes-cadeaux et de bo\u00eetes \u00e0 cosm\u00e9tiques.<\/p>\n<p>Nous nous chargeons de la conception, de l'impression et de la production de bo\u00eetes en carton en gros, \u00e0 partir d'une commande minimale de 3 000 pi\u00e8ces. Nos artisans qualifi\u00e9s ont toujours travaill\u00e9 en \u00e9troite collaboration avec nos clients, ce qui nous permet de ne produire que des bo\u00eetes de parfum de luxe de haute qualit\u00e9 et sur mesure.<\/p>\n<h1>Pourquoi personnaliser le design des bo\u00eetes en carton pour votre marque ?<\/h1>\n<p>Pourquoi est-il essentiel d'avoir une bo\u00eete en carton rigide personnalis\u00e9e pour votre marque ? En voici les raisons :<\/p>\n<p><strong>Il prot\u00e8ge v\u00e9ritablement votre produit.<\/strong><br \/>\n\u00c9tant donn\u00e9 qu'il n'existe pas de bo\u00eete universelle, il est essentiel de conna\u00eetre l'int\u00e9r\u00eat d'une conception de bo\u00eete personnalis\u00e9e. La taille id\u00e9ale de la bo\u00eete pour votre produit sera votre premi\u00e8re ligne de d\u00e9fense pour prot\u00e9ger vos produits, tels que les parfums et les cosm\u00e9tiques.<\/p>\n<p><strong>Il attirera de nouveaux clients.<\/strong><br \/>\nUne bo\u00eete en carton faite sur mesure peut attirer de nouveaux clients, car ils trouveront le design et la structure uniques, comme s'il s'agissait d'une bo\u00eete fabriqu\u00e9e uniquement pour votre marque.<\/p>\n<p><strong>Elle peut renforcer votre image de marque.<\/strong><br \/>\nLes clients trouvent que les bo\u00eetes en carton imprim\u00e9es personnalis\u00e9es sont \u00e0 la mode et qu'elles peuvent faire de votre marque un produit utilitaire. N'oubliez pas que les consommateurs font confiance et se fient \u00e0 ce type de visuels qui tendent \u00e0 laisser une impression durable de la marque.<\/p>\n<h1>Sp\u00e9cifications<\/h1>\n<table style=\"border-collapse: collapse; width: 759.02pt;\" border=\"0\" width=\"1012\" cellspacing=\"0\" cellpadding=\"0\">\n<tbody>\n<tr style=\"height: 16.50pt;\">\n<td class=\"et3\" style=\"height: 16.50pt; width: 379.50pt;\" width=\"506\" height=\"22\">Dimensions<\/td>\n<td class=\"et3\" style=\"width: 379.50pt;\" width=\"506\">Toutes les tailles et formes personnalis\u00e9es<\/td>\n<\/tr>\n<tr style=\"height: 16.50pt;\">\n<td class=\"et3\" style=\"height: 16.50pt;\" height=\"22\">Quantit\u00e9 minimale<\/td>\n<td class=\"et3\">500 pi\u00e8ces<\/td>\n<\/tr>\n<tr style=\"height: 16.50pt;\">\n<td class=\"et3\" style=\"height: 16.50pt;\" height=\"22\">Impression<\/td>\n<td class=\"et3\">Cmyk, pms, pas d'impression<\/td>\n<\/tr>\n<tr style=\"height: 16.50pt;\">\n<td class=\"et3\" style=\"height: 16.50pt;\" height=\"22\">Option mat\u00e9riau<\/td>\n<td class=\"et3\">Papier cartonn\u00e9 blanc, papier couch\u00e9, papier d'art, papier kraft, carton ivoire, carton recto-verso, papier sp\u00e9cial, etc.<\/td>\n<\/tr>\n<tr style=\"height: 17.25pt;\">\n<td class=\"et3\" style=\"height: 17.25pt;\" height=\"23\">Finition de surface<\/td>\n<td class=\"et4\" style=\"width: 379.50pt;\" width=\"506\">Pelliculage mat\/brillant, gaufrage par points, gaufrage, dorure, etc.<\/td>\n<\/tr>\n<tr style=\"height: 17.25pt;\">\n<td class=\"et4\" style=\"height: 17.25pt; width: 379.50pt;\" width=\"506\" height=\"23\">Utilisation dans l'industrie<\/td>\n<td class=\"et4\" style=\"width: 379.50pt;\" width=\"506\">cosm\u00e9tiques, parfums, v\u00eatements, bijoux, tabac, produits alimentaires, cadeaux et produits de consommation courante,<\/td>\n<\/tr>\n<tr style=\"height: 34.50pt;\">\n<td class=\"et4\" style=\"height: 34.50pt; width: 379.50pt;\" width=\"506\" height=\"46\">Contr\u00f4le de la qualit\u00e9<\/td>\n<td class=\"et4\" style=\"width: 379.50pt;\" width=\"506\">Des \u00e9quipements de pointe et une \u00e9quipe de contr\u00f4le qualit\u00e9 exp\u00e9riment\u00e9e v\u00e9rifient rigoureusement les mat\u00e9riaux, les produits semi-finis et les produits finis \u00e0 chaque \u00e9tape avant la mise sur le march\u00e9.<\/td>\n<\/tr>\n<tr style=\"height: 34.50pt;\">\n<td class=\"et4\" style=\"height: 34.50pt; width: 379.50pt;\" width=\"506\" height=\"46\">Prix<\/td>\n<td class=\"et4\" style=\"width: 379.50pt;\" width=\"506\">Le prix final sera adapt\u00e9 \u00e0 votre produit et \u00e0 la quantit\u00e9 souhait\u00e9e.<\/td>\n<\/tr>\n<tr style=\"height: 16.50pt;\">\n<td class=\"et3\" style=\"height: 16.50pt;\" height=\"22\">D\u00e9lai d'ex\u00e9cution<\/td>\n<td class=\"et3\">7-14 jours ouvrables, urgent<\/td>\n<\/tr>\n<tr style=\"height: 16.50pt;\">\n<td class=\"et3\" style=\"height: 16.50pt;\" height=\"22\">Papier de base<\/td>\n<td class=\"et3\">10pt \u00e0 28pt (60lb \u00e0 400lb) Kraft \u00e9cologique, carton ondul\u00e9 e-flute, carton bux, papier cartonn\u00e9<\/td>\n<\/tr>\n<tr style=\"height: 16.50pt;\">\n<td class=\"et3\" style=\"height: 16.50pt;\" height=\"22\">Preuve<\/td>\n<td class=\"et3\">Vue \u00e0 plat, maquette 3D, \u00e9chantillonnage physique (sur demande)<\/td>\n<\/tr>\n<\/tbody>\n<\/table>\n<div class=\"widget block block-static-block\">\n<div class=\"landing-page-section option-bottom\">\n<div class=\"custom-materials-tabs-content container container-adjustment\">\n<div class=\"custom-materials-tab-content active\">\n<div class=\"widget block block-static-block\">\n<div class=\"options-items\">\n<div class=\"flex-grid-row-option\">\n<div class=\"flex-grid-item-option\">\n<div class=\"material-box\">\n<div class=\"material-des\">\n<p>&nbsp;<\/p>\n<\/div>\n<p>&nbsp;<\/p>\n<\/div>\n<\/div>\n<\/div>\n<\/div>\n<p><!---end of option item--><\/p>\n<\/div>\n<\/div>\n<\/div>\n<\/div>\n<\/div>","protected":false},"excerpt":{"rendered":"<p>Nous pouvons fournir en gros des bo\u00eetes d'emballage de parfum de haute qualit\u00e9 en provenance de Chine. Nous pouvons \u00e9galement fournir des bo\u00eetes d'emballage imprim\u00e9es personnalis\u00e9es et des \u00e9chantillons gratuits.<\/p>","protected":false},"featured_media":6915,"template":"","meta":[],"product_brand":[],"product_cat":[30,417,425,31],"product_tag":[498,503,504],"class_list":{"0":"post-6908","1":"product","2":"type-product","3":"status-publish","4":"has-post-thumbnail","6":"product_cat-by-industry","7":"product_cat-custom-perfume-boxes-by-industry","8":"product_cat-lid-and-base-gift-box","9":"product_cat-paper-box-style","10":"product_tag-custom-perfume-packaging","11":"product_tag-fragrance-packaging-boxes","12":"product_tag-perfume-fragrance-packaging-wholesale","14":"first","15":"instock","16":"shipping-taxable","17":"product-type-grouped"},"_links":{"self":[{"href":"https:\/\/zojopackaging.com\/fr\/wp-json\/wp\/v2\/product\/6908","targetHints":{"allow":["GET"]}}],"collection":[{"href":"https:\/\/zojopackaging.com\/fr\/wp-json\/wp\/v2\/product"}],"about":[{"href":"https:\/\/zojopackaging.com\/fr\/wp-json\/wp\/v2\/types\/product"}],"version-history":[{"count":2,"href":"https:\/\/zojopackaging.com\/fr\/wp-json\/wp\/v2\/product\/6908\/revisions"}],"predecessor-version":[{"id":8078,"href":"https:\/\/zojopackaging.com\/fr\/wp-json\/wp\/v2\/product\/6908\/revisions\/8078"}],"wp:featuredmedia":[{"embeddable":true,"href":"https:\/\/zojopackaging.com\/fr\/wp-json\/wp\/v2\/media\/6915"}],"wp:attachment":[{"href":"https:\/\/zojopackaging.com\/fr\/wp-json\/wp\/v2\/media?parent=6908"}],"wp:term":[{"taxonomy":"product_brand","embeddable":true,"href":"https:\/\/zojopackaging.com\/fr\/wp-json\/wp\/v2\/product_brand?post=6908"},{"taxonomy":"product_cat","embeddable":true,"href":"https:\/\/zojopackaging.com\/fr\/wp-json\/wp\/v2\/product_cat?post=6908"},{"taxonomy":"product_tag","embeddable":true,"href":"https:\/\/zojopackaging.com\/fr\/wp-json\/wp\/v2\/product_tag?post=6908"}],"curies":[{"name":"wp","href":"https:\/\/api.w.org\/{rel}","templated":true}]}}