{"id":7195,"date":"2024-08-09T09:08:27","date_gmt":"2024-08-09T01:08:27","guid":{"rendered":"https:\/\/zojopackaging.com\/?post_type=product&#038;p=7195"},"modified":"2025-03-23T18:24:33","modified_gmt":"2025-03-23T10:24:33","slug":"custom-premium-rose-gift-box","status":"publish","type":"product","link":"https:\/\/zojopackaging.com\/fr\/product\/custom-premium-rose-gift-box\/","title":{"rendered":"Bo\u00eete d'emballage de luxe personnalis\u00e9e pour bijoux en gros"},"content":{"rendered":"<h2 dir=\"ltr\">Bo\u00eetes cadeaux pratiques - L'emballage cadeau passe \u00e0 la vitesse sup\u00e9rieure<\/h2>\n<p dir=\"ltr\">Chez nos bo\u00eetes d'emballage, nous sommes sp\u00e9cialis\u00e9s dans la fourniture en gros de bo\u00eetes cadeaux pratiques et personnalis\u00e9es \u00e0 des prix de gros bon march\u00e9. Nous avons une collection vari\u00e9e de bo\u00eetes cadeaux personnalis\u00e9es, y compris des bo\u00eetes de boulangerie, des bo\u00eetes CBD, et bien d'autres encore. Vous avez le luxe de choisir parmi une telle vari\u00e9t\u00e9 de bo\u00eetes d'emballage de qualit\u00e9. Nous nous assurons que vous cr\u00e9ez une impression avec vos cadeaux \u00e0 vos clients et \u00e0 vos proches. Nous pouvons cr\u00e9er des bo\u00eetes cadeaux pratiques parfaitement personnalis\u00e9es qui r\u00e9pondent \u00e0 vos exigences. Explorez notre collection de bo\u00eetes cadeaux pratiques et choisissez le style, le design et la couleur qui vous conviennent !<\/p>\n<h2 dir=\"ltr\">Styles exclusifs d'emballages cadeaux pratiques chez nos bo\u00eetes d'emballage<\/h2>\n<p dir=\"ltr\">Chez Zojoprint Packaging Boxes, nous avons une magnifique collection de bo\u00eetes cadeaux personnalis\u00e9es. Parcourez notre site pour d\u00e9couvrir notre s\u00e9lection, qui ne s'arr\u00eate jamais. Nous avons une gamme exclusive de bo\u00eetes cadeaux pratiques avec couvercles, de bo\u00eetes cadeaux personnalis\u00e9es avec fen\u00eatres, et bien d'autres encore. Plus important encore, nous ne manquons jamais d'id\u00e9es. Discutez avec nos experts et d\u00e9terminez vos besoins pour qu'ils vous proposent des bo\u00eetes cadeaux personnalisables.<\/p>\n<h2 dir=\"ltr\">Bo\u00eetes cadeaux \u00e9cologiques, durables, personnalis\u00e9es et pratiques !<\/h2>\n<p dir=\"ltr\">Nos emballages cadeaux pratiques et personnalis\u00e9s sont tr\u00e8s \u00e9cologiques. Nous utilisons des mat\u00e9riaux de premi\u00e8re qualit\u00e9 pour fabriquer vos\u00a0<a href=\"https:\/\/www.instantcustomboxes.com\/custom-gift-boxes\/\" target=\"_blank\" rel=\"noopener\"><strong>bo\u00eetes-cadeaux personnalis\u00e9es<\/strong><\/a>\u00a0pour garantir leur durabilit\u00e9. En outre, pour que vos articles soient bien emball\u00e9s, nous cr\u00e9ons des bo\u00eetes d'emballage respectueuses de l'environnement. De plus, nous ne faisons aucun compromis sur la qualit\u00e9 !<\/p>\n<h2 dir=\"ltr\">Soutien gratuit \u00e0 la conception graphique<\/h2>\n<p dir=\"ltr\">Nous utilisons les derni\u00e8res techniques de conception graphique pour cr\u00e9er des bo\u00eetes cadeaux pratiques imprim\u00e9es sur mesure ! Nous disposons des meilleures machines et de designers exp\u00e9riment\u00e9s pour cr\u00e9er des designs parfaits pour vos emballages cadeaux personnalis\u00e9s. Plus important encore, nous offrons une assistance gratuite en mati\u00e8re de conception graphique tout en respectant vos sp\u00e9cifications de conception.<\/p>\n<h2 dir=\"ltr\">Nous acceptons vos id\u00e9es d'emballages cadeaux pratiques et personnalis\u00e9s<\/h2>\n<p dir=\"ltr\">Nous sommes \u00e0 l'\u00e9coute de nos clients ! Oui, chez Zojoprint Packaging Boxes, nous aimons r\u00e9pondre \u00e0 vos besoins en mati\u00e8re d'emballage personnalis\u00e9. Vous pouvez d\u00e9terminer vos sp\u00e9cifications ou sugg\u00e9rer des id\u00e9es de design ou de style. Nos professionnels experts peuvent cr\u00e9er des bo\u00eetes cadeaux pratiques parfaitement personnalis\u00e9es pour r\u00e9pondre \u00e0 vos besoins d'emballage.<\/p>\n<h2 dir=\"ltr\">Wholesale Convenient Gift Boxes at 50% Discount<\/h2>\n<p dir=\"ltr\">Il n'y a pas de frais de d\u00e9coupe et de plaque ! Vous obtiendrez vos bo\u00eetes cadeaux pratiques en gros \u00e0 des prix r\u00e9duits. Non seulement nos prix sont les plus bas du march\u00e9, mais nous offrons \u00e9galement des remises. En achetant nos bo\u00eetes cadeaux personnalis\u00e9es en vrac, vous b\u00e9n\u00e9ficierez d'une r\u00e9duction sur le prix de vente.\u00a0<strong>Remise massive de 50%<\/strong>.<\/p>\n<h2 dir=\"ltr\">Livraison gratuite \u00e0 un rythme rapide !<\/h2>\n<p dir=\"ltr\">Chez Zojoprint Packaging Boxes, nous faisons deux promesses essentielles en mati\u00e8re d'exp\u00e9dition. Tout d'abord, nous garantissons la gratuit\u00e9 des frais de port, et nous tenons notre promesse.  Deuxi\u00e8mement, nous assurons une livraison rapide afin que vous receviez vos bo\u00eetes-cadeaux pratiques \u00e0 votre adresse rapidement, sans d\u00e9lai n\u00e9cessaire !<\/p>\n<h2 dir=\"ltr\">Comment nous contacter ?<\/h2>\n<p dir=\"ltr\">Alors, mettons-nous au travail. Appelez-nous \u00e0 +<a href=\"tel:+86%200755%2027398291\"><span class=\"elementor-icon-list-text\">86 15017910372<\/span><\/a> ou nous envoyer un courriel \u00e0 l'adresse suivante\u00a0 <a href=\"mailto:info@zojoprint.com\"><span class=\"elementor-icon-list-text\">info@zojoprint.com <\/span><\/a>ou vickio@zojoprint.com pour passer votre commande. De plus, pour toute information ou question, n'h\u00e9sitez pas \u00e0 vous adresser \u00e0 nos experts, qui se feront un plaisir d'\u00eatre \u00e0 votre \u00e9coute !<\/p>\n<h2 class=\"yikes-custom-woo-tab-title yikes-custom-woo-tab-title-specifications\">Sp\u00e9cifications<\/h2>\n<table border=\"0\" width=\"1012\" cellspacing=\"0\" cellpadding=\"0\">\n<tbody>\n<tr>\n<td class=\"et3\" width=\"506\" height=\"22\">Dimensions<\/td>\n<td class=\"et3\" width=\"506\">Toutes les tailles et formes personnalis\u00e9es<\/td>\n<\/tr>\n<tr>\n<td class=\"et3\" height=\"22\">Quantit\u00e9 minimale<\/td>\n<td class=\"et3\">500 bo\u00eetes (possibilit\u00e9 d'\u00e9chantillons \u00e0 l'\u00e9preuve des chocs)<\/td>\n<\/tr>\n<tr>\n<td class=\"et3\" height=\"22\">Processus par d\u00e9faut<\/td>\n<td class=\"et3\">D\u00e9coupage, collage, rainurage, perforation<\/td>\n<\/tr>\n<tr>\n<td class=\"et3\" height=\"22\">Impression<\/td>\n<td class=\"et3\">Cmyk, pms, pas d'impression<\/td>\n<\/tr>\n<tr>\n<td class=\"et3\" height=\"22\">Option mat\u00e9riau<\/td>\n<td class=\"et3\">Papier cartonn\u00e9 blanc, papier couch\u00e9, papier d'art, papier kraft, carton ivoire, carton recto-verso, papier sp\u00e9cial, etc.<\/td>\n<\/tr>\n<tr>\n<td class=\"et3\" height=\"23\">Finition de surface<\/td>\n<td class=\"et4\" width=\"506\">Pelliculage mat\/brillant, gaufrage par points, gaufrage, dorure, etc.<\/td>\n<\/tr>\n<tr>\n<td class=\"et4\" width=\"506\" height=\"23\">Utilisation dans l'industrie<\/td>\n<td class=\"et4\" width=\"506\">cosm\u00e9tiques, parfums, v\u00eatements, bijoux, tabac, produits alimentaires, cadeaux et produits de consommation courante,<\/td>\n<\/tr>\n<tr>\n<td class=\"et4\" width=\"506\" height=\"46\">Contr\u00f4le de la qualit\u00e9<\/td>\n<td class=\"et4\" width=\"506\">Des \u00e9quipements de pointe et une \u00e9quipe de contr\u00f4le qualit\u00e9 exp\u00e9riment\u00e9e v\u00e9rifient rigoureusement les mat\u00e9riaux, les produits semi-finis et les produits finis \u00e0 chaque \u00e9tape avant la mise sur le march\u00e9.<\/td>\n<\/tr>\n<tr>\n<td class=\"et4\" width=\"506\" height=\"46\">Prix<\/td>\n<td class=\"et4\" width=\"506\">Le prix final sera adapt\u00e9 \u00e0 votre produit et \u00e0 la quantit\u00e9 souhait\u00e9e.<\/td>\n<\/tr>\n<tr>\n<td class=\"et3\" height=\"22\">D\u00e9lai d'ex\u00e9cution<\/td>\n<td class=\"et3\">7-14 jours ouvrables, urgent<\/td>\n<\/tr>\n<tr>\n<td class=\"et3\" height=\"22\">Papier de base<\/td>\n<td class=\"et3\">10pt \u00e0 28pt (60lb \u00e0 400lb) Kraft \u00e9cologique, carton ondul\u00e9 e-flute, carton bux, papier cartonn\u00e9<\/td>\n<\/tr>\n<tr>\n<td class=\"et3\" height=\"22\">Preuve<\/td>\n<td class=\"et3\">Vue \u00e0 plat, maquette 3D, \u00e9chantillonnage physique (sur demande)<\/td>\n<\/tr>\n<\/tbody>\n<\/table>","protected":false},"excerpt":{"rendered":"<p>Bo\u00eete \u00e0 bijoux personnalis\u00e9e, papier de sp\u00e9cialit\u00e9 noir mat, texture fine. Fourniture directe par l'usine chinoise, devis gratuit\/\u00e9chantillon\/inspection du design, livraison rapide des \u00e9chantillons en 3 jours !<\/p>","protected":false},"featured_media":7196,"template":"","meta":[],"product_brand":[],"product_cat":[30,415,31,426],"product_tag":[492,493,494],"class_list":{"0":"post-7195","1":"product","2":"type-product","3":"status-publish","4":"has-post-thumbnail","6":"product_cat-by-industry","7":"product_cat-custom-jewelry-boxes-by-industry","8":"product_cat-paper-box-style","9":"product_cat-paper-drawer-boxes","10":"product_tag-flower-jewelry-packaging-box","11":"product_tag-jewelry-gift-packaging","12":"product_tag-jewelry-packaging-wholesale","14":"first","15":"instock","16":"shipping-taxable","17":"product-type-simple"},"_links":{"self":[{"href":"https:\/\/zojopackaging.com\/fr\/wp-json\/wp\/v2\/product\/7195","targetHints":{"allow":["GET"]}}],"collection":[{"href":"https:\/\/zojopackaging.com\/fr\/wp-json\/wp\/v2\/product"}],"about":[{"href":"https:\/\/zojopackaging.com\/fr\/wp-json\/wp\/v2\/types\/product"}],"version-history":[{"count":3,"href":"https:\/\/zojopackaging.com\/fr\/wp-json\/wp\/v2\/product\/7195\/revisions"}],"predecessor-version":[{"id":8071,"href":"https:\/\/zojopackaging.com\/fr\/wp-json\/wp\/v2\/product\/7195\/revisions\/8071"}],"wp:featuredmedia":[{"embeddable":true,"href":"https:\/\/zojopackaging.com\/fr\/wp-json\/wp\/v2\/media\/7196"}],"wp:attachment":[{"href":"https:\/\/zojopackaging.com\/fr\/wp-json\/wp\/v2\/media?parent=7195"}],"wp:term":[{"taxonomy":"product_brand","embeddable":true,"href":"https:\/\/zojopackaging.com\/fr\/wp-json\/wp\/v2\/product_brand?post=7195"},{"taxonomy":"product_cat","embeddable":true,"href":"https:\/\/zojopackaging.com\/fr\/wp-json\/wp\/v2\/product_cat?post=7195"},{"taxonomy":"product_tag","embeddable":true,"href":"https:\/\/zojopackaging.com\/fr\/wp-json\/wp\/v2\/product_tag?post=7195"}],"curies":[{"name":"wp","href":"https:\/\/api.w.org\/{rel}","templated":true}]}}