{"id":7268,"date":"2024-08-17T11:16:19","date_gmt":"2024-08-17T03:16:19","guid":{"rendered":"https:\/\/zojopackaging.com\/?post_type=product&#038;p=7268"},"modified":"2025-03-23T17:52:49","modified_gmt":"2025-03-23T09:52:49","slug":"custom-underwear-paper-boxes","status":"publish","type":"product","link":"https:\/\/zojopackaging.com\/fr\/product\/custom-underwear-paper-boxes\/","title":{"rendered":"Bo\u00eetes d'emballage pour sous-v\u00eatements imprim\u00e9es sur mesure Wholesale"},"content":{"rendered":"<h1>Bo\u00eetes d'emballage pour sous-v\u00eatements imprim\u00e9es sur mesure Wholesale<\/h1>\n<p>Les bo\u00eetes d'emballage de sous-v\u00eatements imprim\u00e9es sur mesure offrent une fa\u00e7on unique et personnalis\u00e9e d'offrir des sous-v\u00eatements en cadeau. Ces bo\u00eetes peuvent \u00eatre personnalis\u00e9es avec une vari\u00e9t\u00e9 de designs, de couleurs et de finitions pour correspondre aux pr\u00e9f\u00e9rences du destinataire ou \u00e0 l'occasion. Qu'il s'agisse d'un cadeau d'anniversaire, de la Saint-Valentin ou d'une surprise, ces bo\u00eetes ajoutent une touche sp\u00e9ciale qui rendra le cadeau encore plus m\u00e9morable. Les bo\u00eetes sont fabriqu\u00e9es \u00e0 partir de mat\u00e9riaux durables qui prot\u00e8gent les sous-v\u00eatements et leur permettent de conserver leur \u00e9clat. Avec les bo\u00eetes \u00e0 sous-v\u00eatements personnalis\u00e9es, vous pouvez offrir un cadeau pratique et confortable tout en ajoutant une touche personnelle et \u00e9l\u00e9gante.<\/p>\n<ul class=\"product-descript fn-clear\">\n<li><strong>Mat\u00e9riau principal<\/strong>Papier d'art, papier complexe de protection de l'environnement, papier kraft, papier sans bois, papier de type sp\u00e9cial.<\/li>\n<li><strong>Taille<\/strong>:Selon les exigences sp\u00e9cifiques des clients.<\/li>\n<li><strong>Impression<\/strong>: Couleurs Pantone et le processus commun \u00e0 4 couleurs (CMYK) ou 1C 100% Couverture d'encre+Logo<\/li>\n<li><strong>\u0152uvres d'art<\/strong>Les \u0153uvres d'art con\u00e7ues par le client sont les bienvenues. Nous pouvons \u00e9galement concevoir des \u0153uvres d'art en fonction de vos commentaires.<\/li>\n<li><strong>Format du logo\/de la maquette<\/strong>: 300DPI ; PDF , AI ,Corel Draw , etc<\/li>\n<li><strong>\u00c9limination en surface<\/strong>Vernissage brillant, vernissage mat, vernis, vernis partiel, vernis UV, bronzage, impression, gaufrage, spot UV<\/li>\n<li>Emballage en carton ondul\u00e9 avec le d\u00e9shydratant, poids inf\u00e9rieur \u00e0 20 kg, ou personnalis\u00e9.<\/li>\n<li>Utilis\u00e9 pour les sous-v\u00eatements, les tenues de bikini, les costumes en PVC, les soutiens-gorge et les culottes, les v\u00eatements de club sexy, les bustiers et les corsets, les chaussettes, les gants, les \u00e9charpes, les cravates...<\/li>\n<li><strong>Quantit\u00e9 normale pour les petites commandes<\/strong>2000pcs par style\/taille\/artwork. (\u00e0 consulter)<\/li>\n<li><strong>D\u00e9lai d'ex\u00e9cution<\/strong>D\u00e9lai de livraison : 10 jours pour l'\u00e9chantillon et 15-25 jours pour le produit apr\u00e8s confirmation, en fonction de la quantit\u00e9.<\/li>\n<\/ul>\n<p>Ci-dessus est un produit de groupe de\u00a0<strong>bo\u00eetes-cadeaux pour sous-v\u00eatements<\/strong>.<\/p>\n<p>Nous pouvons cr\u00e9er diverses bo\u00eetes-cadeaux rigides pour les sous-v\u00eatements.<\/p>\n<p>Des services OEM peuvent \u00e9galement \u00eatre fournis pour r\u00e9pondre aux besoins des diff\u00e9rents clients.<\/p>\n<p>Si vous avez besoin d'aide, n'h\u00e9sitez pas \u00e0 nous contacter.<\/p>\n<p>&nbsp;<\/p>","protected":false},"excerpt":{"rendered":"<p>Personnalisation directe par les fabricants chinois, plusieurs tailles pour s'adapter \u00e0 tous les types de v\u00eatements, co\u00fbt \u00e9lev\u00e9, \u00e9chantillons et services de conception gratuits.<\/p>","protected":false},"featured_media":7514,"template":"","meta":[],"product_brand":[],"product_cat":[30,414,430],"product_tag":[490,491,489],"class_list":{"0":"post-7268","1":"product","2":"type-product","3":"status-publish","4":"has-post-thumbnail","6":"product_cat-by-industry","7":"product_cat-custom-apparel-boxes","8":"product_cat-folding-cartons","9":"product_tag-custom-underwear-panty-packaging","10":"product_tag-underwear-packaging-wholesale","11":"product_tag-underwear-panty-packaging","13":"first","14":"instock","15":"shipping-taxable","16":"product-type-simple"},"_links":{"self":[{"href":"https:\/\/zojopackaging.com\/fr\/wp-json\/wp\/v2\/product\/7268","targetHints":{"allow":["GET"]}}],"collection":[{"href":"https:\/\/zojopackaging.com\/fr\/wp-json\/wp\/v2\/product"}],"about":[{"href":"https:\/\/zojopackaging.com\/fr\/wp-json\/wp\/v2\/types\/product"}],"version-history":[{"count":3,"href":"https:\/\/zojopackaging.com\/fr\/wp-json\/wp\/v2\/product\/7268\/revisions"}],"predecessor-version":[{"id":8069,"href":"https:\/\/zojopackaging.com\/fr\/wp-json\/wp\/v2\/product\/7268\/revisions\/8069"}],"wp:featuredmedia":[{"embeddable":true,"href":"https:\/\/zojopackaging.com\/fr\/wp-json\/wp\/v2\/media\/7514"}],"wp:attachment":[{"href":"https:\/\/zojopackaging.com\/fr\/wp-json\/wp\/v2\/media?parent=7268"}],"wp:term":[{"taxonomy":"product_brand","embeddable":true,"href":"https:\/\/zojopackaging.com\/fr\/wp-json\/wp\/v2\/product_brand?post=7268"},{"taxonomy":"product_cat","embeddable":true,"href":"https:\/\/zojopackaging.com\/fr\/wp-json\/wp\/v2\/product_cat?post=7268"},{"taxonomy":"product_tag","embeddable":true,"href":"https:\/\/zojopackaging.com\/fr\/wp-json\/wp\/v2\/product_tag?post=7268"}],"curies":[{"name":"wp","href":"https:\/\/api.w.org\/{rel}","templated":true}]}}