{"id":7376,"date":"2024-08-23T10:53:32","date_gmt":"2024-08-23T02:53:32","guid":{"rendered":"https:\/\/zojopackaging.com\/?post_type=product&#038;p=7376"},"modified":"2025-03-24T18:42:09","modified_gmt":"2025-03-24T10:42:09","slug":"custom-cbd-tincture-boxes","status":"publish","type":"product","link":"https:\/\/zojopackaging.com\/fr\/product\/custom-cbd-tincture-boxes\/","title":{"rendered":"Emballages de cannabis CBD imprim\u00e9s \u00e0 la marque et sur mesure Entrep\u00f4t"},"content":{"rendered":"<h1>Emballages de cannabis CBD imprim\u00e9s \u00e0 la marque et sur mesure Entrep\u00f4t<\/h1>\n<p>Les bo\u00eetes de teinture CBD personnalis\u00e9es sont consid\u00e9r\u00e9es comme l'une des solutions d'emballage les plus polyvalentes de l'industrie du cannabis. C'est gr\u00e2ce \u00e0 leur protection extr\u00eamement efficace qu'elles sont capables de maintenir et de prot\u00e9ger la qualit\u00e9 des produits. En plus de la protection, elles sont \u00e9galement disponibles dans de nombreuses formes et designs qui peuvent am\u00e9liorer la pr\u00e9sentation de vos produits.<\/p>\n<h3>Exp\u00e9rience de la fabrication de services avec <a href=\"https:\/\/zojopackaging.com\/fr\/categorie-produit\/custom-e-cigarette-box\/\">Bo\u00eetes de teinture CBD personnalis\u00e9es<\/a><\/h3>\n<p>Pour que l'emballage de vos produits attire l'attention, vous pouvez incorporer votre logo, les couleurs de votre marque et des \u00e9l\u00e9ments de conception pour influencer les d\u00e9cisions d'achat des consommateurs. Vos bo\u00eetes personnalis\u00e9es peuvent \u00eatre con\u00e7ues pour se d\u00e9marquer dans les rayons et attirer l'attention, ce qui renforce la reconnaissance de la marque et la fid\u00e9lit\u00e9 des consommateurs.<\/p>\n<h3><strong>Bo\u00eetes de teinture CBD personnalis\u00e9es avec des impressions et des designs uniques<\/strong><\/h3>\n<p>Cela signifie que <a href=\"https:\/\/zojoprint.en.alibaba.com\/productgrouplist-941131925\/Child_Resistant_Packaging_Box.html\" target=\"_blank\" rel=\"noopener\">Emballage CBD<\/a> aident les fabricants de produits CBD \u00e0 exp\u00e9dier leurs marchandises en toute s\u00e9curit\u00e9. Nous utilisons des mat\u00e9riaux d'emballage de haute qualit\u00e9 pour la production de ces bo\u00eetes de teinture CBD qui garantissent la s\u00e9curit\u00e9 des produits m\u00e9dicamenteux emball\u00e9s \u00e0 l'int\u00e9rieur. Vous pouvez nous demander d'imprimer les d\u00e9tails requis (ingr\u00e9dients, date de p\u00e9remption, mode d'emploi, etc.) sur les bo\u00eetes avec votre nom de marque ou votre logo sp\u00e9cifique qui rendra votre nom bien connu sur le march\u00e9. Ce type d'emballage de teinture de CBD imprim\u00e9 sur mesure peut faire en sorte qu'une marque de CBD nouvellement lanc\u00e9e m\u00e9rite d'\u00eatre remarqu\u00e9e par les acheteurs potentiels.<\/p>\n<h3><strong>Bo\u00eetes de CBD personnalis\u00e9es \u00e9conomiques en gros<\/strong><\/h3>\n<p>Les bo\u00eetes de teinture CBD personnalis\u00e9es sont consid\u00e9r\u00e9es comme une solution d'emballage abordable et personnalis\u00e9e dans l'industrie du cannabis. L'emballage permet aux commer\u00e7ants de concevoir des bo\u00eetes d'emballage uniques en fonction de l'image de marque et des caract\u00e9ristiques du produit, notamment la taille, la forme, la couleur et le mat\u00e9riau, etc. Il permet non seulement de prot\u00e9ger le produit, mais aussi de renforcer l'image de la marque et l'attrait du march\u00e9. La vente en gros de bo\u00eetes de teinture CBD personnalis\u00e9es permet de r\u00e9duire les co\u00fbts unitaires.<\/p>\n<h3>Meilleur choix d'artisanat pour les bo\u00eetes de teinture CBD personnalis\u00e9es<\/h3>\n<p>Marquage argent\/or, UV ponctuel, vernis aqueux, pelliculage mat\/brillant, vitres, d\u00e9coupe et bien d'autres choses encore. Il vous suffit d'indiquer \u00e0 nos concepteurs le dessin que vous souhaitez ou de leur demander de vous donner une id\u00e9e unique gratuitement. Nous ne facturons pas ces suppl\u00e9ments si vous souhaitez les appliquer.<\/p>\n<p>Vous souhaitez un devis personnalis\u00e9 gratuit ? Chattez avec nous maintenant. Vous pouvez \u00e9galement nous contacter par email ou par t\u00e9l\u00e9phone. Profitez de nos services de qualit\u00e9 et de nos remises sur un achat en gros sans frais d'exp\u00e9dition aux Etats-Unis et au Canada.<\/p>\n<div class=\"product-specification-details sp-details-sec active full spec-title-details\">\n<h1><strong>Sp\u00e9cifications<\/strong><\/h1>\n<div class=\"widget block block-static-block\">\n<div class=\"landing-page-section option-bottom\">\n<div class=\"custom-materials-tabs-content container container-adjustment\">\n<div class=\"custom-materials-tab-content active\">\n<div class=\"widget block block-static-block\">\n<div class=\"options-items\">\n<div class=\"flex-grid-row-option\">\n<div class=\"flex-grid-item-option\">\n<div class=\"material-box\">\n<div class=\"material-des\">\n<table width=\"1070\">\n<tbody>\n<tr>\n<td width=\"373\">Dimensions<\/td>\n<td width=\"373\">Toutes les tailles et formes personnalis\u00e9es<\/td>\n<\/tr>\n<tr>\n<td width=\"373\">MOQ<\/td>\n<td width=\"373\">500 pi\u00e8ces (\u00e9chantillon de soutien pour v\u00e9rifier la qualit\u00e9\uff09)<\/td>\n<\/tr>\n<tr>\n<td width=\"373\">Temps d'\u00e9chantillonnage<\/td>\n<td width=\"373\">3-5 jours ouvrables<\/td>\n<\/tr>\n<tr>\n<td width=\"373\">Processus par d\u00e9faut<\/td>\n<td width=\"373\">D\u00e9coupage, collage, rainurage, perforation<\/td>\n<\/tr>\n<tr>\n<td width=\"373\">Impression<\/td>\n<td width=\"373\">Cmyk, pms, pas d'impression<\/td>\n<\/tr>\n<tr>\n<td width=\"373\">Option mat\u00e9riau<\/td>\n<td width=\"373\">Papier cartonn\u00e9 blanc, papier couch\u00e9, papier d'art, papier kraft, carton ivoire, carton recto-verso, papier sp\u00e9cial, etc.<\/td>\n<\/tr>\n<tr>\n<td width=\"373\">Finition de surface<\/td>\n<td width=\"373\">Pelliculage mat\/brillant, gaufrage par points, gaufrage, dorure, etc.<\/td>\n<\/tr>\n<tr>\n<td width=\"373\">Utilisation dans l'industrie<\/td>\n<td width=\"373\">cosm\u00e9tiques, parfums, v\u00eatements, bijoux, tabac, produits alimentaires, cadeaux et produits de consommation courante,<\/td>\n<\/tr>\n<tr>\n<td width=\"373\">Contr\u00f4le de la qualit\u00e9<\/td>\n<td width=\"373\">Des \u00e9quipements de pointe et une \u00e9quipe de contr\u00f4le qualit\u00e9 exp\u00e9riment\u00e9e v\u00e9rifient rigoureusement les mat\u00e9riaux, les produits semi-finis et les produits finis \u00e0 chaque \u00e9tape avant la mise sur le march\u00e9.<\/td>\n<\/tr>\n<tr>\n<td width=\"373\">Prix<\/td>\n<td width=\"373\">Le prix final sera adapt\u00e9 \u00e0 votre produit et \u00e0 la quantit\u00e9 souhait\u00e9e.<\/td>\n<\/tr>\n<tr>\n<td width=\"373\">D\u00e9lai d'ex\u00e9cution<\/td>\n<td width=\"373\">7-14 jours ouvrables<\/td>\n<\/tr>\n<tr>\n<td width=\"373\">Papier de base<\/td>\n<td width=\"373\">10pt \u00e0 28pt (60lb \u00e0 400lb) Kraft \u00e9cologique, carton ondul\u00e9 e-flute, carton bux, papier cartonn\u00e9<\/td>\n<\/tr>\n<tr>\n<td width=\"373\">Format de l'\u0153uvre d'art<\/td>\n<td width=\"373\">JPG, PDF, AI, CDR, EPS, GIF....<\/td>\n<\/tr>\n<tr>\n<td width=\"373\">Accessoires<\/td>\n<td width=\"373\">Aimant, ruban, forme EVA, plateau en plastique, \u00e9ponge, fen\u00eatre en PVC\/PET\/PP,...<\/td>\n<\/tr>\n<tr>\n<td width=\"373\">D\u00e9lai de paiement<\/td>\n<td width=\"373\">T\/T, Western Union, Paypal, d\u00e9p\u00f4t de 30% et solde de 70% avant l'exp\u00e9dition.<\/td>\n<\/tr>\n<\/tbody>\n<\/table>\n<\/div>\n<\/div>\n<\/div>\n<\/div>\n<\/div>\n<\/div>\n<\/div>\n<\/div>\n<\/div>\n<\/div>\n<\/div>","protected":false},"excerpt":{"rendered":"<ul>\n<li>MOQ : 500 pi\u00e8ces<\/li>\n<li>D\u00e9lai de livraison : 7-14 jours ouvrables, urgent<\/li>\n<li>Dimensions sur mesure (diam\u00e8tre x hauteur)<\/li>\n<li>Impression personnalis\u00e9e<\/li>\n<li>Respectueux de l'environnement, recyclable et sans plastique<\/li>\n<li>Prix\uff1aLe prix final sera adapt\u00e9 \u00e0 votre produit et \u00e0 la quantit\u00e9 souhait\u00e9e.<\/li>\n<\/ul>","protected":false},"featured_media":7382,"template":"","meta":[],"product_brand":[],"product_cat":[31,30,420,430],"product_tag":[587,588,589],"class_list":{"0":"post-7376","1":"product","2":"type-product","3":"status-publish","4":"has-post-thumbnail","6":"product_cat-paper-box-style","7":"product_cat-by-industry","8":"product_cat-custom-cannabis-boxes","9":"product_cat-folding-cartons","10":"product_tag-cannabis-cbd-packaging","11":"product_tag-cbd-packaging-warehouse","12":"product_tag-custom-cannabis-packaging","14":"first","15":"instock","16":"shipping-taxable","17":"product-type-simple"},"_links":{"self":[{"href":"https:\/\/zojopackaging.com\/fr\/wp-json\/wp\/v2\/product\/7376","targetHints":{"allow":["GET"]}}],"collection":[{"href":"https:\/\/zojopackaging.com\/fr\/wp-json\/wp\/v2\/product"}],"about":[{"href":"https:\/\/zojopackaging.com\/fr\/wp-json\/wp\/v2\/types\/product"}],"version-history":[{"count":3,"href":"https:\/\/zojopackaging.com\/fr\/wp-json\/wp\/v2\/product\/7376\/revisions"}],"predecessor-version":[{"id":8117,"href":"https:\/\/zojopackaging.com\/fr\/wp-json\/wp\/v2\/product\/7376\/revisions\/8117"}],"wp:featuredmedia":[{"embeddable":true,"href":"https:\/\/zojopackaging.com\/fr\/wp-json\/wp\/v2\/media\/7382"}],"wp:attachment":[{"href":"https:\/\/zojopackaging.com\/fr\/wp-json\/wp\/v2\/media?parent=7376"}],"wp:term":[{"taxonomy":"product_brand","embeddable":true,"href":"https:\/\/zojopackaging.com\/fr\/wp-json\/wp\/v2\/product_brand?post=7376"},{"taxonomy":"product_cat","embeddable":true,"href":"https:\/\/zojopackaging.com\/fr\/wp-json\/wp\/v2\/product_cat?post=7376"},{"taxonomy":"product_tag","embeddable":true,"href":"https:\/\/zojopackaging.com\/fr\/wp-json\/wp\/v2\/product_tag?post=7376"}],"curies":[{"name":"wp","href":"https:\/\/api.w.org\/{rel}","templated":true}]}}