{"id":7864,"date":"2025-03-22T15:36:49","date_gmt":"2025-03-22T07:36:49","guid":{"rendered":"https:\/\/zojopackaging.com\/?post_type=product&#038;p=7864"},"modified":"2025-03-22T21:55:19","modified_gmt":"2025-03-22T13:55:19","slug":"premium-quality-custom-perfume-gift-box-from-china-factory","status":"publish","type":"product","link":"https:\/\/zojopackaging.com\/fr\/product\/premium-quality-custom-perfume-gift-box-from-china-factory\/","title":{"rendered":"Bo\u00eete \u00e0 parfum personnalis\u00e9e de premi\u00e8re qualit\u00e9 en provenance de Chine"},"content":{"rendered":"<p>Dans le monde de la parfumerie de luxe, la pr\u00e9sentation est primordiale. La premi\u00e8re impression que donne votre parfum est souvent celle de son emballage, qui pr\u00e9pare le terrain pour l'exp\u00e9rience sensorielle \u00e0 venir. C'est pourquoi nous nous sommes consacr\u00e9s \u00e0 la cr\u00e9ation de bo\u00eetes \u00e0 parfums personnalis\u00e9es qui sont aussi exquises et m\u00e9morables que les parfums qu'elles contiennent. En provenance directe de notre usine chinoise ultramoderne, nous proposons une solution d'emballage con\u00e7ue pour rehausser votre marque et captiver vos clients.<\/p>\n<p>Imaginez une bo\u00eete fabriqu\u00e9e \u00e0 partir d'un carton textur\u00e9 de premi\u00e8re qualit\u00e9, dont la surface est agr\u00e9able au toucher. Imaginez votre logo \u00e9l\u00e9gamment emboss\u00e9, les couleurs parfaitement assorties \u00e0 l'identit\u00e9 de votre marque. \u00c0 l'int\u00e9rieur, un insert en mousse EVA de forme pr\u00e9cise accueille votre pr\u00e9cieux flacon de parfum, garantissant qu'il arrive en toute s\u00e9curit\u00e9 et qu'il est joliment pr\u00e9sent\u00e9. Il ne s'agit pas d'un simple coffret, mais d'une extension de votre marque, d'une repr\u00e9sentation tangible de votre engagement en faveur de la qualit\u00e9 et du luxe.<\/p>\n<p>Nous savons que chaque parfum est unique et que votre emballage doit l'\u00eatre aussi. C'est pourquoi nous offrons une personnalisation compl\u00e8te, vous permettant de contr\u00f4ler chaque d\u00e9tail, des dimensions et des mat\u00e9riaux \u00e0 l'impression et aux finitions. Notre \u00e9quipe exp\u00e9riment\u00e9e travaillera en \u00e9troite collaboration avec vous et vous fournira des conseils d'experts et une assistance tout au long du processus. Nous nous engageons \u00e0 fournir non seulement des emballages exceptionnels, mais aussi une qualit\u00e9 fiable et un service \u00e0 la client\u00e8le in\u00e9gal\u00e9. Du concept initial \u00e0 la livraison finale, nous nous effor\u00e7ons de d\u00e9passer vos attentes et de construire un partenariat durable. Laissez-nous vous aider \u00e0 cr\u00e9er un emballage qui refl\u00e8te v\u00e9ritablement l'art et l'\u00e9l\u00e9gance de vos parfums.<\/p>","protected":false},"excerpt":{"rendered":"<p class=\"ng-star-inserted\"><span class=\"ng-star-inserted\">Bo\u00eete \u00e0 parfum \u00e9l\u00e9gante ! Fermeture magn\u00e9tique, personnalisation compl\u00e8te. Fabriqu\u00e9 en carton textur\u00e9, garantissant la durabilit\u00e9. L'insert protecteur en mousse EVA maintient votre parfum en toute s\u00e9curit\u00e9.<\/span><\/p>","protected":false},"featured_media":7853,"template":"","meta":[],"product_brand":[],"product_cat":[31,30,417,424],"product_tag":[329,436,342],"class_list":{"0":"post-7864","1":"product","2":"type-product","3":"status-publish","4":"has-post-thumbnail","6":"product_cat-paper-box-style","7":"product_cat-by-industry","8":"product_cat-custom-perfume-boxes-by-industry","9":"product_cat-magnetic-closure-boxes","10":"product_tag-custom-perfume-box","11":"product_tag-gift-box-factory","12":"product_tag-perfume-gift-box","14":"first","15":"instock","16":"shipping-taxable","17":"product-type-simple"},"_links":{"self":[{"href":"https:\/\/zojopackaging.com\/fr\/wp-json\/wp\/v2\/product\/7864","targetHints":{"allow":["GET"]}}],"collection":[{"href":"https:\/\/zojopackaging.com\/fr\/wp-json\/wp\/v2\/product"}],"about":[{"href":"https:\/\/zojopackaging.com\/fr\/wp-json\/wp\/v2\/types\/product"}],"version-history":[{"count":2,"href":"https:\/\/zojopackaging.com\/fr\/wp-json\/wp\/v2\/product\/7864\/revisions"}],"predecessor-version":[{"id":7979,"href":"https:\/\/zojopackaging.com\/fr\/wp-json\/wp\/v2\/product\/7864\/revisions\/7979"}],"wp:featuredmedia":[{"embeddable":true,"href":"https:\/\/zojopackaging.com\/fr\/wp-json\/wp\/v2\/media\/7853"}],"wp:attachment":[{"href":"https:\/\/zojopackaging.com\/fr\/wp-json\/wp\/v2\/media?parent=7864"}],"wp:term":[{"taxonomy":"product_brand","embeddable":true,"href":"https:\/\/zojopackaging.com\/fr\/wp-json\/wp\/v2\/product_brand?post=7864"},{"taxonomy":"product_cat","embeddable":true,"href":"https:\/\/zojopackaging.com\/fr\/wp-json\/wp\/v2\/product_cat?post=7864"},{"taxonomy":"product_tag","embeddable":true,"href":"https:\/\/zojopackaging.com\/fr\/wp-json\/wp\/v2\/product_tag?post=7864"}],"curies":[{"name":"wp","href":"https:\/\/api.w.org\/{rel}","templated":true}]}}