{"id":7867,"date":"2025-03-22T15:47:43","date_gmt":"2025-03-22T07:47:43","guid":{"rendered":"https:\/\/zojopackaging.com\/?post_type=product&#038;p=7867"},"modified":"2025-03-22T21:54:12","modified_gmt":"2025-03-22T13:54:12","slug":"custom-mini-perfume-packaging-box-from-china-wholesale","status":"publish","type":"product","link":"https:\/\/zojopackaging.com\/fr\/product\/custom-mini-perfume-packaging-box-from-china-wholesale\/","title":{"rendered":"Bo\u00eete d'emballage de parfum miniature de Chine en gros"},"content":{"rendered":"<p>1. Personnalisation illimit\u00e9e, comme vous le souhaitez :<\/p>\n<p>Personnalisation de la taille : Nous sommes bien conscients que les \u00e9chantillons de parfum de diff\u00e9rentes marques et s\u00e9ries ont des tailles diff\u00e9rentes. C'est pourquoi nous proposons un nombre illimit\u00e9 d'options de personnalisation de la taille. Qu'il s'agisse d'une taille standard ou de sp\u00e9cifications particuli\u00e8res, nous pouvons r\u00e9pondre avec pr\u00e9cision \u00e0 vos besoins et veiller \u00e0 ce que les \u00e9chantillons de parfum s'adaptent parfaitement.<br \/>\nPersonnalisation des formes : Outre les formes carr\u00e9es et rectangulaires courantes, nous proposons \u00e9galement une vari\u00e9t\u00e9 de formes personnalis\u00e9es, telles que le tube en papier et les formes sp\u00e9ciales, afin de rendre votre emballage plus cr\u00e9atif et personnalis\u00e9. Si vous avez un concept unique, n'h\u00e9sitez pas \u00e0 nous en faire part et nous ferons de notre mieux pour le r\u00e9aliser pour vous.<br \/>\nPersonnalisation des couleurs : Des cartes d'impression CMYK+1C \u00e0 la personnalisation CMYK, nous proposons une multitude d'options de couleurs pour garantir que la couleur de votre emballage s'harmonise parfaitement avec la marque VI et v\u00e9hicule une image de marque coh\u00e9rente.<br \/>\nPersonnalisation de la conception : Vous pouvez fournir votre projet de conception ou confier \u00e0 notre \u00e9quipe de concepteurs professionnels le soin de le personnaliser pour vous. Nous cr\u00e9erons un emballage unique en fonction du positionnement de votre marque, des caract\u00e9ristiques de votre produit et de votre public cible, afin d'am\u00e9liorer la valeur de votre marque.<\/p>\n<p>2. Papier sp\u00e9cial, toucher extraordinaire :<\/p>\n<p>Des choix diversifi\u00e9s : Nous s\u00e9lectionnons une vari\u00e9t\u00e9 de papiers sp\u00e9ciaux, y compris, mais sans s'y limiter :<br \/>\nPapier tactile : La surface est d\u00e9licate et lisse, le toucher est chaud et confortable, et il transmet une texture haut de gamme et luxueuse.<br \/>\nPapier d'art : Texture riche et couleurs vives, conf\u00e9rant \u00e0 l'emballage une atmosph\u00e8re artistique unique.<br \/>\nPapier nacr\u00e9 : La surface brille d'un \u00e9clat nacr\u00e9, noble et \u00e9l\u00e9gant, soulignant l'exquise et la magnificence du produit.<br \/>\nPapier recycl\u00e9 respectueux de l'environnement : D\u00e9veloppement durable, \u00e9cologique et respectueux de l'environnement, refl\u00e9tant le sens de la responsabilit\u00e9 sociale de la marque.<br \/>\nCaract\u00e9ristiques personnalis\u00e9es : Vous pouvez choisir diff\u00e9rents papiers sp\u00e9ciaux en fonction de vos besoins et effectuer des traitements sp\u00e9ciaux tels que le gaufrage, le relief, etc., afin d'am\u00e9liorer encore la texture et l'effet visuel de l'emballage.<br \/>\nAssurance de la qualit\u00e9 : Nous n'utilisons que du papier sp\u00e9cial de haute qualit\u00e9 pour garantir une bonne imprimabilit\u00e9 et une bonne durabilit\u00e9, prot\u00e9ger vos produits et prolonger la dur\u00e9e de vie de l'emballage.<\/p>\n<p>3. Technologie de marquage \u00e0 chaud, la touche finale :<\/p>\n<p>Un savoir-faire exquis : Nous utilisons une technologie avanc\u00e9e de marquage \u00e0 chaud pour estamper des feuilles m\u00e9talliques sur la surface de l'emballage, ce qui donne un effet \u00e9tincelant et rehausse le luxe et la qualit\u00e9 de l'emballage.<br \/>\nPlusieurs options : Nous offrons une vari\u00e9t\u00e9 d'options de couleurs de marquage \u00e0 chaud, y compris mais sans s'y limiter :<br \/>\nL'or : Classique et noble, il symbolise la richesse et l'honneur.<br \/>\nArgent : Simple et \u00e0 la mode, il met en \u00e9vidence un sens de la modernit\u00e9 et de la technologie.<br \/>\nOr rose : Doux et romantique, il \u00e9voque la douceur et l'\u00e9l\u00e9gance des femmes.<br \/>\nOr laser : \u00c9blouissant, accrocheur, il renforce la reconnaissance des produits.<br \/>\nTraitement de d\u00e9tail : Nous pouvons effectuer un marquage \u00e0 chaud fin selon votre conception, tel que le marquage \u00e0 chaud de lignes, de motifs, de textes, etc., afin de mettre en \u00e9vidence le logo de votre marque et les \u00e9l\u00e9ments de votre conception et d'am\u00e9liorer votre image de marque.<\/p>\n<p>4. Doublure en EVA, entretien s\u00fbr :<\/p>\n<p>D\u00e9coupe \u00e0 l'emporte-pi\u00e8ce personnalis\u00e9e : Nous utilisons une technologie de d\u00e9coupe de pr\u00e9cision pour personnaliser la doublure EVA exclusive en fonction de la taille et de la forme de votre \u00e9chantillon de parfum, afin de garantir que le produit est plac\u00e9 fermement et d'\u00e9viter les secousses et les frottements.<br \/>\nDensit\u00e9s multiples : Nous proposons des mat\u00e9riaux EVA de diff\u00e9rentes densit\u00e9s pour r\u00e9pondre aux besoins de protection de diff\u00e9rents produits. L'EVA haute densit\u00e9 offre un meilleur amortissement et convient aux produits fragiles ; l'EVA basse densit\u00e9 est plus souple et convient aux produits l\u00e9gers.<br \/>\nChoix de la couleur : Nous proposons une vari\u00e9t\u00e9 de couleurs pour le mat\u00e9riau EVA, afin que les couleurs de la doublure et de la bo\u00eete ext\u00e9rieure soient coordonn\u00e9es et unifi\u00e9es, et que l'esth\u00e9tique g\u00e9n\u00e9rale de l'emballage soit am\u00e9lior\u00e9e.<br \/>\nProtection de l'environnement et s\u00e9curit\u00e9 : Les mat\u00e9riaux EVA que nous utilisons r\u00e9pondent aux normes de protection de l'environnement, sont non toxiques et inodores, s\u00fbrs et fiables.<\/p>\n<p>5. Fermeture magn\u00e9tique, exp\u00e9rience \u00e9l\u00e9gante :<\/p>\n<p>Ouverture et fermeture pratiques : La conception de l'interrupteur de fermeture magn\u00e9tique permet aux utilisateurs d'ouvrir et de fermer facilement la bo\u00eete d'emballage sans effort, ce qui am\u00e9liore l'exp\u00e9rience de l'utilisateur.<br \/>\nS\u00fbr et stable : La force magn\u00e9tique est mod\u00e9r\u00e9e, ce qui permet de s'assurer que la bo\u00eete d'emballage est bien ferm\u00e9e et d'\u00e9viter que le produit ne tombe accidentellement.<br \/>\nConception cach\u00e9e : L'aimant est cach\u00e9 \u00e0 l'int\u00e9rieur de la bo\u00eete d'emballage, et son apparence est simple et belle, ce qui n'affecte pas le design g\u00e9n\u00e9ral.<\/p>\n<p>6. Usine chinoise, assurance qualit\u00e9, livraison dans les d\u00e9lais :<\/p>\n<p>Exp\u00e9rience : Nous avons de nombreuses ann\u00e9es d'exp\u00e9rience dans la production d'emballages, nous ma\u00eetrisons les technologies et les processus de production avanc\u00e9s et nous garantissons une qualit\u00e9 de produit stable et fiable.<br \/>\nContr\u00f4le strict de la qualit\u00e9 : Nous avons mis en place un syst\u00e8me complet de contr\u00f4le de la qualit\u00e9. De l'achat des mati\u00e8res premi\u00e8res \u00e0 l'exp\u00e9dition des produits finis, chaque maillon fait l'objet d'une inspection stricte afin de garantir que le produit r\u00e9pond \u00e0 vos exigences.<br \/>\nCapacit\u00e9 de production suffisante : Nous disposons d'une capacit\u00e9 de production suffisante pour r\u00e9pondre \u00e0 vos besoins de production de masse et garantir une livraison dans les d\u00e9lais.<br \/>\nCommunication pratique : En tant qu'usine chinoise, nous pouvons communiquer avec vous de mani\u00e8re plus pratique et plus efficace, r\u00e9pondre rapidement \u00e0 vos besoins et vous fournir des solutions professionnelles.<\/p>\n<p>7. Sc\u00e9narios applicables :<\/p>\n<p>Promotion de la marque : Utilisez des \u00e9chantillons de parfum comme cadeaux, associez-les \u00e0 des bo\u00eetes magn\u00e9tiques personnalis\u00e9es, am\u00e9liorez l'image de votre marque et attirez des clients potentiels.<br \/>\nLancement de nouveaux produits : Placez des \u00e9chantillons de parfum dans des bo\u00eetes magn\u00e9tiques exquises comme emballage d'essai pour le lancement de nouveaux produits afin d'inciter les consommateurs \u00e0 acheter.<br \/>\nCadeaux de No\u00ebl : Combinez des \u00e9chantillons de parfum avec des bo\u00eetes magn\u00e9tiques pour cr\u00e9er des coffrets cadeaux et offrez-les \u00e0 vos parents et amis comme cadeaux de fin d'ann\u00e9e pour exprimer vos sentiments.<br \/>\nCommerce de d\u00e9tail haut de gamme : Pr\u00e9sentez des \u00e9chantillons de parfum dans des bo\u00eetes magn\u00e9tiques personnalis\u00e9es pour valoriser les produits et attirer les clients haut de gamme.<\/p>\n<p>Nos avantages :<\/p>\n<p>Personnalisation professionnelle : Nous nous concentrons sur l'emballage personnalis\u00e9 et pouvons fournir des solutions personnalis\u00e9es en fonction de vos besoins.<br \/>\nExcellente qualit\u00e9 : Nous contr\u00f4lons rigoureusement chaque \u00e9tape de la production afin de nous assurer que la qualit\u00e9 du produit r\u00e9pond \u00e0 vos attentes.<br \/>\nPrix raisonnables : Nous proposons des prix comp\u00e9titifs, ce qui vous permet de r\u00e9duire vos co\u00fbts tout en b\u00e9n\u00e9ficiant de produits de haute qualit\u00e9.<br \/>\nUn service attentionn\u00e9 : Notre \u00e9quipe de professionnels vous fournira un service complet, de la conception \u00e0 la production, afin de vous proposer la meilleure solution.<\/p>","protected":false},"excerpt":{"rendered":"<p>Bo\u00eete d'\u00e9chantillons de parfum magn\u00e9tique, papier sp\u00e9cial avec estampage en or, texture luxueuse. Doublure en EVA pour une protection stable, permettant une personnalisation illimit\u00e9e, cr\u00e9ant une exp\u00e9rience unique en mati\u00e8re de parfum.<\/p>","protected":false},"featured_media":7880,"template":"","meta":[],"product_brand":[],"product_cat":[31,30,417,424],"product_tag":[222,437,350],"class_list":{"0":"post-7867","1":"product","2":"type-product","3":"status-publish","4":"has-post-thumbnail","6":"product_cat-paper-box-style","7":"product_cat-by-industry","8":"product_cat-custom-perfume-boxes-by-industry","9":"product_cat-magnetic-closure-boxes","10":"product_tag-custom-packaging-box","11":"product_tag-mini-perfume-wholesale","12":"product_tag-perfume-packaging-box","14":"first","15":"instock","16":"shipping-taxable","17":"product-type-simple"},"_links":{"self":[{"href":"https:\/\/zojopackaging.com\/fr\/wp-json\/wp\/v2\/product\/7867","targetHints":{"allow":["GET"]}}],"collection":[{"href":"https:\/\/zojopackaging.com\/fr\/wp-json\/wp\/v2\/product"}],"about":[{"href":"https:\/\/zojopackaging.com\/fr\/wp-json\/wp\/v2\/types\/product"}],"version-history":[{"count":2,"href":"https:\/\/zojopackaging.com\/fr\/wp-json\/wp\/v2\/product\/7867\/revisions"}],"predecessor-version":[{"id":7978,"href":"https:\/\/zojopackaging.com\/fr\/wp-json\/wp\/v2\/product\/7867\/revisions\/7978"}],"wp:featuredmedia":[{"embeddable":true,"href":"https:\/\/zojopackaging.com\/fr\/wp-json\/wp\/v2\/media\/7880"}],"wp:attachment":[{"href":"https:\/\/zojopackaging.com\/fr\/wp-json\/wp\/v2\/media?parent=7867"}],"wp:term":[{"taxonomy":"product_brand","embeddable":true,"href":"https:\/\/zojopackaging.com\/fr\/wp-json\/wp\/v2\/product_brand?post=7867"},{"taxonomy":"product_cat","embeddable":true,"href":"https:\/\/zojopackaging.com\/fr\/wp-json\/wp\/v2\/product_cat?post=7867"},{"taxonomy":"product_tag","embeddable":true,"href":"https:\/\/zojopackaging.com\/fr\/wp-json\/wp\/v2\/product_tag?post=7867"}],"curies":[{"name":"wp","href":"https:\/\/api.w.org\/{rel}","templated":true}]}}