{"id":7887,"date":"2025-03-22T16:36:30","date_gmt":"2025-03-22T08:36:30","guid":{"rendered":"https:\/\/zojopackaging.com\/?post_type=product&#038;p=7887"},"modified":"2025-03-22T21:50:19","modified_gmt":"2025-03-22T13:50:19","slug":"luxury-10ml-perfume-set-gift-box-form-china-manufacaturer","status":"publish","type":"product","link":"https:\/\/zojopackaging.com\/fr\/product\/luxury-10ml-perfume-set-gift-box-form-china-manufacaturer\/","title":{"rendered":"Coffret de Parfum 10ml de Luxe Formule Chine Manufacaturer"},"content":{"rendered":"<p>Personnalisation illimit\u00e9e, mise en valeur de la personnalit\u00e9 : Nous sommes bien conscients que chaque marque a sa propre personnalit\u00e9 et sa propre histoire. C'est pourquoi nous proposons des services de personnalisation illimit\u00e9s : taille, forme, couleur, motif, fabrication, tout peut \u00eatre personnalis\u00e9 en fonction de vos besoins afin de garantir que votre emballage et votre image de marque sont en parfaite ad\u00e9quation.<br \/>\nPapier d'art couch\u00e9 C2S, couleurs vives : Nous utilisons du papier couch\u00e9 C2S de haute qualit\u00e9, avec une surface lisse et brillante et un excellent effet d'impression, qui peut parfaitement pr\u00e9senter votre concept de design. Gr\u00e2ce \u00e0 la technologie d'impression CMYK, la reproduction des couleurs est \u00e9lev\u00e9e, l'image est claire et d\u00e9licate, ce qui conf\u00e8re \u00e0 votre emballage un impact visuel plus important.<br \/>\nDoublure EVA, entretien parfait : Nous utilisons une doublure EVA de haute qualit\u00e9, souple et \u00e9lastique, qui peut prot\u00e9ger efficacement vos \u00e9chantillons de parfum et \u00e9viter les collisions et les frottements pendant le transport. La forme de la doublure peut \u00eatre personnalis\u00e9e en fonction de la taille de votre produit afin de garantir un ajustement parfait et un positionnement stable.<br \/>\nUsine chinoise, assurance qualit\u00e9 : Nous disposons d'une usine chinoise exp\u00e9riment\u00e9e, dot\u00e9e d'\u00e9quipements et de technologies de production de pointe, et nous contr\u00f4lons strictement chaque \u00e9tape de la production afin de garantir la stabilit\u00e9 et la fiabilit\u00e9 de la qualit\u00e9 des produits. De l'approvisionnement en mati\u00e8res premi\u00e8res \u00e0 l'inspection des produits finis, nous visons l'excellence et vous fournissons des produits fiables et de haute qualit\u00e9.<br \/>\nLivraison dans les d\u00e9lais, coop\u00e9ration efficace : Nous sommes bien conscients de l'importance du temps pour le march\u00e9. C'est pourquoi nous nous engageons \u00e0 respecter les d\u00e9lais de livraison afin que vos produits puissent \u00eatre lanc\u00e9s comme pr\u00e9vu et saisir les opportunit\u00e9s du march\u00e9. Notre processus de production efficace et notre \u00e9quipe logistique professionnelle vous offrent des services de livraison s\u00fbrs et pratiques.<br \/>\nEffet de maquette 3D, ce que vous voyez est ce que vous obtenez : Nous proposons un service de maquette en 3D qui vous permet d'avoir un aper\u00e7u clair de l'effet final de la bo\u00eete d'emballage avant la production. Vous pouvez l'observer attentivement sous tous les angles et l'ajuster si n\u00e9cessaire pour vous assurer que la bo\u00eete d'emballage r\u00e9pond parfaitement \u00e0 vos attentes.<br \/>\nCertifi\u00e9 FSC, un choix respectueux de l'environnement : le papier que nous utilisons est certifi\u00e9 FSC, ce qui signifie que nos produits proviennent de for\u00eats g\u00e9r\u00e9es durablement et qu'ils respectent les normes environnementales. En choisissant nos produits, vous am\u00e9liorez non seulement votre image de marque, mais vous contribuez \u00e9galement \u00e0 la protection de la plan\u00e8te.<\/p>\n<p>D\u00e9tails du produit :<\/p>\n<p>Mat\u00e9riau : papier d'art couch\u00e9 C2S de haute qualit\u00e9<br \/>\nImpression : Impression CMYK<br \/>\nDoublure : Doublure EVA personnalis\u00e9e<br \/>\nProcessus : Marquage \u00e0 chaud, UV ponctuel, pelliculage et autres traitements de surface en option<br \/>\nCertification : Certifi\u00e9 FSC<\/p>\n<p>Caract\u00e9ristiques :<br \/>\nFermeture magn\u00e9tique pour l'ouverture et la fermeture, pratique et esth\u00e9tique<br \/>\nStructure stable, protection solide<br \/>\nTaille, forme, couleur et motif personnalisables<br \/>\nPrise en charge de l'effet de maquette 3D<\/p>\n<p>Sc\u00e9narios applicables :<\/p>\n<p>Lancement d'une nouvelle marque de parfum<br \/>\nCoffret de parfum<br \/>\nPromotion d'\u00e9chantillons de parfum<br \/>\nEmballage de vente au d\u00e9tail de parfums haut de gamme<\/p>\n<p>Les raisons de nous choisir :<\/p>\n<p>Service de personnalisation professionnel : Nous disposons d'une \u00e9quipe de conception et d'une \u00e9quipe de production professionnelles, qui peuvent vous fournir une gamme compl\u00e8te de services personnalis\u00e9s, de la conception \u00e0 la production, sans aucun souci tout au long du processus.<br \/>\nExcellente garantie de qualit\u00e9 : Nous contr\u00f4lons rigoureusement chaque \u00e9tape de la production afin de garantir une qualit\u00e9 stable et fiable du produit, pour que vous puissiez l'utiliser en toute confiance.<br \/>\nRespectueux de l'environnement et durable : Nous utilisons du papier certifi\u00e9 FSC, nous soutenons la gestion durable des for\u00eats et nous contribuons \u00e0 la protection de la plan\u00e8te.<br \/>\nLivraison efficace et ponctuelle : Nous disposons d'un processus de production efficace et d'une \u00e9quipe logistique professionnelle pour garantir la livraison de votre commande dans les d\u00e9lais.<br \/>\nPrix comp\u00e9titifs : Nous disposons d'un syst\u00e8me complet de cha\u00eene d'approvisionnement et de contr\u00f4le des co\u00fbts, ce qui nous permet de vous proposer des prix comp\u00e9titifs et de vous offrir un meilleur rapport qualit\u00e9-prix.<\/p>","protected":false},"excerpt":{"rendered":"<p>Bo\u00eete magn\u00e9tique pour \u00e9chantillons de parfum, papier couch\u00e9, impression CMYK, personnalisation illimit\u00e9e, avec doublure EVA. Exquise et s\u00fbre, cr\u00e9ez votre propre style de parfum.<\/p>","protected":false},"featured_media":7888,"template":"","meta":[],"product_brand":[],"product_cat":[31,30,417,424],"product_tag":[438,333,439],"class_list":{"0":"post-7887","1":"product","2":"type-product","3":"status-publish","4":"has-post-thumbnail","6":"product_cat-paper-box-style","7":"product_cat-by-industry","8":"product_cat-custom-perfume-boxes-by-industry","9":"product_cat-magnetic-closure-boxes","10":"product_tag-10ml-perfume-set-gift-box","11":"product_tag-luxury-perfume-box","12":"product_tag-perfume-box-manufacaturer","14":"first","15":"instock","16":"shipping-taxable","17":"product-type-simple"},"_links":{"self":[{"href":"https:\/\/zojopackaging.com\/fr\/wp-json\/wp\/v2\/product\/7887","targetHints":{"allow":["GET"]}}],"collection":[{"href":"https:\/\/zojopackaging.com\/fr\/wp-json\/wp\/v2\/product"}],"about":[{"href":"https:\/\/zojopackaging.com\/fr\/wp-json\/wp\/v2\/types\/product"}],"version-history":[{"count":2,"href":"https:\/\/zojopackaging.com\/fr\/wp-json\/wp\/v2\/product\/7887\/revisions"}],"predecessor-version":[{"id":7977,"href":"https:\/\/zojopackaging.com\/fr\/wp-json\/wp\/v2\/product\/7887\/revisions\/7977"}],"wp:featuredmedia":[{"embeddable":true,"href":"https:\/\/zojopackaging.com\/fr\/wp-json\/wp\/v2\/media\/7888"}],"wp:attachment":[{"href":"https:\/\/zojopackaging.com\/fr\/wp-json\/wp\/v2\/media?parent=7887"}],"wp:term":[{"taxonomy":"product_brand","embeddable":true,"href":"https:\/\/zojopackaging.com\/fr\/wp-json\/wp\/v2\/product_brand?post=7887"},{"taxonomy":"product_cat","embeddable":true,"href":"https:\/\/zojopackaging.com\/fr\/wp-json\/wp\/v2\/product_cat?post=7887"},{"taxonomy":"product_tag","embeddable":true,"href":"https:\/\/zojopackaging.com\/fr\/wp-json\/wp\/v2\/product_tag?post=7887"}],"curies":[{"name":"wp","href":"https:\/\/api.w.org\/{rel}","templated":true}]}}