{"id":7895,"date":"2025-03-22T16:55:29","date_gmt":"2025-03-22T08:55:29","guid":{"rendered":"https:\/\/zojopackaging.com\/?post_type=product&#038;p=7895"},"modified":"2025-03-22T21:46:34","modified_gmt":"2025-03-22T13:46:34","slug":"custom-cosmetic-collapsible-rigid-gift-boxes-from-wholesale","status":"publish","type":"product","link":"https:\/\/zojopackaging.com\/fr\/product\/custom-cosmetic-collapsible-rigid-gift-boxes-from-wholesale\/","title":{"rendered":"Bo\u00eetes rigides pliables pour cosm\u00e9tiques en gros"},"content":{"rendered":"<p>Des possibilit\u00e9s illimit\u00e9es, personnalis\u00e9es \u00e0 volont\u00e9 : Nous proposons des services de personnalisation illimit\u00e9s : taille, forme, couleur, motif, tout peut \u00eatre personnalis\u00e9 en fonction de vos besoins. Qu'il soit simple et \u00e0 la mode, ou luxueux et \u00e9l\u00e9gant, nous pouvons cr\u00e9er pour vous un emballage unique qui correspond parfaitement \u00e0 votre image de marque.<br \/>\nPapier d'art couch\u00e9 C2S, couleurs vives : Nous utilisons du papier couch\u00e9 C2S de haute qualit\u00e9, dont la surface est lisse et d\u00e9licate et l'effet d'impression excellent. Gr\u00e2ce \u00e0 la technologie d'impression CMYK, la reproduction des couleurs est \u00e9lev\u00e9e et l'image est claire et vive, ce qui rend votre emballage plus percutant et attire efficacement l'attention des consommateurs.<\/p>\n<p>Bo\u00eetes-cadeaux pliables, pour un gain de place : Les bo\u00eetes-cadeaux pliables sont intelligemment con\u00e7ues et offrent, une fois d\u00e9pli\u00e9es, un espace suffisant pour accueillir divers produits cosm\u00e9tiques. Une fois pli\u00e9e, elle est de petite taille, facile \u00e0 transporter et \u00e0 stocker, et permet de r\u00e9aliser des \u00e9conomies.<br \/>\n\u00c9chantillons gratuits, exp\u00e9rience assur\u00e9e : Afin de vous permettre de mieux comprendre la qualit\u00e9 de nos produits et de nos services, nous vous proposons des \u00e9chantillons gratuits. Vous pouvez d\u00e9couvrir nos mat\u00e9riaux, notre savoir-faire et notre conception en personne pour vous assurer que la bo\u00eete d'emballage r\u00e9pond parfaitement \u00e0 vos attentes.<br \/>\nFournisseurs chinois, avantages en termes de co\u00fbts : Nous sommes un fournisseur chinois professionnel disposant d'un syst\u00e8me de production et d'un syst\u00e8me de cha\u00eene d'approvisionnement complets, qui peut vous fournir des prix comp\u00e9titifs, vous permettant de r\u00e9duire vos co\u00fbts tout en b\u00e9n\u00e9ficiant de produits de haute qualit\u00e9.<br \/>\nContr\u00f4le strict de la qualit\u00e9, assurance de la qualit\u00e9 : Nous avons mis en place un syst\u00e8me complet de contr\u00f4le de la qualit\u00e9. De l'approvisionnement en mati\u00e8res premi\u00e8res \u00e0 l'inspection des produits finis, chaque \u00e9tape est rigoureusement contr\u00f4l\u00e9e pour garantir une qualit\u00e9 stable et fiable des produits, afin que vous puissiez les utiliser en toute confiance.<br \/>\nLivraison dans les d\u00e9lais, coop\u00e9ration efficace : Nous sommes conscients de l'importance du temps. C'est pourquoi nous nous engageons \u00e0 respecter les d\u00e9lais de livraison afin de garantir que votre commande soit trait\u00e9e \u00e0 temps et que votre plan de vente ne soit pas retard\u00e9.<br \/>\nEffet maquette 3D, pr\u00e9visualisation de l'avenir : Nous proposons un service de maquette en 3D qui vous permet de visualiser clairement l'effet final de la bo\u00eete d'emballage avant la production. Vous pouvez observer attentivement sous tous les angles et faire les ajustements n\u00e9cessaires pour que la bo\u00eete d'emballage r\u00e9ponde parfaitement \u00e0 vos attentes.<br \/>\nCertification FSC, choix respectueux de l'environnement : le papier que nous utilisons est certifi\u00e9 FSC, ce qui signifie que nos produits proviennent de for\u00eats g\u00e9r\u00e9es durablement et qu'ils respectent les normes environnementales. En choisissant nos produits, vous pouvez non seulement am\u00e9liorer votre image de marque, mais aussi contribuer \u00e0 la protection de la plan\u00e8te.<\/p>\n<p>D\u00e9tails du produit :<\/p>\n<p>Mat\u00e9riau : Papier d'art couch\u00e9 C2S de haute qualit\u00e9<br \/>\nImpression : Impression CMYK<br \/>\nStructure : Bo\u00eetes-cadeaux pliables<br \/>\nProcessus : Marquage \u00e0 chaud, UV ponctuel, pelliculage et autres proc\u00e9d\u00e9s de finition en option<br \/>\nCertification : Certification FSC<\/p>\n<p>Caract\u00e9ristiques :<br \/>\nPliable, peu encombrant<br \/>\nStructure stable, forte capacit\u00e9 de charge<br \/>\nTaille, forme, couleur et motif personnalisables<br \/>\nPrise en charge de l'effet de maquette 3D<\/p>\n<p>Sc\u00e9narios applicables :<\/p>\n<p>Emballage pour bo\u00eete cadeau cosm\u00e9tique<br \/>\nEmballage d'un set de produits cosm\u00e9tiques<br \/>\nEmballages promotionnels pour cosm\u00e9tiques<br \/>\nEmballage de produits cosm\u00e9tiques pour la vente au d\u00e9tail<\/p>\n<p>Raisons de nous choisir :<\/p>\n<p>Service de personnalisation professionnel : Nous disposons d'une \u00e9quipe de conception et d'une \u00e9quipe de production professionnelles, qui peuvent vous fournir une gamme compl\u00e8te de services personnalis\u00e9s, de la conception \u00e0 la production, sans aucun souci tout au long du processus.<br \/>\nExcellente garantie de qualit\u00e9 : Nous contr\u00f4lons rigoureusement chaque \u00e9tape de la production pour garantir une qualit\u00e9 stable et fiable du produit, afin que vous puissiez l'utiliser en toute confiance.<br \/>\nRespectueux de l'environnement et durable : Nous utilisons du papier certifi\u00e9 FSC, nous soutenons la gestion durable des for\u00eats et nous contribuons \u00e0 la protection de la plan\u00e8te.<br \/>\nLivraison efficace et ponctuelle : Nous disposons d'un processus de production efficace et d'une \u00e9quipe logistique professionnelle pour garantir la livraison de votre commande dans les d\u00e9lais.<br \/>\nPrix comp\u00e9titifs : Nous disposons d'un syst\u00e8me complet de cha\u00eene d'approvisionnement et de contr\u00f4le des co\u00fbts, ce qui nous permet de vous proposer des prix comp\u00e9titifs et d'am\u00e9liorer vos performances en mati\u00e8re de co\u00fbts.<\/p>","protected":false},"excerpt":{"rendered":"<p>Bo\u00eetes pliantes personnalis\u00e9es pour cosm\u00e9tiques, papier couch\u00e9, impression CMYK, couleurs vives, tailles et designs personnalis\u00e9s illimit\u00e9s, cr\u00e9ez votre propre image de marque !<\/p>","protected":false},"featured_media":7896,"template":"","meta":[],"product_brand":[],"product_cat":[31,30,427,390],"product_tag":[440,441,278],"class_list":{"0":"post-7895","1":"product","2":"type-product","3":"status-publish","4":"has-post-thumbnail","6":"product_cat-paper-box-style","7":"product_cat-by-industry","8":"product_cat-collapsible-gift-boxes","9":"product_cat-custom-cosmetics-boxes","10":"product_tag-cosmetic-collapsible-rigid-gift-boxes","11":"product_tag-cosmetic-gift-boxes-wholesale","12":"product_tag-custom-cosmetic-boxes","14":"first","15":"instock","16":"shipping-taxable","17":"product-type-simple"},"_links":{"self":[{"href":"https:\/\/zojopackaging.com\/fr\/wp-json\/wp\/v2\/product\/7895","targetHints":{"allow":["GET"]}}],"collection":[{"href":"https:\/\/zojopackaging.com\/fr\/wp-json\/wp\/v2\/product"}],"about":[{"href":"https:\/\/zojopackaging.com\/fr\/wp-json\/wp\/v2\/types\/product"}],"version-history":[{"count":2,"href":"https:\/\/zojopackaging.com\/fr\/wp-json\/wp\/v2\/product\/7895\/revisions"}],"predecessor-version":[{"id":7976,"href":"https:\/\/zojopackaging.com\/fr\/wp-json\/wp\/v2\/product\/7895\/revisions\/7976"}],"wp:featuredmedia":[{"embeddable":true,"href":"https:\/\/zojopackaging.com\/fr\/wp-json\/wp\/v2\/media\/7896"}],"wp:attachment":[{"href":"https:\/\/zojopackaging.com\/fr\/wp-json\/wp\/v2\/media?parent=7895"}],"wp:term":[{"taxonomy":"product_brand","embeddable":true,"href":"https:\/\/zojopackaging.com\/fr\/wp-json\/wp\/v2\/product_brand?post=7895"},{"taxonomy":"product_cat","embeddable":true,"href":"https:\/\/zojopackaging.com\/fr\/wp-json\/wp\/v2\/product_cat?post=7895"},{"taxonomy":"product_tag","embeddable":true,"href":"https:\/\/zojopackaging.com\/fr\/wp-json\/wp\/v2\/product_tag?post=7895"}],"curies":[{"name":"wp","href":"https:\/\/api.w.org\/{rel}","templated":true}]}}