{"id":7914,"date":"2025-03-22T17:20:50","date_gmt":"2025-03-22T09:20:50","guid":{"rendered":"https:\/\/zojopackaging.com\/?post_type=product&#038;p=7914"},"modified":"2025-03-22T17:34:52","modified_gmt":"2025-03-22T09:34:52","slug":"luxury-perfume-packaging-gift-boxes-from-china-supplier","status":"publish","type":"product","link":"https:\/\/zojopackaging.com\/fr\/product\/luxury-perfume-packaging-gift-boxes-from-china-supplier\/","title":{"rendered":"Emballages de luxe pour parfums - Bo\u00eetes cadeaux de Chine"},"content":{"rendered":"<p>Personnalisez votre bo\u00eete comme vous le souhaitez : Nous proposons un large \u00e9ventail d'options de bo\u00eetes personnalis\u00e9es, notamment des bo\u00eetes \u00e0 couvercle, des bo\u00eetes \u00e0 clapet, des bo\u00eetes \u00e0 tiroir, des bo\u00eetes en forme de livre, etc. pour r\u00e9pondre \u00e0 vos besoins en mati\u00e8re de styles et de fonctions diff\u00e9rents. Si vous avez un concept unique, nous pouvons \u00e9galement l'adapter pour vous et cr\u00e9er un type de bo\u00eete unique.<br \/>\nCon\u00e7ues sp\u00e9cifiquement pour les cosm\u00e9tiques : Nos bo\u00eetes d'emballage sont con\u00e7ues sp\u00e9cifiquement pour les cosm\u00e9tiques, en tenant pleinement compte des caract\u00e9ristiques du produit et des habitudes d'utilisation des consommateurs. Qu'il s'agisse de rouge \u00e0 l\u00e8vres, de fond de teint, de fard \u00e0 paupi\u00e8res ou de produits de soin de la peau, nous pouvons vous fournir des solutions d'emballage parfaites pour prot\u00e9ger le produit et en accro\u00eetre la valeur.<br \/>\nPossibilit\u00e9s illimit\u00e9es, personnalisation illimit\u00e9e : Nous proposons des services de personnalisation v\u00e9ritablement illimit\u00e9s : taille, couleur, motif, mat\u00e9riau, tout peut \u00eatre personnalis\u00e9 en fonction de vos besoins. Vous pouvez laisser libre cours \u00e0 votre cr\u00e9ativit\u00e9 et cr\u00e9er un emballage de marque unique.<br \/>\nPapier couch\u00e9, couleurs vives : Nous utilisons du papier couch\u00e9 de haute qualit\u00e9 avec une surface lisse et d\u00e9licate et un excellent effet d'impression. Gr\u00e2ce \u00e0 la technologie d'impression CMJN, la reproduction des couleurs est \u00e9lev\u00e9e et l'image est claire et vive, ce qui rend votre emballage plus percutant et attire efficacement l'attention des consommateurs.<br \/>\nTechnologie de marquage \u00e0 chaud, embellissement luxueux : Nous utilisons une technologie exquise de marquage \u00e0 chaud pour estamper des feuilles m\u00e9talliques sur la surface de l'emballage, ce qui donne un \u00e9clat et une texture \u00e9blouissants. Le marquage \u00e0 chaud peut \u00eatre appliqu\u00e9 \u00e0 des logos, des textes, des motifs, etc., ce qui rehausse instantan\u00e9ment la qualit\u00e9 et le luxe de l'emballage et rend votre produit plus attrayant.<br \/>\n\u00c9chantillons gratuits, exp\u00e9rience personnelle : Afin de vous permettre d'avoir une compr\u00e9hension plus intuitive de la qualit\u00e9 de nos produits et de notre savoir-faire, nous vous proposons des \u00e9chantillons gratuits. Vous pouvez ainsi d\u00e9couvrir nos mat\u00e9riaux, notre savoir-faire et notre design en personne et vous assurer que la bo\u00eete d'emballage r\u00e9pond parfaitement \u00e0 vos attentes.<br \/>\nUsine d'approvisionnement en Chine, avantage en termes de prix : Nous sommes l'usine source en Chine, avec un syst\u00e8me de production complet et un syst\u00e8me de cha\u00eene d'approvisionnement, qui peut vous fournir des prix tr\u00e8s comp\u00e9titifs, vous permettant d'\u00e9conomiser des co\u00fbts tout en profitant de produits de haute qualit\u00e9.<br \/>\nContr\u00f4le strict de la qualit\u00e9, excellence : Nous avons mis en place un syst\u00e8me strict de contr\u00f4le de la qualit\u00e9. De l'approvisionnement en mati\u00e8res premi\u00e8res \u00e0 l'inspection des produits finis, chaque \u00e9tape est strictement contr\u00f4l\u00e9e afin de garantir la stabilit\u00e9 et la fiabilit\u00e9 de la qualit\u00e9 du produit, pour que vous puissiez l'utiliser en toute confiance.<br \/>\nLivraison \u00e0 temps, efficace et rapide : Nous sommes conscients de l'importance du temps. C'est pourquoi nous nous engageons \u00e0 livrer \u00e0 temps pour que votre commande puisse \u00eatre ex\u00e9cut\u00e9e dans les d\u00e9lais et que votre plan de vente ne soit pas retard\u00e9.<br \/>\nAffichage de l'effet 3D, pr\u00e9visualisation de l'avenir : Nous proposons un service de visualisation de l'effet 3D qui vous permet d'avoir un aper\u00e7u clair de l'effet final de la bo\u00eete d'emballage avant la production. Vous pouvez observer attentivement sous tous les angles et faire les ajustements n\u00e9cessaires pour que la bo\u00eete d'emballage r\u00e9ponde parfaitement \u00e0 vos attentes.<br \/>\nDouble certification FSC et ISO, engagement en faveur de la protection de l'environnement et de la qualit\u00e9 : Nos produits ont obtenu le certificat FSC et la certification ISO, ce qui t\u00e9moigne de notre engagement en faveur de la protection de l'environnement et de la responsabilit\u00e9 sociale, ainsi que d'exigences strictes en mati\u00e8re de qualit\u00e9 des produits et de syst\u00e8me de gestion.<br \/>\nProduction enti\u00e8rement automatis\u00e9e, efficace et stable : Nous utilisons des \u00e9quipements de production enti\u00e8rement automatis\u00e9s afin de mettre en place un processus de production efficace et stable, d'am\u00e9liorer consid\u00e9rablement l'efficacit\u00e9 de la production et la qualit\u00e9 des produits, et de garantir que votre commande peut \u00eatre trait\u00e9e rapidement et avec une qualit\u00e9 \u00e9lev\u00e9e.<\/p>\n<p>Sp\u00e9cifications du produit :<\/p>\n<p>Mat\u00e9riau : papier couch\u00e9 de haute qualit\u00e9<br \/>\nImpression : Impression en quadrichromie CMYK<br \/>\nProc\u00e9d\u00e9 : en option, marquage \u00e0 chaud, UV, pelliculage, gaufrage et autres proc\u00e9d\u00e9s de traitement de surface.<br \/>\nCertification : Certification FSC, certification ISO<br \/>\nCaract\u00e9ristiques :<br \/>\nDivers types de bo\u00eetes personnalis\u00e9es sont disponibles<br \/>\nCon\u00e7u sp\u00e9cifiquement pour les cosm\u00e9tiques<br \/>\nTechnologie de marquage \u00e0 chaud pour am\u00e9liorer la texture<br \/>\nProduction enti\u00e8rement automatis\u00e9e, efficace et stable<br \/>\nPrise en charge de l'affichage d'effets 3D<\/p>\n<p>Sc\u00e9narios applicables :<\/p>\n<p>Emballage cadeau pour cosm\u00e9tiques haut de gamme<br \/>\nEmballage d'un set de produits cosm\u00e9tiques<br \/>\nLancement d'un nouveau produit cosm\u00e9tique<br \/>\nEmballage de produits cosm\u00e9tiques pour la vente au d\u00e9tail<\/p>\n<p>Raisons de nous choisir :<\/p>\n<p>Service de personnalisation professionnel : Nous disposons d'une \u00e9quipe de conception et d'une \u00e9quipe de production professionnelles, qui peuvent vous fournir une gamme compl\u00e8te de services personnalis\u00e9s, de la conception \u00e0 la production, sans aucun souci tout au long du processus.<br \/>\nExcellente garantie de qualit\u00e9 : Nous contr\u00f4lons rigoureusement chaque \u00e9tape de la production afin de garantir la stabilit\u00e9 et la fiabilit\u00e9 de la qualit\u00e9 du produit, pour que vous puissiez l'utiliser en toute confiance.<br \/>\nAvantage \u00e9vident en termes de prix : Nous sommes l'usine source et pouvons vous fournir le prix le plus comp\u00e9titif, ce qui vous permet d'obtenir une meilleure performance en termes de co\u00fbts.<br \/>\nLivraison efficace et ponctuelle : Nous disposons d'un processus de production efficace et d'une \u00e9quipe logistique professionnelle pour garantir la livraison de votre commande dans les d\u00e9lais.<br \/>\nRespectueux de l'environnement et durable : Nous utilisons du papier certifi\u00e9 FSC pour soutenir la gestion durable des for\u00eats et contribuer \u00e0 la protection de la plan\u00e8te.<\/p>","protected":false},"excerpt":{"rendered":"<p>Bo\u00eete cadeau pour parfum avec couvercle sup\u00e9rieur et inf\u00e9rieur, papier couch\u00e9 avec technologie d'estampage d'or, texture luxueuse, taille et logo de marque personnalisables \u00e0 volont\u00e9, pour cr\u00e9er des emballages de parfum exclusifs.<\/p>","protected":false},"featured_media":7915,"template":"","meta":[],"product_brand":[],"product_cat":[31,30,417,425],"product_tag":[447,445,446],"class_list":{"0":"post-7914","1":"product","2":"type-product","3":"status-publish","4":"has-post-thumbnail","6":"product_cat-paper-box-style","7":"product_cat-by-industry","8":"product_cat-custom-perfume-boxes-by-industry","9":"product_cat-lid-and-base-gift-box","10":"product_tag-luxury-gift-boxes-supplier","11":"product_tag-luxury-perfume-gift-boxes","12":"product_tag-perfume-packaging-gift-boxes","14":"first","15":"instock","16":"shipping-taxable","17":"product-type-simple"},"_links":{"self":[{"href":"https:\/\/zojopackaging.com\/fr\/wp-json\/wp\/v2\/product\/7914","targetHints":{"allow":["GET"]}}],"collection":[{"href":"https:\/\/zojopackaging.com\/fr\/wp-json\/wp\/v2\/product"}],"about":[{"href":"https:\/\/zojopackaging.com\/fr\/wp-json\/wp\/v2\/types\/product"}],"version-history":[{"count":1,"href":"https:\/\/zojopackaging.com\/fr\/wp-json\/wp\/v2\/product\/7914\/revisions"}],"predecessor-version":[{"id":7920,"href":"https:\/\/zojopackaging.com\/fr\/wp-json\/wp\/v2\/product\/7914\/revisions\/7920"}],"wp:featuredmedia":[{"embeddable":true,"href":"https:\/\/zojopackaging.com\/fr\/wp-json\/wp\/v2\/media\/7915"}],"wp:attachment":[{"href":"https:\/\/zojopackaging.com\/fr\/wp-json\/wp\/v2\/media?parent=7914"}],"wp:term":[{"taxonomy":"product_brand","embeddable":true,"href":"https:\/\/zojopackaging.com\/fr\/wp-json\/wp\/v2\/product_brand?post=7914"},{"taxonomy":"product_cat","embeddable":true,"href":"https:\/\/zojopackaging.com\/fr\/wp-json\/wp\/v2\/product_cat?post=7914"},{"taxonomy":"product_tag","embeddable":true,"href":"https:\/\/zojopackaging.com\/fr\/wp-json\/wp\/v2\/product_tag?post=7914"}],"curies":[{"name":"wp","href":"https:\/\/api.w.org\/{rel}","templated":true}]}}