{"id":7921,"date":"2025-03-22T17:35:04","date_gmt":"2025-03-22T09:35:04","guid":{"rendered":"https:\/\/zojopackaging.com\/?post_type=product&#038;p=7921"},"modified":"2025-03-22T21:35:43","modified_gmt":"2025-03-22T13:35:43","slug":"gourmet-premium-chocolate-gift-boxes-from-china-manufactur","status":"publish","type":"product","link":"https:\/\/zojopackaging.com\/fr\/product\/gourmet-premium-chocolate-gift-boxes-from-china-manufactur\/","title":{"rendered":"Bo\u00eetes cadeaux en chocolat Gourmet Premium de Chine"},"content":{"rendered":"<p>Bo\u00eetes \u00e0 fermeture magn\u00e9tique classiques, pratiques et \u00e9l\u00e9gantes : La bo\u00eete \u00e0 fermeture magn\u00e9tique a un design classique et atmosph\u00e9rique, et elle est facile \u00e0 ouvrir et \u00e0 fermer, ajoutant un sens \u00e9l\u00e9gant du rituel \u00e0 vos produits chocolat\u00e9s.<br \/>\nUne protection douce, exclusive pour le chocolat : Nos bo\u00eetes d'emballage sont con\u00e7ues sp\u00e9cifiquement pour le chocolat, en tenant pleinement compte de la sensibilit\u00e9 du chocolat \u00e0 la temp\u00e9rature, \u00e0 l'humidit\u00e9 et \u00e0 la lumi\u00e8re. Le choix des mat\u00e9riaux et la conception de la structure sont con\u00e7us pour offrir la meilleure protection possible \u00e0 votre chocolat et garantir son go\u00fbt d\u00e9licieux.<br \/>\nBougez comme vous voulez, sans limite de personnalisation : Nous proposons des services de personnalisation vraiment illimit\u00e9s, et tout, de la taille \u00e0 la forme en passant par la couleur et le motif, peut \u00eatre personnalis\u00e9 en fonction de vos besoins. Vous pouvez laisser libre cours \u00e0 votre cr\u00e9ativit\u00e9 et cr\u00e9er un emballage unique et exclusif pour votre marque.<br \/>\nSuperbe pr\u00e9sentation, mat\u00e9riau en carton : Nous utilisons du carton de haute qualit\u00e9, dont la surface est lisse et d\u00e9licate et dont l'effet d'impression est excellent. Gr\u00e2ce \u00e0 la technologie d'impression CMYK, la reproduction des couleurs est \u00e9lev\u00e9e et l'image est claire et vive, ce qui rend votre emballage plus percutant et attire efficacement l'attention des consommateurs.<br \/>\nRev\u00eatement en plastique s\u00fbr et hygi\u00e9nique : Nous utilisons un rev\u00eatement en plastique de qualit\u00e9 alimentaire, s\u00fbr et hygi\u00e9nique, non toxique et inodore, qui peut entrer directement en contact avec le chocolat, \u00e9viter la contamination et garantir la s\u00e9curit\u00e9 alimentaire. La forme du rev\u00eatement peut \u00eatre personnalis\u00e9e en fonction de la forme du chocolat afin de garantir que le chocolat est plac\u00e9 fermement et n'est pas facilement endommag\u00e9.<br \/>\n\u00c9chantillons gratuits, exp\u00e9rience personnelle : Afin de vous permettre d'avoir une compr\u00e9hension plus intuitive de la qualit\u00e9 de nos produits et de notre savoir-faire, nous vous proposons des \u00e9chantillons gratuits. Vous pouvez ainsi d\u00e9couvrir nos mat\u00e9riaux, notre savoir-faire et notre design en personne et vous assurer que la bo\u00eete d'emballage r\u00e9pond parfaitement \u00e0 vos attentes.<br \/>\nUsine de production de sources en Chine, prix les plus bas : Nous sommes l'usine source en Chine, avec un syst\u00e8me de production complet et un syst\u00e8me de cha\u00eene d'approvisionnement, qui peut vous fournir le prix le plus bas, vous permettant d'\u00e9conomiser des co\u00fbts tout en profitant de produits de haute qualit\u00e9.<br \/>\nContr\u00f4le strict de la qualit\u00e9, excellence : Nous avons mis en place un syst\u00e8me strict de contr\u00f4le de la qualit\u00e9. De l'approvisionnement en mati\u00e8res premi\u00e8res \u00e0 l'inspection des produits finis, chaque \u00e9tape est strictement contr\u00f4l\u00e9e afin de garantir la stabilit\u00e9 et la fiabilit\u00e9 de la qualit\u00e9 du produit, pour que vous puissiez l'utiliser en toute confiance.<br \/>\nEffet maquette 3D, pr\u00e9visualisation de l'avenir : Nous proposons un service de maquette en 3D qui vous permet de visualiser clairement l'effet final de la bo\u00eete d'emballage avant la production. Vous pouvez l'observer attentivement sous tous les angles et l'ajuster si n\u00e9cessaire pour vous assurer que la bo\u00eete d'emballage r\u00e9pond parfaitement \u00e0 vos attentes.<br \/>\nCertification FSC et ISO, protection de l'environnement et engagement en faveur de la qualit\u00e9 : Nos produits ont obtenu le certificat FSC et la certification ISO, ce qui t\u00e9moigne de notre engagement en faveur de la protection de l'environnement et de la responsabilit\u00e9 sociale, ainsi que d'exigences strictes en mati\u00e8re de qualit\u00e9 des produits et de syst\u00e8me de gestion.<br \/>\nProduction enti\u00e8rement automatis\u00e9e, efficace et stable : Nous utilisons des \u00e9quipements de production enti\u00e8rement automatis\u00e9s pour mettre en place un processus de production efficace et stable, am\u00e9liorant consid\u00e9rablement l'efficacit\u00e9 de la production et la qualit\u00e9 des produits, ce qui garantit que votre commande peut \u00eatre trait\u00e9e rapidement et avec une qualit\u00e9 \u00e9lev\u00e9e.<br \/>\nLivraison rapide d'\u00e9chantillons en 3 jours, r\u00e9ponse efficace : Nous nous engageons \u00e0 fournir rapidement des \u00e9chantillons dans les trois jours, ce qui vous permet de confirmer rapidement le plan de conception, de raccourcir le cycle de production et de saisir l'opportunit\u00e9 du march\u00e9.<br \/>\nConception gratuite, conseils professionnels : Nous proposons des services de conception gratuits et des concepteurs professionnels qui vous proposeront des solutions d'emballage sur mesure. Vous pouvez nous faire part de vos id\u00e9es et de vos besoins, et nous vous fournirons des conseils et des suggestions professionnels pour vous aider \u00e0 cr\u00e9er un emballage de marque unique.<\/p>\n<p>Sp\u00e9cifications du produit :<\/p>\n<p>Mat\u00e9riau : carton de haute qualit\u00e9<br \/>\nImpression : Impression CMYK<br \/>\nType de bo\u00eete : bo\u00eete \u00e0 fermeture magn\u00e9tique<br \/>\nCertification : Certification FSC, certification ISO<br \/>\nCaract\u00e9ristiques :<br \/>\nFermeture magn\u00e9tique, pratique et \u00e9l\u00e9gante<br \/>\nRev\u00eatement en plastique de qualit\u00e9 alimentaire, s\u00fbr et hygi\u00e9nique<br \/>\nPersonnalisation de la marque, style exclusif<br \/>\nProduction enti\u00e8rement automatis\u00e9e, efficace et stable<br \/>\n\u00c9chantillon rapide en 3 jours, r\u00e9ponse efficace<br \/>\nFournir un service de conception gratuit<br \/>\nPrise en charge de l'affichage d'effets 3D<\/p>\n<p>Sc\u00e9narios applicables :<\/p>\n<p>Emballage d'un coffret cadeau en chocolat haut de gamme<br \/>\nPromotion de la marque de chocolat<br \/>\nEmballage de chocolat pour les f\u00eates de fin d'ann\u00e9e<br \/>\nEmballage pour la vente au d\u00e9tail de chocolat<\/p>\n<p>Raisons de nous choisir :<\/p>\n<p>Service de personnalisation professionnel : Nous disposons d'une \u00e9quipe de conception et d'une \u00e9quipe de production professionnelles, qui peuvent vous fournir une gamme compl\u00e8te de services personnalis\u00e9s, de la conception \u00e0 la production, sans aucun souci tout au long du processus.<br \/>\nExcellente garantie de qualit\u00e9 : Nous contr\u00f4lons rigoureusement chaque \u00e9tape de la production pour garantir une qualit\u00e9 stable et fiable du produit, afin que vous puissiez l'utiliser en toute confiance.<br \/>\nAvantage \u00e9vident en termes de prix : Nous sommes l'usine source et pouvons vous fournir le prix le plus comp\u00e9titif, de sorte que vous pouvez obtenir une performance de co\u00fbt plus \u00e9lev\u00e9e.<br \/>\nLivraison efficace et ponctuelle : Nous disposons d'un processus de production efficace et d'une \u00e9quipe logistique professionnelle pour garantir la livraison de votre commande dans les d\u00e9lais.<br \/>\n\u00c9chantillon rapide en 3 jours : Nous nous engageons \u00e0 produire rapidement des \u00e9chantillons sous 3 jours, afin que vous puissiez confirmer rapidement le plan de conception.<br \/>\nService de conception gratuit : Nous proposons des services de conception gratuits et des solutions d'emballage sur mesure.<br \/>\nRespectueux de l'environnement et durable : Nous utilisons du papier certifi\u00e9 FSC, nous soutenons la gestion durable des for\u00eats et nous contribuons \u00e0 la protection de la plan\u00e8te.<\/p>","protected":false},"excerpt":{"rendered":"<p>Bo\u00eete magn\u00e9tique \u00e0 chocolat personnalis\u00e9e, imprim\u00e9e sur du papier couch\u00e9, doubl\u00e9e d'un plateau en plastique, s\u00fbre et hygi\u00e9nique. Personnalisation illimit\u00e9e de la taille et du logo de la marque pour cr\u00e9er un emballage sucr\u00e9 exclusif.<\/p>","protected":false},"featured_media":7922,"template":"","meta":[],"product_brand":[],"product_cat":[31,30,422,424],"product_tag":[450,448,449],"class_list":{"0":"post-7921","1":"product","2":"type-product","3":"status-publish","4":"has-post-thumbnail","6":"product_cat-paper-box-style","7":"product_cat-by-industry","8":"product_cat-custom-gourmet-boxes-by-industry","9":"product_cat-magnetic-closure-boxes","10":"product_tag-chocolate-gift-boxes-manufactur","11":"product_tag-gourmet-chocolate-gift-boxes","12":"product_tag-premium-chocolate-gift-boxes","14":"first","15":"instock","16":"shipping-taxable","17":"product-type-simple"},"_links":{"self":[{"href":"https:\/\/zojopackaging.com\/fr\/wp-json\/wp\/v2\/product\/7921","targetHints":{"allow":["GET"]}}],"collection":[{"href":"https:\/\/zojopackaging.com\/fr\/wp-json\/wp\/v2\/product"}],"about":[{"href":"https:\/\/zojopackaging.com\/fr\/wp-json\/wp\/v2\/types\/product"}],"version-history":[{"count":2,"href":"https:\/\/zojopackaging.com\/fr\/wp-json\/wp\/v2\/product\/7921\/revisions"}],"predecessor-version":[{"id":7974,"href":"https:\/\/zojopackaging.com\/fr\/wp-json\/wp\/v2\/product\/7921\/revisions\/7974"}],"wp:featuredmedia":[{"embeddable":true,"href":"https:\/\/zojopackaging.com\/fr\/wp-json\/wp\/v2\/media\/7922"}],"wp:attachment":[{"href":"https:\/\/zojopackaging.com\/fr\/wp-json\/wp\/v2\/media?parent=7921"}],"wp:term":[{"taxonomy":"product_brand","embeddable":true,"href":"https:\/\/zojopackaging.com\/fr\/wp-json\/wp\/v2\/product_brand?post=7921"},{"taxonomy":"product_cat","embeddable":true,"href":"https:\/\/zojopackaging.com\/fr\/wp-json\/wp\/v2\/product_cat?post=7921"},{"taxonomy":"product_tag","embeddable":true,"href":"https:\/\/zojopackaging.com\/fr\/wp-json\/wp\/v2\/product_tag?post=7921"}],"curies":[{"name":"wp","href":"https:\/\/api.w.org\/{rel}","templated":true}]}}